{"id":3543493,"date":"2025-06-20T07:39:11","date_gmt":"2025-06-20T07:39:11","guid":{"rendered":"https:\/\/www.coolheadeurope.com\/?page_id=3543493"},"modified":"2025-06-20T07:40:13","modified_gmt":"2025-06-20T07:40:13","slug":"politica-de-cookies","status":"publish","type":"page","link":"https:\/\/www.coolheadeurope.com\/es\/politica-de-cookies\/","title":{"rendered":"Pol\u00edtica de cookies"},"content":{"rendered":"\t\t<div data-elementor-type=\"wp-page\" data-elementor-id=\"3543493\" class=\"elementor elementor-3543493 elementor-57938\" data-elementor-post-type=\"page\">\n\t\t\t\t\t\t<section class=\"elementor-section elementor-top-section elementor-element elementor-element-8931d67 elementor-section-boxed elementor-section-height-default elementor-section-height-default\" data-id=\"8931d67\" data-element_type=\"section\" data-e-type=\"section\">\n\t\t\t\t\t\t<div class=\"elementor-container elementor-column-gap-default\">\n\t\t\t\t\t<div class=\"elementor-column elementor-col-100 elementor-top-column elementor-element elementor-element-228edcc\" data-id=\"228edcc\" data-element_type=\"column\" data-e-type=\"column\">\n\t\t\t<div class=\"elementor-widget-wrap elementor-element-populated\">\n\t\t\t\t\t\t<div class=\"elementor-element elementor-element-522df7f elementor-widget elementor-widget-heading\" data-id=\"522df7f\" data-element_type=\"widget\" data-e-type=\"widget\" data-widget_type=\"heading.default\">\n\t\t\t\t<div class=\"elementor-widget-container\">\n\t\t\t\t\t<h2 class=\"elementor-heading-title elementor-size-default\">Pol\u00edtica de cookies<\/h2>\t\t\t\t<\/div>\n\t\t\t\t<\/div>\n\t\t\t\t<div class=\"elementor-element elementor-element-5194edd elementor-widget elementor-widget-text-editor\" data-id=\"5194edd\" data-element_type=\"widget\" data-e-type=\"widget\" data-widget_type=\"text-editor.default\">\n\t\t\t\t<div class=\"elementor-widget-container\">\n\t\t\t\t\t\t\t\t\t<p class=\"p2\"><b>INFORMACI\u00d3N SOBRE LOS COOKIES<\/b><\/p><p class=\"p4\">\u00bfQu\u00e9 es un cookie y para qu\u00e9 se utiliza?<\/p><p class=\"p4\">En inform\u00e1tica, los<span class=\"Apple-converted-space\">\u00a0 <\/span>cookies HTTP (m\u00e1s com\u00fanmente conocidas como cookies web, cookies de seguimiento o simplemente cookies) son l\u00edneas de texto utilizadas para realizar autenticaci\u00f3n autom\u00e1tica, seguimiento de sesiones y almacenamiento de informaci\u00f3n espec\u00edfica sobre los usuarios que acceden al servidor, como sitos web favoritos o, en el caso de las compras por Internet, el contenido de sus &#8216;carritos de la compra&#8217;. En t\u00e9rminos pr\u00e1cticos y no especializados, un cookie es un peque\u00f1o archivo que los sitos web almacenan en el ordenador durante la navegaci\u00f3n y que se utiliza para guardar preferencias y mejorar el rendimiento de los sitos web. Esto optimiza la experiencia de navegaci\u00f3n del usuario. (Wikipedia)<\/p><p class=\"p2\"><b>Uso de cookies<\/b><\/p><p class=\"p4\">El Sito utiliza Cookies para que sus servicios sean simples y eficientes para los usuarios que visitan las p\u00e1ginas del Sito.<\/p><p class=\"p4\">Los usuarios que visiten el Sito ver\u00e1n cantidades m\u00ednimas de informaci\u00f3n colocada en sus dispositivos, ya sean computadoras o dispositivos m\u00f3viles, en peque\u00f1os archivos de texto llamados \u00abcookies\u00bb almacenados en directorios utilizados por el navegador web del Usuario. Al deshabilitar las cookies, es posible que algunos de nuestros servicios no funcionen correctamente y algunas p\u00e1ginas no se muestren correctamente.<\/p><p class=\"p4\">Existen diferentes tipos de cookies, algunas para hacer m\u00e1s efectivo el uso del Sito, otras para habilitar ciertas funciones.<\/p><p class=\"p4\">Mir\u00e1ndolas con m\u00e1s detalle, nuestras cookies nos permiten:<\/p><p class=\"p4\">&#8211; almacenar las preferencias que ha introducido<\/p><p class=\"p4\">&#8211; evitar volver a ingresar la misma informaci\u00f3n varias veces durante su visita, como su nombre de usuario y contrase\u00f1a<\/p><p class=\"p4\">&#8211; analizar el uso de los servicios y contenidos proporcionados por el sito con el fin de optimizar la experiencia de navegaci\u00f3n y los servicios ofrecidos<\/p><p class=\"p2\"><b>TIPOS DE COOKIES UTILIZADAS EN NUESTRA WEB<\/b><\/p><p class=\"p2\"><b>Cookies de navegaci\u00f3n<\/b><\/p><p class=\"p4\">Estas cookies permiten que el sito funcione correctamente y se utilizan para recopilar informaci\u00f3n sobre c\u00f3mo los visitantes utilizan el sito. Esta informaci\u00f3n se utiliza para compilar informes y ayudarnos a mejorar el sito. Las cookies recopilan informaci\u00f3n de forma an\u00f3nima, incluido el n\u00famero de visitantes del sito, de d\u00f3nde provienen y las p\u00e1ginas que han visitado.<\/p><p class=\"p2\"><b>Cookies anal\u00edticas<\/b><\/p><p class=\"p4\">Estas cookies son utilizadas, por ejemplo, por Google Analytics para procesar an\u00e1lisis estad\u00edsticos de c\u00f3mo los usuarios navegan por el sito a trav\u00e9s de computadoras o aplicaciones m\u00f3viles, el n\u00famero de p\u00e1ginas visitadas o el n\u00famero de clics realizados en una p\u00e1gina mientras navegan por un sito.<\/p><p class=\"p2\"><b>Cookies de terceros<\/b><\/p><p class=\"p4\">Estas cookies son utilizadas por empresas de tercer servicio. El uso de estas cookies normalmente no implica el tratamiento de datos personales. Las cookies de terceros se derivan de anuncios de otros sitos, p. anuncios, en el sito web mostrado. Se pueden utilizar para registrar el uso del sito web con fines de marketing.<\/p><p class=\"p2\"><b>C\u00f3mo administrar la configuraci\u00f3n de cookies<\/b><\/p><p class=\"p4\">La configuraci\u00f3n para gestionar o deshabilitar las cookies puede variar en funci\u00f3n del navegador web utilizado, por lo que para obtener m\u00e1s informaci\u00f3n sobre c\u00f3mo hacerlo, sugerimos que el Usuario consulte el manual de su dispositivo o la funci\u00f3n \u00abAyuda\u00bb de su navegador web.<\/p><p class=\"p4\">A continuaci\u00f3n proporcionamos a los Usuarios enlaces que explican c\u00f3mo administrar o deshabilitar las cookies para los navegadores web m\u00e1s populares:<\/p><p class=\"p6\"><span class=\"s1\">&#8211; Internet Explorer:\u00a0<a href=\"https:\/\/support.microsoft.com\/en-us\/windows\/delete-and-manage-cookies-168dab11-0753-043d-7c16-ede5947fc64d\"><span class=\"s2\">https:\/\/support.microsoft.com\/en-us\/windows\/delete-and-manage-cookies<\/span><\/a><br \/>&#8211; Google Chrome: \u00a0<a href=\"https:\/\/support.google.com\/chrome\/answer\/95647?hl=it&amp;co=GENIE.Platform=Desktop\"><span class=\"s2\">https:\/\/support.google.com\/chrome\/answer\/95647<\/span><\/a><br \/>&#8211; Mozilla Firefox:\u00a0<a href=\"https:\/\/support.mozilla.org\/en-US\/kb\/cookies-information-websites-store-on-your-computer\"><span class=\"s2\">https:\/\/support.mozilla.org\/en-US\/kb\/cookies-information<\/span><\/a><\/span><\/p><p class=\"p6\"><span class=\"s1\">&#8211; Opera:\u00a0<a href=\"https:\/\/help.opera.com\/en\/latest\/web-preferences\/#cookies\"><span class=\"s2\">https:\/\/help.opera.com\/en\/latest\/web-preferences\/#cookies<\/span><\/a><br \/>&#8211; Safari: <a href=\"https:\/\/support.apple.com\/en-us\/105082\"><span class=\"s2\">https:\/\/support.apple.com\/en-us\/105082<\/span><\/a><\/span><\/p><p class=\"p7\">A\u00fan puede eliminar las cookies utilizando uno de los muchos \u00ablimpiadores\u00bb de terceros, como CCleaner.<\/p><p class=\"p7\">Una vez eliminadas las cookies, es normal que el navegador y los distintos sitios web vuelvan a aparecer con solicitudes de personalizaci\u00f3n: esto se debe a la limpieza realizada.<\/p><p class=\"p2\"><b>Cookies de terceros<\/b><\/p><p class=\"p7\">Pueden instalarse cookies de terceros: se trata de cookies anal\u00edticas y de elaboraci\u00f3n de perfiles, Google (Google Analytics y Google Ads), Facebook, LinkedIn y Hotjar.<\/p><p class=\"p7\">Estas cookies se env\u00edan desde los sitios web de terceros mencionados fuera de nuestro sitio. Las cookies anal\u00edticas de terceros se utilizan para recopilar informaci\u00f3n sobre el comportamiento de los usuarios en el sitio. La recopilaci\u00f3n se realiza de forma an\u00f3nima con el fin de supervisar el rendimiento y mejorar la usabilidad del sitio. Las cookies de perfiles de terceros se utilizan para crear perfiles de usuarios con el fin de proponer mensajes publicitarios acordes con las elecciones realizadas por los usuarios.<\/p><p class=\"p7\">El uso de estas cookies se rige por las normas establecidas por los propios terceros, por lo que se invita a los Usuarios a leer los avisos de privacidad y las instrucciones para gestionar o desactivar las cookies publicadas en las siguientes p\u00e1ginas web:<\/p><p class=\"p8\">Google Analytics y Google Ads cookies:<\/p><p class=\"p9\"><span class=\"s3\">&#8211; pol\u00edtica de privacidad: <a href=\"https:\/\/policies.google.com\/privacy?hl=es\"><span class=\"s4\">https:\/\/policies.google.com\/privacy?hl=es<\/span><\/a><\/span><\/p><p class=\"p9\"><span class=\"s3\">&#8211; gesti\u00f3n y desactivaci\u00f3n de cookies: <a href=\"https:\/\/policies.google.com\/technologies\/cookies?hl=es\"><span class=\"s4\">https:\/\/policies.google.com\/technologies\/cookies?hl=es<\/span><\/a><\/span><\/p><p class=\"p11\">LinkedIn cookies:<\/p><p class=\"p12\"><span class=\"s1\">&#8211; pol\u00edtica de privacidad: <a href=\"https:\/\/www.linkedin.com\/legal\/privacy-policy-summary\"><span class=\"s2\">https:\/\/www.linkedin.com\/legal\/privacy-policy-summary<\/span><\/a><br \/>&#8211; gesti\u00f3n y desactivaci\u00f3n de cookies: <a href=\"https:\/\/www.linkedin.com\/legal\/l\/cookie-table&amp;ved=2ahUKEwj-1d7b5dqFAxXmi_0HHc7bAvcQFnoECB8QAQ&amp;usg=AOvVaw1Pkf47mAYYewO0Uklgiqeq\"><span class=\"s2\">https:\/\/www.linkedin.com\/legal\/l\/cookie-table<\/span><\/a><\/span><\/p><p class=\"p8\">Facebook cookies:<\/p><p class=\"p6\"><span class=\"s1\">&#8211; pol\u00edtica de privacidad: <a href=\"https:\/\/www.facebook.com\/privacy\/explanation\"><span class=\"s2\">https:\/\/www.facebook.com\/privacy\/explanation<\/span><\/a><br \/>&#8211; gesti\u00f3n y desactivaci\u00f3n de cookies: <a href=\"https:\/\/www.facebook.com\/help\/cookies\/\"><span class=\"s2\">https:\/\/www.facebook.com\/help\/cookies\/<\/span><\/a><\/span><\/p><p class=\"p8\">Hotjar cookies:<\/p><p class=\"p12\"><span class=\"s1\">&#8211; pol\u00edtica de privacidad: <a href=\"https:\/\/www.hotjar.com\/legal\/policies\/privacy\/\"><span class=\"s2\">https:\/\/www.hotjar.com\/legal\/policies\/privacy\/<\/span><\/a><br \/>&#8211; gesti\u00f3n y desactivaci\u00f3n de cookies: <a href=\"https:\/\/help.hotjar.com\/hc\/en-us\/articles\/115011789248-Cookies-on-hotjar-com\"><span class=\"s2\">https:\/\/help.hotjar.com\/hc\/en-us\/articles\/115011789248<\/span><\/a><\/span><\/p><p class=\"p4\">Para m\u00e0s informaci\u00f3n<\/p><p class=\"p4\">Para obtener m\u00e1s informaci\u00f3n, solicitar el listado completo de los derechos del interesado y ejercer los derechos que establece el Reglamento Europeo, puede escribir al Responsable del tratamiento a la siguiente direcci\u00f3n de correo electr\u00f3nico <a href=\"mailto:privacy@coolheadeurope.com\"><span class=\"s6\">privacy@coolheadeurope.com<\/span><\/a>.<\/p><p class=\"p4\">Para saber m\u00e1s sobre las cookies lea el reglamento en este enlace.<\/p>\t\t\t\t\t\t\t\t<\/div>\n\t\t\t\t<\/div>\n\t\t\t\t\t<\/div>\n\t\t<\/div>\n\t\t\t\t\t<\/div>\n\t\t<\/section>\n\t\t\t\t<\/div>\n\t\t","protected":false},"excerpt":{"rendered":"<p>Pol\u00edtica de cookies INFORMACI\u00d3N SOBRE LOS COOKIES \u00bfQu\u00e9 es un cookie y para qu\u00e9 se utiliza? En inform\u00e1tica, los\u00a0 cookies HTTP (m\u00e1s com\u00fanmente conocidas como cookies web, cookies de seguimiento o simplemente cookies) son l\u00edneas de texto utilizadas para realizar autenticaci\u00f3n autom\u00e1tica, seguimiento de sesiones y almacenamiento de informaci\u00f3n espec\u00edfica sobre los usuarios que acceden [&hellip;]<\/p>\n","protected":false},"author":1,"featured_media":2039164,"parent":0,"menu_order":0,"comment_status":"closed","ping_status":"closed","template":"","meta":{"footnotes":""},"class_list":["post-3543493","page","type-page","status-publish","has-post-thumbnail","hentry"],"acf":[],"yoast_head":"<!-- This site is optimized with the Yoast SEO plugin v27.2 - https:\/\/yoast.com\/product\/yoast-seo-wordpress\/ -->\n<title>Pol\u00edtica de cookies - Cool Head Europe<\/title>\n<meta name=\"robots\" content=\"index, follow, max-snippet:-1, max-image-preview:large, max-video-preview:-1\" \/>\n<link rel=\"canonical\" href=\"https:\/\/www.coolheadeurope.com\/cookies\/\" \/>\n<meta property=\"og:locale\" content=\"es_ES\" \/>\n<meta property=\"og:type\" content=\"article\" \/>\n<meta property=\"og:title\" content=\"Pol\u00edtica de cookies - Cool Head Europe\" \/>\n<meta property=\"og:description\" content=\"Pol\u00edtica de cookies INFORMACI\u00d3N SOBRE LOS COOKIES \u00bfQu\u00e9 es un cookie y para qu\u00e9 se utiliza? En inform\u00e1tica, los\u00a0 cookies HTTP (m\u00e1s com\u00fanmente conocidas como cookies web, cookies de seguimiento o simplemente cookies) son l\u00edneas de texto utilizadas para realizar autenticaci\u00f3n autom\u00e1tica, seguimiento de sesiones y almacenamiento de informaci\u00f3n espec\u00edfica sobre los usuarios que acceden [&hellip;]\" \/>\n<meta property=\"og:url\" content=\"https:\/\/www.coolheadeurope.com\/cookies\/\" \/>\n<meta property=\"og:site_name\" content=\"Cool Head Europe\" \/>\n<meta property=\"article:modified_time\" content=\"2025-06-20T07:40:13+00:00\" \/>\n<meta property=\"og:image\" content=\"https:\/\/www.coolheadeurope.com\/wp-content\/uploads\/2021\/09\/che.jpg\" \/>\n\t<meta property=\"og:image:width\" content=\"2227\" \/>\n\t<meta property=\"og:image:height\" content=\"990\" \/>\n\t<meta property=\"og:image:type\" content=\"image\/jpeg\" \/>\n<meta name=\"twitter:card\" content=\"summary_large_image\" \/>\n<meta name=\"twitter:label1\" content=\"Tiempo de lectura\" \/>\n\t<meta name=\"twitter:data1\" content=\"4 minutos\" \/>\n<!-- \/ Yoast SEO plugin. -->","yoast_head_json":{"title":"Pol\u00edtica de cookies - Cool Head Europe","robots":{"index":"index","follow":"follow","max-snippet":"max-snippet:-1","max-image-preview":"max-image-preview:large","max-video-preview":"max-video-preview:-1"},"canonical":"https:\/\/www.coolheadeurope.com\/cookies\/","og_locale":"es_ES","og_type":"article","og_title":"Pol\u00edtica de cookies - Cool Head Europe","og_description":"Pol\u00edtica de cookies INFORMACI\u00d3N SOBRE LOS COOKIES \u00bfQu\u00e9 es un cookie y para qu\u00e9 se utiliza? En inform\u00e1tica, los\u00a0 cookies HTTP (m\u00e1s com\u00fanmente conocidas como cookies web, cookies de seguimiento o simplemente cookies) son l\u00edneas de texto utilizadas para realizar autenticaci\u00f3n autom\u00e1tica, seguimiento de sesiones y almacenamiento de informaci\u00f3n espec\u00edfica sobre los usuarios que acceden [&hellip;]","og_url":"https:\/\/www.coolheadeurope.com\/cookies\/","og_site_name":"Cool Head Europe","article_modified_time":"2025-06-20T07:40:13+00:00","og_image":[{"width":2227,"height":990,"url":"https:\/\/www.coolheadeurope.com\/wp-content\/uploads\/2021\/09\/che.jpg","type":"image\/jpeg"}],"twitter_card":"summary_large_image","twitter_misc":{"Tiempo de lectura":"4 minutos"},"schema":{"@context":"https:\/\/schema.org","@graph":[{"@type":"WebPage","@id":"https:\/\/www.coolheadeurope.com\/cookies\/","url":"https:\/\/www.coolheadeurope.com\/cookies\/","name":"Pol\u00edtica de cookies - Cool Head Europe","isPartOf":{"@id":"https:\/\/www.coolheadeurope.com\/#website"},"primaryImageOfPage":{"@id":"https:\/\/www.coolheadeurope.com\/cookies\/#primaryimage"},"image":{"@id":"https:\/\/www.coolheadeurope.com\/cookies\/#primaryimage"},"thumbnailUrl":"https:\/\/www.coolheadeurope.com\/wp-content\/uploads\/2021\/09\/che.jpg","datePublished":"2025-06-20T07:39:11+00:00","dateModified":"2025-06-20T07:40:13+00:00","breadcrumb":{"@id":"https:\/\/www.coolheadeurope.com\/cookies\/#breadcrumb"},"inLanguage":"es","potentialAction":[{"@type":"ReadAction","target":["https:\/\/www.coolheadeurope.com\/cookies\/"]}]},{"@type":"ImageObject","inLanguage":"es","@id":"https:\/\/www.coolheadeurope.com\/cookies\/#primaryimage","url":"https:\/\/www.coolheadeurope.com\/wp-content\/uploads\/2021\/09\/che.jpg","contentUrl":"https:\/\/www.coolheadeurope.com\/wp-content\/uploads\/2021\/09\/che.jpg","width":2227,"height":990},{"@type":"BreadcrumbList","@id":"https:\/\/www.coolheadeurope.com\/cookies\/#breadcrumb","itemListElement":[{"@type":"ListItem","position":1,"name":"Home","item":"https:\/\/www.coolheadeurope.com\/es\/"},{"@type":"ListItem","position":2,"name":"Pol\u00edtica de cookies"}]},{"@type":"WebSite","@id":"https:\/\/www.coolheadeurope.com\/#website","url":"https:\/\/www.coolheadeurope.com\/","name":"Cool Head Europe","description":"We make the world a cooler place","potentialAction":[{"@type":"SearchAction","target":{"@type":"EntryPoint","urlTemplate":"https:\/\/www.coolheadeurope.com\/?s={search_term_string}"},"query-input":{"@type":"PropertyValueSpecification","valueRequired":true,"valueName":"search_term_string"}}],"inLanguage":"es"}]}},"_links":{"self":[{"href":"https:\/\/www.coolheadeurope.com\/es\/wp-json\/wp\/v2\/pages\/3543493","targetHints":{"allow":["GET"]}}],"collection":[{"href":"https:\/\/www.coolheadeurope.com\/es\/wp-json\/wp\/v2\/pages"}],"about":[{"href":"https:\/\/www.coolheadeurope.com\/es\/wp-json\/wp\/v2\/types\/page"}],"author":[{"embeddable":true,"href":"https:\/\/www.coolheadeurope.com\/es\/wp-json\/wp\/v2\/users\/1"}],"replies":[{"embeddable":true,"href":"https:\/\/www.coolheadeurope.com\/es\/wp-json\/wp\/v2\/comments?post=3543493"}],"version-history":[{"count":7,"href":"https:\/\/www.coolheadeurope.com\/es\/wp-json\/wp\/v2\/pages\/3543493\/revisions"}],"predecessor-version":[{"id":3543500,"href":"https:\/\/www.coolheadeurope.com\/es\/wp-json\/wp\/v2\/pages\/3543493\/revisions\/3543500"}],"wp:featuredmedia":[{"embeddable":true,"href":"https:\/\/www.coolheadeurope.com\/es\/wp-json\/wp\/v2\/media\/2039164"}],"wp:attachment":[{"href":"https:\/\/www.coolheadeurope.com\/es\/wp-json\/wp\/v2\/media?parent=3543493"}],"curies":[{"name":"wp","href":"https:\/\/api.w.org\/{rel}","templated":true}]}}