{"id":3195887,"date":"2024-12-16T08:16:49","date_gmt":"2024-12-16T08:16:49","guid":{"rendered":"https:\/\/www.coolheadeurope.com\/prodotto\/sin%20categor\u00eda\/qr-12\/"},"modified":"2026-05-09T17:42:50","modified_gmt":"2026-05-09T17:42:50","slug":"qr-12","status":"publish","type":"product","link":"https:\/\/www.coolheadeurope.com\/es\/prodotto\/inox-es\/armarios-verticales\/qr-12\/","title":{"rendered":"QR 12"},"content":{"rendered":"<p>Armario refrigerado GN2\/1<br \/>\nCuerpo externo e interno en acero inoxidable<br \/>\nC\u00e1mara con marco de pl\u00e1stico aislante anticondensaci\u00f3n<br \/>\nRefrigeraci\u00f3n ventilada<br \/>\nEvaporador con tratamiento anticorrosi\u00f3n<br \/>\nSistema de descarche por gas caliente<br \/>\nEspuma en ciclopentano (80 mm de espesor )<br \/>\nPerfil curvado para limpieza f\u00e1cil<br \/>\nTermostato digital<br \/>\nInterruptor principal retroiluminado (color blanco)<br \/>\nLuz LED y cerradura de serie<br \/>\nJunta extra\u00edble<br \/>\nPuerta de cierre autom\u00e1tico<br \/>\nTirador de puerta acolchado<br \/>\nEstantes ajustables GN2\/1: 6 + 2<br \/>\n4 pies de acero ajustables &#8211; (Ruedas con freno opcional)<br \/>\nClase de energ\u00eda: C<\/p>\n","protected":false},"excerpt":{"rendered":"<p>Un dise\u00f1o limpio y elegante con una forma regular para el panel y la puerta y un controlador digital con interruptor principal independiente. El modelo QR 12 es una combinaci\u00f3n perfecta de mejoras tecnol\u00f3gicas y experiencia de fabricaci\u00f3n, con puertas de cierre autom\u00e1tico para evitar el desperdicio de energ\u00eda, gu\u00edas de rejilla para ayudar en el proceso de limpieza y tanto para ahorrar espacio dentro del armario como para permitir un mayor peso en los 8 estantes GN 2\/1 instalados de serie. Tambi\u00e9n cuenta con gas ecol\u00f3gico R290 y espuma aislante de 80mm en cada lado para garantizar un ahorro de energ\u00eda \u00f3ptimo. Para completar la lista de caracter\u00edsticas de alta gama, viene con luces LED internas y cerraduras de serie y pies regulables en altura (de 75mm a 90mm).<\/p>\n","protected":false},"featured_media":3929771,"template":"","meta":[],"product_brand":[],"product_cat":[7757,7759],"product_tag":[],"class_list":{"0":"post-3195887","1":"product","2":"type-product","3":"status-publish","4":"has-post-thumbnail","6":"product_cat-inox-es","7":"product_cat-armarios-verticales","8":"pa_capacite-commerciale-1255-l","9":"pa_consommation-denergie-2-67-kw-24h","10":"pa_hauteur-exterieure-2075-mm","11":"pa_hauteur-interieure-1485-mm","12":"pa_largeur-exterieure-1400-mm","13":"pa_largeur-interne-1234-mm","14":"pa_niveau-sonore-58-dba","15":"pa_poids-brut-187-00-kg","16":"pa_poids-net-165-00-kg","17":"pa_profondeur-externe-823-mm","18":"pa_profondeur-interne-685-mm","19":"pa_puissance-480-w","21":"first","22":"instock","23":"product-type-simple"},"acf":[],"yoast_head":"<!-- This site is optimized with the Yoast SEO plugin v27.2 - https:\/\/yoast.com\/product\/yoast-seo-wordpress\/ -->\n<title>QR 12 - Cool Head Europe<\/title>\n<meta name=\"robots\" content=\"index, follow, max-snippet:-1, max-image-preview:large, max-video-preview:-1\" \/>\n<link rel=\"canonical\" href=\"https:\/\/www.coolheadeurope.com\/es\/prodotto\/inox-es\/armarios-verticales\/qr-12\/\" \/>\n<meta property=\"og:locale\" content=\"es_ES\" \/>\n<meta property=\"og:type\" content=\"article\" \/>\n<meta property=\"og:title\" content=\"QR 12 - Cool Head Europe\" \/>\n<meta property=\"og:description\" content=\"Un dise\u00f1o limpio y elegante con una forma regular para el panel y la puerta y un controlador digital con interruptor principal independiente. El modelo QR 12 es una combinaci\u00f3n perfecta de mejoras tecnol\u00f3gicas y experiencia de fabricaci\u00f3n, con puertas de cierre autom\u00e1tico para evitar el desperdicio de energ\u00eda, gu\u00edas de rejilla para ayudar en el proceso de limpieza y tanto para ahorrar espacio dentro del armario como para permitir un mayor peso en los 8 estantes GN 2\/1 instalados de serie. Tambi\u00e9n cuenta con gas ecol\u00f3gico R290 y espuma aislante de 80mm en cada lado para garantizar un ahorro de energ\u00eda \u00f3ptimo. Para completar la lista de caracter\u00edsticas de alta gama, viene con luces LED internas y cerraduras de serie y pies regulables en altura (de 75mm a 90mm).\" \/>\n<meta property=\"og:url\" content=\"https:\/\/www.coolheadeurope.com\/es\/prodotto\/inox-es\/armarios-verticales\/qr-12\/\" \/>\n<meta property=\"og:site_name\" content=\"Cool Head Europe\" \/>\n<meta property=\"article:modified_time\" content=\"2026-05-09T17:42:50+00:00\" \/>\n<meta property=\"og:image\" content=\"https:\/\/www.coolheadeurope.com\/wp-content\/uploads\/2026\/04\/QR-12-CORPO_CH_LOW.png\" \/>\n\t<meta property=\"og:image:width\" content=\"504\" \/>\n\t<meta property=\"og:image:height\" content=\"567\" \/>\n\t<meta property=\"og:image:type\" content=\"image\/png\" \/>\n<meta name=\"twitter:card\" content=\"summary_large_image\" \/>\n<!-- \/ Yoast SEO plugin. -->","yoast_head_json":{"title":"QR 12 - Cool Head Europe","robots":{"index":"index","follow":"follow","max-snippet":"max-snippet:-1","max-image-preview":"max-image-preview:large","max-video-preview":"max-video-preview:-1"},"canonical":"https:\/\/www.coolheadeurope.com\/es\/prodotto\/inox-es\/armarios-verticales\/qr-12\/","og_locale":"es_ES","og_type":"article","og_title":"QR 12 - Cool Head Europe","og_description":"Un dise\u00f1o limpio y elegante con una forma regular para el panel y la puerta y un controlador digital con interruptor principal independiente. El modelo QR 12 es una combinaci\u00f3n perfecta de mejoras tecnol\u00f3gicas y experiencia de fabricaci\u00f3n, con puertas de cierre autom\u00e1tico para evitar el desperdicio de energ\u00eda, gu\u00edas de rejilla para ayudar en el proceso de limpieza y tanto para ahorrar espacio dentro del armario como para permitir un mayor peso en los 8 estantes GN 2\/1 instalados de serie. Tambi\u00e9n cuenta con gas ecol\u00f3gico R290 y espuma aislante de 80mm en cada lado para garantizar un ahorro de energ\u00eda \u00f3ptimo. Para completar la lista de caracter\u00edsticas de alta gama, viene con luces LED internas y cerraduras de serie y pies regulables en altura (de 75mm a 90mm).","og_url":"https:\/\/www.coolheadeurope.com\/es\/prodotto\/inox-es\/armarios-verticales\/qr-12\/","og_site_name":"Cool Head Europe","article_modified_time":"2026-05-09T17:42:50+00:00","og_image":[{"width":504,"height":567,"url":"https:\/\/www.coolheadeurope.com\/wp-content\/uploads\/2026\/04\/QR-12-CORPO_CH_LOW.png","type":"image\/png"}],"twitter_card":"summary_large_image","schema":{"@context":"https:\/\/schema.org","@graph":[{"@type":"WebPage","@id":"https:\/\/www.coolheadeurope.com\/es\/prodotto\/inox-es\/armarios-verticales\/qr-12\/","url":"https:\/\/www.coolheadeurope.com\/es\/prodotto\/inox-es\/armarios-verticales\/qr-12\/","name":"QR 12 - Cool Head Europe","isPartOf":{"@id":"https:\/\/www.coolheadeurope.com\/#website"},"primaryImageOfPage":{"@id":"https:\/\/www.coolheadeurope.com\/es\/prodotto\/inox-es\/armarios-verticales\/qr-12\/#primaryimage"},"image":{"@id":"https:\/\/www.coolheadeurope.com\/es\/prodotto\/inox-es\/armarios-verticales\/qr-12\/#primaryimage"},"thumbnailUrl":"https:\/\/www.coolheadeurope.com\/wp-content\/uploads\/2026\/05\/QR-12-CORPO_CH_LOW.png","datePublished":"2024-12-16T08:16:49+00:00","dateModified":"2026-05-09T17:42:50+00:00","breadcrumb":{"@id":"https:\/\/www.coolheadeurope.com\/es\/prodotto\/inox-es\/armarios-verticales\/qr-12\/#breadcrumb"},"inLanguage":"es","potentialAction":[{"@type":"ReadAction","target":["https:\/\/www.coolheadeurope.com\/es\/prodotto\/inox-es\/armarios-verticales\/qr-12\/"]}]},{"@type":"ImageObject","inLanguage":"es","@id":"https:\/\/www.coolheadeurope.com\/es\/prodotto\/inox-es\/armarios-verticales\/qr-12\/#primaryimage","url":"https:\/\/www.coolheadeurope.com\/wp-content\/uploads\/2026\/05\/QR-12-CORPO_CH_LOW.png","contentUrl":"https:\/\/www.coolheadeurope.com\/wp-content\/uploads\/2026\/05\/QR-12-CORPO_CH_LOW.png","width":504,"height":567,"caption":"Immagine di QR 12"},{"@type":"BreadcrumbList","@id":"https:\/\/www.coolheadeurope.com\/es\/prodotto\/inox-es\/armarios-verticales\/qr-12\/#breadcrumb","itemListElement":[{"@type":"ListItem","position":1,"name":"Home","item":"https:\/\/www.coolheadeurope.com\/es\/"},{"@type":"ListItem","position":2,"name":"Buscar","item":"https:\/\/www.coolheadeurope.com\/es\/buscar\/"},{"@type":"ListItem","position":3,"name":"QR 12"}]},{"@type":"WebSite","@id":"https:\/\/www.coolheadeurope.com\/#website","url":"https:\/\/www.coolheadeurope.com\/","name":"Cool Head Europe","description":"We make the world a cooler place","potentialAction":[{"@type":"SearchAction","target":{"@type":"EntryPoint","urlTemplate":"https:\/\/www.coolheadeurope.com\/?s={search_term_string}"},"query-input":{"@type":"PropertyValueSpecification","valueRequired":true,"valueName":"search_term_string"}}],"inLanguage":"es"}]}},"_links":{"self":[{"href":"https:\/\/www.coolheadeurope.com\/es\/wp-json\/wp\/v2\/product\/3195887","targetHints":{"allow":["GET"]}}],"collection":[{"href":"https:\/\/www.coolheadeurope.com\/es\/wp-json\/wp\/v2\/product"}],"about":[{"href":"https:\/\/www.coolheadeurope.com\/es\/wp-json\/wp\/v2\/types\/product"}],"wp:featuredmedia":[{"embeddable":true,"href":"https:\/\/www.coolheadeurope.com\/es\/wp-json\/wp\/v2\/media\/3929771"}],"wp:attachment":[{"href":"https:\/\/www.coolheadeurope.com\/es\/wp-json\/wp\/v2\/media?parent=3195887"}],"wp:term":[{"taxonomy":"product_brand","embeddable":true,"href":"https:\/\/www.coolheadeurope.com\/es\/wp-json\/wp\/v2\/product_brand?post=3195887"},{"taxonomy":"product_cat","embeddable":true,"href":"https:\/\/www.coolheadeurope.com\/es\/wp-json\/wp\/v2\/product_cat?post=3195887"},{"taxonomy":"product_tag","embeddable":true,"href":"https:\/\/www.coolheadeurope.com\/es\/wp-json\/wp\/v2\/product_tag?post=3195887"}],"curies":[{"name":"wp","href":"https:\/\/api.w.org\/{rel}","templated":true}]}}