{"id":3195888,"date":"2024-12-16T08:07:46","date_gmt":"2024-12-16T08:07:46","guid":{"rendered":"https:\/\/www.coolheadeurope.com\/prodotto\/sin%20categor\u00eda\/qrg-6\/"},"modified":"2026-05-09T17:42:50","modified_gmt":"2026-05-09T17:42:50","slug":"qrg-6","status":"publish","type":"product","link":"https:\/\/www.coolheadeurope.com\/es\/prodotto\/inox-es\/armarios-verticales\/qrg-6\/","title":{"rendered":"QRG 6"},"content":{"rendered":"<p>Armario refrigerado GN2\/1  (PUERTA DE CRISTAL)<br \/>\nCuerpo externo e interno en acero inoxidable<br \/>\nTriple cristal templado con serigraf\u00eda gris<br \/>\nSistema anticondensaci\u00f3n para el cristal (garantizado hasta 32\u00baC\/75%HR)<br \/>\nRefrigeraci\u00f3n ventilada<br \/>\nEvaporador con tratamiento anticorrosi\u00f3n<br \/>\nDescongelamiento autom\u00e1tico tras parada del compresor<br \/>\nEspuma en ciclopentano (80 mm de espesor )<br \/>\nPerfil curvado para limpieza f\u00e1cil<br \/>\nTermostato digital<br \/>\nInterruptor principal retroiluminado (color blanco)<br \/>\nLuz LED y cerradura de serie<br \/>\nJunta extra\u00edble<br \/>\nPuerta de cierre autom\u00e1tico (No reversible)<br \/>\nTirador cil\u00edndrico externo en acero inoxidable<br \/>\nEstantes ajustables GN2\/1: 3 + 1<br \/>\n4 pies de acero ajustables &#8211; (Ruedas con freno opcional)<br \/>\nClase de energ\u00eda: B<\/p>\n","protected":false},"excerpt":{"rendered":"<p>Un dise\u00f1o limpio y elegante con una forma plana para el panel y la puerta de cristal y un controlador digital con interruptor principal independiente. El modelo QRG 6 es una combinaci\u00f3n perfecta de mejoras tecnol\u00f3gicas y experiencia de fabricaci\u00f3n, con puerta de cierre autom\u00e1tico, gu\u00edas de rejilla para ayudar en el proceso de limpieza y tanto para ahorrar espacio dentro del armario como para permitir un mayor peso en los 4 estantes GN 2\/1 instalados de serie. Tambi\u00e9n cuenta con gas ecol\u00f3gico R290 y espuma aislante de 80mm en cada lado para garantizar un ahorro de energ\u00eda \u00f3ptimo. Para completar la lista de caracter\u00edsticas de alta gama, viene con luces LED internas verticales y cerradura de serie y pies regulables en altura.(de 75mm a 90mm).<\/p>\n","protected":false},"featured_media":3929782,"template":"","meta":[],"product_brand":[],"product_cat":[7757,7759],"product_tag":[],"class_list":{"0":"post-3195888","1":"product","2":"type-product","3":"status-publish","4":"has-post-thumbnail","6":"product_cat-inox-es","7":"product_cat-armarios-verticales","8":"pa_capacite-commerciale-546-l","9":"pa_consommation-denergie-2-42-kw-24h","10":"pa_hauteur-exterieure-2045-mm","11":"pa_hauteur-interieure-1485-mm","12":"pa_largeur-exterieure-700-mm","13":"pa_largeur-interne-534-mm","14":"pa_niveau-sonore-58-dba","15":"pa_poids-brut-133-00-kg","16":"pa_poids-net-114-50-kg","17":"pa_profondeur-externe-890-mm","18":"pa_profondeur-interne-685-mm","19":"pa_puissance-311-w","21":"first","22":"instock","23":"product-type-simple"},"acf":[],"yoast_head":"<!-- This site is optimized with the Yoast SEO plugin v27.2 - https:\/\/yoast.com\/product\/yoast-seo-wordpress\/ -->\n<title>QRG 6 - Cool Head Europe<\/title>\n<meta name=\"robots\" content=\"index, follow, max-snippet:-1, max-image-preview:large, max-video-preview:-1\" \/>\n<link rel=\"canonical\" href=\"https:\/\/www.coolheadeurope.com\/es\/prodotto\/inox-es\/armarios-verticales\/qrg-6\/\" \/>\n<meta property=\"og:locale\" content=\"es_ES\" \/>\n<meta property=\"og:type\" content=\"article\" \/>\n<meta property=\"og:title\" content=\"QRG 6 - Cool Head Europe\" \/>\n<meta property=\"og:description\" content=\"Un dise\u00f1o limpio y elegante con una forma plana para el panel y la puerta de cristal y un controlador digital con interruptor principal independiente. El modelo QRG 6 es una combinaci\u00f3n perfecta de mejoras tecnol\u00f3gicas y experiencia de fabricaci\u00f3n, con puerta de cierre autom\u00e1tico, gu\u00edas de rejilla para ayudar en el proceso de limpieza y tanto para ahorrar espacio dentro del armario como para permitir un mayor peso en los 4 estantes GN 2\/1 instalados de serie. Tambi\u00e9n cuenta con gas ecol\u00f3gico R290 y espuma aislante de 80mm en cada lado para garantizar un ahorro de energ\u00eda \u00f3ptimo. Para completar la lista de caracter\u00edsticas de alta gama, viene con luces LED internas verticales y cerradura de serie y pies regulables en altura.(de 75mm a 90mm).\" \/>\n<meta property=\"og:url\" content=\"https:\/\/www.coolheadeurope.com\/es\/prodotto\/inox-es\/armarios-verticales\/qrg-6\/\" \/>\n<meta property=\"og:site_name\" content=\"Cool Head Europe\" \/>\n<meta property=\"article:modified_time\" content=\"2026-05-09T17:42:50+00:00\" \/>\n<meta property=\"og:image\" content=\"https:\/\/www.coolheadeurope.com\/wp-content\/uploads\/2026\/04\/QRG-6-CORPO_CH_LOW.png\" \/>\n\t<meta property=\"og:image:width\" content=\"281\" \/>\n\t<meta property=\"og:image:height\" content=\"567\" \/>\n\t<meta property=\"og:image:type\" content=\"image\/png\" \/>\n<meta name=\"twitter:card\" content=\"summary_large_image\" \/>\n<meta name=\"twitter:label1\" content=\"Tiempo de lectura\" \/>\n\t<meta name=\"twitter:data1\" content=\"1 minuto\" \/>\n<!-- \/ Yoast SEO plugin. -->","yoast_head_json":{"title":"QRG 6 - Cool Head Europe","robots":{"index":"index","follow":"follow","max-snippet":"max-snippet:-1","max-image-preview":"max-image-preview:large","max-video-preview":"max-video-preview:-1"},"canonical":"https:\/\/www.coolheadeurope.com\/es\/prodotto\/inox-es\/armarios-verticales\/qrg-6\/","og_locale":"es_ES","og_type":"article","og_title":"QRG 6 - Cool Head Europe","og_description":"Un dise\u00f1o limpio y elegante con una forma plana para el panel y la puerta de cristal y un controlador digital con interruptor principal independiente. El modelo QRG 6 es una combinaci\u00f3n perfecta de mejoras tecnol\u00f3gicas y experiencia de fabricaci\u00f3n, con puerta de cierre autom\u00e1tico, gu\u00edas de rejilla para ayudar en el proceso de limpieza y tanto para ahorrar espacio dentro del armario como para permitir un mayor peso en los 4 estantes GN 2\/1 instalados de serie. Tambi\u00e9n cuenta con gas ecol\u00f3gico R290 y espuma aislante de 80mm en cada lado para garantizar un ahorro de energ\u00eda \u00f3ptimo. Para completar la lista de caracter\u00edsticas de alta gama, viene con luces LED internas verticales y cerradura de serie y pies regulables en altura.(de 75mm a 90mm).","og_url":"https:\/\/www.coolheadeurope.com\/es\/prodotto\/inox-es\/armarios-verticales\/qrg-6\/","og_site_name":"Cool Head Europe","article_modified_time":"2026-05-09T17:42:50+00:00","og_image":[{"width":281,"height":567,"url":"https:\/\/www.coolheadeurope.com\/wp-content\/uploads\/2026\/04\/QRG-6-CORPO_CH_LOW.png","type":"image\/png"}],"twitter_card":"summary_large_image","twitter_misc":{"Tiempo de lectura":"1 minuto"},"schema":{"@context":"https:\/\/schema.org","@graph":[{"@type":"WebPage","@id":"https:\/\/www.coolheadeurope.com\/es\/prodotto\/inox-es\/armarios-verticales\/qrg-6\/","url":"https:\/\/www.coolheadeurope.com\/es\/prodotto\/inox-es\/armarios-verticales\/qrg-6\/","name":"QRG 6 - Cool Head Europe","isPartOf":{"@id":"https:\/\/www.coolheadeurope.com\/#website"},"primaryImageOfPage":{"@id":"https:\/\/www.coolheadeurope.com\/es\/prodotto\/inox-es\/armarios-verticales\/qrg-6\/#primaryimage"},"image":{"@id":"https:\/\/www.coolheadeurope.com\/es\/prodotto\/inox-es\/armarios-verticales\/qrg-6\/#primaryimage"},"thumbnailUrl":"https:\/\/www.coolheadeurope.com\/wp-content\/uploads\/2026\/05\/QRG-6-CORPO_CH_LOW.png","datePublished":"2024-12-16T08:07:46+00:00","dateModified":"2026-05-09T17:42:50+00:00","breadcrumb":{"@id":"https:\/\/www.coolheadeurope.com\/es\/prodotto\/inox-es\/armarios-verticales\/qrg-6\/#breadcrumb"},"inLanguage":"es","potentialAction":[{"@type":"ReadAction","target":["https:\/\/www.coolheadeurope.com\/es\/prodotto\/inox-es\/armarios-verticales\/qrg-6\/"]}]},{"@type":"ImageObject","inLanguage":"es","@id":"https:\/\/www.coolheadeurope.com\/es\/prodotto\/inox-es\/armarios-verticales\/qrg-6\/#primaryimage","url":"https:\/\/www.coolheadeurope.com\/wp-content\/uploads\/2026\/05\/QRG-6-CORPO_CH_LOW.png","contentUrl":"https:\/\/www.coolheadeurope.com\/wp-content\/uploads\/2026\/05\/QRG-6-CORPO_CH_LOW.png","width":281,"height":567,"caption":"Immagine di QRG 6"},{"@type":"BreadcrumbList","@id":"https:\/\/www.coolheadeurope.com\/es\/prodotto\/inox-es\/armarios-verticales\/qrg-6\/#breadcrumb","itemListElement":[{"@type":"ListItem","position":1,"name":"Home","item":"https:\/\/www.coolheadeurope.com\/es\/"},{"@type":"ListItem","position":2,"name":"Buscar","item":"https:\/\/www.coolheadeurope.com\/es\/buscar\/"},{"@type":"ListItem","position":3,"name":"QRG 6"}]},{"@type":"WebSite","@id":"https:\/\/www.coolheadeurope.com\/#website","url":"https:\/\/www.coolheadeurope.com\/","name":"Cool Head Europe","description":"We make the world a cooler place","potentialAction":[{"@type":"SearchAction","target":{"@type":"EntryPoint","urlTemplate":"https:\/\/www.coolheadeurope.com\/?s={search_term_string}"},"query-input":{"@type":"PropertyValueSpecification","valueRequired":true,"valueName":"search_term_string"}}],"inLanguage":"es"}]}},"_links":{"self":[{"href":"https:\/\/www.coolheadeurope.com\/es\/wp-json\/wp\/v2\/product\/3195888","targetHints":{"allow":["GET"]}}],"collection":[{"href":"https:\/\/www.coolheadeurope.com\/es\/wp-json\/wp\/v2\/product"}],"about":[{"href":"https:\/\/www.coolheadeurope.com\/es\/wp-json\/wp\/v2\/types\/product"}],"wp:featuredmedia":[{"embeddable":true,"href":"https:\/\/www.coolheadeurope.com\/es\/wp-json\/wp\/v2\/media\/3929782"}],"wp:attachment":[{"href":"https:\/\/www.coolheadeurope.com\/es\/wp-json\/wp\/v2\/media?parent=3195888"}],"wp:term":[{"taxonomy":"product_brand","embeddable":true,"href":"https:\/\/www.coolheadeurope.com\/es\/wp-json\/wp\/v2\/product_brand?post=3195888"},{"taxonomy":"product_cat","embeddable":true,"href":"https:\/\/www.coolheadeurope.com\/es\/wp-json\/wp\/v2\/product_cat?post=3195888"},{"taxonomy":"product_tag","embeddable":true,"href":"https:\/\/www.coolheadeurope.com\/es\/wp-json\/wp\/v2\/product_tag?post=3195888"}],"curies":[{"name":"wp","href":"https:\/\/api.w.org\/{rel}","templated":true}]}}