{"id":3195898,"date":"2024-12-16T08:29:35","date_gmt":"2024-12-16T08:29:35","guid":{"rendered":"https:\/\/www.coolheadeurope.com\/prodotto\/sin%20categor\u00eda\/qpc-740\/"},"modified":"2026-04-04T19:29:55","modified_gmt":"2026-04-04T19:29:55","slug":"qpc-740-2","status":"publish","type":"product","link":"https:\/\/www.coolheadeurope.com\/es\/prodotto\/inox-es\/armarios-verticales\/qpc-740-2\/","title":{"rendered":"QPC 740"},"content":{"rendered":"<p>Armario refrigerado EURONORM<br \/>\nCuerpo externo e interno en acero inoxidable<br \/>\nRefrigeraci\u00f3n ventilada<br \/>\nDescongelamiento autom\u00e1tico con resistencia el\u00e9ctrica<br \/>\nMotor con \u00absistema monoblock\u00bb<br \/>\nEvaporador con tratamiento anticorrosi\u00f3n<br \/>\nEspuma en ciclopentano (75 mm de espesor en cada lado)<br \/>\nTermostato digital<br \/>\nInterruptor principal retroiluminado (color blanco)<br \/>\nAlarma de apertura de puerta<br \/>\nJunta extra\u00edble<br \/>\nLuz LED y cerradura de serie<br \/>\nPuerta de cierre autom\u00e1tico y reversible<br \/>\nConjunto de 10 gu\u00edas para bandejas 600&#215;400<br \/>\n4 pies de acero ajustables &#8211; (Ruedas con freno opcional)<br \/>\nClase de energ\u00eda: D<\/p>\n","protected":false},"excerpt":{"rendered":"<p>Equipado con un dise\u00f1o elegante y pulcro, este modelo ha sido desarrollado para cubrir la necesidad de conservar y almacenar productos de panader\u00eda y pasteler\u00eda. El rango QPC es una combinaci\u00f3n perfecta de mejoras tecnol\u00f3gicas y experiencia en fabricaci\u00f3n, con puerta de cierre autom\u00e1tico para evitar el desperdicio de energ\u00eda, un juego de 10 gu\u00edas para bandejas de panader\u00eda 600X400 para cada puerta, gas ecol\u00f3gico R600a y espuma aislante de 75mm en cada lado para garantizar un ahorro de energ\u00eda \u00f3ptimo. Para completar la lista de caracter\u00edsticas de alta gama, viene con controlador digital, luz LED y cerradura de serie, puerta reversible y pies regulables en altura (de 85mm a 140mm).<\/p>\n","protected":false},"featured_media":0,"template":"","meta":[],"product_brand":[],"product_cat":[7757,7759],"product_tag":[],"class_list":{"0":"post-3195898","1":"product","2":"type-product","3":"status-publish","5":"product_cat-inox-es","6":"product_cat-armarios-verticales","7":"pa_capacite-commerciale-550-l","8":"pa_consommation-denergie-2-701-kw-24h","9":"pa_hauteur-exterieure-2050-mm","10":"pa_hauteur-interieure-1435-mm","11":"pa_largeur-exterieure-700-mm","12":"pa_largeur-interne-550-mm","13":"pa_niveau-sonore-49-dba","14":"pa_poids-brut-147-kg","15":"pa_poids-net-120-kg","16":"pa_profondeur-externe-820-mm","17":"pa_profondeur-interne-685-mm","18":"pa_puissance-156-w","20":"first","21":"instock","22":"product-type-simple"},"acf":[],"yoast_head":"<!-- This site is optimized with the Yoast SEO plugin v27.2 - https:\/\/yoast.com\/product\/yoast-seo-wordpress\/ -->\n<title>QPC 740 - Cool Head Europe<\/title>\n<meta name=\"robots\" content=\"index, follow, max-snippet:-1, max-image-preview:large, max-video-preview:-1\" \/>\n<link rel=\"canonical\" href=\"https:\/\/www.coolheadeurope.com\/es\/prodotto\/inox-es\/armarios-verticales\/qpc-740-2\/\" \/>\n<meta property=\"og:locale\" content=\"es_ES\" \/>\n<meta property=\"og:type\" content=\"article\" \/>\n<meta property=\"og:title\" content=\"QPC 740 - Cool Head Europe\" \/>\n<meta property=\"og:description\" content=\"Equipado con un dise\u00f1o elegante y pulcro, este modelo ha sido desarrollado para cubrir la necesidad de conservar y almacenar productos de panader\u00eda y pasteler\u00eda. El rango QPC es una combinaci\u00f3n perfecta de mejoras tecnol\u00f3gicas y experiencia en fabricaci\u00f3n, con puerta de cierre autom\u00e1tico para evitar el desperdicio de energ\u00eda, un juego de 10 gu\u00edas para bandejas de panader\u00eda 600X400 para cada puerta, gas ecol\u00f3gico R600a y espuma aislante de 75mm en cada lado para garantizar un ahorro de energ\u00eda \u00f3ptimo. Para completar la lista de caracter\u00edsticas de alta gama, viene con controlador digital, luz LED y cerradura de serie, puerta reversible y pies regulables en altura (de 85mm a 140mm).\" \/>\n<meta property=\"og:url\" content=\"https:\/\/www.coolheadeurope.com\/es\/prodotto\/inox-es\/armarios-verticales\/qpc-740-2\/\" \/>\n<meta property=\"og:site_name\" content=\"Cool Head Europe\" \/>\n<meta property=\"article:modified_time\" content=\"2026-04-04T19:29:55+00:00\" \/>\n<meta name=\"twitter:card\" content=\"summary_large_image\" \/>\n<!-- \/ Yoast SEO plugin. -->","yoast_head_json":{"title":"QPC 740 - Cool Head Europe","robots":{"index":"index","follow":"follow","max-snippet":"max-snippet:-1","max-image-preview":"max-image-preview:large","max-video-preview":"max-video-preview:-1"},"canonical":"https:\/\/www.coolheadeurope.com\/es\/prodotto\/inox-es\/armarios-verticales\/qpc-740-2\/","og_locale":"es_ES","og_type":"article","og_title":"QPC 740 - Cool Head Europe","og_description":"Equipado con un dise\u00f1o elegante y pulcro, este modelo ha sido desarrollado para cubrir la necesidad de conservar y almacenar productos de panader\u00eda y pasteler\u00eda. El rango QPC es una combinaci\u00f3n perfecta de mejoras tecnol\u00f3gicas y experiencia en fabricaci\u00f3n, con puerta de cierre autom\u00e1tico para evitar el desperdicio de energ\u00eda, un juego de 10 gu\u00edas para bandejas de panader\u00eda 600X400 para cada puerta, gas ecol\u00f3gico R600a y espuma aislante de 75mm en cada lado para garantizar un ahorro de energ\u00eda \u00f3ptimo. Para completar la lista de caracter\u00edsticas de alta gama, viene con controlador digital, luz LED y cerradura de serie, puerta reversible y pies regulables en altura (de 85mm a 140mm).","og_url":"https:\/\/www.coolheadeurope.com\/es\/prodotto\/inox-es\/armarios-verticales\/qpc-740-2\/","og_site_name":"Cool Head Europe","article_modified_time":"2026-04-04T19:29:55+00:00","twitter_card":"summary_large_image","schema":{"@context":"https:\/\/schema.org","@graph":[{"@type":"WebPage","@id":"https:\/\/www.coolheadeurope.com\/es\/prodotto\/inox-es\/armarios-verticales\/qpc-740-2\/","url":"https:\/\/www.coolheadeurope.com\/es\/prodotto\/inox-es\/armarios-verticales\/qpc-740-2\/","name":"QPC 740 - Cool Head Europe","isPartOf":{"@id":"https:\/\/www.coolheadeurope.com\/#website"},"datePublished":"2024-12-16T08:29:35+00:00","dateModified":"2026-04-04T19:29:55+00:00","breadcrumb":{"@id":"https:\/\/www.coolheadeurope.com\/es\/prodotto\/inox-es\/armarios-verticales\/qpc-740-2\/#breadcrumb"},"inLanguage":"es","potentialAction":[{"@type":"ReadAction","target":["https:\/\/www.coolheadeurope.com\/es\/prodotto\/inox-es\/armarios-verticales\/qpc-740-2\/"]}]},{"@type":"BreadcrumbList","@id":"https:\/\/www.coolheadeurope.com\/es\/prodotto\/inox-es\/armarios-verticales\/qpc-740-2\/#breadcrumb","itemListElement":[{"@type":"ListItem","position":1,"name":"Home","item":"https:\/\/www.coolheadeurope.com\/es\/"},{"@type":"ListItem","position":2,"name":"Buscar","item":"https:\/\/www.coolheadeurope.com\/es\/buscar\/"},{"@type":"ListItem","position":3,"name":"QPC 740"}]},{"@type":"WebSite","@id":"https:\/\/www.coolheadeurope.com\/#website","url":"https:\/\/www.coolheadeurope.com\/","name":"Cool Head Europe","description":"We make the world a cooler place","potentialAction":[{"@type":"SearchAction","target":{"@type":"EntryPoint","urlTemplate":"https:\/\/www.coolheadeurope.com\/?s={search_term_string}"},"query-input":{"@type":"PropertyValueSpecification","valueRequired":true,"valueName":"search_term_string"}}],"inLanguage":"es"}]}},"_links":{"self":[{"href":"https:\/\/www.coolheadeurope.com\/es\/wp-json\/wp\/v2\/product\/3195898","targetHints":{"allow":["GET"]}}],"collection":[{"href":"https:\/\/www.coolheadeurope.com\/es\/wp-json\/wp\/v2\/product"}],"about":[{"href":"https:\/\/www.coolheadeurope.com\/es\/wp-json\/wp\/v2\/types\/product"}],"wp:attachment":[{"href":"https:\/\/www.coolheadeurope.com\/es\/wp-json\/wp\/v2\/media?parent=3195898"}],"wp:term":[{"taxonomy":"product_brand","embeddable":true,"href":"https:\/\/www.coolheadeurope.com\/es\/wp-json\/wp\/v2\/product_brand?post=3195898"},{"taxonomy":"product_cat","embeddable":true,"href":"https:\/\/www.coolheadeurope.com\/es\/wp-json\/wp\/v2\/product_cat?post=3195898"},{"taxonomy":"product_tag","embeddable":true,"href":"https:\/\/www.coolheadeurope.com\/es\/wp-json\/wp\/v2\/product_tag?post=3195898"}],"curies":[{"name":"wp","href":"https:\/\/api.w.org\/{rel}","templated":true}]}}