{"id":3195905,"date":"2024-12-16T08:54:23","date_gmt":"2024-12-16T08:54:23","guid":{"rendered":"https:\/\/www.coolheadeurope.com\/prodotto\/sin%20categor\u00eda\/gex-688v\/"},"modified":"2026-04-04T20:11:07","modified_gmt":"2026-04-04T20:11:07","slug":"gex-688v","status":"publish","type":"product","link":"https:\/\/www.coolheadeurope.com\/es\/prodotto\/inox-es\/armarios-verticales\/gex-688v\/","title":{"rendered":"GEX 688V"},"content":{"rendered":"<p>Armario congelador GN2\/1<br \/>\nCuerpo externo e interno en acero inoxidable<br \/>\nRefrigeraci\u00f3n ventilada<br \/>\nEvaporador y condensador con tratamiento anticorrosi\u00f3n<br \/>\nSala de m\u00e1quinas en el lado inferior (para un almacenamiento c\u00f3modo en el armario)<br \/>\nSistema de descarche por gas caliente<br \/>\nTermostato digital con alarma de \u00abapertura de la puerta\u00bb y \u00abtemperatura alta\u00bb<br \/>\nEspuma en ciclopentano (80 mm de espesor )<br \/>\nJunta extra\u00edble<br \/>\nLuz LED y cerradura de serie<br \/>\nPuerta de cierre autom\u00e1tico y reversible<br \/>\nEstantes ajustables GN2\/1: 9 Pcs<br \/>\nC\u00e1mara con marco de pl\u00e1stico aislante anticondensaci\u00f3n (Sistema de tuber\u00eda caliente)<br \/>\nCantidad de bandejas de helado GN 1\/3 (150 mm de profundidad): 30 piezas<br \/>\nCantidad de bandejas de helado 360x165x120mm (5 Litros): 40 piezas<br \/>\n4 pies ajustables \/ Ruedas con freno (opcional)<br \/>\nClase de energ\u00eda: D<\/p>\n","protected":false},"excerpt":{"rendered":"<p>Con un dise\u00f1o sencillo, este producto se ha desarrollado para almacenar y conservar helados. Se presenta en acabado de acero inoxidable, con el motor situado en la parte inferior para ofrecer un sistema de almacenamiento m\u00e1s c\u00f3modo. El modelo GEX 688V es una combinaci\u00f3n perfecta de mejoras tecnol\u00f3gicas y experiencia de fabricaci\u00f3n, equipado con manilla de puerta espumada, puerta de cierre autom\u00e1tico, controlador digital con alarma de puerta abierta y alta temperatura para evitar el desperdicio de energ\u00eda. Este modelo se suministra con 10 estantes ajustables GN2\/1, para almacenar 46 cubetas de helado GN1\/3 (150mm &#8211; Profundidad) o 58 cubetas de helado 5L (360x165X120 mm), sistema de refrigeraci\u00f3n ventilado, gas ecol\u00f3gico R290 y espuma aislante de 80mm en cada lado para asegurar un \u00f3ptimo ahorro de energ\u00eda. Para completar la lista de caracter\u00edsticas de alta gama, viene con filtro extra\u00edble, luces LED verticales internas y cerradura de serie; as\u00ed como puerta reversible y pies ajustables en altura por encargo.<\/p>\n","protected":false},"featured_media":3880861,"template":"","meta":[],"product_brand":[],"product_cat":[7757,7759],"product_tag":[],"class_list":{"0":"post-3195905","1":"product","2":"type-product","3":"status-publish","4":"has-post-thumbnail","6":"product_cat-inox-es","7":"product_cat-armarios-verticales","8":"pa_capacite-commerciale-600-l","9":"pa_consommation-denergie-6-381-kw-24h","10":"pa_hauteur-exterieure-2025-mm","11":"pa_hauteur-interieure-1430-mm","12":"pa_largeur-exterieure-740-mm","13":"pa_largeur-interne-580-mm","14":"pa_niveau-sonore-48-dba","15":"pa_poids-brut-161-kg","16":"pa_poids-net-150-kg","17":"pa_profondeur-externe-880-mm","18":"pa_profondeur-interne-710-mm","19":"pa_puissance-420-w","21":"first","22":"instock","23":"product-type-simple"},"acf":[],"yoast_head":"<!-- This site is optimized with the Yoast SEO plugin v27.2 - https:\/\/yoast.com\/product\/yoast-seo-wordpress\/ -->\n<title>GEX 688V - Cool Head Europe<\/title>\n<meta name=\"robots\" content=\"index, follow, max-snippet:-1, max-image-preview:large, max-video-preview:-1\" \/>\n<link rel=\"canonical\" href=\"https:\/\/www.coolheadeurope.com\/es\/prodotto\/inox-es\/armarios-verticales\/gex-688v\/\" \/>\n<meta property=\"og:locale\" content=\"es_ES\" \/>\n<meta property=\"og:type\" content=\"article\" \/>\n<meta property=\"og:title\" content=\"GEX 688V - Cool Head Europe\" \/>\n<meta property=\"og:description\" content=\"Con un dise\u00f1o sencillo, este producto se ha desarrollado para almacenar y conservar helados. Se presenta en acabado de acero inoxidable, con el motor situado en la parte inferior para ofrecer un sistema de almacenamiento m\u00e1s c\u00f3modo. El modelo GEX 688V es una combinaci\u00f3n perfecta de mejoras tecnol\u00f3gicas y experiencia de fabricaci\u00f3n, equipado con manilla de puerta espumada, puerta de cierre autom\u00e1tico, controlador digital con alarma de puerta abierta y alta temperatura para evitar el desperdicio de energ\u00eda. Este modelo se suministra con 10 estantes ajustables GN2\/1, para almacenar 46 cubetas de helado GN1\/3 (150mm - Profundidad) o 58 cubetas de helado 5L (360x165X120 mm), sistema de refrigeraci\u00f3n ventilado, gas ecol\u00f3gico R290 y espuma aislante de 80mm en cada lado para asegurar un \u00f3ptimo ahorro de energ\u00eda. Para completar la lista de caracter\u00edsticas de alta gama, viene con filtro extra\u00edble, luces LED verticales internas y cerradura de serie; as\u00ed como puerta reversible y pies ajustables en altura por encargo.\" \/>\n<meta property=\"og:url\" content=\"https:\/\/www.coolheadeurope.com\/es\/prodotto\/inox-es\/armarios-verticales\/gex-688v\/\" \/>\n<meta property=\"og:site_name\" content=\"Cool Head Europe\" \/>\n<meta property=\"article:modified_time\" content=\"2026-04-04T20:11:07+00:00\" \/>\n<meta property=\"og:image\" content=\"https:\/\/www.coolheadeurope.com\/wp-content\/uploads\/2026\/04\/GEX-688V-CORPO_CH_LOW.png\" \/>\n\t<meta property=\"og:image:width\" content=\"415\" \/>\n\t<meta property=\"og:image:height\" content=\"567\" \/>\n\t<meta property=\"og:image:type\" content=\"image\/png\" \/>\n<meta name=\"twitter:card\" content=\"summary_large_image\" \/>\n<meta name=\"twitter:label1\" content=\"Tiempo de lectura\" \/>\n\t<meta name=\"twitter:data1\" content=\"1 minuto\" \/>\n<!-- \/ Yoast SEO plugin. -->","yoast_head_json":{"title":"GEX 688V - Cool Head Europe","robots":{"index":"index","follow":"follow","max-snippet":"max-snippet:-1","max-image-preview":"max-image-preview:large","max-video-preview":"max-video-preview:-1"},"canonical":"https:\/\/www.coolheadeurope.com\/es\/prodotto\/inox-es\/armarios-verticales\/gex-688v\/","og_locale":"es_ES","og_type":"article","og_title":"GEX 688V - Cool Head Europe","og_description":"Con un dise\u00f1o sencillo, este producto se ha desarrollado para almacenar y conservar helados. Se presenta en acabado de acero inoxidable, con el motor situado en la parte inferior para ofrecer un sistema de almacenamiento m\u00e1s c\u00f3modo. El modelo GEX 688V es una combinaci\u00f3n perfecta de mejoras tecnol\u00f3gicas y experiencia de fabricaci\u00f3n, equipado con manilla de puerta espumada, puerta de cierre autom\u00e1tico, controlador digital con alarma de puerta abierta y alta temperatura para evitar el desperdicio de energ\u00eda. Este modelo se suministra con 10 estantes ajustables GN2\/1, para almacenar 46 cubetas de helado GN1\/3 (150mm - Profundidad) o 58 cubetas de helado 5L (360x165X120 mm), sistema de refrigeraci\u00f3n ventilado, gas ecol\u00f3gico R290 y espuma aislante de 80mm en cada lado para asegurar un \u00f3ptimo ahorro de energ\u00eda. Para completar la lista de caracter\u00edsticas de alta gama, viene con filtro extra\u00edble, luces LED verticales internas y cerradura de serie; as\u00ed como puerta reversible y pies ajustables en altura por encargo.","og_url":"https:\/\/www.coolheadeurope.com\/es\/prodotto\/inox-es\/armarios-verticales\/gex-688v\/","og_site_name":"Cool Head Europe","article_modified_time":"2026-04-04T20:11:07+00:00","og_image":[{"width":415,"height":567,"url":"https:\/\/www.coolheadeurope.com\/wp-content\/uploads\/2026\/04\/GEX-688V-CORPO_CH_LOW.png","type":"image\/png"}],"twitter_card":"summary_large_image","twitter_misc":{"Tiempo de lectura":"1 minuto"},"schema":{"@context":"https:\/\/schema.org","@graph":[{"@type":"WebPage","@id":"https:\/\/www.coolheadeurope.com\/es\/prodotto\/inox-es\/armarios-verticales\/gex-688v\/","url":"https:\/\/www.coolheadeurope.com\/es\/prodotto\/inox-es\/armarios-verticales\/gex-688v\/","name":"GEX 688V - Cool Head Europe","isPartOf":{"@id":"https:\/\/www.coolheadeurope.com\/#website"},"primaryImageOfPage":{"@id":"https:\/\/www.coolheadeurope.com\/es\/prodotto\/inox-es\/armarios-verticales\/gex-688v\/#primaryimage"},"image":{"@id":"https:\/\/www.coolheadeurope.com\/es\/prodotto\/inox-es\/armarios-verticales\/gex-688v\/#primaryimage"},"thumbnailUrl":"https:\/\/www.coolheadeurope.com\/wp-content\/uploads\/2026\/04\/GEX-688V-CORPO_CH_LOW.png","datePublished":"2024-12-16T08:54:23+00:00","dateModified":"2026-04-04T20:11:07+00:00","breadcrumb":{"@id":"https:\/\/www.coolheadeurope.com\/es\/prodotto\/inox-es\/armarios-verticales\/gex-688v\/#breadcrumb"},"inLanguage":"es","potentialAction":[{"@type":"ReadAction","target":["https:\/\/www.coolheadeurope.com\/es\/prodotto\/inox-es\/armarios-verticales\/gex-688v\/"]}]},{"@type":"ImageObject","inLanguage":"es","@id":"https:\/\/www.coolheadeurope.com\/es\/prodotto\/inox-es\/armarios-verticales\/gex-688v\/#primaryimage","url":"https:\/\/www.coolheadeurope.com\/wp-content\/uploads\/2026\/04\/GEX-688V-CORPO_CH_LOW.png","contentUrl":"https:\/\/www.coolheadeurope.com\/wp-content\/uploads\/2026\/04\/GEX-688V-CORPO_CH_LOW.png","width":415,"height":567,"caption":"Immagine di GEX 688V"},{"@type":"BreadcrumbList","@id":"https:\/\/www.coolheadeurope.com\/es\/prodotto\/inox-es\/armarios-verticales\/gex-688v\/#breadcrumb","itemListElement":[{"@type":"ListItem","position":1,"name":"Home","item":"https:\/\/www.coolheadeurope.com\/es\/"},{"@type":"ListItem","position":2,"name":"Buscar","item":"https:\/\/www.coolheadeurope.com\/es\/buscar\/"},{"@type":"ListItem","position":3,"name":"GEX 688V"}]},{"@type":"WebSite","@id":"https:\/\/www.coolheadeurope.com\/#website","url":"https:\/\/www.coolheadeurope.com\/","name":"Cool Head Europe","description":"We make the world a cooler place","potentialAction":[{"@type":"SearchAction","target":{"@type":"EntryPoint","urlTemplate":"https:\/\/www.coolheadeurope.com\/?s={search_term_string}"},"query-input":{"@type":"PropertyValueSpecification","valueRequired":true,"valueName":"search_term_string"}}],"inLanguage":"es"}]}},"_links":{"self":[{"href":"https:\/\/www.coolheadeurope.com\/es\/wp-json\/wp\/v2\/product\/3195905","targetHints":{"allow":["GET"]}}],"collection":[{"href":"https:\/\/www.coolheadeurope.com\/es\/wp-json\/wp\/v2\/product"}],"about":[{"href":"https:\/\/www.coolheadeurope.com\/es\/wp-json\/wp\/v2\/types\/product"}],"wp:featuredmedia":[{"embeddable":true,"href":"https:\/\/www.coolheadeurope.com\/es\/wp-json\/wp\/v2\/media\/3880861"}],"wp:attachment":[{"href":"https:\/\/www.coolheadeurope.com\/es\/wp-json\/wp\/v2\/media?parent=3195905"}],"wp:term":[{"taxonomy":"product_brand","embeddable":true,"href":"https:\/\/www.coolheadeurope.com\/es\/wp-json\/wp\/v2\/product_brand?post=3195905"},{"taxonomy":"product_cat","embeddable":true,"href":"https:\/\/www.coolheadeurope.com\/es\/wp-json\/wp\/v2\/product_cat?post=3195905"},{"taxonomy":"product_tag","embeddable":true,"href":"https:\/\/www.coolheadeurope.com\/es\/wp-json\/wp\/v2\/product_tag?post=3195905"}],"curies":[{"name":"wp","href":"https:\/\/api.w.org\/{rel}","templated":true}]}}