{"id":3195906,"date":"2024-12-16T08:54:23","date_gmt":"2024-12-16T08:54:23","guid":{"rendered":"https:\/\/www.coolheadeurope.com\/prodotto\/sin%20categor\u00eda\/qrx-688fh\/"},"modified":"2026-04-04T20:11:07","modified_gmt":"2026-04-04T20:11:07","slug":"qrx-688fh","status":"publish","type":"product","link":"https:\/\/www.coolheadeurope.com\/es\/prodotto\/inox-es\/armarios-verticales\/qrx-688fh\/","title":{"rendered":"QRX 688FH"},"content":{"rendered":"<p>Armario refrigerado GN2\/1 ( PESCADO )<br \/>\nCuerpo externo e interno en acero inoxidable<br \/>\nRefrigeraci\u00f3n est\u00e1tica con ventilador de asistencia<br \/>\nCondensador con tratamiento anticorrosi\u00f3n<br \/>\nSala de m\u00e1quinas en el lado inferior (para un almacenamiento c\u00f3modo en el armario)<br \/>\nDescongelamiento autom\u00e1tico tras parada del compresor<br \/>\nTermostato digital con alarma de \u00abapertura de la puerta\u00bb y \u00abtemperatura alta\u00bb<br \/>\nEspuma en ciclopentano (80 mm de espesor )<br \/>\nJunta extra\u00edble<br \/>\nLuz LED y cerradura de serie<br \/>\nPuerta de cierre autom\u00e1tico y reversible<br \/>\n8 bandejas para \u00abdrenaje de aguas residuales de peces\u00bb en acero inoxidable incluido<br \/>\nC\u00e1mara con marco de pl\u00e1stico aislante anticondensaci\u00f3n<br \/>\nN.4 pies ajustables &#8211; pies de acero grandes o ruedas con freno (opcional)<br \/>\nClase de energ\u00eda: D<\/p>\n","protected":false},"excerpt":{"rendered":"<p>Con un dise\u00f1o sencillo, este producto se ha desarrollado para la refrigeraci\u00f3n de pescado fresco. Viene con acabado en acero inoxidable, con su motor situado en la parte inferior para proporcionar un sistema de almacenamiento de mercanc\u00edas m\u00e1s c\u00f3modo y un controlador digital. El modelo QRX 688FH es una combinaci\u00f3n perfecta de mejoras tecnol\u00f3gicas y experiencia en fabricaci\u00f3n, con manilla de puerta espumada, puerta de cierre autom\u00e1tico, puerta abierta y alarma de alta temperatura para evitar el desperdicio de energ\u00eda, 8 ollas \u00abbandeja de drenaje de agua de pescado\u00bb antioxidante incluida, sistema de refrigeraci\u00f3n est\u00e1tica, gas ecol\u00f3gico R290 y espuma aislante de 80 mm en cada lado para garantizar un ahorro de energ\u00eda \u00f3ptimo. Para completar la lista de caracter\u00edsticas de alta gama, viene con filtro extra\u00edble, luces LED verticales internas y cerradura de serie; as\u00ed como puerta reversible y pies ajustables en altura por encargo.<\/p>\n","protected":false},"featured_media":3880863,"template":"","meta":[],"product_brand":[],"product_cat":[7757,7759],"product_tag":[],"class_list":{"0":"post-3195906","1":"product","2":"type-product","3":"status-publish","4":"has-post-thumbnail","6":"product_cat-inox-es","7":"product_cat-armarios-verticales","8":"pa_capacite-commerciale-600-l","9":"pa_consommation-denergie-2-501-kw-24h","10":"pa_hauteur-exterieure-2025-mm","11":"pa_hauteur-interieure-1430-mm","12":"pa_largeur-exterieure-740-mm","13":"pa_largeur-interne-580-mm","14":"pa_niveau-sonore-48-dba","15":"pa_poids-brut-161-kg","16":"pa_poids-net-150-kg","17":"pa_profondeur-externe-880-mm","18":"pa_profondeur-interne-710-mm","19":"pa_puissance-350-w","21":"first","22":"instock","23":"product-type-simple"},"acf":[],"yoast_head":"<!-- This site is optimized with the Yoast SEO plugin v27.2 - https:\/\/yoast.com\/product\/yoast-seo-wordpress\/ -->\n<title>QRX 688FH - Cool Head Europe<\/title>\n<meta name=\"robots\" content=\"index, follow, max-snippet:-1, max-image-preview:large, max-video-preview:-1\" \/>\n<link rel=\"canonical\" href=\"https:\/\/www.coolheadeurope.com\/prodotto\/inox\/armadi\/qrx-688fh\/\" \/>\n<meta property=\"og:locale\" content=\"es_ES\" \/>\n<meta property=\"og:type\" content=\"article\" \/>\n<meta property=\"og:title\" content=\"QRX 688FH - Cool Head Europe\" \/>\n<meta property=\"og:description\" content=\"Con un dise\u00f1o sencillo, este producto se ha desarrollado para la refrigeraci\u00f3n de pescado fresco. Viene con acabado en acero inoxidable, con su motor situado en la parte inferior para proporcionar un sistema de almacenamiento de mercanc\u00edas m\u00e1s c\u00f3modo y un controlador digital. El modelo QRX 688FH es una combinaci\u00f3n perfecta de mejoras tecnol\u00f3gicas y experiencia en fabricaci\u00f3n, con manilla de puerta espumada, puerta de cierre autom\u00e1tico, puerta abierta y alarma de alta temperatura para evitar el desperdicio de energ\u00eda, 8 ollas &quot;bandeja de drenaje de agua de pescado&quot; antioxidante incluida, sistema de refrigeraci\u00f3n est\u00e1tica, gas ecol\u00f3gico R290 y espuma aislante de 80 mm en cada lado para garantizar un ahorro de energ\u00eda \u00f3ptimo. Para completar la lista de caracter\u00edsticas de alta gama, viene con filtro extra\u00edble, luces LED verticales internas y cerradura de serie; as\u00ed como puerta reversible y pies ajustables en altura por encargo.\" \/>\n<meta property=\"og:url\" content=\"https:\/\/www.coolheadeurope.com\/prodotto\/inox\/armadi\/qrx-688fh\/\" \/>\n<meta property=\"og:site_name\" content=\"Cool Head Europe\" \/>\n<meta property=\"article:modified_time\" content=\"2026-04-04T20:11:07+00:00\" \/>\n<meta property=\"og:image\" content=\"https:\/\/www.coolheadeurope.com\/wp-content\/uploads\/2026\/04\/QRX-688FH-CORPO_CH_LOW.png\" \/>\n\t<meta property=\"og:image:width\" content=\"397\" \/>\n\t<meta property=\"og:image:height\" content=\"567\" \/>\n\t<meta property=\"og:image:type\" content=\"image\/png\" \/>\n<meta name=\"twitter:card\" content=\"summary_large_image\" \/>\n<meta name=\"twitter:label1\" content=\"Tiempo de lectura\" \/>\n\t<meta name=\"twitter:data1\" content=\"1 minuto\" \/>\n<!-- \/ Yoast SEO plugin. -->","yoast_head_json":{"title":"QRX 688FH - Cool Head Europe","robots":{"index":"index","follow":"follow","max-snippet":"max-snippet:-1","max-image-preview":"max-image-preview:large","max-video-preview":"max-video-preview:-1"},"canonical":"https:\/\/www.coolheadeurope.com\/prodotto\/inox\/armadi\/qrx-688fh\/","og_locale":"es_ES","og_type":"article","og_title":"QRX 688FH - Cool Head Europe","og_description":"Con un dise\u00f1o sencillo, este producto se ha desarrollado para la refrigeraci\u00f3n de pescado fresco. Viene con acabado en acero inoxidable, con su motor situado en la parte inferior para proporcionar un sistema de almacenamiento de mercanc\u00edas m\u00e1s c\u00f3modo y un controlador digital. El modelo QRX 688FH es una combinaci\u00f3n perfecta de mejoras tecnol\u00f3gicas y experiencia en fabricaci\u00f3n, con manilla de puerta espumada, puerta de cierre autom\u00e1tico, puerta abierta y alarma de alta temperatura para evitar el desperdicio de energ\u00eda, 8 ollas \"bandeja de drenaje de agua de pescado\" antioxidante incluida, sistema de refrigeraci\u00f3n est\u00e1tica, gas ecol\u00f3gico R290 y espuma aislante de 80 mm en cada lado para garantizar un ahorro de energ\u00eda \u00f3ptimo. Para completar la lista de caracter\u00edsticas de alta gama, viene con filtro extra\u00edble, luces LED verticales internas y cerradura de serie; as\u00ed como puerta reversible y pies ajustables en altura por encargo.","og_url":"https:\/\/www.coolheadeurope.com\/prodotto\/inox\/armadi\/qrx-688fh\/","og_site_name":"Cool Head Europe","article_modified_time":"2026-04-04T20:11:07+00:00","og_image":[{"width":397,"height":567,"url":"https:\/\/www.coolheadeurope.com\/wp-content\/uploads\/2026\/04\/QRX-688FH-CORPO_CH_LOW.png","type":"image\/png"}],"twitter_card":"summary_large_image","twitter_misc":{"Tiempo de lectura":"1 minuto"},"schema":{"@context":"https:\/\/schema.org","@graph":[{"@type":"WebPage","@id":"https:\/\/www.coolheadeurope.com\/prodotto\/inox\/armadi\/qrx-688fh\/","url":"https:\/\/www.coolheadeurope.com\/prodotto\/inox\/armadi\/qrx-688fh\/","name":"QRX 688FH - Cool Head Europe","isPartOf":{"@id":"https:\/\/www.coolheadeurope.com\/#website"},"primaryImageOfPage":{"@id":"https:\/\/www.coolheadeurope.com\/prodotto\/inox\/armadi\/qrx-688fh\/#primaryimage"},"image":{"@id":"https:\/\/www.coolheadeurope.com\/prodotto\/inox\/armadi\/qrx-688fh\/#primaryimage"},"thumbnailUrl":"https:\/\/www.coolheadeurope.com\/wp-content\/uploads\/2026\/04\/QRX-688FH-CORPO_CH_LOW.png","datePublished":"2024-12-16T08:54:23+00:00","dateModified":"2026-04-04T20:11:07+00:00","breadcrumb":{"@id":"https:\/\/www.coolheadeurope.com\/prodotto\/inox\/armadi\/qrx-688fh\/#breadcrumb"},"inLanguage":"es","potentialAction":[{"@type":"ReadAction","target":["https:\/\/www.coolheadeurope.com\/prodotto\/inox\/armadi\/qrx-688fh\/"]}]},{"@type":"ImageObject","inLanguage":"es","@id":"https:\/\/www.coolheadeurope.com\/prodotto\/inox\/armadi\/qrx-688fh\/#primaryimage","url":"https:\/\/www.coolheadeurope.com\/wp-content\/uploads\/2026\/04\/QRX-688FH-CORPO_CH_LOW.png","contentUrl":"https:\/\/www.coolheadeurope.com\/wp-content\/uploads\/2026\/04\/QRX-688FH-CORPO_CH_LOW.png","width":397,"height":567,"caption":"Immagine di QRX 688FH"},{"@type":"BreadcrumbList","@id":"https:\/\/www.coolheadeurope.com\/prodotto\/inox\/armadi\/qrx-688fh\/#breadcrumb","itemListElement":[{"@type":"ListItem","position":1,"name":"Home","item":"https:\/\/www.coolheadeurope.com\/es\/"},{"@type":"ListItem","position":2,"name":"Buscar","item":"https:\/\/www.coolheadeurope.com\/es\/buscar\/"},{"@type":"ListItem","position":3,"name":"QRX 688FH"}]},{"@type":"WebSite","@id":"https:\/\/www.coolheadeurope.com\/#website","url":"https:\/\/www.coolheadeurope.com\/","name":"Cool Head Europe","description":"We make the world a cooler place","potentialAction":[{"@type":"SearchAction","target":{"@type":"EntryPoint","urlTemplate":"https:\/\/www.coolheadeurope.com\/?s={search_term_string}"},"query-input":{"@type":"PropertyValueSpecification","valueRequired":true,"valueName":"search_term_string"}}],"inLanguage":"es"}]}},"_links":{"self":[{"href":"https:\/\/www.coolheadeurope.com\/es\/wp-json\/wp\/v2\/product\/3195906","targetHints":{"allow":["GET"]}}],"collection":[{"href":"https:\/\/www.coolheadeurope.com\/es\/wp-json\/wp\/v2\/product"}],"about":[{"href":"https:\/\/www.coolheadeurope.com\/es\/wp-json\/wp\/v2\/types\/product"}],"wp:featuredmedia":[{"embeddable":true,"href":"https:\/\/www.coolheadeurope.com\/es\/wp-json\/wp\/v2\/media\/3880863"}],"wp:attachment":[{"href":"https:\/\/www.coolheadeurope.com\/es\/wp-json\/wp\/v2\/media?parent=3195906"}],"wp:term":[{"taxonomy":"product_brand","embeddable":true,"href":"https:\/\/www.coolheadeurope.com\/es\/wp-json\/wp\/v2\/product_brand?post=3195906"},{"taxonomy":"product_cat","embeddable":true,"href":"https:\/\/www.coolheadeurope.com\/es\/wp-json\/wp\/v2\/product_cat?post=3195906"},{"taxonomy":"product_tag","embeddable":true,"href":"https:\/\/www.coolheadeurope.com\/es\/wp-json\/wp\/v2\/product_tag?post=3195906"}],"curies":[{"name":"wp","href":"https:\/\/api.w.org\/{rel}","templated":true}]}}