{"id":3195907,"date":"2024-12-16T08:54:23","date_gmt":"2024-12-16T08:54:23","guid":{"rendered":"https:\/\/www.coolheadeurope.com\/prodotto\/sin%20categor\u00eda\/rc-1850\/"},"modified":"2026-04-04T20:32:09","modified_gmt":"2026-04-04T20:32:09","slug":"rc-1850","status":"publish","type":"product","link":"https:\/\/www.coolheadeurope.com\/es\/prodotto\/inox-es\/armarios-verticales\/rc-1850\/","title":{"rendered":"RC 1850"},"content":{"rendered":"<p>Armario refrigerado GN2\/1<br \/>\nCuerpo externo e interno en acero inoxidable<br \/>\nRefrigeraci\u00f3n ventilada<br \/>\nDescongelamiento autom\u00e1tico con resistencia el\u00e9ctrica<br \/>\nMotor con \u00absistema monoblock\u00bb<br \/>\nEspuma en ciclopentano (75 mm de espesor en cada lado)<br \/>\nTermostato digital<br \/>\nJunta extra\u00edble<br \/>\nLuz LED y cerradura de serie<br \/>\nPuerta de cierre autom\u00e1tico<br \/>\nEstantes ajustables GN2\/1: 12<br \/>\n6 Ruedas para un posicionamiento f\u00e1cil<br \/>\nClase de energ\u00eda: D<\/p>\n","protected":false},"excerpt":{"rendered":"<p>Armario refrigerado GN2\/1 Cuerpo externo e interno en acero inoxidable Refrigeraci\u00f3n ventilada Descongelamiento autom\u00e1tico con resistencia el\u00e9ctrica Motor con \u00absistema monoblock\u00bb Espuma en ciclopentano (75 mm de espesor en cada lado) Termostato digital Junta extra\u00edble Luz LED y cerradura de serie Puerta de cierre autom\u00e1tico Estantes ajustables GN2\/1: 12 6 Ruedas para un posicionamiento f\u00e1cil [&hellip;]<\/p>\n","protected":false},"featured_media":3880874,"template":"","meta":[],"product_brand":[],"product_cat":[7757,7759],"product_tag":[],"class_list":{"0":"post-3195907","1":"product","2":"type-product","3":"status-publish","4":"has-post-thumbnail","6":"product_cat-inox-es","7":"product_cat-armarios-verticales","8":"pa_capacite-commerciale-1900-l","9":"pa_consommation-denergie-5-901-kw-24h","10":"pa_hauteur-exterieure-2050-mm","11":"pa_hauteur-interieure-1435-mm","12":"pa_largeur-exterieure-2100-mm","13":"pa_largeur-interne-1950-mm","14":"pa_niveau-sonore-73-dba","15":"pa_poids-brut-288-kg","16":"pa_poids-net-255-kg","17":"pa_profondeur-externe-820-mm","18":"pa_profondeur-interne-685-mm","19":"pa_puissance-1120-w","21":"first","22":"instock","23":"product-type-simple"},"acf":[],"yoast_head":"<!-- This site is optimized with the Yoast SEO plugin v27.2 - https:\/\/yoast.com\/product\/yoast-seo-wordpress\/ -->\n<title>RC 1850 - Cool Head Europe<\/title>\n<meta name=\"robots\" content=\"index, follow, max-snippet:-1, max-image-preview:large, max-video-preview:-1\" \/>\n<link rel=\"canonical\" href=\"https:\/\/www.coolheadeurope.com\/prodotto\/inox\/armadi\/rc-1850\/\" \/>\n<meta property=\"og:locale\" content=\"es_ES\" \/>\n<meta property=\"og:type\" content=\"article\" \/>\n<meta property=\"og:title\" content=\"RC 1850 - Cool Head Europe\" \/>\n<meta property=\"og:description\" content=\"Armario refrigerado GN2\/1 Cuerpo externo e interno en acero inoxidable Refrigeraci\u00f3n ventilada Descongelamiento autom\u00e1tico con resistencia el\u00e9ctrica Motor con \u00absistema monoblock\u00bb Espuma en ciclopentano (75 mm de espesor en cada lado) Termostato digital Junta extra\u00edble Luz LED y cerradura de serie Puerta de cierre autom\u00e1tico Estantes ajustables GN2\/1: 12 6 Ruedas para un posicionamiento f\u00e1cil [&hellip;]\" \/>\n<meta property=\"og:url\" content=\"https:\/\/www.coolheadeurope.com\/prodotto\/inox\/armadi\/rc-1850\/\" \/>\n<meta property=\"og:site_name\" content=\"Cool Head Europe\" \/>\n<meta property=\"article:modified_time\" content=\"2026-04-04T20:32:09+00:00\" \/>\n<meta property=\"og:image\" content=\"https:\/\/www.coolheadeurope.com\/wp-content\/uploads\/2026\/04\/RC-1850-CORPO_CH_LOW.png\" \/>\n\t<meta property=\"og:image:width\" content=\"567\" \/>\n\t<meta property=\"og:image:height\" content=\"532\" \/>\n\t<meta property=\"og:image:type\" content=\"image\/png\" \/>\n<meta name=\"twitter:card\" content=\"summary_large_image\" \/>\n<!-- \/ Yoast SEO plugin. -->","yoast_head_json":{"title":"RC 1850 - Cool Head Europe","robots":{"index":"index","follow":"follow","max-snippet":"max-snippet:-1","max-image-preview":"max-image-preview:large","max-video-preview":"max-video-preview:-1"},"canonical":"https:\/\/www.coolheadeurope.com\/prodotto\/inox\/armadi\/rc-1850\/","og_locale":"es_ES","og_type":"article","og_title":"RC 1850 - Cool Head Europe","og_description":"Armario refrigerado GN2\/1 Cuerpo externo e interno en acero inoxidable Refrigeraci\u00f3n ventilada Descongelamiento autom\u00e1tico con resistencia el\u00e9ctrica Motor con \u00absistema monoblock\u00bb Espuma en ciclopentano (75 mm de espesor en cada lado) Termostato digital Junta extra\u00edble Luz LED y cerradura de serie Puerta de cierre autom\u00e1tico Estantes ajustables GN2\/1: 12 6 Ruedas para un posicionamiento f\u00e1cil [&hellip;]","og_url":"https:\/\/www.coolheadeurope.com\/prodotto\/inox\/armadi\/rc-1850\/","og_site_name":"Cool Head Europe","article_modified_time":"2026-04-04T20:32:09+00:00","og_image":[{"width":567,"height":532,"url":"https:\/\/www.coolheadeurope.com\/wp-content\/uploads\/2026\/04\/RC-1850-CORPO_CH_LOW.png","type":"image\/png"}],"twitter_card":"summary_large_image","schema":{"@context":"https:\/\/schema.org","@graph":[{"@type":"WebPage","@id":"https:\/\/www.coolheadeurope.com\/prodotto\/inox\/armadi\/rc-1850\/","url":"https:\/\/www.coolheadeurope.com\/prodotto\/inox\/armadi\/rc-1850\/","name":"RC 1850 - Cool Head Europe","isPartOf":{"@id":"https:\/\/www.coolheadeurope.com\/#website"},"primaryImageOfPage":{"@id":"https:\/\/www.coolheadeurope.com\/prodotto\/inox\/armadi\/rc-1850\/#primaryimage"},"image":{"@id":"https:\/\/www.coolheadeurope.com\/prodotto\/inox\/armadi\/rc-1850\/#primaryimage"},"thumbnailUrl":"https:\/\/www.coolheadeurope.com\/wp-content\/uploads\/2026\/04\/RC-1850-CORPO_CH_LOW.png","datePublished":"2024-12-16T08:54:23+00:00","dateModified":"2026-04-04T20:32:09+00:00","breadcrumb":{"@id":"https:\/\/www.coolheadeurope.com\/prodotto\/inox\/armadi\/rc-1850\/#breadcrumb"},"inLanguage":"es","potentialAction":[{"@type":"ReadAction","target":["https:\/\/www.coolheadeurope.com\/prodotto\/inox\/armadi\/rc-1850\/"]}]},{"@type":"ImageObject","inLanguage":"es","@id":"https:\/\/www.coolheadeurope.com\/prodotto\/inox\/armadi\/rc-1850\/#primaryimage","url":"https:\/\/www.coolheadeurope.com\/wp-content\/uploads\/2026\/04\/RC-1850-CORPO_CH_LOW.png","contentUrl":"https:\/\/www.coolheadeurope.com\/wp-content\/uploads\/2026\/04\/RC-1850-CORPO_CH_LOW.png","width":567,"height":532,"caption":"Immagine di RC 1850"},{"@type":"BreadcrumbList","@id":"https:\/\/www.coolheadeurope.com\/prodotto\/inox\/armadi\/rc-1850\/#breadcrumb","itemListElement":[{"@type":"ListItem","position":1,"name":"Home","item":"https:\/\/www.coolheadeurope.com\/es\/"},{"@type":"ListItem","position":2,"name":"Buscar","item":"https:\/\/www.coolheadeurope.com\/es\/buscar\/"},{"@type":"ListItem","position":3,"name":"RC 1850"}]},{"@type":"WebSite","@id":"https:\/\/www.coolheadeurope.com\/#website","url":"https:\/\/www.coolheadeurope.com\/","name":"Cool Head Europe","description":"We make the world a cooler place","potentialAction":[{"@type":"SearchAction","target":{"@type":"EntryPoint","urlTemplate":"https:\/\/www.coolheadeurope.com\/?s={search_term_string}"},"query-input":{"@type":"PropertyValueSpecification","valueRequired":true,"valueName":"search_term_string"}}],"inLanguage":"es"}]}},"_links":{"self":[{"href":"https:\/\/www.coolheadeurope.com\/es\/wp-json\/wp\/v2\/product\/3195907","targetHints":{"allow":["GET"]}}],"collection":[{"href":"https:\/\/www.coolheadeurope.com\/es\/wp-json\/wp\/v2\/product"}],"about":[{"href":"https:\/\/www.coolheadeurope.com\/es\/wp-json\/wp\/v2\/types\/product"}],"wp:featuredmedia":[{"embeddable":true,"href":"https:\/\/www.coolheadeurope.com\/es\/wp-json\/wp\/v2\/media\/3880874"}],"wp:attachment":[{"href":"https:\/\/www.coolheadeurope.com\/es\/wp-json\/wp\/v2\/media?parent=3195907"}],"wp:term":[{"taxonomy":"product_brand","embeddable":true,"href":"https:\/\/www.coolheadeurope.com\/es\/wp-json\/wp\/v2\/product_brand?post=3195907"},{"taxonomy":"product_cat","embeddable":true,"href":"https:\/\/www.coolheadeurope.com\/es\/wp-json\/wp\/v2\/product_cat?post=3195907"},{"taxonomy":"product_tag","embeddable":true,"href":"https:\/\/www.coolheadeurope.com\/es\/wp-json\/wp\/v2\/product_tag?post=3195907"}],"curies":[{"name":"wp","href":"https:\/\/api.w.org\/{rel}","templated":true}]}}