{"id":3195910,"date":"2024-12-16T08:54:23","date_gmt":"2024-12-16T08:54:23","guid":{"rendered":"https:\/\/www.coolheadeurope.com\/prodotto\/sin%20categor\u00eda\/qm-368\/"},"modified":"2026-04-04T20:32:10","modified_gmt":"2026-04-04T20:32:10","slug":"qm-368","status":"publish","type":"product","link":"https:\/\/www.coolheadeurope.com\/es\/prodotto\/inox-es\/armarios-verticales\/qm-368\/","title":{"rendered":"QM 368"},"content":{"rendered":"<p>300Lt. Envejecimiento de carne refrigerado<br \/>\nCuerpo externo e interno en acero inoxidable<br \/>\nRefrigeraci\u00f3n ventilada<br \/>\nDescongelamiento autom\u00e1tico tras parada del compresor<br \/>\nSistema de evaporaci\u00f3n de agua condensada a traves de gas caliente<br \/>\nEspuma en ciclopentano (45 mm de espesor en cada lado)<br \/>\nTermostato digital<br \/>\nHumedad regulable en el punto porcentual (ajustable de 50%-80%)<br \/>\nDoble cristal templado de seguridad con baja emisi\u00f3n (cristales de baja emisividad)<br \/>\nMarco de puerta de acero inoxidable (Climatizado) con manilla cil\u00edndrica<br \/>\nJunta extra\u00edble<br \/>\nLuz LED (Color rosa) y cerradura de serie<br \/>\nL\u00e1mpara germicida UVC<br \/>\nEstantes cromados ajustables: 3 Piezas + Barra para colgar carne y 3 ganchos<br \/>\nN. 4 pies ajustables<br \/>\nClase de energ\u00eda: &#8211;<\/p>\n","protected":false},"excerpt":{"rendered":"<p>El modelo QM 368 ha sido dise\u00f1ado para ser un enfriador de bebidas moderno, fiable y vers\u00e1til. Ideal para exponer y madurar la carne a la temperatura adecuada. Adem\u00e1s, se puede personalizar con mensajes promocionales. Con una capacidad de 293L, est\u00e1 acabado en acero inoxidable cepillado en el exterior y con acabado de acero inoxidable espejo en el interior. Este producto est\u00e1 equipado con un marco de puerta de acero inoxidable con manilla cil\u00edndrica, termostato digital, 3 estantes cromados ajustables, una barra para colgar carne con 3 ganchos, luces LED internas verticales dobles (color rosa), puerta de cierre autom\u00e1tico y cerradura de serie.<\/p>\n","protected":false},"featured_media":3880888,"template":"","meta":[],"product_brand":[],"product_cat":[7757,7759],"product_tag":[],"class_list":{"0":"post-3195910","1":"product","2":"type-product","3":"status-publish","4":"has-post-thumbnail","6":"product_cat-inox-es","7":"product_cat-armarios-verticales","8":"pa_capacite-commerciale-293-l","9":"pa_consommation-denergie-1-75-kw-24h","10":"pa_hauteur-exterieure-1820-mm","11":"pa_hauteur-interieure-1490-mm","12":"pa_largeur-exterieure-600-mm","13":"pa_largeur-interne-508-mm","14":"pa_niveau-sonore-50-dba","15":"pa_poids-brut-95-kg","16":"pa_poids-net-86-kg","17":"pa_profondeur-externe-558-mm","18":"pa_profondeur-interne-368-mm","19":"pa_puissance-230-w","21":"first","22":"instock","23":"product-type-simple"},"acf":[],"yoast_head":"<!-- This site is optimized with the Yoast SEO plugin v27.2 - https:\/\/yoast.com\/product\/yoast-seo-wordpress\/ -->\n<title>QM 368 - Cool Head Europe<\/title>\n<meta name=\"robots\" content=\"index, follow, max-snippet:-1, max-image-preview:large, max-video-preview:-1\" \/>\n<link rel=\"canonical\" href=\"https:\/\/www.coolheadeurope.com\/prodotto\/inox\/armadi\/qm-368\/\" \/>\n<meta property=\"og:locale\" content=\"es_ES\" \/>\n<meta property=\"og:type\" content=\"article\" \/>\n<meta property=\"og:title\" content=\"QM 368 - Cool Head Europe\" \/>\n<meta property=\"og:description\" content=\"El modelo QM 368 ha sido dise\u00f1ado para ser un enfriador de bebidas moderno, fiable y vers\u00e1til. Ideal para exponer y madurar la carne a la temperatura adecuada. Adem\u00e1s, se puede personalizar con mensajes promocionales. Con una capacidad de 293L, est\u00e1 acabado en acero inoxidable cepillado en el exterior y con acabado de acero inoxidable espejo en el interior. Este producto est\u00e1 equipado con un marco de puerta de acero inoxidable con manilla cil\u00edndrica, termostato digital, 3 estantes cromados ajustables, una barra para colgar carne con 3 ganchos, luces LED internas verticales dobles (color rosa), puerta de cierre autom\u00e1tico y cerradura de serie.\" \/>\n<meta property=\"og:url\" content=\"https:\/\/www.coolheadeurope.com\/prodotto\/inox\/armadi\/qm-368\/\" \/>\n<meta property=\"og:site_name\" content=\"Cool Head Europe\" \/>\n<meta property=\"article:modified_time\" content=\"2026-04-04T20:32:10+00:00\" \/>\n<meta property=\"og:image\" content=\"https:\/\/www.coolheadeurope.com\/wp-content\/uploads\/2026\/04\/QM-368-CORPO_CH_LOW.png\" \/>\n\t<meta property=\"og:image:width\" content=\"259\" \/>\n\t<meta property=\"og:image:height\" content=\"567\" \/>\n\t<meta property=\"og:image:type\" content=\"image\/png\" \/>\n<meta name=\"twitter:card\" content=\"summary_large_image\" \/>\n<meta name=\"twitter:label1\" content=\"Tiempo de lectura\" \/>\n\t<meta name=\"twitter:data1\" content=\"1 minuto\" \/>\n<!-- \/ Yoast SEO plugin. -->","yoast_head_json":{"title":"QM 368 - Cool Head Europe","robots":{"index":"index","follow":"follow","max-snippet":"max-snippet:-1","max-image-preview":"max-image-preview:large","max-video-preview":"max-video-preview:-1"},"canonical":"https:\/\/www.coolheadeurope.com\/prodotto\/inox\/armadi\/qm-368\/","og_locale":"es_ES","og_type":"article","og_title":"QM 368 - Cool Head Europe","og_description":"El modelo QM 368 ha sido dise\u00f1ado para ser un enfriador de bebidas moderno, fiable y vers\u00e1til. Ideal para exponer y madurar la carne a la temperatura adecuada. Adem\u00e1s, se puede personalizar con mensajes promocionales. Con una capacidad de 293L, est\u00e1 acabado en acero inoxidable cepillado en el exterior y con acabado de acero inoxidable espejo en el interior. Este producto est\u00e1 equipado con un marco de puerta de acero inoxidable con manilla cil\u00edndrica, termostato digital, 3 estantes cromados ajustables, una barra para colgar carne con 3 ganchos, luces LED internas verticales dobles (color rosa), puerta de cierre autom\u00e1tico y cerradura de serie.","og_url":"https:\/\/www.coolheadeurope.com\/prodotto\/inox\/armadi\/qm-368\/","og_site_name":"Cool Head Europe","article_modified_time":"2026-04-04T20:32:10+00:00","og_image":[{"width":259,"height":567,"url":"https:\/\/www.coolheadeurope.com\/wp-content\/uploads\/2026\/04\/QM-368-CORPO_CH_LOW.png","type":"image\/png"}],"twitter_card":"summary_large_image","twitter_misc":{"Tiempo de lectura":"1 minuto"},"schema":{"@context":"https:\/\/schema.org","@graph":[{"@type":"WebPage","@id":"https:\/\/www.coolheadeurope.com\/prodotto\/inox\/armadi\/qm-368\/","url":"https:\/\/www.coolheadeurope.com\/prodotto\/inox\/armadi\/qm-368\/","name":"QM 368 - Cool Head Europe","isPartOf":{"@id":"https:\/\/www.coolheadeurope.com\/#website"},"primaryImageOfPage":{"@id":"https:\/\/www.coolheadeurope.com\/prodotto\/inox\/armadi\/qm-368\/#primaryimage"},"image":{"@id":"https:\/\/www.coolheadeurope.com\/prodotto\/inox\/armadi\/qm-368\/#primaryimage"},"thumbnailUrl":"https:\/\/www.coolheadeurope.com\/wp-content\/uploads\/2026\/04\/QM-368-CORPO_CH_LOW.png","datePublished":"2024-12-16T08:54:23+00:00","dateModified":"2026-04-04T20:32:10+00:00","breadcrumb":{"@id":"https:\/\/www.coolheadeurope.com\/prodotto\/inox\/armadi\/qm-368\/#breadcrumb"},"inLanguage":"es","potentialAction":[{"@type":"ReadAction","target":["https:\/\/www.coolheadeurope.com\/prodotto\/inox\/armadi\/qm-368\/"]}]},{"@type":"ImageObject","inLanguage":"es","@id":"https:\/\/www.coolheadeurope.com\/prodotto\/inox\/armadi\/qm-368\/#primaryimage","url":"https:\/\/www.coolheadeurope.com\/wp-content\/uploads\/2026\/04\/QM-368-CORPO_CH_LOW.png","contentUrl":"https:\/\/www.coolheadeurope.com\/wp-content\/uploads\/2026\/04\/QM-368-CORPO_CH_LOW.png","width":259,"height":567,"caption":"Immagine di QM 368"},{"@type":"BreadcrumbList","@id":"https:\/\/www.coolheadeurope.com\/prodotto\/inox\/armadi\/qm-368\/#breadcrumb","itemListElement":[{"@type":"ListItem","position":1,"name":"Home","item":"https:\/\/www.coolheadeurope.com\/es\/"},{"@type":"ListItem","position":2,"name":"Buscar","item":"https:\/\/www.coolheadeurope.com\/es\/buscar\/"},{"@type":"ListItem","position":3,"name":"QM 368"}]},{"@type":"WebSite","@id":"https:\/\/www.coolheadeurope.com\/#website","url":"https:\/\/www.coolheadeurope.com\/","name":"Cool Head Europe","description":"We make the world a cooler place","potentialAction":[{"@type":"SearchAction","target":{"@type":"EntryPoint","urlTemplate":"https:\/\/www.coolheadeurope.com\/?s={search_term_string}"},"query-input":{"@type":"PropertyValueSpecification","valueRequired":true,"valueName":"search_term_string"}}],"inLanguage":"es"}]}},"_links":{"self":[{"href":"https:\/\/www.coolheadeurope.com\/es\/wp-json\/wp\/v2\/product\/3195910","targetHints":{"allow":["GET"]}}],"collection":[{"href":"https:\/\/www.coolheadeurope.com\/es\/wp-json\/wp\/v2\/product"}],"about":[{"href":"https:\/\/www.coolheadeurope.com\/es\/wp-json\/wp\/v2\/types\/product"}],"wp:featuredmedia":[{"embeddable":true,"href":"https:\/\/www.coolheadeurope.com\/es\/wp-json\/wp\/v2\/media\/3880888"}],"wp:attachment":[{"href":"https:\/\/www.coolheadeurope.com\/es\/wp-json\/wp\/v2\/media?parent=3195910"}],"wp:term":[{"taxonomy":"product_brand","embeddable":true,"href":"https:\/\/www.coolheadeurope.com\/es\/wp-json\/wp\/v2\/product_brand?post=3195910"},{"taxonomy":"product_cat","embeddable":true,"href":"https:\/\/www.coolheadeurope.com\/es\/wp-json\/wp\/v2\/product_cat?post=3195910"},{"taxonomy":"product_tag","embeddable":true,"href":"https:\/\/www.coolheadeurope.com\/es\/wp-json\/wp\/v2\/product_tag?post=3195910"}],"curies":[{"name":"wp","href":"https:\/\/api.w.org\/{rel}","templated":true}]}}