{"id":3195929,"date":"2024-12-16T09:48:30","date_gmt":"2024-12-16T09:48:30","guid":{"rendered":"https:\/\/www.coolheadeurope.com\/prodotto\/sin%20categor\u00eda\/qn-4200\/"},"modified":"2026-04-04T20:32:14","modified_gmt":"2026-04-04T20:32:14","slug":"qn-4200","status":"publish","type":"product","link":"https:\/\/www.coolheadeurope.com\/es\/prodotto\/inox-es\/mesas-frias\/qn-4200\/","title":{"rendered":"QN 4200"},"content":{"rendered":"<p>Tabla de congelador GN1\/1<br \/>\nCuerpo externo e interno en acero inoxidable<br \/>\nRefrigeraci\u00f3n ventilada con sistema Monoblock<br \/>\nDescongelamiento autom\u00e1tico con resistencia el\u00e9ctrica<br \/>\nEspuma en ciclopentano (60 mm de espesor en cada lado)<br \/>\nEvaporador con tratamiento anticorrosi\u00f3n<br \/>\nTermostato digital<br \/>\nJunta extra\u00edble<br \/>\nPuerta de cierre autom\u00e1tico (No reversible)<br \/>\nEstantes ajustables GN1\/1: 8 (N.2 por puerta )<br \/>\nN. 6 pies de acero ajustables &#8211; (Ruedas con freno opcional)<br \/>\nPeto (100 mm)<br \/>\nClase de energ\u00eda: D<\/p>\n","protected":false},"excerpt":{"rendered":"<p>Con un aspecto moderno, un nuevo dise\u00f1o de puertas, bordes redondeados en la parte superior, salpicadero de 100mm y una pantalla digital, el modelo QN 4200 es la combinaci\u00f3n perfecta de eficacia y fiabilidad. Tiene 700 mm de profundidad, 4 puertas y 2 estantes ajustables GN1\/1 en cada puerta. Se ha dise\u00f1ado teniendo en cuenta la sostenibilidad medioambiental, y est\u00e1 equipado con gas natural R290, espuma aislante de 60 mm en cada lado, puertas con gofrado interior para una mejor estanqueidad y una puerta de cierre autom\u00e1tico para evitar el desperdicio de energ\u00eda. Para completar la lista de caracter\u00edsticas de alta gama, viene con pies ajustables en altura (de 145mm a 185mm) y un motor con sistema de cassette para el mejor servicio post-venta.<\/p>\n","protected":false},"featured_media":3701596,"template":"","meta":[],"product_brand":[],"product_cat":[7757,7760],"product_tag":[],"class_list":{"0":"post-3195929","1":"product","2":"type-product","3":"status-publish","4":"has-post-thumbnail","6":"product_cat-inox-es","7":"product_cat-mesas-frias","8":"pa_capacite-commerciale-570-l","9":"pa_consommation-denergie-7-759-kw-24h","10":"pa_hauteur-exterieure-950-mm","11":"pa_hauteur-interieure-585-mm","12":"pa_largeur-exterieure-2250-mm","13":"pa_largeur-interne-1830-mm","14":"pa_niveau-sonore-50-dba","15":"pa_poids-brut-213-kg","16":"pa_poids-net-175-kg","17":"pa_profondeur-externe-700-mm","18":"pa_profondeur-interne-585-mm","19":"pa_puissance-670-w","21":"first","22":"instock","23":"product-type-simple"},"acf":[],"yoast_head":"<!-- This site is optimized with the Yoast SEO plugin v27.2 - https:\/\/yoast.com\/product\/yoast-seo-wordpress\/ -->\n<title>QN 4200 - Cool Head Europe<\/title>\n<meta name=\"robots\" content=\"index, follow, max-snippet:-1, max-image-preview:large, max-video-preview:-1\" \/>\n<link rel=\"canonical\" href=\"https:\/\/www.coolheadeurope.com\/prodotto\/inox\/tavoli\/qn-4200\/\" \/>\n<meta property=\"og:locale\" content=\"es_ES\" \/>\n<meta property=\"og:type\" content=\"article\" \/>\n<meta property=\"og:title\" content=\"QN 4200 - Cool Head Europe\" \/>\n<meta property=\"og:description\" content=\"Con un aspecto moderno, un nuevo dise\u00f1o de puertas, bordes redondeados en la parte superior, salpicadero de 100mm y una pantalla digital, el modelo QN 4200 es la combinaci\u00f3n perfecta de eficacia y fiabilidad. Tiene 700 mm de profundidad, 4 puertas y 2 estantes ajustables GN1\/1 en cada puerta. Se ha dise\u00f1ado teniendo en cuenta la sostenibilidad medioambiental, y est\u00e1 equipado con gas natural R290, espuma aislante de 60 mm en cada lado, puertas con gofrado interior para una mejor estanqueidad y una puerta de cierre autom\u00e1tico para evitar el desperdicio de energ\u00eda. Para completar la lista de caracter\u00edsticas de alta gama, viene con pies ajustables en altura (de 145mm a 185mm) y un motor con sistema de cassette para el mejor servicio post-venta.\" \/>\n<meta property=\"og:url\" content=\"https:\/\/www.coolheadeurope.com\/prodotto\/inox\/tavoli\/qn-4200\/\" \/>\n<meta property=\"og:site_name\" content=\"Cool Head Europe\" \/>\n<meta property=\"article:modified_time\" content=\"2026-04-04T20:32:14+00:00\" \/>\n<meta property=\"og:image\" content=\"https:\/\/www.coolheadeurope.com\/wp-content\/uploads\/2026\/02\/QN-4200-CORPO_CH_LOW.png\" \/>\n\t<meta property=\"og:image:width\" content=\"567\" \/>\n\t<meta property=\"og:image:height\" content=\"296\" \/>\n\t<meta property=\"og:image:type\" content=\"image\/png\" \/>\n<meta name=\"twitter:card\" content=\"summary_large_image\" \/>\n<!-- \/ Yoast SEO plugin. -->","yoast_head_json":{"title":"QN 4200 - Cool Head Europe","robots":{"index":"index","follow":"follow","max-snippet":"max-snippet:-1","max-image-preview":"max-image-preview:large","max-video-preview":"max-video-preview:-1"},"canonical":"https:\/\/www.coolheadeurope.com\/prodotto\/inox\/tavoli\/qn-4200\/","og_locale":"es_ES","og_type":"article","og_title":"QN 4200 - Cool Head Europe","og_description":"Con un aspecto moderno, un nuevo dise\u00f1o de puertas, bordes redondeados en la parte superior, salpicadero de 100mm y una pantalla digital, el modelo QN 4200 es la combinaci\u00f3n perfecta de eficacia y fiabilidad. Tiene 700 mm de profundidad, 4 puertas y 2 estantes ajustables GN1\/1 en cada puerta. Se ha dise\u00f1ado teniendo en cuenta la sostenibilidad medioambiental, y est\u00e1 equipado con gas natural R290, espuma aislante de 60 mm en cada lado, puertas con gofrado interior para una mejor estanqueidad y una puerta de cierre autom\u00e1tico para evitar el desperdicio de energ\u00eda. Para completar la lista de caracter\u00edsticas de alta gama, viene con pies ajustables en altura (de 145mm a 185mm) y un motor con sistema de cassette para el mejor servicio post-venta.","og_url":"https:\/\/www.coolheadeurope.com\/prodotto\/inox\/tavoli\/qn-4200\/","og_site_name":"Cool Head Europe","article_modified_time":"2026-04-04T20:32:14+00:00","og_image":[{"width":567,"height":296,"url":"https:\/\/www.coolheadeurope.com\/wp-content\/uploads\/2026\/02\/QN-4200-CORPO_CH_LOW.png","type":"image\/png"}],"twitter_card":"summary_large_image","schema":{"@context":"https:\/\/schema.org","@graph":[{"@type":"WebPage","@id":"https:\/\/www.coolheadeurope.com\/prodotto\/inox\/tavoli\/qn-4200\/","url":"https:\/\/www.coolheadeurope.com\/prodotto\/inox\/tavoli\/qn-4200\/","name":"QN 4200 - Cool Head Europe","isPartOf":{"@id":"https:\/\/www.coolheadeurope.com\/#website"},"primaryImageOfPage":{"@id":"https:\/\/www.coolheadeurope.com\/prodotto\/inox\/tavoli\/qn-4200\/#primaryimage"},"image":{"@id":"https:\/\/www.coolheadeurope.com\/prodotto\/inox\/tavoli\/qn-4200\/#primaryimage"},"thumbnailUrl":"https:\/\/www.coolheadeurope.com\/wp-content\/uploads\/2026\/04\/QN-4200-CORPO_CH_LOW-14.png","datePublished":"2024-12-16T09:48:30+00:00","dateModified":"2026-04-04T20:32:14+00:00","breadcrumb":{"@id":"https:\/\/www.coolheadeurope.com\/prodotto\/inox\/tavoli\/qn-4200\/#breadcrumb"},"inLanguage":"es","potentialAction":[{"@type":"ReadAction","target":["https:\/\/www.coolheadeurope.com\/prodotto\/inox\/tavoli\/qn-4200\/"]}]},{"@type":"ImageObject","inLanguage":"es","@id":"https:\/\/www.coolheadeurope.com\/prodotto\/inox\/tavoli\/qn-4200\/#primaryimage","url":"https:\/\/www.coolheadeurope.com\/wp-content\/uploads\/2026\/04\/QN-4200-CORPO_CH_LOW-14.png","contentUrl":"https:\/\/www.coolheadeurope.com\/wp-content\/uploads\/2026\/04\/QN-4200-CORPO_CH_LOW-14.png","width":567,"height":296,"caption":"Immagine di QN 4200"},{"@type":"BreadcrumbList","@id":"https:\/\/www.coolheadeurope.com\/prodotto\/inox\/tavoli\/qn-4200\/#breadcrumb","itemListElement":[{"@type":"ListItem","position":1,"name":"Home","item":"https:\/\/www.coolheadeurope.com\/es\/"},{"@type":"ListItem","position":2,"name":"Buscar","item":"https:\/\/www.coolheadeurope.com\/es\/buscar\/"},{"@type":"ListItem","position":3,"name":"QN 4200"}]},{"@type":"WebSite","@id":"https:\/\/www.coolheadeurope.com\/#website","url":"https:\/\/www.coolheadeurope.com\/","name":"Cool Head Europe","description":"We make the world a cooler place","potentialAction":[{"@type":"SearchAction","target":{"@type":"EntryPoint","urlTemplate":"https:\/\/www.coolheadeurope.com\/?s={search_term_string}"},"query-input":{"@type":"PropertyValueSpecification","valueRequired":true,"valueName":"search_term_string"}}],"inLanguage":"es"}]}},"_links":{"self":[{"href":"https:\/\/www.coolheadeurope.com\/es\/wp-json\/wp\/v2\/product\/3195929","targetHints":{"allow":["GET"]}}],"collection":[{"href":"https:\/\/www.coolheadeurope.com\/es\/wp-json\/wp\/v2\/product"}],"about":[{"href":"https:\/\/www.coolheadeurope.com\/es\/wp-json\/wp\/v2\/types\/product"}],"wp:featuredmedia":[{"embeddable":true,"href":"https:\/\/www.coolheadeurope.com\/es\/wp-json\/wp\/v2\/media\/3701596"}],"wp:attachment":[{"href":"https:\/\/www.coolheadeurope.com\/es\/wp-json\/wp\/v2\/media?parent=3195929"}],"wp:term":[{"taxonomy":"product_brand","embeddable":true,"href":"https:\/\/www.coolheadeurope.com\/es\/wp-json\/wp\/v2\/product_brand?post=3195929"},{"taxonomy":"product_cat","embeddable":true,"href":"https:\/\/www.coolheadeurope.com\/es\/wp-json\/wp\/v2\/product_cat?post=3195929"},{"taxonomy":"product_tag","embeddable":true,"href":"https:\/\/www.coolheadeurope.com\/es\/wp-json\/wp\/v2\/product_tag?post=3195929"}],"curies":[{"name":"wp","href":"https:\/\/api.w.org\/{rel}","templated":true}]}}