{"id":3195935,"date":"2024-12-16T10:36:38","date_gmt":"2024-12-16T10:36:38","guid":{"rendered":"https:\/\/www.coolheadeurope.com\/prodotto\/sin%20categor\u00eda\/qr-4200sg\/"},"modified":"2026-04-04T20:32:15","modified_gmt":"2026-04-04T20:32:15","slug":"qr-4200sg","status":"publish","type":"product","link":"https:\/\/www.coolheadeurope.com\/es\/prodotto\/inox-es\/mesas-frias\/qr-4200sg\/","title":{"rendered":"QR 4200SG"},"content":{"rendered":"<p>Mostrador refrigerado GN1\/1 (CONTROL REMOTO)<br \/>\nCuerpo externo e interno en acero inoxidable<br \/>\nRefrigeraci\u00f3n ventilada<br \/>\nDescongelamiento autom\u00e1tico con resistencia el\u00e9ctrica<br \/>\nEspuma en ciclopentano (70 mm de espesor en cada lado)<br \/>\nTermostato digital<br \/>\nC\u00e1mara con marco de pl\u00e1stico aislante anticondensaci\u00f3n (Sistema de tuber\u00eda caliente)<br \/>\nPuerta de cierre autom\u00e1tico y reversible<br \/>\nJunta extra\u00edble<br \/>\nEvaporador con tratamiento anticorrosi\u00f3n<br \/>\nEstantes ajustables GN1\/1: 8 (N.2 por puerta )<br \/>\nN. 6 pies de acero ajustables &#8211; (Ruedas con freno opcional)<br \/>\nV\u00e1lvula de expansi\u00f3n\/ Kit de v\u00e1lvula solenoide (opcional) : Gas R134a<br \/>\nPeto (100 mm)<br \/>\nClase de energ\u00eda: &#8211;<\/p>\n","protected":false},"excerpt":{"rendered":"<p>Con un aspecto moderno, un nuevo dise\u00f1o de puertas, bordes redondeados en la parte superior y una pantalla digital, este modelo est\u00e1 predispuesto para la instalaci\u00f3n del motor remoto (no incluido). El modelo QR 4200SG la combinaci\u00f3n perfecta de eficiencia y fiabilidad. Tiene 700 mm de profundidad, 4 puertas o cajones disponibles opcionalmente y un salpicadero de 100 mm, 2 estantes ajustables GN1\/1 en cada puerta, y atenci\u00f3n a la sostenibilidad medioambiental, con espumado aislante de 60 mm en cada lado, puertas con gofrado interior para una mejor estanqueidad y una puerta de cierre autom\u00e1tico para evitar el desperdicio de energ\u00eda. Para completar la lista de caracter\u00edsticas de gama alta, termostato digital y pies regulables en altura (de 85mm a 135mm).<\/p>\n","protected":false},"featured_media":3706625,"template":"","meta":[],"product_brand":[],"product_cat":[7757,7760],"product_tag":[],"class_list":{"0":"post-3195935","1":"product","2":"type-product","3":"status-publish","4":"has-post-thumbnail","6":"product_cat-inox-es","7":"product_cat-mesas-frias","8":"pa_capacite-commerciale-410-l","9":"pa_consommation-denergie-n-a-kw-24h","10":"pa_hauteur-exterieure-950-mm","11":"pa_hauteur-interieure-605-mm","12":"pa_largeur-exterieure-2255-mm","13":"pa_largeur-interne-1675-mm","14":"pa_niveau-sonore-n-a","15":"pa_poids-brut-192-kg","16":"pa_poids-net-154-kg","17":"pa_profondeur-externe-700-mm","18":"pa_profondeur-interne-560-mm","19":"pa_puissance-440-w","21":"first","22":"instock","23":"product-type-simple"},"acf":[],"yoast_head":"<!-- This site is optimized with the Yoast SEO plugin v27.2 - https:\/\/yoast.com\/product\/yoast-seo-wordpress\/ -->\n<title>QR 4200SG - Cool Head Europe<\/title>\n<meta name=\"robots\" content=\"index, follow, max-snippet:-1, max-image-preview:large, max-video-preview:-1\" \/>\n<link rel=\"canonical\" href=\"https:\/\/www.coolheadeurope.com\/es\/prodotto\/inox-es\/mesas-frias\/qr-4200sg\/\" \/>\n<meta property=\"og:locale\" content=\"es_ES\" \/>\n<meta property=\"og:type\" content=\"article\" \/>\n<meta property=\"og:title\" content=\"QR 4200SG - Cool Head Europe\" \/>\n<meta property=\"og:description\" content=\"Con un aspecto moderno, un nuevo dise\u00f1o de puertas, bordes redondeados en la parte superior y una pantalla digital, este modelo est\u00e1 predispuesto para la instalaci\u00f3n del motor remoto (no incluido). El modelo QR 4200SG la combinaci\u00f3n perfecta de eficiencia y fiabilidad. Tiene 700 mm de profundidad, 4 puertas o cajones disponibles opcionalmente y un salpicadero de 100 mm, 2 estantes ajustables GN1\/1 en cada puerta, y atenci\u00f3n a la sostenibilidad medioambiental, con espumado aislante de 60 mm en cada lado, puertas con gofrado interior para una mejor estanqueidad y una puerta de cierre autom\u00e1tico para evitar el desperdicio de energ\u00eda. Para completar la lista de caracter\u00edsticas de gama alta, termostato digital y pies regulables en altura (de 85mm a 135mm).\" \/>\n<meta property=\"og:url\" content=\"https:\/\/www.coolheadeurope.com\/es\/prodotto\/inox-es\/mesas-frias\/qr-4200sg\/\" \/>\n<meta property=\"og:site_name\" content=\"Cool Head Europe\" \/>\n<meta property=\"article:modified_time\" content=\"2026-04-04T20:32:15+00:00\" \/>\n<meta property=\"og:image\" content=\"https:\/\/www.coolheadeurope.com\/wp-content\/uploads\/2026\/04\/QR-4200SG-CORPO_CH_LOW.png\" \/>\n\t<meta property=\"og:image:width\" content=\"567\" \/>\n\t<meta property=\"og:image:height\" content=\"298\" \/>\n\t<meta property=\"og:image:type\" content=\"image\/png\" \/>\n<meta name=\"twitter:card\" content=\"summary_large_image\" \/>\n<!-- \/ Yoast SEO plugin. -->","yoast_head_json":{"title":"QR 4200SG - Cool Head Europe","robots":{"index":"index","follow":"follow","max-snippet":"max-snippet:-1","max-image-preview":"max-image-preview:large","max-video-preview":"max-video-preview:-1"},"canonical":"https:\/\/www.coolheadeurope.com\/es\/prodotto\/inox-es\/mesas-frias\/qr-4200sg\/","og_locale":"es_ES","og_type":"article","og_title":"QR 4200SG - Cool Head Europe","og_description":"Con un aspecto moderno, un nuevo dise\u00f1o de puertas, bordes redondeados en la parte superior y una pantalla digital, este modelo est\u00e1 predispuesto para la instalaci\u00f3n del motor remoto (no incluido). El modelo QR 4200SG la combinaci\u00f3n perfecta de eficiencia y fiabilidad. Tiene 700 mm de profundidad, 4 puertas o cajones disponibles opcionalmente y un salpicadero de 100 mm, 2 estantes ajustables GN1\/1 en cada puerta, y atenci\u00f3n a la sostenibilidad medioambiental, con espumado aislante de 60 mm en cada lado, puertas con gofrado interior para una mejor estanqueidad y una puerta de cierre autom\u00e1tico para evitar el desperdicio de energ\u00eda. Para completar la lista de caracter\u00edsticas de gama alta, termostato digital y pies regulables en altura (de 85mm a 135mm).","og_url":"https:\/\/www.coolheadeurope.com\/es\/prodotto\/inox-es\/mesas-frias\/qr-4200sg\/","og_site_name":"Cool Head Europe","article_modified_time":"2026-04-04T20:32:15+00:00","og_image":[{"width":567,"height":298,"url":"https:\/\/www.coolheadeurope.com\/wp-content\/uploads\/2026\/04\/QR-4200SG-CORPO_CH_LOW.png","type":"image\/png"}],"twitter_card":"summary_large_image","schema":{"@context":"https:\/\/schema.org","@graph":[{"@type":"WebPage","@id":"https:\/\/www.coolheadeurope.com\/es\/prodotto\/inox-es\/mesas-frias\/qr-4200sg\/","url":"https:\/\/www.coolheadeurope.com\/es\/prodotto\/inox-es\/mesas-frias\/qr-4200sg\/","name":"QR 4200SG - Cool Head Europe","isPartOf":{"@id":"https:\/\/www.coolheadeurope.com\/#website"},"primaryImageOfPage":{"@id":"https:\/\/www.coolheadeurope.com\/es\/prodotto\/inox-es\/mesas-frias\/qr-4200sg\/#primaryimage"},"image":{"@id":"https:\/\/www.coolheadeurope.com\/es\/prodotto\/inox-es\/mesas-frias\/qr-4200sg\/#primaryimage"},"thumbnailUrl":"https:\/\/www.coolheadeurope.com\/wp-content\/uploads\/2026\/04\/QR-4200SG-CORPO_CH_LOW.png","datePublished":"2024-12-16T10:36:38+00:00","dateModified":"2026-04-04T20:32:15+00:00","breadcrumb":{"@id":"https:\/\/www.coolheadeurope.com\/es\/prodotto\/inox-es\/mesas-frias\/qr-4200sg\/#breadcrumb"},"inLanguage":"es","potentialAction":[{"@type":"ReadAction","target":["https:\/\/www.coolheadeurope.com\/es\/prodotto\/inox-es\/mesas-frias\/qr-4200sg\/"]}]},{"@type":"ImageObject","inLanguage":"es","@id":"https:\/\/www.coolheadeurope.com\/es\/prodotto\/inox-es\/mesas-frias\/qr-4200sg\/#primaryimage","url":"https:\/\/www.coolheadeurope.com\/wp-content\/uploads\/2026\/04\/QR-4200SG-CORPO_CH_LOW.png","contentUrl":"https:\/\/www.coolheadeurope.com\/wp-content\/uploads\/2026\/04\/QR-4200SG-CORPO_CH_LOW.png","width":567,"height":298,"caption":"Immagine di QR 4200SG"},{"@type":"BreadcrumbList","@id":"https:\/\/www.coolheadeurope.com\/es\/prodotto\/inox-es\/mesas-frias\/qr-4200sg\/#breadcrumb","itemListElement":[{"@type":"ListItem","position":1,"name":"Home","item":"https:\/\/www.coolheadeurope.com\/es\/"},{"@type":"ListItem","position":2,"name":"Buscar","item":"https:\/\/www.coolheadeurope.com\/es\/buscar\/"},{"@type":"ListItem","position":3,"name":"QR 4200SG"}]},{"@type":"WebSite","@id":"https:\/\/www.coolheadeurope.com\/#website","url":"https:\/\/www.coolheadeurope.com\/","name":"Cool Head Europe","description":"We make the world a cooler place","potentialAction":[{"@type":"SearchAction","target":{"@type":"EntryPoint","urlTemplate":"https:\/\/www.coolheadeurope.com\/?s={search_term_string}"},"query-input":{"@type":"PropertyValueSpecification","valueRequired":true,"valueName":"search_term_string"}}],"inLanguage":"es"}]}},"_links":{"self":[{"href":"https:\/\/www.coolheadeurope.com\/es\/wp-json\/wp\/v2\/product\/3195935","targetHints":{"allow":["GET"]}}],"collection":[{"href":"https:\/\/www.coolheadeurope.com\/es\/wp-json\/wp\/v2\/product"}],"about":[{"href":"https:\/\/www.coolheadeurope.com\/es\/wp-json\/wp\/v2\/types\/product"}],"wp:featuredmedia":[{"embeddable":true,"href":"https:\/\/www.coolheadeurope.com\/es\/wp-json\/wp\/v2\/media\/3706625"}],"wp:attachment":[{"href":"https:\/\/www.coolheadeurope.com\/es\/wp-json\/wp\/v2\/media?parent=3195935"}],"wp:term":[{"taxonomy":"product_brand","embeddable":true,"href":"https:\/\/www.coolheadeurope.com\/es\/wp-json\/wp\/v2\/product_brand?post=3195935"},{"taxonomy":"product_cat","embeddable":true,"href":"https:\/\/www.coolheadeurope.com\/es\/wp-json\/wp\/v2\/product_cat?post=3195935"},{"taxonomy":"product_tag","embeddable":true,"href":"https:\/\/www.coolheadeurope.com\/es\/wp-json\/wp\/v2\/product_tag?post=3195935"}],"curies":[{"name":"wp","href":"https:\/\/api.w.org\/{rel}","templated":true}]}}