{"id":3195948,"date":"2024-12-16T10:59:28","date_gmt":"2024-12-16T10:59:28","guid":{"rendered":"https:\/\/www.coolheadeurope.com\/prodotto\/sin%20categor\u00eda\/u-gn-2140\/"},"modified":"2026-04-04T20:32:18","modified_gmt":"2026-04-04T20:32:18","slug":"u-gn-2140","status":"publish","type":"product","link":"https:\/\/www.coolheadeurope.com\/es\/prodotto\/inox-es\/mesas-frias\/u-gn-2140\/","title":{"rendered":"U-GN 2140"},"content":{"rendered":"<p>Mostrador refrigerado GN1\/1<br \/>\nCuerpo externo e interno en acero inoxidable<br \/>\nRefrigeraci\u00f3n ventilada<br \/>\nEvaporador con tratamiento anticorrosi\u00f3n<br \/>\nDescongelamiento autom\u00e1tico con resistencia el\u00e9ctrica<br \/>\nEspuma en ciclopentano (60 mm de espesor en cada lado)<br \/>\nTermostato digital<br \/>\nInterruptor general separado<br \/>\nN.4 Cajones deslizantes GN1\/1 adecuados para bandejas de 100 mm de profundidad<br \/>\nJunta extra\u00edble<br \/>\nPerforaci\u00f3n en la placa inferior para facilitar la limpieza<br \/>\n4 pies de acero ajustables &#8211; (Ruedas con freno opcional)<br \/>\nClase de energ\u00eda: D<\/p>\n","protected":false},"excerpt":{"rendered":"<p>Dise\u00f1ado para crear una estaci\u00f3n de trabajo c\u00f3moda y eficiente, que permite almacenar alimentos frescos en la zona refrigerada de la parte inferior y cocinarlos con equipos independientes en la parte superior. El modelo U-GN 2140 es la combinaci\u00f3n perfecta de eficiencia y modularidad en una cocina profesional con 650mm de altura, 4 cajones deslizantes GN1\/1 aptos para ollas de 100mm de profundidad, termostato digital y pies regulables en altura (de 120mm a 180mm).<\/p>\n","protected":false},"featured_media":3706735,"template":"","meta":[],"product_brand":[],"product_cat":[7757,7760],"product_tag":[],"class_list":{"0":"post-3195948","1":"product","2":"type-product","3":"status-publish","4":"has-post-thumbnail","6":"product_cat-inox-es","7":"product_cat-mesas-frias","8":"pa_capacite-commerciale-181-l","9":"pa_consommation-denergie-3-kw-24h","10":"pa_hauteur-exterieure-650-mm","11":"pa_hauteur-interieure-345-mm","12":"pa_largeur-exterieure-1367-mm","13":"pa_largeur-interne-900-mm","14":"pa_niveau-sonore-42-dba","15":"pa_poids-brut-118-00-kg","16":"pa_poids-net-100-00-kg","17":"pa_profondeur-externe-700-mm","18":"pa_profondeur-interne-580-mm","19":"pa_puissance-282-w","21":"first","22":"instock","23":"product-type-simple"},"acf":[],"yoast_head":"<!-- This site is optimized with the Yoast SEO plugin v27.2 - https:\/\/yoast.com\/product\/yoast-seo-wordpress\/ -->\n<title>U-GN 2140 - Cool Head Europe<\/title>\n<meta name=\"robots\" content=\"index, follow, max-snippet:-1, max-image-preview:large, max-video-preview:-1\" \/>\n<link rel=\"canonical\" href=\"https:\/\/www.coolheadeurope.com\/es\/prodotto\/inox-es\/mesas-frias\/u-gn-2140\/\" \/>\n<meta property=\"og:locale\" content=\"es_ES\" \/>\n<meta property=\"og:type\" content=\"article\" \/>\n<meta property=\"og:title\" content=\"U-GN 2140 - Cool Head Europe\" \/>\n<meta property=\"og:description\" content=\"Dise\u00f1ado para crear una estaci\u00f3n de trabajo c\u00f3moda y eficiente, que permite almacenar alimentos frescos en la zona refrigerada de la parte inferior y cocinarlos con equipos independientes en la parte superior. El modelo U-GN 2140 es la combinaci\u00f3n perfecta de eficiencia y modularidad en una cocina profesional con 650mm de altura, 4 cajones deslizantes GN1\/1 aptos para ollas de 100mm de profundidad, termostato digital y pies regulables en altura (de 120mm a 180mm).\" \/>\n<meta property=\"og:url\" content=\"https:\/\/www.coolheadeurope.com\/es\/prodotto\/inox-es\/mesas-frias\/u-gn-2140\/\" \/>\n<meta property=\"og:site_name\" content=\"Cool Head Europe\" \/>\n<meta property=\"article:modified_time\" content=\"2026-04-04T20:32:18+00:00\" \/>\n<meta property=\"og:image\" content=\"https:\/\/www.coolheadeurope.com\/wp-content\/uploads\/2026\/04\/U-GN-2140-CORPO_CH_LOW-16.png\" \/>\n\t<meta property=\"og:image:width\" content=\"567\" \/>\n\t<meta property=\"og:image:height\" content=\"341\" \/>\n\t<meta property=\"og:image:type\" content=\"image\/png\" \/>\n<meta name=\"twitter:card\" content=\"summary_large_image\" \/>\n<!-- \/ Yoast SEO plugin. -->","yoast_head_json":{"title":"U-GN 2140 - Cool Head Europe","robots":{"index":"index","follow":"follow","max-snippet":"max-snippet:-1","max-image-preview":"max-image-preview:large","max-video-preview":"max-video-preview:-1"},"canonical":"https:\/\/www.coolheadeurope.com\/es\/prodotto\/inox-es\/mesas-frias\/u-gn-2140\/","og_locale":"es_ES","og_type":"article","og_title":"U-GN 2140 - Cool Head Europe","og_description":"Dise\u00f1ado para crear una estaci\u00f3n de trabajo c\u00f3moda y eficiente, que permite almacenar alimentos frescos en la zona refrigerada de la parte inferior y cocinarlos con equipos independientes en la parte superior. El modelo U-GN 2140 es la combinaci\u00f3n perfecta de eficiencia y modularidad en una cocina profesional con 650mm de altura, 4 cajones deslizantes GN1\/1 aptos para ollas de 100mm de profundidad, termostato digital y pies regulables en altura (de 120mm a 180mm).","og_url":"https:\/\/www.coolheadeurope.com\/es\/prodotto\/inox-es\/mesas-frias\/u-gn-2140\/","og_site_name":"Cool Head Europe","article_modified_time":"2026-04-04T20:32:18+00:00","og_image":[{"width":567,"height":341,"url":"https:\/\/www.coolheadeurope.com\/wp-content\/uploads\/2026\/04\/U-GN-2140-CORPO_CH_LOW-16.png","type":"image\/png"}],"twitter_card":"summary_large_image","schema":{"@context":"https:\/\/schema.org","@graph":[{"@type":"WebPage","@id":"https:\/\/www.coolheadeurope.com\/es\/prodotto\/inox-es\/mesas-frias\/u-gn-2140\/","url":"https:\/\/www.coolheadeurope.com\/es\/prodotto\/inox-es\/mesas-frias\/u-gn-2140\/","name":"U-GN 2140 - Cool Head Europe","isPartOf":{"@id":"https:\/\/www.coolheadeurope.com\/#website"},"primaryImageOfPage":{"@id":"https:\/\/www.coolheadeurope.com\/es\/prodotto\/inox-es\/mesas-frias\/u-gn-2140\/#primaryimage"},"image":{"@id":"https:\/\/www.coolheadeurope.com\/es\/prodotto\/inox-es\/mesas-frias\/u-gn-2140\/#primaryimage"},"thumbnailUrl":"https:\/\/www.coolheadeurope.com\/wp-content\/uploads\/2026\/04\/U-GN-2140-CORPO_CH_LOW-16.png","datePublished":"2024-12-16T10:59:28+00:00","dateModified":"2026-04-04T20:32:18+00:00","breadcrumb":{"@id":"https:\/\/www.coolheadeurope.com\/es\/prodotto\/inox-es\/mesas-frias\/u-gn-2140\/#breadcrumb"},"inLanguage":"es","potentialAction":[{"@type":"ReadAction","target":["https:\/\/www.coolheadeurope.com\/es\/prodotto\/inox-es\/mesas-frias\/u-gn-2140\/"]}]},{"@type":"ImageObject","inLanguage":"es","@id":"https:\/\/www.coolheadeurope.com\/es\/prodotto\/inox-es\/mesas-frias\/u-gn-2140\/#primaryimage","url":"https:\/\/www.coolheadeurope.com\/wp-content\/uploads\/2026\/04\/U-GN-2140-CORPO_CH_LOW-16.png","contentUrl":"https:\/\/www.coolheadeurope.com\/wp-content\/uploads\/2026\/04\/U-GN-2140-CORPO_CH_LOW-16.png","width":567,"height":341,"caption":"Immagine di U-GN 2140"},{"@type":"BreadcrumbList","@id":"https:\/\/www.coolheadeurope.com\/es\/prodotto\/inox-es\/mesas-frias\/u-gn-2140\/#breadcrumb","itemListElement":[{"@type":"ListItem","position":1,"name":"Home","item":"https:\/\/www.coolheadeurope.com\/es\/"},{"@type":"ListItem","position":2,"name":"Buscar","item":"https:\/\/www.coolheadeurope.com\/es\/buscar\/"},{"@type":"ListItem","position":3,"name":"U-GN 2140"}]},{"@type":"WebSite","@id":"https:\/\/www.coolheadeurope.com\/#website","url":"https:\/\/www.coolheadeurope.com\/","name":"Cool Head Europe","description":"We make the world a cooler place","potentialAction":[{"@type":"SearchAction","target":{"@type":"EntryPoint","urlTemplate":"https:\/\/www.coolheadeurope.com\/?s={search_term_string}"},"query-input":{"@type":"PropertyValueSpecification","valueRequired":true,"valueName":"search_term_string"}}],"inLanguage":"es"}]}},"_links":{"self":[{"href":"https:\/\/www.coolheadeurope.com\/es\/wp-json\/wp\/v2\/product\/3195948","targetHints":{"allow":["GET"]}}],"collection":[{"href":"https:\/\/www.coolheadeurope.com\/es\/wp-json\/wp\/v2\/product"}],"about":[{"href":"https:\/\/www.coolheadeurope.com\/es\/wp-json\/wp\/v2\/types\/product"}],"wp:featuredmedia":[{"embeddable":true,"href":"https:\/\/www.coolheadeurope.com\/es\/wp-json\/wp\/v2\/media\/3706735"}],"wp:attachment":[{"href":"https:\/\/www.coolheadeurope.com\/es\/wp-json\/wp\/v2\/media?parent=3195948"}],"wp:term":[{"taxonomy":"product_brand","embeddable":true,"href":"https:\/\/www.coolheadeurope.com\/es\/wp-json\/wp\/v2\/product_brand?post=3195948"},{"taxonomy":"product_cat","embeddable":true,"href":"https:\/\/www.coolheadeurope.com\/es\/wp-json\/wp\/v2\/product_cat?post=3195948"},{"taxonomy":"product_tag","embeddable":true,"href":"https:\/\/www.coolheadeurope.com\/es\/wp-json\/wp\/v2\/product_tag?post=3195948"}],"curies":[{"name":"wp","href":"https:\/\/api.w.org\/{rel}","templated":true}]}}