{"id":3195953,"date":"2024-12-16T11:10:43","date_gmt":"2024-12-16T11:10:43","guid":{"rendered":"https:\/\/www.coolheadeurope.com\/prodotto\/sin%20categor\u00eda\/dwt-92\/"},"modified":"2026-04-04T20:32:19","modified_gmt":"2026-04-04T20:32:19","slug":"dwt-92","status":"publish","type":"product","link":"https:\/\/www.coolheadeurope.com\/es\/prodotto\/inox-es\/cajones-de-temperatura-doble-es\/dwt-92\/","title":{"rendered":"DWT 92"},"content":{"rendered":"<p>Cajones dobles conmutables enfriador\/congelador (Ollas N.4 GN1\/1)<br \/>\nModelo de doble temperatura (F\u00e1cilmente conmutable entre enfriador y congelador)<br \/>\nCuerpo externo e interno en acero inoxidable<br \/>\nRefrigeraci\u00f3n ventilada<br \/>\nDescongelamiento autom\u00e1tico con resistencia el\u00e9ctrica<br \/>\nEvaporador con tratamiento anticorrosi\u00f3n<br \/>\nEspuma en ciclopentano (50 mm de espesor en cada lado)<br \/>\nTermostato digital<br \/>\nInterruptor principal retroiluminado (color blanco)<br \/>\nCompartimento del motor extra\u00edble  para un servicio posventa m\u00e1s sencillo<br \/>\nFiltro de condensador f\u00e1cilmente extra\u00edble<br \/>\nPanel frontal con ranuras para una mejor circulaci\u00f3n del aire<br \/>\nCajones deslizantes GN1\/1 adecuados para ollas de 150 mm de profundidad<br \/>\nJunta extra\u00edble<br \/>\n4 Ruedas (2 delanteras con freno)<br \/>\nClase de energ\u00eda: &#8211;<\/p>\n","protected":false},"excerpt":{"rendered":"<p>De aspecto limpio y esencial, este modelo con encimera de acero inoxidable, es perfecto para ahorrar espacio y ofrecer una estaci\u00f3n de trabajo refrigerada en cualquier cocina profesional. El DWT 92 es un ejemplo perfecto de eficiencia, modelo de doble temperatura (F\u00e1cilmente conmutable entre enfriador y congelador) cajones dobles deslizantes con gu\u00edas telesc\u00f3picas aptas para 4 ollas GN 1\/1 (no incluidas), un termostato digital, una sala de m\u00e1quinas en la parte inferior, un filtro condensador f\u00e1cilmente extra\u00edble para un mantenimiento y limpieza sin problemas y un motor deslizante que se extrae f\u00e1cilmente para un servicio post-venta manejable. Para completar la lista de caracter\u00edsticas de gama alta, viene con R290 ecol\u00f3gico y 4 ruedas giratorias para facilitar el posicionamiento.<\/p>\n","protected":false},"featured_media":3880961,"template":"","meta":[],"product_brand":[],"product_cat":[7757,7758],"product_tag":[],"class_list":{"0":"post-3195953","1":"product","2":"type-product","3":"status-publish","4":"has-post-thumbnail","6":"product_cat-inox-es","7":"product_cat-cajones-de-temperatura-doble-es","8":"pa_capacite-commerciale-179-l","9":"pa_consommation-denergie-4-4-13-kw-24h","10":"pa_hauteur-exterieure-870-mm","11":"pa_hauteur-interieure-150-mm","12":"pa_largeur-exterieure-905-mm","13":"pa_largeur-interne-626-mm","14":"pa_niveau-sonore-42-dba","15":"pa_poids-brut-136-kg","16":"pa_poids-net-121-kg","17":"pa_profondeur-externe-700-mm","18":"pa_profondeur-interne-520-mm","19":"pa_puissance-689-w","21":"first","22":"instock","23":"product-type-simple"},"acf":[],"yoast_head":"<!-- This site is optimized with the Yoast SEO plugin v27.2 - https:\/\/yoast.com\/product\/yoast-seo-wordpress\/ -->\n<title>DWT 92 - Cool Head Europe<\/title>\n<meta name=\"robots\" content=\"index, follow, max-snippet:-1, max-image-preview:large, max-video-preview:-1\" \/>\n<link rel=\"canonical\" href=\"https:\/\/www.coolheadeurope.com\/es\/prodotto\/inox-es\/cajones-de-temperatura-doble-es\/dwt-92\/\" \/>\n<meta property=\"og:locale\" content=\"es_ES\" \/>\n<meta property=\"og:type\" content=\"article\" \/>\n<meta property=\"og:title\" content=\"DWT 92 - Cool Head Europe\" \/>\n<meta property=\"og:description\" content=\"De aspecto limpio y esencial, este modelo con encimera de acero inoxidable, es perfecto para ahorrar espacio y ofrecer una estaci\u00f3n de trabajo refrigerada en cualquier cocina profesional. El DWT 92 es un ejemplo perfecto de eficiencia, modelo de doble temperatura (F\u00e1cilmente conmutable entre enfriador y congelador) cajones dobles deslizantes con gu\u00edas telesc\u00f3picas aptas para 4 ollas GN 1\/1 (no incluidas), un termostato digital, una sala de m\u00e1quinas en la parte inferior, un filtro condensador f\u00e1cilmente extra\u00edble para un mantenimiento y limpieza sin problemas y un motor deslizante que se extrae f\u00e1cilmente para un servicio post-venta manejable. Para completar la lista de caracter\u00edsticas de gama alta, viene con R290 ecol\u00f3gico y 4 ruedas giratorias para facilitar el posicionamiento.\" \/>\n<meta property=\"og:url\" content=\"https:\/\/www.coolheadeurope.com\/es\/prodotto\/inox-es\/cajones-de-temperatura-doble-es\/dwt-92\/\" \/>\n<meta property=\"og:site_name\" content=\"Cool Head Europe\" \/>\n<meta property=\"article:modified_time\" content=\"2026-04-04T20:32:19+00:00\" \/>\n<meta property=\"og:image\" content=\"https:\/\/www.coolheadeurope.com\/wp-content\/uploads\/2026\/04\/DWT-92-CORPO_CH_LOW.png\" \/>\n\t<meta property=\"og:image:width\" content=\"483\" \/>\n\t<meta property=\"og:image:height\" content=\"431\" \/>\n\t<meta property=\"og:image:type\" content=\"image\/png\" \/>\n<meta name=\"twitter:card\" content=\"summary_large_image\" \/>\n<meta name=\"twitter:label1\" content=\"Tiempo de lectura\" \/>\n\t<meta name=\"twitter:data1\" content=\"1 minuto\" \/>\n<!-- \/ Yoast SEO plugin. -->","yoast_head_json":{"title":"DWT 92 - Cool Head Europe","robots":{"index":"index","follow":"follow","max-snippet":"max-snippet:-1","max-image-preview":"max-image-preview:large","max-video-preview":"max-video-preview:-1"},"canonical":"https:\/\/www.coolheadeurope.com\/es\/prodotto\/inox-es\/cajones-de-temperatura-doble-es\/dwt-92\/","og_locale":"es_ES","og_type":"article","og_title":"DWT 92 - Cool Head Europe","og_description":"De aspecto limpio y esencial, este modelo con encimera de acero inoxidable, es perfecto para ahorrar espacio y ofrecer una estaci\u00f3n de trabajo refrigerada en cualquier cocina profesional. El DWT 92 es un ejemplo perfecto de eficiencia, modelo de doble temperatura (F\u00e1cilmente conmutable entre enfriador y congelador) cajones dobles deslizantes con gu\u00edas telesc\u00f3picas aptas para 4 ollas GN 1\/1 (no incluidas), un termostato digital, una sala de m\u00e1quinas en la parte inferior, un filtro condensador f\u00e1cilmente extra\u00edble para un mantenimiento y limpieza sin problemas y un motor deslizante que se extrae f\u00e1cilmente para un servicio post-venta manejable. Para completar la lista de caracter\u00edsticas de gama alta, viene con R290 ecol\u00f3gico y 4 ruedas giratorias para facilitar el posicionamiento.","og_url":"https:\/\/www.coolheadeurope.com\/es\/prodotto\/inox-es\/cajones-de-temperatura-doble-es\/dwt-92\/","og_site_name":"Cool Head Europe","article_modified_time":"2026-04-04T20:32:19+00:00","og_image":[{"width":483,"height":431,"url":"https:\/\/www.coolheadeurope.com\/wp-content\/uploads\/2026\/04\/DWT-92-CORPO_CH_LOW.png","type":"image\/png"}],"twitter_card":"summary_large_image","twitter_misc":{"Tiempo de lectura":"1 minuto"},"schema":{"@context":"https:\/\/schema.org","@graph":[{"@type":"WebPage","@id":"https:\/\/www.coolheadeurope.com\/es\/prodotto\/inox-es\/cajones-de-temperatura-doble-es\/dwt-92\/","url":"https:\/\/www.coolheadeurope.com\/es\/prodotto\/inox-es\/cajones-de-temperatura-doble-es\/dwt-92\/","name":"DWT 92 - Cool Head Europe","isPartOf":{"@id":"https:\/\/www.coolheadeurope.com\/#website"},"primaryImageOfPage":{"@id":"https:\/\/www.coolheadeurope.com\/es\/prodotto\/inox-es\/cajones-de-temperatura-doble-es\/dwt-92\/#primaryimage"},"image":{"@id":"https:\/\/www.coolheadeurope.com\/es\/prodotto\/inox-es\/cajones-de-temperatura-doble-es\/dwt-92\/#primaryimage"},"thumbnailUrl":"https:\/\/www.coolheadeurope.com\/wp-content\/uploads\/2026\/04\/DWT-92-CORPO_CH_LOW.png","datePublished":"2024-12-16T11:10:43+00:00","dateModified":"2026-04-04T20:32:19+00:00","breadcrumb":{"@id":"https:\/\/www.coolheadeurope.com\/es\/prodotto\/inox-es\/cajones-de-temperatura-doble-es\/dwt-92\/#breadcrumb"},"inLanguage":"es","potentialAction":[{"@type":"ReadAction","target":["https:\/\/www.coolheadeurope.com\/es\/prodotto\/inox-es\/cajones-de-temperatura-doble-es\/dwt-92\/"]}]},{"@type":"ImageObject","inLanguage":"es","@id":"https:\/\/www.coolheadeurope.com\/es\/prodotto\/inox-es\/cajones-de-temperatura-doble-es\/dwt-92\/#primaryimage","url":"https:\/\/www.coolheadeurope.com\/wp-content\/uploads\/2026\/04\/DWT-92-CORPO_CH_LOW.png","contentUrl":"https:\/\/www.coolheadeurope.com\/wp-content\/uploads\/2026\/04\/DWT-92-CORPO_CH_LOW.png","width":483,"height":431,"caption":"Immagine di DWT 92"},{"@type":"BreadcrumbList","@id":"https:\/\/www.coolheadeurope.com\/es\/prodotto\/inox-es\/cajones-de-temperatura-doble-es\/dwt-92\/#breadcrumb","itemListElement":[{"@type":"ListItem","position":1,"name":"Home","item":"https:\/\/www.coolheadeurope.com\/es\/"},{"@type":"ListItem","position":2,"name":"Buscar","item":"https:\/\/www.coolheadeurope.com\/es\/buscar\/"},{"@type":"ListItem","position":3,"name":"DWT 92"}]},{"@type":"WebSite","@id":"https:\/\/www.coolheadeurope.com\/#website","url":"https:\/\/www.coolheadeurope.com\/","name":"Cool Head Europe","description":"We make the world a cooler place","potentialAction":[{"@type":"SearchAction","target":{"@type":"EntryPoint","urlTemplate":"https:\/\/www.coolheadeurope.com\/?s={search_term_string}"},"query-input":{"@type":"PropertyValueSpecification","valueRequired":true,"valueName":"search_term_string"}}],"inLanguage":"es"}]}},"_links":{"self":[{"href":"https:\/\/www.coolheadeurope.com\/es\/wp-json\/wp\/v2\/product\/3195953","targetHints":{"allow":["GET"]}}],"collection":[{"href":"https:\/\/www.coolheadeurope.com\/es\/wp-json\/wp\/v2\/product"}],"about":[{"href":"https:\/\/www.coolheadeurope.com\/es\/wp-json\/wp\/v2\/types\/product"}],"wp:featuredmedia":[{"embeddable":true,"href":"https:\/\/www.coolheadeurope.com\/es\/wp-json\/wp\/v2\/media\/3880961"}],"wp:attachment":[{"href":"https:\/\/www.coolheadeurope.com\/es\/wp-json\/wp\/v2\/media?parent=3195953"}],"wp:term":[{"taxonomy":"product_brand","embeddable":true,"href":"https:\/\/www.coolheadeurope.com\/es\/wp-json\/wp\/v2\/product_brand?post=3195953"},{"taxonomy":"product_cat","embeddable":true,"href":"https:\/\/www.coolheadeurope.com\/es\/wp-json\/wp\/v2\/product_cat?post=3195953"},{"taxonomy":"product_tag","embeddable":true,"href":"https:\/\/www.coolheadeurope.com\/es\/wp-json\/wp\/v2\/product_tag?post=3195953"}],"curies":[{"name":"wp","href":"https:\/\/api.w.org\/{rel}","templated":true}]}}