{"id":3195973,"date":"2024-12-16T11:52:14","date_gmt":"2024-12-16T11:52:14","guid":{"rendered":"https:\/\/www.coolheadeurope.com\/prodotto\/sin%20categor\u00eda\/pa-2100\/"},"modified":"2026-04-04T20:32:24","modified_gmt":"2026-04-04T20:32:24","slug":"pa-2100-2","status":"publish","type":"product","link":"https:\/\/www.coolheadeurope.com\/es\/prodotto\/inox-es\/mesas-frias\/pa-2100-2\/","title":{"rendered":"PA 2100"},"content":{"rendered":"<p>Mostrador refrigerado EURONORM para bandejas 600x400mm<br \/>\nCuerpo externo e interno en acero inoxidable<br \/>\nRefrigeraci\u00f3n ventilada con sistema Monoblock<br \/>\nDescongelamiento autom\u00e1tico tras parada del compresor<br \/>\nEspuma en ciclopentano (60 mm de espesor en cada lado)<br \/>\nEvaporador con tratamiento anticorrosi\u00f3n<br \/>\nTermostato digital<br \/>\nJunta extra\u00edble<br \/>\nPuerta de cierre autom\u00e1tico (No reversible)<br \/>\nEstantes ajustables 600x400mm: 2 Pcs<br \/>\n4 pies de acero ajustables &#8211; (Ruedas con freno opcional)<br \/>\nClase de energ\u00eda: C<\/p>\n","protected":false},"excerpt":{"rendered":"<p>Dise\u00f1ado para crear un equipo de refrigeraci\u00f3n fiable para pasteler\u00edas y panader\u00edas, este producto busca ofrecer la soluci\u00f3n de almacenamiento perfecta tanto para ingredientes como para productos semi-acabados y acabados. el modelo PA 2100 es la combinaci\u00f3n perfecta de eficiencia, 800 mm de profundidad, 2 puertas, 1 estante regulable 600x400mm en cada puerta, juego de gu\u00edas Euronorm 600&#215;400, y atenci\u00f3n a la sostenibilidad medioambiental, equipado con gas natural R290, espumado aislante de 60 mm en cada lado, puertas con gofrado interior para una mejor estanqueidad y puerta de cierre autom\u00e1tico para evitar el desperdicio de energ\u00eda.<\/p>\n","protected":false},"featured_media":3877820,"template":"","meta":[],"product_brand":[],"product_cat":[7757,7760],"product_tag":[],"class_list":{"0":"post-3195973","1":"product","2":"type-product","3":"status-publish","4":"has-post-thumbnail","6":"product_cat-inox-es","7":"product_cat-mesas-frias","8":"pa_capacite-commerciale-430-l","9":"pa_consommation-denergie-2-079-kw-24h","10":"pa_hauteur-exterieure-850-mm","11":"pa_hauteur-interieure-585-mm","12":"pa_largeur-exterieure-1500-mm","13":"pa_largeur-interne-1080-mm","14":"pa_niveau-sonore-42-dba","15":"pa_poids-brut-144-kg","16":"pa_poids-net-126-kg","17":"pa_profondeur-externe-800-mm","18":"pa_profondeur-interne-685-mm","19":"pa_puissance-300-w","21":"first","22":"instock","23":"product-type-simple"},"acf":[],"yoast_head":"<!-- This site is optimized with the Yoast SEO plugin v27.2 - https:\/\/yoast.com\/product\/yoast-seo-wordpress\/ -->\n<title>PA 2100 - Cool Head Europe<\/title>\n<meta name=\"robots\" content=\"index, follow, max-snippet:-1, max-image-preview:large, max-video-preview:-1\" \/>\n<link rel=\"canonical\" href=\"https:\/\/www.coolheadeurope.com\/prodotto\/inox\/tavoli\/pa-2100-2\/\" \/>\n<meta property=\"og:locale\" content=\"es_ES\" \/>\n<meta property=\"og:type\" content=\"article\" \/>\n<meta property=\"og:title\" content=\"PA 2100 - Cool Head Europe\" \/>\n<meta property=\"og:description\" content=\"Dise\u00f1ado para crear un equipo de refrigeraci\u00f3n fiable para pasteler\u00edas y panader\u00edas, este producto busca ofrecer la soluci\u00f3n de almacenamiento perfecta tanto para ingredientes como para productos semi-acabados y acabados. el modelo PA 2100 es la combinaci\u00f3n perfecta de eficiencia, 800 mm de profundidad, 2 puertas, 1 estante regulable 600x400mm en cada puerta, juego de gu\u00edas Euronorm 600x400, y atenci\u00f3n a la sostenibilidad medioambiental, equipado con gas natural R290, espumado aislante de 60 mm en cada lado, puertas con gofrado interior para una mejor estanqueidad y puerta de cierre autom\u00e1tico para evitar el desperdicio de energ\u00eda.\" \/>\n<meta property=\"og:url\" content=\"https:\/\/www.coolheadeurope.com\/prodotto\/inox\/tavoli\/pa-2100-2\/\" \/>\n<meta property=\"og:site_name\" content=\"Cool Head Europe\" \/>\n<meta property=\"article:modified_time\" content=\"2026-04-04T20:32:24+00:00\" \/>\n<meta property=\"og:image\" content=\"https:\/\/www.coolheadeurope.com\/wp-content\/uploads\/2026\/04\/PA-2100-CORPO_CH_LOW-16.png\" \/>\n\t<meta property=\"og:image:width\" content=\"387\" \/>\n\t<meta property=\"og:image:height\" content=\"258\" \/>\n\t<meta property=\"og:image:type\" content=\"image\/png\" \/>\n<meta name=\"twitter:card\" content=\"summary_large_image\" \/>\n<!-- \/ Yoast SEO plugin. -->","yoast_head_json":{"title":"PA 2100 - Cool Head Europe","robots":{"index":"index","follow":"follow","max-snippet":"max-snippet:-1","max-image-preview":"max-image-preview:large","max-video-preview":"max-video-preview:-1"},"canonical":"https:\/\/www.coolheadeurope.com\/prodotto\/inox\/tavoli\/pa-2100-2\/","og_locale":"es_ES","og_type":"article","og_title":"PA 2100 - Cool Head Europe","og_description":"Dise\u00f1ado para crear un equipo de refrigeraci\u00f3n fiable para pasteler\u00edas y panader\u00edas, este producto busca ofrecer la soluci\u00f3n de almacenamiento perfecta tanto para ingredientes como para productos semi-acabados y acabados. el modelo PA 2100 es la combinaci\u00f3n perfecta de eficiencia, 800 mm de profundidad, 2 puertas, 1 estante regulable 600x400mm en cada puerta, juego de gu\u00edas Euronorm 600x400, y atenci\u00f3n a la sostenibilidad medioambiental, equipado con gas natural R290, espumado aislante de 60 mm en cada lado, puertas con gofrado interior para una mejor estanqueidad y puerta de cierre autom\u00e1tico para evitar el desperdicio de energ\u00eda.","og_url":"https:\/\/www.coolheadeurope.com\/prodotto\/inox\/tavoli\/pa-2100-2\/","og_site_name":"Cool Head Europe","article_modified_time":"2026-04-04T20:32:24+00:00","og_image":[{"width":387,"height":258,"url":"https:\/\/www.coolheadeurope.com\/wp-content\/uploads\/2026\/04\/PA-2100-CORPO_CH_LOW-16.png","type":"image\/png"}],"twitter_card":"summary_large_image","schema":{"@context":"https:\/\/schema.org","@graph":[{"@type":"WebPage","@id":"https:\/\/www.coolheadeurope.com\/prodotto\/inox\/tavoli\/pa-2100-2\/","url":"https:\/\/www.coolheadeurope.com\/prodotto\/inox\/tavoli\/pa-2100-2\/","name":"PA 2100 - Cool Head Europe","isPartOf":{"@id":"https:\/\/www.coolheadeurope.com\/#website"},"primaryImageOfPage":{"@id":"https:\/\/www.coolheadeurope.com\/prodotto\/inox\/tavoli\/pa-2100-2\/#primaryimage"},"image":{"@id":"https:\/\/www.coolheadeurope.com\/prodotto\/inox\/tavoli\/pa-2100-2\/#primaryimage"},"thumbnailUrl":"https:\/\/www.coolheadeurope.com\/wp-content\/uploads\/2026\/04\/PA-2100-CORPO_CH_LOW-16.png","datePublished":"2024-12-16T11:52:14+00:00","dateModified":"2026-04-04T20:32:24+00:00","breadcrumb":{"@id":"https:\/\/www.coolheadeurope.com\/prodotto\/inox\/tavoli\/pa-2100-2\/#breadcrumb"},"inLanguage":"es","potentialAction":[{"@type":"ReadAction","target":["https:\/\/www.coolheadeurope.com\/prodotto\/inox\/tavoli\/pa-2100-2\/"]}]},{"@type":"ImageObject","inLanguage":"es","@id":"https:\/\/www.coolheadeurope.com\/prodotto\/inox\/tavoli\/pa-2100-2\/#primaryimage","url":"https:\/\/www.coolheadeurope.com\/wp-content\/uploads\/2026\/04\/PA-2100-CORPO_CH_LOW-16.png","contentUrl":"https:\/\/www.coolheadeurope.com\/wp-content\/uploads\/2026\/04\/PA-2100-CORPO_CH_LOW-16.png","width":387,"height":258,"caption":"Immagine di PA 2100"},{"@type":"BreadcrumbList","@id":"https:\/\/www.coolheadeurope.com\/prodotto\/inox\/tavoli\/pa-2100-2\/#breadcrumb","itemListElement":[{"@type":"ListItem","position":1,"name":"Home","item":"https:\/\/www.coolheadeurope.com\/es\/"},{"@type":"ListItem","position":2,"name":"Buscar","item":"https:\/\/www.coolheadeurope.com\/es\/buscar\/"},{"@type":"ListItem","position":3,"name":"PA 2100"}]},{"@type":"WebSite","@id":"https:\/\/www.coolheadeurope.com\/#website","url":"https:\/\/www.coolheadeurope.com\/","name":"Cool Head Europe","description":"We make the world a cooler place","potentialAction":[{"@type":"SearchAction","target":{"@type":"EntryPoint","urlTemplate":"https:\/\/www.coolheadeurope.com\/?s={search_term_string}"},"query-input":{"@type":"PropertyValueSpecification","valueRequired":true,"valueName":"search_term_string"}}],"inLanguage":"es"}]}},"_links":{"self":[{"href":"https:\/\/www.coolheadeurope.com\/es\/wp-json\/wp\/v2\/product\/3195973","targetHints":{"allow":["GET"]}}],"collection":[{"href":"https:\/\/www.coolheadeurope.com\/es\/wp-json\/wp\/v2\/product"}],"about":[{"href":"https:\/\/www.coolheadeurope.com\/es\/wp-json\/wp\/v2\/types\/product"}],"wp:featuredmedia":[{"embeddable":true,"href":"https:\/\/www.coolheadeurope.com\/es\/wp-json\/wp\/v2\/media\/3877820"}],"wp:attachment":[{"href":"https:\/\/www.coolheadeurope.com\/es\/wp-json\/wp\/v2\/media?parent=3195973"}],"wp:term":[{"taxonomy":"product_brand","embeddable":true,"href":"https:\/\/www.coolheadeurope.com\/es\/wp-json\/wp\/v2\/product_brand?post=3195973"},{"taxonomy":"product_cat","embeddable":true,"href":"https:\/\/www.coolheadeurope.com\/es\/wp-json\/wp\/v2\/product_cat?post=3195973"},{"taxonomy":"product_tag","embeddable":true,"href":"https:\/\/www.coolheadeurope.com\/es\/wp-json\/wp\/v2\/product_tag?post=3195973"}],"curies":[{"name":"wp","href":"https:\/\/api.w.org\/{rel}","templated":true}]}}