{"id":3195980,"date":"2024-12-16T12:05:06","date_gmt":"2024-12-16T12:05:06","guid":{"rendered":"https:\/\/www.coolheadeurope.com\/prodotto\/sin%20categor\u00eda\/qz-20\/"},"modified":"2026-04-04T20:53:58","modified_gmt":"2026-04-04T20:53:58","slug":"qz-20","status":"publish","type":"product","link":"https:\/\/www.coolheadeurope.com\/es\/prodotto\/inox-es\/mesas-frias\/qz-20\/","title":{"rendered":"QZ 20"},"content":{"rendered":"<p>Mostrador refrigerado para PIZZA para bandejas 600x400mm<br \/>\nCuerpo externo e interno en acero inoxidable<br \/>\nRefrigeraci\u00f3n ventilada con sistema Monoblock<br \/>\nDescongelamiento autom\u00e1tico tras parada del compresor<br \/>\nEspuma en ciclopentano (60 mm de espesor en cada lado)<br \/>\nEvaporador con tratamiento anticorrosi\u00f3n<br \/>\nTermostato digital<br \/>\nJunta extra\u00edble<br \/>\nPuerta de cierre autom\u00e1tico (No reversible)<br \/>\nEstantes ajustables 600x400mm: 2 Pcs<br \/>\n4 pies de acero ajustables &#8211; (Ruedas con freno opcional)<br \/>\nTapa de granito con peto (200 mm)<br \/>\n1 conjunto de gu\u00edas \u00abC\u00bb para cada puerta<br \/>\nModelo adecuado para vitrinas horizontales refrigeradas (VRX 15\/38)<br \/>\nClase de energ\u00eda: C<\/p>\n","protected":false},"excerpt":{"rendered":"<p>Dise\u00f1ado para crear un equipo de refrigeraci\u00f3n fiable para la pizza, este producto pretende ofrecer la soluci\u00f3n perfecta de estaci\u00f3n de trabajo y almacenamiento de ingredientes. El modelo QZ 20 es la combinaci\u00f3n perfecta de eficiencia, 800 mm de profundidad, encimera de granito con salpicadero de 200 mm de altura, 2 compartimentos refrigerados con puertas, 1 estante ajustable de 600&#215;400 mm, 1 juego de gu\u00edas en forma de \u00abC\u00bb, en cada puerta. Para preservar la frescura de los ingredientes, el art\u00edculo es adecuado para una unidad de cobertura refrigerada, disponible con tapa plana de cristal o tapa superior de acero inoxidable.<\/p>\n","protected":false},"featured_media":3880991,"template":"","meta":[],"product_brand":[],"product_cat":[7757,7760],"product_tag":[],"class_list":{"0":"post-3195980","1":"product","2":"type-product","3":"status-publish","4":"has-post-thumbnail","6":"product_cat-inox-es","7":"product_cat-mesas-frias","8":"pa_capacite-commerciale-430-l","9":"pa_consommation-denergie-2-079-kw-24h","10":"pa_hauteur-exterieure-1040-mm","11":"pa_hauteur-interieure-585-mm","12":"pa_largeur-exterieure-1500-mm","13":"pa_largeur-interne-1080-mm","14":"pa_niveau-sonore-42-dba","15":"pa_poids-brut-244-kg","16":"pa_poids-net-203-kg","17":"pa_profondeur-externe-800-mm","18":"pa_profondeur-interne-685-mm","19":"pa_puissance-300-w","21":"first","22":"instock","23":"product-type-simple"},"acf":[],"yoast_head":"<!-- This site is optimized with the Yoast SEO plugin v27.2 - https:\/\/yoast.com\/product\/yoast-seo-wordpress\/ -->\n<title>QZ 20 - Cool Head Europe<\/title>\n<meta name=\"robots\" content=\"index, follow, max-snippet:-1, max-image-preview:large, max-video-preview:-1\" \/>\n<link rel=\"canonical\" href=\"https:\/\/www.coolheadeurope.com\/prodotto\/inox\/tavoli\/qz-20\/\" \/>\n<meta property=\"og:locale\" content=\"es_ES\" \/>\n<meta property=\"og:type\" content=\"article\" \/>\n<meta property=\"og:title\" content=\"QZ 20 - Cool Head Europe\" \/>\n<meta property=\"og:description\" content=\"Dise\u00f1ado para crear un equipo de refrigeraci\u00f3n fiable para la pizza, este producto pretende ofrecer la soluci\u00f3n perfecta de estaci\u00f3n de trabajo y almacenamiento de ingredientes. El modelo QZ 20 es la combinaci\u00f3n perfecta de eficiencia, 800 mm de profundidad, encimera de granito con salpicadero de 200 mm de altura, 2 compartimentos refrigerados con puertas, 1 estante ajustable de 600x400 mm, 1 juego de gu\u00edas en forma de &quot;C&quot;, en cada puerta. Para preservar la frescura de los ingredientes, el art\u00edculo es adecuado para una unidad de cobertura refrigerada, disponible con tapa plana de cristal o tapa superior de acero inoxidable.\" \/>\n<meta property=\"og:url\" content=\"https:\/\/www.coolheadeurope.com\/prodotto\/inox\/tavoli\/qz-20\/\" \/>\n<meta property=\"og:site_name\" content=\"Cool Head Europe\" \/>\n<meta property=\"article:modified_time\" content=\"2026-04-04T20:53:58+00:00\" \/>\n<meta property=\"og:image\" content=\"https:\/\/www.coolheadeurope.com\/wp-content\/uploads\/2026\/04\/QZ-20-CORPO_CH_LOW.png\" \/>\n\t<meta property=\"og:image:width\" content=\"450\" \/>\n\t<meta property=\"og:image:height\" content=\"335\" \/>\n\t<meta property=\"og:image:type\" content=\"image\/png\" \/>\n<meta name=\"twitter:card\" content=\"summary_large_image\" \/>\n<!-- \/ Yoast SEO plugin. -->","yoast_head_json":{"title":"QZ 20 - Cool Head Europe","robots":{"index":"index","follow":"follow","max-snippet":"max-snippet:-1","max-image-preview":"max-image-preview:large","max-video-preview":"max-video-preview:-1"},"canonical":"https:\/\/www.coolheadeurope.com\/prodotto\/inox\/tavoli\/qz-20\/","og_locale":"es_ES","og_type":"article","og_title":"QZ 20 - Cool Head Europe","og_description":"Dise\u00f1ado para crear un equipo de refrigeraci\u00f3n fiable para la pizza, este producto pretende ofrecer la soluci\u00f3n perfecta de estaci\u00f3n de trabajo y almacenamiento de ingredientes. El modelo QZ 20 es la combinaci\u00f3n perfecta de eficiencia, 800 mm de profundidad, encimera de granito con salpicadero de 200 mm de altura, 2 compartimentos refrigerados con puertas, 1 estante ajustable de 600x400 mm, 1 juego de gu\u00edas en forma de \"C\", en cada puerta. Para preservar la frescura de los ingredientes, el art\u00edculo es adecuado para una unidad de cobertura refrigerada, disponible con tapa plana de cristal o tapa superior de acero inoxidable.","og_url":"https:\/\/www.coolheadeurope.com\/prodotto\/inox\/tavoli\/qz-20\/","og_site_name":"Cool Head Europe","article_modified_time":"2026-04-04T20:53:58+00:00","og_image":[{"width":450,"height":335,"url":"https:\/\/www.coolheadeurope.com\/wp-content\/uploads\/2026\/04\/QZ-20-CORPO_CH_LOW.png","type":"image\/png"}],"twitter_card":"summary_large_image","schema":{"@context":"https:\/\/schema.org","@graph":[{"@type":"WebPage","@id":"https:\/\/www.coolheadeurope.com\/prodotto\/inox\/tavoli\/qz-20\/","url":"https:\/\/www.coolheadeurope.com\/prodotto\/inox\/tavoli\/qz-20\/","name":"QZ 20 - Cool Head Europe","isPartOf":{"@id":"https:\/\/www.coolheadeurope.com\/#website"},"primaryImageOfPage":{"@id":"https:\/\/www.coolheadeurope.com\/prodotto\/inox\/tavoli\/qz-20\/#primaryimage"},"image":{"@id":"https:\/\/www.coolheadeurope.com\/prodotto\/inox\/tavoli\/qz-20\/#primaryimage"},"thumbnailUrl":"https:\/\/www.coolheadeurope.com\/wp-content\/uploads\/2026\/04\/QZ-20-CORPO_CH_LOW.png","datePublished":"2024-12-16T12:05:06+00:00","dateModified":"2026-04-04T20:53:58+00:00","breadcrumb":{"@id":"https:\/\/www.coolheadeurope.com\/prodotto\/inox\/tavoli\/qz-20\/#breadcrumb"},"inLanguage":"es","potentialAction":[{"@type":"ReadAction","target":["https:\/\/www.coolheadeurope.com\/prodotto\/inox\/tavoli\/qz-20\/"]}]},{"@type":"ImageObject","inLanguage":"es","@id":"https:\/\/www.coolheadeurope.com\/prodotto\/inox\/tavoli\/qz-20\/#primaryimage","url":"https:\/\/www.coolheadeurope.com\/wp-content\/uploads\/2026\/04\/QZ-20-CORPO_CH_LOW.png","contentUrl":"https:\/\/www.coolheadeurope.com\/wp-content\/uploads\/2026\/04\/QZ-20-CORPO_CH_LOW.png","width":450,"height":335,"caption":"Immagine di QZ 20"},{"@type":"BreadcrumbList","@id":"https:\/\/www.coolheadeurope.com\/prodotto\/inox\/tavoli\/qz-20\/#breadcrumb","itemListElement":[{"@type":"ListItem","position":1,"name":"Home","item":"https:\/\/www.coolheadeurope.com\/es\/"},{"@type":"ListItem","position":2,"name":"Buscar","item":"https:\/\/www.coolheadeurope.com\/es\/buscar\/"},{"@type":"ListItem","position":3,"name":"QZ 20"}]},{"@type":"WebSite","@id":"https:\/\/www.coolheadeurope.com\/#website","url":"https:\/\/www.coolheadeurope.com\/","name":"Cool Head Europe","description":"We make the world a cooler place","potentialAction":[{"@type":"SearchAction","target":{"@type":"EntryPoint","urlTemplate":"https:\/\/www.coolheadeurope.com\/?s={search_term_string}"},"query-input":{"@type":"PropertyValueSpecification","valueRequired":true,"valueName":"search_term_string"}}],"inLanguage":"es"}]}},"_links":{"self":[{"href":"https:\/\/www.coolheadeurope.com\/es\/wp-json\/wp\/v2\/product\/3195980","targetHints":{"allow":["GET"]}}],"collection":[{"href":"https:\/\/www.coolheadeurope.com\/es\/wp-json\/wp\/v2\/product"}],"about":[{"href":"https:\/\/www.coolheadeurope.com\/es\/wp-json\/wp\/v2\/types\/product"}],"wp:featuredmedia":[{"embeddable":true,"href":"https:\/\/www.coolheadeurope.com\/es\/wp-json\/wp\/v2\/media\/3880991"}],"wp:attachment":[{"href":"https:\/\/www.coolheadeurope.com\/es\/wp-json\/wp\/v2\/media?parent=3195980"}],"wp:term":[{"taxonomy":"product_brand","embeddable":true,"href":"https:\/\/www.coolheadeurope.com\/es\/wp-json\/wp\/v2\/product_brand?post=3195980"},{"taxonomy":"product_cat","embeddable":true,"href":"https:\/\/www.coolheadeurope.com\/es\/wp-json\/wp\/v2\/product_cat?post=3195980"},{"taxonomy":"product_tag","embeddable":true,"href":"https:\/\/www.coolheadeurope.com\/es\/wp-json\/wp\/v2\/product_tag?post=3195980"}],"curies":[{"name":"wp","href":"https:\/\/api.w.org\/{rel}","templated":true}]}}