{"id":3195999,"date":"2024-12-16T12:46:31","date_gmt":"2024-12-16T12:46:31","guid":{"rendered":"https:\/\/www.coolheadeurope.com\/prodotto\/sin%20categor\u00eda\/vrx-14-33s-s\/"},"modified":"2026-04-04T21:15:51","modified_gmt":"2026-04-04T21:15:51","slug":"vrx-14-33s-s","status":"publish","type":"product","link":"https:\/\/www.coolheadeurope.com\/es\/prodotto\/inox-es\/vrx-es\/vrx-14-33s-s\/","title":{"rendered":"VRX 14\/33S\/S"},"content":{"rendered":"<p>Vitrinas refrigeradas horizontales (Bandejas GN1 \/ 4)<br \/>\nCuerpo externo e interno en acero inoxidable<br \/>\nRefrigeraci\u00f3n est\u00e1tica<br \/>\nDescongelamiento autom\u00e1tico tras parada del compresor<br \/>\nEvaporador de cobre monotubo (sin soldaduras en el cuerpo espumado)<br \/>\nTermostato digital<br \/>\n4 pies ajustables<br \/>\nSet de espaciadores incluidos<br \/>\nBandejas GN1 \/ 4 no incluidas con el modelo<br \/>\nTapa de acero inoxidable<br \/>\nClase de energ\u00eda: &#8211;<\/p>\n","protected":false},"excerpt":{"rendered":"<p>Con un aspecto impecable que incluye todo lo necesario, este modelo con tapa superior de acero inoxidable encaja a la perfecci\u00f3n en cualquier estaci\u00f3n de preparaci\u00f3n profesional. Con una anchura de 1400 mm, el modelo VRX 14\/33S\/S es adecuado para 6 ollas GN1\/4 (no incluidas), ofrece un termostato digital y pies ajustables de serie y pies ajustables de altura de acero inoxidable (140-210 mm) como opci\u00f3n.<\/p>\n","protected":false},"featured_media":3874337,"template":"","meta":[],"product_brand":[],"product_cat":[7757,7761],"product_tag":[],"class_list":{"0":"post-3195999","1":"product","2":"type-product","3":"status-publish","4":"has-post-thumbnail","6":"product_cat-inox-es","7":"product_cat-vrx-es","8":"pa_capacite-commerciale-42-l","9":"pa_consommation-denergie-1-4-kw-24h","10":"pa_hauteur-exterieure-281-mm","11":"pa_hauteur-interieure-163-mm","12":"pa_largeur-exterieure-1400-mm","13":"pa_largeur-interne-1050-mm","14":"pa_niveau-sonore-56-dba","15":"pa_poids-brut-52-kg","16":"pa_poids-net-27-kg","17":"pa_profondeur-externe-335-mm","18":"pa_profondeur-interne-246-mm","19":"pa_puissance-160-w","21":"first","22":"instock","23":"product-type-simple"},"acf":[],"yoast_head":"<!-- This site is optimized with the Yoast SEO plugin v27.2 - https:\/\/yoast.com\/product\/yoast-seo-wordpress\/ -->\n<title>VRX 14\/33S\/S - Cool Head Europe<\/title>\n<meta name=\"robots\" content=\"index, follow, max-snippet:-1, max-image-preview:large, max-video-preview:-1\" \/>\n<link rel=\"canonical\" href=\"https:\/\/www.coolheadeurope.com\/prodotto\/inox\/vrx\/vrx-14-33s-s\/\" \/>\n<meta property=\"og:locale\" content=\"es_ES\" \/>\n<meta property=\"og:type\" content=\"article\" \/>\n<meta property=\"og:title\" content=\"VRX 14\/33S\/S - Cool Head Europe\" \/>\n<meta property=\"og:description\" content=\"Con un aspecto impecable que incluye todo lo necesario, este modelo con tapa superior de acero inoxidable encaja a la perfecci\u00f3n en cualquier estaci\u00f3n de preparaci\u00f3n profesional. Con una anchura de 1400 mm, el modelo VRX 14\/33S\/S es adecuado para 6 ollas GN1\/4 (no incluidas), ofrece un termostato digital y pies ajustables de serie y pies ajustables de altura de acero inoxidable (140-210 mm) como opci\u00f3n.\" \/>\n<meta property=\"og:url\" content=\"https:\/\/www.coolheadeurope.com\/prodotto\/inox\/vrx\/vrx-14-33s-s\/\" \/>\n<meta property=\"og:site_name\" content=\"Cool Head Europe\" \/>\n<meta property=\"article:modified_time\" content=\"2026-04-04T21:15:51+00:00\" \/>\n<meta property=\"og:image\" content=\"https:\/\/www.coolheadeurope.com\/wp-content\/uploads\/2026\/04\/VRX-14_33S_S-CORPO_CH_LOW-16.png\" \/>\n\t<meta property=\"og:image:width\" content=\"567\" \/>\n\t<meta property=\"og:image:height\" content=\"209\" \/>\n\t<meta property=\"og:image:type\" content=\"image\/png\" \/>\n<meta name=\"twitter:card\" content=\"summary_large_image\" \/>\n<!-- \/ Yoast SEO plugin. -->","yoast_head_json":{"title":"VRX 14\/33S\/S - Cool Head Europe","robots":{"index":"index","follow":"follow","max-snippet":"max-snippet:-1","max-image-preview":"max-image-preview:large","max-video-preview":"max-video-preview:-1"},"canonical":"https:\/\/www.coolheadeurope.com\/prodotto\/inox\/vrx\/vrx-14-33s-s\/","og_locale":"es_ES","og_type":"article","og_title":"VRX 14\/33S\/S - Cool Head Europe","og_description":"Con un aspecto impecable que incluye todo lo necesario, este modelo con tapa superior de acero inoxidable encaja a la perfecci\u00f3n en cualquier estaci\u00f3n de preparaci\u00f3n profesional. Con una anchura de 1400 mm, el modelo VRX 14\/33S\/S es adecuado para 6 ollas GN1\/4 (no incluidas), ofrece un termostato digital y pies ajustables de serie y pies ajustables de altura de acero inoxidable (140-210 mm) como opci\u00f3n.","og_url":"https:\/\/www.coolheadeurope.com\/prodotto\/inox\/vrx\/vrx-14-33s-s\/","og_site_name":"Cool Head Europe","article_modified_time":"2026-04-04T21:15:51+00:00","og_image":[{"width":567,"height":209,"url":"https:\/\/www.coolheadeurope.com\/wp-content\/uploads\/2026\/04\/VRX-14_33S_S-CORPO_CH_LOW-16.png","type":"image\/png"}],"twitter_card":"summary_large_image","schema":{"@context":"https:\/\/schema.org","@graph":[{"@type":"WebPage","@id":"https:\/\/www.coolheadeurope.com\/prodotto\/inox\/vrx\/vrx-14-33s-s\/","url":"https:\/\/www.coolheadeurope.com\/prodotto\/inox\/vrx\/vrx-14-33s-s\/","name":"VRX 14\/33S\/S - Cool Head Europe","isPartOf":{"@id":"https:\/\/www.coolheadeurope.com\/#website"},"primaryImageOfPage":{"@id":"https:\/\/www.coolheadeurope.com\/prodotto\/inox\/vrx\/vrx-14-33s-s\/#primaryimage"},"image":{"@id":"https:\/\/www.coolheadeurope.com\/prodotto\/inox\/vrx\/vrx-14-33s-s\/#primaryimage"},"thumbnailUrl":"https:\/\/www.coolheadeurope.com\/wp-content\/uploads\/2026\/04\/VRX-14_33S_S-CORPO_CH_LOW-20.png","datePublished":"2024-12-16T12:46:31+00:00","dateModified":"2026-04-04T21:15:51+00:00","breadcrumb":{"@id":"https:\/\/www.coolheadeurope.com\/prodotto\/inox\/vrx\/vrx-14-33s-s\/#breadcrumb"},"inLanguage":"es","potentialAction":[{"@type":"ReadAction","target":["https:\/\/www.coolheadeurope.com\/prodotto\/inox\/vrx\/vrx-14-33s-s\/"]}]},{"@type":"ImageObject","inLanguage":"es","@id":"https:\/\/www.coolheadeurope.com\/prodotto\/inox\/vrx\/vrx-14-33s-s\/#primaryimage","url":"https:\/\/www.coolheadeurope.com\/wp-content\/uploads\/2026\/04\/VRX-14_33S_S-CORPO_CH_LOW-20.png","contentUrl":"https:\/\/www.coolheadeurope.com\/wp-content\/uploads\/2026\/04\/VRX-14_33S_S-CORPO_CH_LOW-20.png","width":567,"height":209,"caption":"Immagine di VRX 14\/33S\/S"},{"@type":"BreadcrumbList","@id":"https:\/\/www.coolheadeurope.com\/prodotto\/inox\/vrx\/vrx-14-33s-s\/#breadcrumb","itemListElement":[{"@type":"ListItem","position":1,"name":"Home","item":"https:\/\/www.coolheadeurope.com\/es\/"},{"@type":"ListItem","position":2,"name":"Buscar","item":"https:\/\/www.coolheadeurope.com\/es\/buscar\/"},{"@type":"ListItem","position":3,"name":"VRX 14\/33S\/S"}]},{"@type":"WebSite","@id":"https:\/\/www.coolheadeurope.com\/#website","url":"https:\/\/www.coolheadeurope.com\/","name":"Cool Head Europe","description":"We make the world a cooler place","potentialAction":[{"@type":"SearchAction","target":{"@type":"EntryPoint","urlTemplate":"https:\/\/www.coolheadeurope.com\/?s={search_term_string}"},"query-input":{"@type":"PropertyValueSpecification","valueRequired":true,"valueName":"search_term_string"}}],"inLanguage":"es"}]}},"_links":{"self":[{"href":"https:\/\/www.coolheadeurope.com\/es\/wp-json\/wp\/v2\/product\/3195999","targetHints":{"allow":["GET"]}}],"collection":[{"href":"https:\/\/www.coolheadeurope.com\/es\/wp-json\/wp\/v2\/product"}],"about":[{"href":"https:\/\/www.coolheadeurope.com\/es\/wp-json\/wp\/v2\/types\/product"}],"wp:featuredmedia":[{"embeddable":true,"href":"https:\/\/www.coolheadeurope.com\/es\/wp-json\/wp\/v2\/media\/3874337"}],"wp:attachment":[{"href":"https:\/\/www.coolheadeurope.com\/es\/wp-json\/wp\/v2\/media?parent=3195999"}],"wp:term":[{"taxonomy":"product_brand","embeddable":true,"href":"https:\/\/www.coolheadeurope.com\/es\/wp-json\/wp\/v2\/product_brand?post=3195999"},{"taxonomy":"product_cat","embeddable":true,"href":"https:\/\/www.coolheadeurope.com\/es\/wp-json\/wp\/v2\/product_cat?post=3195999"},{"taxonomy":"product_tag","embeddable":true,"href":"https:\/\/www.coolheadeurope.com\/es\/wp-json\/wp\/v2\/product_tag?post=3195999"}],"curies":[{"name":"wp","href":"https:\/\/api.w.org\/{rel}","templated":true}]}}