{"id":3196041,"date":"2024-12-16T15:12:24","date_gmt":"2024-12-16T15:12:24","guid":{"rendered":"https:\/\/www.coolheadeurope.com\/prodotto\/sin%20categor\u00eda\/rf-23a\/"},"modified":"2026-04-04T21:16:01","modified_gmt":"2026-04-04T21:16:01","slug":"rf-23a","status":"publish","type":"product","link":"https:\/\/www.coolheadeurope.com\/es\/prodotto\/inox-es\/abatidor\/rf-23a\/","title":{"rendered":"RF 23A"},"content":{"rendered":"<p>Abatidor de temperatura GN2\/3<br \/>\nCuerpo externo e interno en acero inoxidable<br \/>\nRefrigeraci\u00f3n ventilada con descongelaci\u00f3n manual<br \/>\nC\u00e1mara con marco de pl\u00e1stico aislante anticondensaci\u00f3n (Cable calefactor)<br \/>\nEvaporador con tratamiento anticorrosi\u00f3n<br \/>\nEspuma de ciclopentano (60 mm de espesor en cada lado &#8211; libre de CFC)<br \/>\nTermostato digital con se\u00f1al de alarma<br \/>\nAlarma de apertura de puerta<br \/>\nMensaje de error que se muestra directamente en la pantalla<br \/>\nC\u00e1mara de enfriamiento en acero inoxidable<br \/>\nPuerta con micro-interruptor para ventilador con puerta abierta<br \/>\nSonda central de serie<br \/>\nJunta extra\u00edble<br \/>\nN. 4 pies ajustables<br \/>\nCiclo de abatimiento controlado por temperatura o con temporizador<br \/>\nAlmacenamiento autom\u00e1tico al finalizar el ciclo de abatimiento<br \/>\nClase de energ\u00eda: &#8211;<\/p>\n","protected":false},"excerpt":{"rendered":"<p>Con un dise\u00f1o elegante y pulcro, este modelo encaja perfectamente en espacios reducidos. El RF 23A es un enfriador r\u00e1pido de mostrador GN2\/3 compacto, ideal para todos los bares y peque\u00f1as actividades. Ofrece las prestaciones de un gran enfriador r\u00e1pido gracias al termostato digital con alarma de zumbador, la alarma de apertura de puerta, la sonda de aguja instalada de serie, el control de temperatura o el ciclo de enfriamiento r\u00e1pido temporizado, y el modo de almacenamiento autom\u00e1tico al final del ciclo de enfriamiento r\u00e1pido.<\/p>\n","protected":false},"featured_media":3881049,"template":"","meta":[],"product_brand":[],"product_cat":[7757,7763],"product_tag":[],"class_list":{"0":"post-3196041","1":"product","2":"type-product","3":"status-publish","4":"has-post-thumbnail","6":"product_cat-inox-es","7":"product_cat-abatidor","8":"pa_capacite-commerciale-ch-7kg-fr-5kg","9":"pa_consommation-denergie-n-a-kw-24h","10":"pa_hauteur-exterieure-437-mm","11":"pa_hauteur-interieure-270-mm","12":"pa_largeur-exterieure-660-mm","13":"pa_largeur-interne-340-mm","14":"pa_niveau-sonore-55-dba","15":"pa_poids-brut-52-kg","16":"pa_poids-net-44-kg","17":"pa_profondeur-externe-640-mm","18":"pa_profondeur-interne-365-mm","19":"pa_puissance-420-w","21":"first","22":"instock","23":"product-type-simple"},"acf":[],"yoast_head":"<!-- This site is optimized with the Yoast SEO plugin v27.2 - https:\/\/yoast.com\/product\/yoast-seo-wordpress\/ -->\n<title>RF 23A - Cool Head Europe<\/title>\n<meta name=\"robots\" content=\"index, follow, max-snippet:-1, max-image-preview:large, max-video-preview:-1\" \/>\n<link rel=\"canonical\" href=\"https:\/\/www.coolheadeurope.com\/prodotto\/inox\/abbattitori\/rf-23a\/\" \/>\n<meta property=\"og:locale\" content=\"es_ES\" \/>\n<meta property=\"og:type\" content=\"article\" \/>\n<meta property=\"og:title\" content=\"RF 23A - Cool Head Europe\" \/>\n<meta property=\"og:description\" content=\"Con un dise\u00f1o elegante y pulcro, este modelo encaja perfectamente en espacios reducidos. El RF 23A es un enfriador r\u00e1pido de mostrador GN2\/3 compacto, ideal para todos los bares y peque\u00f1as actividades. Ofrece las prestaciones de un gran enfriador r\u00e1pido gracias al termostato digital con alarma de zumbador, la alarma de apertura de puerta, la sonda de aguja instalada de serie, el control de temperatura o el ciclo de enfriamiento r\u00e1pido temporizado, y el modo de almacenamiento autom\u00e1tico al final del ciclo de enfriamiento r\u00e1pido.\" \/>\n<meta property=\"og:url\" content=\"https:\/\/www.coolheadeurope.com\/prodotto\/inox\/abbattitori\/rf-23a\/\" \/>\n<meta property=\"og:site_name\" content=\"Cool Head Europe\" \/>\n<meta property=\"article:modified_time\" content=\"2026-04-04T21:16:01+00:00\" \/>\n<meta property=\"og:image\" content=\"https:\/\/www.coolheadeurope.com\/wp-content\/uploads\/2026\/04\/RF-23A-CORPO_CH_LOW.png\" \/>\n\t<meta property=\"og:image:width\" content=\"557\" \/>\n\t<meta property=\"og:image:height\" content=\"344\" \/>\n\t<meta property=\"og:image:type\" content=\"image\/png\" \/>\n<meta name=\"twitter:card\" content=\"summary_large_image\" \/>\n<meta name=\"twitter:label1\" content=\"Tiempo de lectura\" \/>\n\t<meta name=\"twitter:data1\" content=\"1 minuto\" \/>\n<!-- \/ Yoast SEO plugin. -->","yoast_head_json":{"title":"RF 23A - Cool Head Europe","robots":{"index":"index","follow":"follow","max-snippet":"max-snippet:-1","max-image-preview":"max-image-preview:large","max-video-preview":"max-video-preview:-1"},"canonical":"https:\/\/www.coolheadeurope.com\/prodotto\/inox\/abbattitori\/rf-23a\/","og_locale":"es_ES","og_type":"article","og_title":"RF 23A - Cool Head Europe","og_description":"Con un dise\u00f1o elegante y pulcro, este modelo encaja perfectamente en espacios reducidos. El RF 23A es un enfriador r\u00e1pido de mostrador GN2\/3 compacto, ideal para todos los bares y peque\u00f1as actividades. Ofrece las prestaciones de un gran enfriador r\u00e1pido gracias al termostato digital con alarma de zumbador, la alarma de apertura de puerta, la sonda de aguja instalada de serie, el control de temperatura o el ciclo de enfriamiento r\u00e1pido temporizado, y el modo de almacenamiento autom\u00e1tico al final del ciclo de enfriamiento r\u00e1pido.","og_url":"https:\/\/www.coolheadeurope.com\/prodotto\/inox\/abbattitori\/rf-23a\/","og_site_name":"Cool Head Europe","article_modified_time":"2026-04-04T21:16:01+00:00","og_image":[{"width":557,"height":344,"url":"https:\/\/www.coolheadeurope.com\/wp-content\/uploads\/2026\/04\/RF-23A-CORPO_CH_LOW.png","type":"image\/png"}],"twitter_card":"summary_large_image","twitter_misc":{"Tiempo de lectura":"1 minuto"},"schema":{"@context":"https:\/\/schema.org","@graph":[{"@type":"WebPage","@id":"https:\/\/www.coolheadeurope.com\/prodotto\/inox\/abbattitori\/rf-23a\/","url":"https:\/\/www.coolheadeurope.com\/prodotto\/inox\/abbattitori\/rf-23a\/","name":"RF 23A - Cool Head Europe","isPartOf":{"@id":"https:\/\/www.coolheadeurope.com\/#website"},"primaryImageOfPage":{"@id":"https:\/\/www.coolheadeurope.com\/prodotto\/inox\/abbattitori\/rf-23a\/#primaryimage"},"image":{"@id":"https:\/\/www.coolheadeurope.com\/prodotto\/inox\/abbattitori\/rf-23a\/#primaryimage"},"thumbnailUrl":"https:\/\/www.coolheadeurope.com\/wp-content\/uploads\/2026\/04\/RF-23A-CORPO_CH_LOW.png","datePublished":"2024-12-16T15:12:24+00:00","dateModified":"2026-04-04T21:16:01+00:00","breadcrumb":{"@id":"https:\/\/www.coolheadeurope.com\/prodotto\/inox\/abbattitori\/rf-23a\/#breadcrumb"},"inLanguage":"es","potentialAction":[{"@type":"ReadAction","target":["https:\/\/www.coolheadeurope.com\/prodotto\/inox\/abbattitori\/rf-23a\/"]}]},{"@type":"ImageObject","inLanguage":"es","@id":"https:\/\/www.coolheadeurope.com\/prodotto\/inox\/abbattitori\/rf-23a\/#primaryimage","url":"https:\/\/www.coolheadeurope.com\/wp-content\/uploads\/2026\/04\/RF-23A-CORPO_CH_LOW.png","contentUrl":"https:\/\/www.coolheadeurope.com\/wp-content\/uploads\/2026\/04\/RF-23A-CORPO_CH_LOW.png","width":557,"height":344,"caption":"Immagine di RF 23A"},{"@type":"BreadcrumbList","@id":"https:\/\/www.coolheadeurope.com\/prodotto\/inox\/abbattitori\/rf-23a\/#breadcrumb","itemListElement":[{"@type":"ListItem","position":1,"name":"Home","item":"https:\/\/www.coolheadeurope.com\/es\/"},{"@type":"ListItem","position":2,"name":"Buscar","item":"https:\/\/www.coolheadeurope.com\/es\/buscar\/"},{"@type":"ListItem","position":3,"name":"RF 23A"}]},{"@type":"WebSite","@id":"https:\/\/www.coolheadeurope.com\/#website","url":"https:\/\/www.coolheadeurope.com\/","name":"Cool Head Europe","description":"We make the world a cooler place","potentialAction":[{"@type":"SearchAction","target":{"@type":"EntryPoint","urlTemplate":"https:\/\/www.coolheadeurope.com\/?s={search_term_string}"},"query-input":{"@type":"PropertyValueSpecification","valueRequired":true,"valueName":"search_term_string"}}],"inLanguage":"es"}]}},"_links":{"self":[{"href":"https:\/\/www.coolheadeurope.com\/es\/wp-json\/wp\/v2\/product\/3196041","targetHints":{"allow":["GET"]}}],"collection":[{"href":"https:\/\/www.coolheadeurope.com\/es\/wp-json\/wp\/v2\/product"}],"about":[{"href":"https:\/\/www.coolheadeurope.com\/es\/wp-json\/wp\/v2\/types\/product"}],"wp:featuredmedia":[{"embeddable":true,"href":"https:\/\/www.coolheadeurope.com\/es\/wp-json\/wp\/v2\/media\/3881049"}],"wp:attachment":[{"href":"https:\/\/www.coolheadeurope.com\/es\/wp-json\/wp\/v2\/media?parent=3196041"}],"wp:term":[{"taxonomy":"product_brand","embeddable":true,"href":"https:\/\/www.coolheadeurope.com\/es\/wp-json\/wp\/v2\/product_brand?post=3196041"},{"taxonomy":"product_cat","embeddable":true,"href":"https:\/\/www.coolheadeurope.com\/es\/wp-json\/wp\/v2\/product_cat?post=3196041"},{"taxonomy":"product_tag","embeddable":true,"href":"https:\/\/www.coolheadeurope.com\/es\/wp-json\/wp\/v2\/product_tag?post=3196041"}],"curies":[{"name":"wp","href":"https:\/\/api.w.org\/{rel}","templated":true}]}}