{"id":3196044,"date":"2024-12-16T15:20:19","date_gmt":"2024-12-16T15:20:19","guid":{"rendered":"https:\/\/www.coolheadeurope.com\/prodotto\/sin%20categor\u00eda\/rf-150a\/"},"modified":"2026-04-04T21:16:02","modified_gmt":"2026-04-04T21:16:02","slug":"rf-150a","status":"publish","type":"product","link":"https:\/\/www.coolheadeurope.com\/es\/prodotto\/inox-es\/abatidor\/rf-150a\/","title":{"rendered":"RF 150A"},"content":{"rendered":"<p>Abatidor vertical para GN1\/1 o EURONORM 600x400mm<br \/>\nCuerpo externo e interno en acero inoxidable<br \/>\nRefrigeraci\u00f3n ventilada con descongelaci\u00f3n manual<br \/>\nC\u00e1mara con marco de pl\u00e1stico aislante anticondensaci\u00f3n (Cable calefactor)<br \/>\nEvaporador con tratamiento anticorrosi\u00f3n<br \/>\nEspuma de ciclopentano (75 mm de espesor en cada lado &#8211; libre de CFC)<br \/>\nTermostato digital con se\u00f1al de alarma<br \/>\nMensaje de error que se muestra directamente en la pantalla<br \/>\nC\u00e1mara de enfriamiento en acero inoxidable<br \/>\nPuerta con micro-interruptor para ventilador con puerta abierta<br \/>\nBandeja separada para recolecci\u00f3n de agua de pl\u00e1stico (No incluido)<br \/>\nPuerta reversible \/ Sonda central de serie<br \/>\nConfiguraci\u00f3n de bandejas: Distancia de 75 mm entre bandejas.<br \/>\nRuedas con freno<br \/>\nCiclo de abatimiento controlado por temperatura o con temporizador (Soft\/Hard)<br \/>\nAlmacenamiento autom\u00e1tico al finalizar el ciclo de abatimiento<br \/>\nVentilador ECM\/DC (Para Bajo consumo de energ\u00eda\/Bajo nivel de ruido)<br \/>\nBot\u00f3n separado para el ciclo \u00abHELADOS\u00bb<br \/>\nBot\u00f3n separado para el Ciclo \u00ab-40\u00b0C\u00bb<br \/>\nKit de HELADOS ( No incluye OLLAS) opcional<\/p>\n","protected":false},"excerpt":{"rendered":"<p>Con un dise\u00f1o elegante y pulcro, este modelo se adapta perfectamente a las necesidades de cualquier cocina profesional. El RF 150A es un congelador de enfriado r\u00e1pido vertical GN1\/1 y EURONORM de 600x400mm apto para 15 bandejas. Las prestaciones de alta gama de este equipo, como su termostato digital y alarma de zumbador, mensaje de error que se encuentra directamente en la pantalla, puerta reversible, sonda de aguja instalada de serie, control de temperatura o ciclo de enfriamiento r\u00e1pido temporizado, modo de almacenamiento autom\u00e1tico al final del ciclo de enfriamiento r\u00e1pido y, por \u00faltimo, con un bot\u00f3n separado para un ciclo de \u00abHELADO\u00bb y para un ciclo de \u00ab-40\u00b0C\u00bb, hacen que este modelo sea ideal para cualquier uso profesional, incluyendo panader\u00eda y helader\u00eda.<\/p>\n","protected":false},"featured_media":3881053,"template":"","meta":[],"product_brand":[],"product_cat":[7757,7763],"product_tag":[],"class_list":{"0":"post-3196044","1":"product","2":"type-product","3":"status-publish","4":"has-post-thumbnail","6":"product_cat-inox-es","7":"product_cat-abatidor","8":"pa_capacite-commerciale-ch-45kg-fr-35kg","9":"pa_consommation-denergie-n-a-kw-24h","10":"pa_hauteur-exterieure-1975-mm","11":"pa_hauteur-interieure-1245-mm","12":"pa_largeur-exterieure-790-mm","13":"pa_largeur-interne-640-mm","14":"pa_niveau-sonore-70-dba","15":"pa_poids-brut-189-kg","16":"pa_poids-net-173-kg","17":"pa_profondeur-externe-943-mm","18":"pa_profondeur-interne-452-mm","19":"pa_puissance-2080-w","21":"first","22":"instock","23":"product-type-simple"},"acf":[],"yoast_head":"<!-- This site is optimized with the Yoast SEO plugin v27.2 - https:\/\/yoast.com\/product\/yoast-seo-wordpress\/ -->\n<title>RF 150A - Cool Head Europe<\/title>\n<meta name=\"robots\" content=\"index, follow, max-snippet:-1, max-image-preview:large, max-video-preview:-1\" \/>\n<link rel=\"canonical\" href=\"https:\/\/www.coolheadeurope.com\/prodotto\/inox\/abbattitori\/rf-150a\/\" \/>\n<meta property=\"og:locale\" content=\"es_ES\" \/>\n<meta property=\"og:type\" content=\"article\" \/>\n<meta property=\"og:title\" content=\"RF 150A - Cool Head Europe\" \/>\n<meta property=\"og:description\" content=\"Con un dise\u00f1o elegante y pulcro, este modelo se adapta perfectamente a las necesidades de cualquier cocina profesional. El RF 150A es un congelador de enfriado r\u00e1pido vertical GN1\/1 y EURONORM de 600x400mm apto para 15 bandejas. Las prestaciones de alta gama de este equipo, como su termostato digital y alarma de zumbador, mensaje de error que se encuentra directamente en la pantalla, puerta reversible, sonda de aguja instalada de serie, control de temperatura o ciclo de enfriamiento r\u00e1pido temporizado, modo de almacenamiento autom\u00e1tico al final del ciclo de enfriamiento r\u00e1pido y, por \u00faltimo, con un bot\u00f3n separado para un ciclo de &quot;HELADO&quot; y para un ciclo de &quot;-40\u00b0C&quot;, hacen que este modelo sea ideal para cualquier uso profesional, incluyendo panader\u00eda y helader\u00eda.\" \/>\n<meta property=\"og:url\" content=\"https:\/\/www.coolheadeurope.com\/prodotto\/inox\/abbattitori\/rf-150a\/\" \/>\n<meta property=\"og:site_name\" content=\"Cool Head Europe\" \/>\n<meta property=\"article:modified_time\" content=\"2026-04-04T21:16:02+00:00\" \/>\n<meta property=\"og:image\" content=\"https:\/\/www.coolheadeurope.com\/wp-content\/uploads\/2026\/04\/RF-150A-CORPO_CH_LOW.png\" \/>\n\t<meta property=\"og:image:width\" content=\"994\" \/>\n\t<meta property=\"og:image:height\" content=\"1242\" \/>\n\t<meta property=\"og:image:type\" content=\"image\/png\" \/>\n<meta name=\"twitter:card\" content=\"summary_large_image\" \/>\n<meta name=\"twitter:label1\" content=\"Tiempo de lectura\" \/>\n\t<meta name=\"twitter:data1\" content=\"1 minuto\" \/>\n<!-- \/ Yoast SEO plugin. -->","yoast_head_json":{"title":"RF 150A - Cool Head Europe","robots":{"index":"index","follow":"follow","max-snippet":"max-snippet:-1","max-image-preview":"max-image-preview:large","max-video-preview":"max-video-preview:-1"},"canonical":"https:\/\/www.coolheadeurope.com\/prodotto\/inox\/abbattitori\/rf-150a\/","og_locale":"es_ES","og_type":"article","og_title":"RF 150A - Cool Head Europe","og_description":"Con un dise\u00f1o elegante y pulcro, este modelo se adapta perfectamente a las necesidades de cualquier cocina profesional. El RF 150A es un congelador de enfriado r\u00e1pido vertical GN1\/1 y EURONORM de 600x400mm apto para 15 bandejas. Las prestaciones de alta gama de este equipo, como su termostato digital y alarma de zumbador, mensaje de error que se encuentra directamente en la pantalla, puerta reversible, sonda de aguja instalada de serie, control de temperatura o ciclo de enfriamiento r\u00e1pido temporizado, modo de almacenamiento autom\u00e1tico al final del ciclo de enfriamiento r\u00e1pido y, por \u00faltimo, con un bot\u00f3n separado para un ciclo de \"HELADO\" y para un ciclo de \"-40\u00b0C\", hacen que este modelo sea ideal para cualquier uso profesional, incluyendo panader\u00eda y helader\u00eda.","og_url":"https:\/\/www.coolheadeurope.com\/prodotto\/inox\/abbattitori\/rf-150a\/","og_site_name":"Cool Head Europe","article_modified_time":"2026-04-04T21:16:02+00:00","og_image":[{"width":994,"height":1242,"url":"https:\/\/www.coolheadeurope.com\/wp-content\/uploads\/2026\/04\/RF-150A-CORPO_CH_LOW.png","type":"image\/png"}],"twitter_card":"summary_large_image","twitter_misc":{"Tiempo de lectura":"1 minuto"},"schema":{"@context":"https:\/\/schema.org","@graph":[{"@type":"WebPage","@id":"https:\/\/www.coolheadeurope.com\/prodotto\/inox\/abbattitori\/rf-150a\/","url":"https:\/\/www.coolheadeurope.com\/prodotto\/inox\/abbattitori\/rf-150a\/","name":"RF 150A - Cool Head Europe","isPartOf":{"@id":"https:\/\/www.coolheadeurope.com\/#website"},"primaryImageOfPage":{"@id":"https:\/\/www.coolheadeurope.com\/prodotto\/inox\/abbattitori\/rf-150a\/#primaryimage"},"image":{"@id":"https:\/\/www.coolheadeurope.com\/prodotto\/inox\/abbattitori\/rf-150a\/#primaryimage"},"thumbnailUrl":"https:\/\/www.coolheadeurope.com\/wp-content\/uploads\/2026\/04\/RF-150A-CORPO_CH_LOW.png","datePublished":"2024-12-16T15:20:19+00:00","dateModified":"2026-04-04T21:16:02+00:00","breadcrumb":{"@id":"https:\/\/www.coolheadeurope.com\/prodotto\/inox\/abbattitori\/rf-150a\/#breadcrumb"},"inLanguage":"es","potentialAction":[{"@type":"ReadAction","target":["https:\/\/www.coolheadeurope.com\/prodotto\/inox\/abbattitori\/rf-150a\/"]}]},{"@type":"ImageObject","inLanguage":"es","@id":"https:\/\/www.coolheadeurope.com\/prodotto\/inox\/abbattitori\/rf-150a\/#primaryimage","url":"https:\/\/www.coolheadeurope.com\/wp-content\/uploads\/2026\/04\/RF-150A-CORPO_CH_LOW.png","contentUrl":"https:\/\/www.coolheadeurope.com\/wp-content\/uploads\/2026\/04\/RF-150A-CORPO_CH_LOW.png","width":994,"height":1242,"caption":"Immagine di RF 150A"},{"@type":"BreadcrumbList","@id":"https:\/\/www.coolheadeurope.com\/prodotto\/inox\/abbattitori\/rf-150a\/#breadcrumb","itemListElement":[{"@type":"ListItem","position":1,"name":"Home","item":"https:\/\/www.coolheadeurope.com\/es\/"},{"@type":"ListItem","position":2,"name":"Buscar","item":"https:\/\/www.coolheadeurope.com\/es\/buscar\/"},{"@type":"ListItem","position":3,"name":"RF 150A"}]},{"@type":"WebSite","@id":"https:\/\/www.coolheadeurope.com\/#website","url":"https:\/\/www.coolheadeurope.com\/","name":"Cool Head Europe","description":"We make the world a cooler place","potentialAction":[{"@type":"SearchAction","target":{"@type":"EntryPoint","urlTemplate":"https:\/\/www.coolheadeurope.com\/?s={search_term_string}"},"query-input":{"@type":"PropertyValueSpecification","valueRequired":true,"valueName":"search_term_string"}}],"inLanguage":"es"}]}},"_links":{"self":[{"href":"https:\/\/www.coolheadeurope.com\/es\/wp-json\/wp\/v2\/product\/3196044","targetHints":{"allow":["GET"]}}],"collection":[{"href":"https:\/\/www.coolheadeurope.com\/es\/wp-json\/wp\/v2\/product"}],"about":[{"href":"https:\/\/www.coolheadeurope.com\/es\/wp-json\/wp\/v2\/types\/product"}],"wp:featuredmedia":[{"embeddable":true,"href":"https:\/\/www.coolheadeurope.com\/es\/wp-json\/wp\/v2\/media\/3881053"}],"wp:attachment":[{"href":"https:\/\/www.coolheadeurope.com\/es\/wp-json\/wp\/v2\/media?parent=3196044"}],"wp:term":[{"taxonomy":"product_brand","embeddable":true,"href":"https:\/\/www.coolheadeurope.com\/es\/wp-json\/wp\/v2\/product_brand?post=3196044"},{"taxonomy":"product_cat","embeddable":true,"href":"https:\/\/www.coolheadeurope.com\/es\/wp-json\/wp\/v2\/product_cat?post=3196044"},{"taxonomy":"product_tag","embeddable":true,"href":"https:\/\/www.coolheadeurope.com\/es\/wp-json\/wp\/v2\/product_tag?post=3196044"}],"curies":[{"name":"wp","href":"https:\/\/api.w.org\/{rel}","templated":true}]}}