{"id":3199258,"date":"2024-12-17T07:59:54","date_gmt":"2024-12-17T07:59:54","guid":{"rendered":"https:\/\/www.coolheadeurope.com\/prodotto\/sin%20categor\u00eda\/crx-4\/"},"modified":"2026-04-04T21:37:47","modified_gmt":"2026-04-04T21:37:47","slug":"crx-4","status":"publish","type":"product","link":"https:\/\/www.coolheadeurope.com\/es\/prodotto\/abs-es\/armarios-verticales-abs\/crx-4\/","title":{"rendered":"CRX 4"},"content":{"rendered":"<p>Armario refrigerado 400 Lt.( CLASE A )<br \/>\nArmario de acero con interior termoformado<br \/>\nEvaporador tipo serpent\u00edn con ventilador de asistencia<br \/>\nDescongelamiento autom\u00e1tico tras parada del compresor<br \/>\nEspuma en ciclopentano (70 mm de espesor en cada lado)<br \/>\nTermostato digital<br \/>\nAlarma de apertura de puerta \/ alarma de temperatura alta<br \/>\nJunta extra\u00edble<br \/>\nPuerta de cierre autom\u00e1tico y reversible<br \/>\nBloqueo e interruptor general de serie<br \/>\nEstantes ajustables: 4 Pcs + 1 Pcs al fondo<br \/>\n2 pies ajustables + 2 ruedas traseras<br \/>\nClase de energ\u00eda: A<\/p>\n","protected":false},"excerpt":{"rendered":"<p>Este modelo de armario ABS de 400 litros representa la combinaci\u00f3n perfecta entre alto rendimiento, coste asequible y bajo consumo. El CRX 4 viene en acabado de acero inoxidable y termoformado interiormente, equipado con termostato digital, alarma puerta de apertura y de alta temperatura, puerta de cierre autom\u00e1tico y reversible, cerradura e interruptor principal, 5 estantes ajustables y 2 pies ajustables + 2 rodillos en la parte trasera. El rendimiento de clase de eficiencia energ\u00e9tica A est\u00e1 garantizado por el gas ecol\u00f3gico R600a y la espuma aislante de 70mm en cada lado<\/p>\n","protected":false},"featured_media":3881137,"template":"","meta":[],"product_brand":[],"product_cat":[7773,7774],"product_tag":[],"class_list":{"0":"post-3199258","1":"product","2":"type-product","3":"status-publish","4":"has-post-thumbnail","6":"product_cat-abs-es","7":"product_cat-armarios-verticales-abs","8":"pa_capacite-commerciale-400-l","9":"pa_consommation-denergie-0-41-kw-24h","10":"pa_hauteur-exterieure-1875-mm","11":"pa_hauteur-interieure-1643-mm","12":"pa_largeur-exterieure-600-mm","13":"pa_largeur-interne-460-mm","14":"pa_niveau-sonore-53-dba","15":"pa_poids-brut-88-kg","16":"pa_poids-net-78-kg","17":"pa_profondeur-externe-666-mm","18":"pa_profondeur-interne-467-mm","19":"pa_puissance-105-w","21":"first","22":"instock","23":"product-type-simple"},"acf":[],"yoast_head":"<!-- This site is optimized with the Yoast SEO plugin v27.2 - https:\/\/yoast.com\/product\/yoast-seo-wordpress\/ -->\n<title>CRX 4 - Cool Head Europe<\/title>\n<meta name=\"robots\" content=\"index, follow, max-snippet:-1, max-image-preview:large, max-video-preview:-1\" \/>\n<link rel=\"canonical\" href=\"https:\/\/www.coolheadeurope.com\/prodotto\/abs\/armadi-abs\/crx-4\/\" \/>\n<meta property=\"og:locale\" content=\"es_ES\" \/>\n<meta property=\"og:type\" content=\"article\" \/>\n<meta property=\"og:title\" content=\"CRX 4 - Cool Head Europe\" \/>\n<meta property=\"og:description\" content=\"Este modelo de armario ABS de 400 litros representa la combinaci\u00f3n perfecta entre alto rendimiento, coste asequible y bajo consumo. El CRX 4 viene en acabado de acero inoxidable y termoformado interiormente, equipado con termostato digital, alarma puerta de apertura y de alta temperatura, puerta de cierre autom\u00e1tico y reversible, cerradura e interruptor principal, 5 estantes ajustables y 2 pies ajustables + 2 rodillos en la parte trasera. El rendimiento de clase de eficiencia energ\u00e9tica A est\u00e1 garantizado por el gas ecol\u00f3gico R600a y la espuma aislante de 70mm en cada lado\" \/>\n<meta property=\"og:url\" content=\"https:\/\/www.coolheadeurope.com\/prodotto\/abs\/armadi-abs\/crx-4\/\" \/>\n<meta property=\"og:site_name\" content=\"Cool Head Europe\" \/>\n<meta property=\"article:modified_time\" content=\"2026-04-04T21:37:47+00:00\" \/>\n<meta property=\"og:image\" content=\"https:\/\/www.coolheadeurope.com\/wp-content\/uploads\/2026\/04\/CRX-4-CORPO_CH_LOW.png\" \/>\n\t<meta property=\"og:image:width\" content=\"250\" \/>\n\t<meta property=\"og:image:height\" content=\"556\" \/>\n\t<meta property=\"og:image:type\" content=\"image\/png\" \/>\n<meta name=\"twitter:card\" content=\"summary_large_image\" \/>\n<!-- \/ Yoast SEO plugin. -->","yoast_head_json":{"title":"CRX 4 - Cool Head Europe","robots":{"index":"index","follow":"follow","max-snippet":"max-snippet:-1","max-image-preview":"max-image-preview:large","max-video-preview":"max-video-preview:-1"},"canonical":"https:\/\/www.coolheadeurope.com\/prodotto\/abs\/armadi-abs\/crx-4\/","og_locale":"es_ES","og_type":"article","og_title":"CRX 4 - Cool Head Europe","og_description":"Este modelo de armario ABS de 400 litros representa la combinaci\u00f3n perfecta entre alto rendimiento, coste asequible y bajo consumo. El CRX 4 viene en acabado de acero inoxidable y termoformado interiormente, equipado con termostato digital, alarma puerta de apertura y de alta temperatura, puerta de cierre autom\u00e1tico y reversible, cerradura e interruptor principal, 5 estantes ajustables y 2 pies ajustables + 2 rodillos en la parte trasera. El rendimiento de clase de eficiencia energ\u00e9tica A est\u00e1 garantizado por el gas ecol\u00f3gico R600a y la espuma aislante de 70mm en cada lado","og_url":"https:\/\/www.coolheadeurope.com\/prodotto\/abs\/armadi-abs\/crx-4\/","og_site_name":"Cool Head Europe","article_modified_time":"2026-04-04T21:37:47+00:00","og_image":[{"width":250,"height":556,"url":"https:\/\/www.coolheadeurope.com\/wp-content\/uploads\/2026\/04\/CRX-4-CORPO_CH_LOW.png","type":"image\/png"}],"twitter_card":"summary_large_image","schema":{"@context":"https:\/\/schema.org","@graph":[{"@type":"WebPage","@id":"https:\/\/www.coolheadeurope.com\/prodotto\/abs\/armadi-abs\/crx-4\/","url":"https:\/\/www.coolheadeurope.com\/prodotto\/abs\/armadi-abs\/crx-4\/","name":"CRX 4 - Cool Head Europe","isPartOf":{"@id":"https:\/\/www.coolheadeurope.com\/#website"},"primaryImageOfPage":{"@id":"https:\/\/www.coolheadeurope.com\/prodotto\/abs\/armadi-abs\/crx-4\/#primaryimage"},"image":{"@id":"https:\/\/www.coolheadeurope.com\/prodotto\/abs\/armadi-abs\/crx-4\/#primaryimage"},"thumbnailUrl":"https:\/\/www.coolheadeurope.com\/wp-content\/uploads\/2026\/04\/CRX-4-CORPO_CH_LOW.png","datePublished":"2024-12-17T07:59:54+00:00","dateModified":"2026-04-04T21:37:47+00:00","breadcrumb":{"@id":"https:\/\/www.coolheadeurope.com\/prodotto\/abs\/armadi-abs\/crx-4\/#breadcrumb"},"inLanguage":"es","potentialAction":[{"@type":"ReadAction","target":["https:\/\/www.coolheadeurope.com\/prodotto\/abs\/armadi-abs\/crx-4\/"]}]},{"@type":"ImageObject","inLanguage":"es","@id":"https:\/\/www.coolheadeurope.com\/prodotto\/abs\/armadi-abs\/crx-4\/#primaryimage","url":"https:\/\/www.coolheadeurope.com\/wp-content\/uploads\/2026\/04\/CRX-4-CORPO_CH_LOW.png","contentUrl":"https:\/\/www.coolheadeurope.com\/wp-content\/uploads\/2026\/04\/CRX-4-CORPO_CH_LOW.png","width":250,"height":556,"caption":"Immagine di CRX 4"},{"@type":"BreadcrumbList","@id":"https:\/\/www.coolheadeurope.com\/prodotto\/abs\/armadi-abs\/crx-4\/#breadcrumb","itemListElement":[{"@type":"ListItem","position":1,"name":"Home","item":"https:\/\/www.coolheadeurope.com\/es\/"},{"@type":"ListItem","position":2,"name":"Buscar","item":"https:\/\/www.coolheadeurope.com\/es\/buscar\/"},{"@type":"ListItem","position":3,"name":"CRX 4"}]},{"@type":"WebSite","@id":"https:\/\/www.coolheadeurope.com\/#website","url":"https:\/\/www.coolheadeurope.com\/","name":"Cool Head Europe","description":"We make the world a cooler place","potentialAction":[{"@type":"SearchAction","target":{"@type":"EntryPoint","urlTemplate":"https:\/\/www.coolheadeurope.com\/?s={search_term_string}"},"query-input":{"@type":"PropertyValueSpecification","valueRequired":true,"valueName":"search_term_string"}}],"inLanguage":"es"}]}},"_links":{"self":[{"href":"https:\/\/www.coolheadeurope.com\/es\/wp-json\/wp\/v2\/product\/3199258","targetHints":{"allow":["GET"]}}],"collection":[{"href":"https:\/\/www.coolheadeurope.com\/es\/wp-json\/wp\/v2\/product"}],"about":[{"href":"https:\/\/www.coolheadeurope.com\/es\/wp-json\/wp\/v2\/types\/product"}],"wp:featuredmedia":[{"embeddable":true,"href":"https:\/\/www.coolheadeurope.com\/es\/wp-json\/wp\/v2\/media\/3881137"}],"wp:attachment":[{"href":"https:\/\/www.coolheadeurope.com\/es\/wp-json\/wp\/v2\/media?parent=3199258"}],"wp:term":[{"taxonomy":"product_brand","embeddable":true,"href":"https:\/\/www.coolheadeurope.com\/es\/wp-json\/wp\/v2\/product_brand?post=3199258"},{"taxonomy":"product_cat","embeddable":true,"href":"https:\/\/www.coolheadeurope.com\/es\/wp-json\/wp\/v2\/product_cat?post=3199258"},{"taxonomy":"product_tag","embeddable":true,"href":"https:\/\/www.coolheadeurope.com\/es\/wp-json\/wp\/v2\/product_tag?post=3199258"}],"curies":[{"name":"wp","href":"https:\/\/api.w.org\/{rel}","templated":true}]}}