{"id":3199276,"date":"2024-12-17T08:36:57","date_gmt":"2024-12-17T08:36:57","guid":{"rendered":"https:\/\/www.coolheadeurope.com\/prodotto\/sin%20categor\u00eda\/dc-55b\/"},"modified":"2026-04-04T22:42:48","modified_gmt":"2026-04-04T22:42:48","slug":"dc-55b-2","status":"publish","type":"product","link":"https:\/\/www.coolheadeurope.com\/es\/prodotto\/bebidas\/refrigeradores-de-encimera\/dc-55b-2\/","title":{"rendered":"DC 55B"},"content":{"rendered":"<p>Refrigerador de bebidas vertical 55 Lt.<br \/>\nExterior en chapa pintada de negro, interior en negro termoformado<br \/>\nEvaporador tipo serpent\u00edn con ventilador de asistencia<br \/>\nDescongelaci\u00f3n manual<br \/>\nEspuma en ciclopentano (35 mm de espesor en cada lado)<br \/>\nTermostato mec\u00e1nico<br \/>\nTerm\u00f3metro digital<br \/>\nJunta extra\u00edble<br \/>\nVidrio de seguridad doble templado<\/p>\n<p>Cerradura de serie<br \/>\nLuz LED interior horizontal (con interruptor independiente)<br \/>\nEstantes ajustables (color negro): 1 piezas<br \/>\nPies ajustables<br \/>\nClase de energ\u00eda: B<\/p>\n","protected":false},"excerpt":{"rendered":"<p>El modelo DC 55B ha sido dise\u00f1ado para ser un enfriador de bebidas de mostrador fiable y vers\u00e1til. Es ideal para exponer y mantener todo tipo de botellas y latas a la temperatura adecuada. Adem\u00e1s, se puede personalizar con mensajes promocionales. Con una capacidad de 52L, totalmente acabado en negro y con manilla a lo largo del perfil de la puerta, este producto est\u00e1 equipado con un estante ajustable en negro, term\u00f3metro digital, cerradura y cristal templado de seguridad de doble capa.<\/p>\n","protected":false},"featured_media":3112367,"template":"","meta":[],"product_brand":[],"product_cat":[7781,7784],"product_tag":[],"class_list":{"0":"post-3199276","1":"product","2":"type-product","3":"status-publish","4":"has-post-thumbnail","6":"product_cat-bebidas","7":"product_cat-refrigeradores-de-encimera","8":"pa_capacite-commerciale-50-l","9":"pa_consommation-denergie-kw-24h","10":"pa_hauteur-exterieure-509-mm","11":"pa_hauteur-interieure-410-mm","12":"pa_largeur-exterieure-430-mm","13":"pa_largeur-interne-360-mm","14":"pa_niveau-sonore-38-dba","15":"pa_poids-brut-20-kg","16":"pa_poids-net-17-kg","17":"pa_profondeur-externe-475-mm","18":"pa_profondeur-interne-400-mm","19":"pa_puissance-70-w","21":"first","22":"instock","23":"product-type-simple"},"acf":[],"yoast_head":"<!-- This site is optimized with the Yoast SEO plugin v27.2 - https:\/\/yoast.com\/product\/yoast-seo-wordpress\/ -->\n<title>DC 55B - Cool Head Europe<\/title>\n<meta name=\"robots\" content=\"index, follow, max-snippet:-1, max-image-preview:large, max-video-preview:-1\" \/>\n<link rel=\"canonical\" href=\"https:\/\/www.coolheadeurope.com\/prodotto\/drinks\/vetrine-da-banco-drinks\/dc-55b-2\/\" \/>\n<meta property=\"og:locale\" content=\"es_ES\" \/>\n<meta property=\"og:type\" content=\"article\" \/>\n<meta property=\"og:title\" content=\"DC 55B - Cool Head Europe\" \/>\n<meta property=\"og:description\" content=\"El modelo DC 55B ha sido dise\u00f1ado para ser un enfriador de bebidas de mostrador fiable y vers\u00e1til. Es ideal para exponer y mantener todo tipo de botellas y latas a la temperatura adecuada. Adem\u00e1s, se puede personalizar con mensajes promocionales. Con una capacidad de 52L, totalmente acabado en negro y con manilla a lo largo del perfil de la puerta, este producto est\u00e1 equipado con un estante ajustable en negro, term\u00f3metro digital, cerradura y cristal templado de seguridad de doble capa.\" \/>\n<meta property=\"og:url\" content=\"https:\/\/www.coolheadeurope.com\/prodotto\/drinks\/vetrine-da-banco-drinks\/dc-55b-2\/\" \/>\n<meta property=\"og:site_name\" content=\"Cool Head Europe\" \/>\n<meta property=\"article:modified_time\" content=\"2026-04-04T22:42:48+00:00\" \/>\n<meta property=\"og:image\" content=\"https:\/\/www.coolheadeurope.com\/wp-content\/uploads\/2024\/11\/DC-55B-CORPO_CH_LOW.png\" \/>\n\t<meta property=\"og:image:width\" content=\"258\" \/>\n\t<meta property=\"og:image:height\" content=\"258\" \/>\n\t<meta property=\"og:image:type\" content=\"image\/png\" \/>\n<meta name=\"twitter:card\" content=\"summary_large_image\" \/>\n<!-- \/ Yoast SEO plugin. -->","yoast_head_json":{"title":"DC 55B - Cool Head Europe","robots":{"index":"index","follow":"follow","max-snippet":"max-snippet:-1","max-image-preview":"max-image-preview:large","max-video-preview":"max-video-preview:-1"},"canonical":"https:\/\/www.coolheadeurope.com\/prodotto\/drinks\/vetrine-da-banco-drinks\/dc-55b-2\/","og_locale":"es_ES","og_type":"article","og_title":"DC 55B - Cool Head Europe","og_description":"El modelo DC 55B ha sido dise\u00f1ado para ser un enfriador de bebidas de mostrador fiable y vers\u00e1til. Es ideal para exponer y mantener todo tipo de botellas y latas a la temperatura adecuada. Adem\u00e1s, se puede personalizar con mensajes promocionales. Con una capacidad de 52L, totalmente acabado en negro y con manilla a lo largo del perfil de la puerta, este producto est\u00e1 equipado con un estante ajustable en negro, term\u00f3metro digital, cerradura y cristal templado de seguridad de doble capa.","og_url":"https:\/\/www.coolheadeurope.com\/prodotto\/drinks\/vetrine-da-banco-drinks\/dc-55b-2\/","og_site_name":"Cool Head Europe","article_modified_time":"2026-04-04T22:42:48+00:00","og_image":[{"width":258,"height":258,"url":"https:\/\/www.coolheadeurope.com\/wp-content\/uploads\/2024\/11\/DC-55B-CORPO_CH_LOW.png","type":"image\/png"}],"twitter_card":"summary_large_image","schema":{"@context":"https:\/\/schema.org","@graph":[{"@type":"WebPage","@id":"https:\/\/www.coolheadeurope.com\/prodotto\/drinks\/vetrine-da-banco-drinks\/dc-55b-2\/","url":"https:\/\/www.coolheadeurope.com\/prodotto\/drinks\/vetrine-da-banco-drinks\/dc-55b-2\/","name":"DC 55B - Cool Head Europe","isPartOf":{"@id":"https:\/\/www.coolheadeurope.com\/#website"},"primaryImageOfPage":{"@id":"https:\/\/www.coolheadeurope.com\/prodotto\/drinks\/vetrine-da-banco-drinks\/dc-55b-2\/#primaryimage"},"image":{"@id":"https:\/\/www.coolheadeurope.com\/prodotto\/drinks\/vetrine-da-banco-drinks\/dc-55b-2\/#primaryimage"},"thumbnailUrl":"https:\/\/www.coolheadeurope.com\/wp-content\/uploads\/2024\/11\/DC-55B-CORPO_CH_LOW.png","datePublished":"2024-12-17T08:36:57+00:00","dateModified":"2026-04-04T22:42:48+00:00","breadcrumb":{"@id":"https:\/\/www.coolheadeurope.com\/prodotto\/drinks\/vetrine-da-banco-drinks\/dc-55b-2\/#breadcrumb"},"inLanguage":"es","potentialAction":[{"@type":"ReadAction","target":["https:\/\/www.coolheadeurope.com\/prodotto\/drinks\/vetrine-da-banco-drinks\/dc-55b-2\/"]}]},{"@type":"ImageObject","inLanguage":"es","@id":"https:\/\/www.coolheadeurope.com\/prodotto\/drinks\/vetrine-da-banco-drinks\/dc-55b-2\/#primaryimage","url":"https:\/\/www.coolheadeurope.com\/wp-content\/uploads\/2024\/11\/DC-55B-CORPO_CH_LOW.png","contentUrl":"https:\/\/www.coolheadeurope.com\/wp-content\/uploads\/2024\/11\/DC-55B-CORPO_CH_LOW.png","width":258,"height":258,"caption":"Immagine di DC 55B"},{"@type":"BreadcrumbList","@id":"https:\/\/www.coolheadeurope.com\/prodotto\/drinks\/vetrine-da-banco-drinks\/dc-55b-2\/#breadcrumb","itemListElement":[{"@type":"ListItem","position":1,"name":"Home","item":"https:\/\/www.coolheadeurope.com\/es\/"},{"@type":"ListItem","position":2,"name":"Buscar","item":"https:\/\/www.coolheadeurope.com\/es\/buscar\/"},{"@type":"ListItem","position":3,"name":"DC 55B"}]},{"@type":"WebSite","@id":"https:\/\/www.coolheadeurope.com\/#website","url":"https:\/\/www.coolheadeurope.com\/","name":"Cool Head Europe","description":"We make the world a cooler place","potentialAction":[{"@type":"SearchAction","target":{"@type":"EntryPoint","urlTemplate":"https:\/\/www.coolheadeurope.com\/?s={search_term_string}"},"query-input":{"@type":"PropertyValueSpecification","valueRequired":true,"valueName":"search_term_string"}}],"inLanguage":"es"}]}},"_links":{"self":[{"href":"https:\/\/www.coolheadeurope.com\/es\/wp-json\/wp\/v2\/product\/3199276","targetHints":{"allow":["GET"]}}],"collection":[{"href":"https:\/\/www.coolheadeurope.com\/es\/wp-json\/wp\/v2\/product"}],"about":[{"href":"https:\/\/www.coolheadeurope.com\/es\/wp-json\/wp\/v2\/types\/product"}],"wp:featuredmedia":[{"embeddable":true,"href":"https:\/\/www.coolheadeurope.com\/es\/wp-json\/wp\/v2\/media\/3112367"}],"wp:attachment":[{"href":"https:\/\/www.coolheadeurope.com\/es\/wp-json\/wp\/v2\/media?parent=3199276"}],"wp:term":[{"taxonomy":"product_brand","embeddable":true,"href":"https:\/\/www.coolheadeurope.com\/es\/wp-json\/wp\/v2\/product_brand?post=3199276"},{"taxonomy":"product_cat","embeddable":true,"href":"https:\/\/www.coolheadeurope.com\/es\/wp-json\/wp\/v2\/product_cat?post=3199276"},{"taxonomy":"product_tag","embeddable":true,"href":"https:\/\/www.coolheadeurope.com\/es\/wp-json\/wp\/v2\/product_tag?post=3199276"}],"curies":[{"name":"wp","href":"https:\/\/api.w.org\/{rel}","templated":true}]}}