{"id":3199278,"date":"2024-12-17T08:41:34","date_gmt":"2024-12-17T08:41:34","guid":{"rendered":"https:\/\/www.coolheadeurope.com\/prodotto\/sin%20categor\u00eda\/rcf-60\/"},"modified":"2026-04-04T22:42:48","modified_gmt":"2026-04-04T22:42:48","slug":"rcf-60","status":"publish","type":"product","link":"https:\/\/www.coolheadeurope.com\/es\/prodotto\/bebidas\/refrigeradores-de-encimera\/rcf-60\/","title":{"rendered":"RCF 60"},"content":{"rendered":"<p>Refrigerador de bebida vertical de 60 litros<br \/>\nExterior en chapa pintada de negro, interior de aluminio negro<br \/>\nEvaporador tipo serpent\u00edn con ventilador de asistencia<br \/>\nDescongelaci\u00f3n manual<br \/>\nEspuma en ciclopentano (40 mm de espesor en cada lado)<br \/>\nJunta extra\u00edble<br \/>\nInterruptor independiente para luces interiores<br \/>\nVidrio de seguridad doble templado<br \/>\nPuerta de cierre autom\u00e1tico<br \/>\nCerradura de serie<br \/>\nEstantes ajustables (color negro): 3 piezas<br \/>\nN. 4 pies ajustables<br \/>\nClase de energ\u00eda: C<\/p>\n","protected":false},"excerpt":{"rendered":"<p>El modelo RCF 60 ha sido dise\u00f1ado para ser un enfriador de bebidas de mostrador fiable y vers\u00e1til. Es ideal para exponer y mantener todo tipo de botellas y latas a la temperatura adecuada. Adem\u00e1s, se puede personalizar con mensajes promocionales. Con una capacidad de 67L, en color negro y con manilla a lo largo del perfil de la puerta, este producto est\u00e1 equipado con luz LED, estantes ajustables, puerta de cierre autom\u00e1tico y cristal templado de seguridad de doble capa.<\/p>\n","protected":false},"featured_media":3708077,"template":"","meta":[],"product_brand":[],"product_cat":[7781,7784],"product_tag":[],"class_list":{"0":"post-3199278","1":"product","2":"type-product","3":"status-publish","4":"has-post-thumbnail","6":"product_cat-bebidas","7":"product_cat-refrigeradores-de-encimera","8":"pa_capacite-commerciale-67-l","9":"pa_consommation-denergie-0-558-kw-24h","10":"pa_hauteur-exterieure-672-mm","11":"pa_hauteur-interieure-557-mm","12":"pa_largeur-exterieure-432-mm","13":"pa_largeur-interne-356-mm","14":"pa_niveau-sonore-45-db","15":"pa_poids-brut-34-5-kg","16":"pa_poids-net-32-5-kg","17":"pa_profondeur-externe-496-mm","18":"pa_profondeur-interne-368-mm","19":"pa_puissance-80-w","21":"first","22":"instock","23":"product-type-simple"},"acf":[],"yoast_head":"<!-- This site is optimized with the Yoast SEO plugin v27.2 - https:\/\/yoast.com\/product\/yoast-seo-wordpress\/ -->\n<title>RCF 60 - Cool Head Europe<\/title>\n<meta name=\"robots\" content=\"index, follow, max-snippet:-1, max-image-preview:large, max-video-preview:-1\" \/>\n<link rel=\"canonical\" href=\"https:\/\/www.coolheadeurope.com\/es\/prodotto\/bebidas\/refrigeradores-de-encimera\/rcf-60\/\" \/>\n<meta property=\"og:locale\" content=\"es_ES\" \/>\n<meta property=\"og:type\" content=\"article\" \/>\n<meta property=\"og:title\" content=\"RCF 60 - Cool Head Europe\" \/>\n<meta property=\"og:description\" content=\"El modelo RCF 60 ha sido dise\u00f1ado para ser un enfriador de bebidas de mostrador fiable y vers\u00e1til. Es ideal para exponer y mantener todo tipo de botellas y latas a la temperatura adecuada. Adem\u00e1s, se puede personalizar con mensajes promocionales. Con una capacidad de 67L, en color negro y con manilla a lo largo del perfil de la puerta, este producto est\u00e1 equipado con luz LED, estantes ajustables, puerta de cierre autom\u00e1tico y cristal templado de seguridad de doble capa.\" \/>\n<meta property=\"og:url\" content=\"https:\/\/www.coolheadeurope.com\/es\/prodotto\/bebidas\/refrigeradores-de-encimera\/rcf-60\/\" \/>\n<meta property=\"og:site_name\" content=\"Cool Head Europe\" \/>\n<meta property=\"article:modified_time\" content=\"2026-04-04T22:42:48+00:00\" \/>\n<meta property=\"og:image\" content=\"https:\/\/www.coolheadeurope.com\/wp-content\/uploads\/2026\/04\/RCF-60-CORPO_CH_LOW-16.png\" \/>\n\t<meta property=\"og:image:width\" content=\"367\" \/>\n\t<meta property=\"og:image:height\" content=\"454\" \/>\n\t<meta property=\"og:image:type\" content=\"image\/png\" \/>\n<meta name=\"twitter:card\" content=\"summary_large_image\" \/>\n<!-- \/ Yoast SEO plugin. -->","yoast_head_json":{"title":"RCF 60 - Cool Head Europe","robots":{"index":"index","follow":"follow","max-snippet":"max-snippet:-1","max-image-preview":"max-image-preview:large","max-video-preview":"max-video-preview:-1"},"canonical":"https:\/\/www.coolheadeurope.com\/es\/prodotto\/bebidas\/refrigeradores-de-encimera\/rcf-60\/","og_locale":"es_ES","og_type":"article","og_title":"RCF 60 - Cool Head Europe","og_description":"El modelo RCF 60 ha sido dise\u00f1ado para ser un enfriador de bebidas de mostrador fiable y vers\u00e1til. Es ideal para exponer y mantener todo tipo de botellas y latas a la temperatura adecuada. Adem\u00e1s, se puede personalizar con mensajes promocionales. Con una capacidad de 67L, en color negro y con manilla a lo largo del perfil de la puerta, este producto est\u00e1 equipado con luz LED, estantes ajustables, puerta de cierre autom\u00e1tico y cristal templado de seguridad de doble capa.","og_url":"https:\/\/www.coolheadeurope.com\/es\/prodotto\/bebidas\/refrigeradores-de-encimera\/rcf-60\/","og_site_name":"Cool Head Europe","article_modified_time":"2026-04-04T22:42:48+00:00","og_image":[{"width":367,"height":454,"url":"https:\/\/www.coolheadeurope.com\/wp-content\/uploads\/2026\/04\/RCF-60-CORPO_CH_LOW-16.png","type":"image\/png"}],"twitter_card":"summary_large_image","schema":{"@context":"https:\/\/schema.org","@graph":[{"@type":"WebPage","@id":"https:\/\/www.coolheadeurope.com\/es\/prodotto\/bebidas\/refrigeradores-de-encimera\/rcf-60\/","url":"https:\/\/www.coolheadeurope.com\/es\/prodotto\/bebidas\/refrigeradores-de-encimera\/rcf-60\/","name":"RCF 60 - Cool Head Europe","isPartOf":{"@id":"https:\/\/www.coolheadeurope.com\/#website"},"primaryImageOfPage":{"@id":"https:\/\/www.coolheadeurope.com\/es\/prodotto\/bebidas\/refrigeradores-de-encimera\/rcf-60\/#primaryimage"},"image":{"@id":"https:\/\/www.coolheadeurope.com\/es\/prodotto\/bebidas\/refrigeradores-de-encimera\/rcf-60\/#primaryimage"},"thumbnailUrl":"https:\/\/www.coolheadeurope.com\/wp-content\/uploads\/2026\/04\/RCF-60-CORPO_CH_LOW-16.png","datePublished":"2024-12-17T08:41:34+00:00","dateModified":"2026-04-04T22:42:48+00:00","breadcrumb":{"@id":"https:\/\/www.coolheadeurope.com\/es\/prodotto\/bebidas\/refrigeradores-de-encimera\/rcf-60\/#breadcrumb"},"inLanguage":"es","potentialAction":[{"@type":"ReadAction","target":["https:\/\/www.coolheadeurope.com\/es\/prodotto\/bebidas\/refrigeradores-de-encimera\/rcf-60\/"]}]},{"@type":"ImageObject","inLanguage":"es","@id":"https:\/\/www.coolheadeurope.com\/es\/prodotto\/bebidas\/refrigeradores-de-encimera\/rcf-60\/#primaryimage","url":"https:\/\/www.coolheadeurope.com\/wp-content\/uploads\/2026\/04\/RCF-60-CORPO_CH_LOW-16.png","contentUrl":"https:\/\/www.coolheadeurope.com\/wp-content\/uploads\/2026\/04\/RCF-60-CORPO_CH_LOW-16.png","width":367,"height":454,"caption":"Immagine di RCF 60"},{"@type":"BreadcrumbList","@id":"https:\/\/www.coolheadeurope.com\/es\/prodotto\/bebidas\/refrigeradores-de-encimera\/rcf-60\/#breadcrumb","itemListElement":[{"@type":"ListItem","position":1,"name":"Home","item":"https:\/\/www.coolheadeurope.com\/es\/"},{"@type":"ListItem","position":2,"name":"Buscar","item":"https:\/\/www.coolheadeurope.com\/es\/buscar\/"},{"@type":"ListItem","position":3,"name":"RCF 60"}]},{"@type":"WebSite","@id":"https:\/\/www.coolheadeurope.com\/#website","url":"https:\/\/www.coolheadeurope.com\/","name":"Cool Head Europe","description":"We make the world a cooler place","potentialAction":[{"@type":"SearchAction","target":{"@type":"EntryPoint","urlTemplate":"https:\/\/www.coolheadeurope.com\/?s={search_term_string}"},"query-input":{"@type":"PropertyValueSpecification","valueRequired":true,"valueName":"search_term_string"}}],"inLanguage":"es"}]}},"_links":{"self":[{"href":"https:\/\/www.coolheadeurope.com\/es\/wp-json\/wp\/v2\/product\/3199278","targetHints":{"allow":["GET"]}}],"collection":[{"href":"https:\/\/www.coolheadeurope.com\/es\/wp-json\/wp\/v2\/product"}],"about":[{"href":"https:\/\/www.coolheadeurope.com\/es\/wp-json\/wp\/v2\/types\/product"}],"wp:featuredmedia":[{"embeddable":true,"href":"https:\/\/www.coolheadeurope.com\/es\/wp-json\/wp\/v2\/media\/3708077"}],"wp:attachment":[{"href":"https:\/\/www.coolheadeurope.com\/es\/wp-json\/wp\/v2\/media?parent=3199278"}],"wp:term":[{"taxonomy":"product_brand","embeddable":true,"href":"https:\/\/www.coolheadeurope.com\/es\/wp-json\/wp\/v2\/product_brand?post=3199278"},{"taxonomy":"product_cat","embeddable":true,"href":"https:\/\/www.coolheadeurope.com\/es\/wp-json\/wp\/v2\/product_cat?post=3199278"},{"taxonomy":"product_tag","embeddable":true,"href":"https:\/\/www.coolheadeurope.com\/es\/wp-json\/wp\/v2\/product_tag?post=3199278"}],"curies":[{"name":"wp","href":"https:\/\/api.w.org\/{rel}","templated":true}]}}