{"id":3199280,"date":"2024-12-17T08:46:01","date_gmt":"2024-12-17T08:46:01","guid":{"rendered":"https:\/\/www.coolheadeurope.com\/prodotto\/sin%20categor\u00eda\/rcf-145\/"},"modified":"2026-04-04T22:42:48","modified_gmt":"2026-04-04T22:42:48","slug":"rcf-145","status":"publish","type":"product","link":"https:\/\/www.coolheadeurope.com\/es\/prodotto\/bebidas\/vitrinas-para-bebidas\/rcf-145\/","title":{"rendered":"RCF 145"},"content":{"rendered":"<p>Refrigerador de bebidas vertical 115 Lt.<br \/>\nExterior en chapa pintada de blanco, interior en termoformado blanco<br \/>\nEvaporador tipo serpent\u00edn con ventilador de asistencia<br \/>\nDescongelaci\u00f3n manual<br \/>\nEspuma en ciclopentano (45 mm de espesor en cada lado)<br \/>\nJunta extra\u00edble<br \/>\nInterruptor independiente para luces interiores<br \/>\nVidrio de seguridad doble templado (curvado)<br \/>\nTerm\u00f3metro digital<br \/>\nPuerta reversible<br \/>\nCerradura de serie<br \/>\nEstantes ajustables (color blanco ): 3 piezas<br \/>\nN. 4 pies ajustables<br \/>\nClase de energ\u00eda: C<\/p>\n","protected":false},"excerpt":{"rendered":"<p>El modelo RCF145 ha sido dise\u00f1ado para ser un enfriador de bebidas fiable y vers\u00e1til. Es ideal para exponer y mantener todo tipo de botellas y latas a la temperatura adecuada. Adem\u00e1s, se puede personalizar con mensajes promocionales. Con capacidad para 115L, este producto est\u00e1 equipado con luz LED, 3 estantes ajustables en color blanco, cerradura e interruptor independiente para la luz interna.<\/p>\n","protected":false},"featured_media":3881198,"template":"","meta":[],"product_brand":[],"product_cat":[7781,7785],"product_tag":[],"class_list":{"0":"post-3199280","1":"product","2":"type-product","3":"status-publish","4":"has-post-thumbnail","6":"product_cat-bebidas","7":"product_cat-vitrinas-para-bebidas","8":"pa_capacite-commerciale-115-l","9":"pa_consommation-denergie-2-76-kw-24h","10":"pa_hauteur-exterieure-855-mm","11":"pa_hauteur-interieure-700-mm","12":"pa_largeur-exterieure-505-mm","13":"pa_largeur-interne-410-mm","14":"pa_niveau-sonore-47-dba","15":"pa_poids-brut-40-kg","16":"pa_poids-net-37-kg","17":"pa_profondeur-externe-590-mm","18":"pa_profondeur-interne-395-mm","19":"pa_puissance-90-w","21":"first","22":"instock","23":"product-type-simple"},"acf":[],"yoast_head":"<!-- This site is optimized with the Yoast SEO plugin v27.2 - https:\/\/yoast.com\/product\/yoast-seo-wordpress\/ -->\n<title>RCF 145 - Cool Head Europe<\/title>\n<meta name=\"robots\" content=\"index, follow, max-snippet:-1, max-image-preview:large, max-video-preview:-1\" \/>\n<link rel=\"canonical\" href=\"https:\/\/www.coolheadeurope.com\/es\/prodotto\/bebidas\/vitrinas-para-bebidas\/rcf-145\/\" \/>\n<meta property=\"og:locale\" content=\"es_ES\" \/>\n<meta property=\"og:type\" content=\"article\" \/>\n<meta property=\"og:title\" content=\"RCF 145 - Cool Head Europe\" \/>\n<meta property=\"og:description\" content=\"El modelo RCF145 ha sido dise\u00f1ado para ser un enfriador de bebidas fiable y vers\u00e1til. Es ideal para exponer y mantener todo tipo de botellas y latas a la temperatura adecuada. Adem\u00e1s, se puede personalizar con mensajes promocionales. Con capacidad para 115L, este producto est\u00e1 equipado con luz LED, 3 estantes ajustables en color blanco, cerradura e interruptor independiente para la luz interna.\" \/>\n<meta property=\"og:url\" content=\"https:\/\/www.coolheadeurope.com\/es\/prodotto\/bebidas\/vitrinas-para-bebidas\/rcf-145\/\" \/>\n<meta property=\"og:site_name\" content=\"Cool Head Europe\" \/>\n<meta property=\"article:modified_time\" content=\"2026-04-04T22:42:48+00:00\" \/>\n<meta property=\"og:image\" content=\"https:\/\/www.coolheadeurope.com\/wp-content\/uploads\/2026\/04\/RCF-145-CORPO_CH_LOW-20.png\" \/>\n\t<meta property=\"og:image:width\" content=\"422\" \/>\n\t<meta property=\"og:image:height\" content=\"567\" \/>\n\t<meta property=\"og:image:type\" content=\"image\/png\" \/>\n<meta name=\"twitter:card\" content=\"summary_large_image\" \/>\n<!-- \/ Yoast SEO plugin. -->","yoast_head_json":{"title":"RCF 145 - Cool Head Europe","robots":{"index":"index","follow":"follow","max-snippet":"max-snippet:-1","max-image-preview":"max-image-preview:large","max-video-preview":"max-video-preview:-1"},"canonical":"https:\/\/www.coolheadeurope.com\/es\/prodotto\/bebidas\/vitrinas-para-bebidas\/rcf-145\/","og_locale":"es_ES","og_type":"article","og_title":"RCF 145 - Cool Head Europe","og_description":"El modelo RCF145 ha sido dise\u00f1ado para ser un enfriador de bebidas fiable y vers\u00e1til. Es ideal para exponer y mantener todo tipo de botellas y latas a la temperatura adecuada. Adem\u00e1s, se puede personalizar con mensajes promocionales. Con capacidad para 115L, este producto est\u00e1 equipado con luz LED, 3 estantes ajustables en color blanco, cerradura e interruptor independiente para la luz interna.","og_url":"https:\/\/www.coolheadeurope.com\/es\/prodotto\/bebidas\/vitrinas-para-bebidas\/rcf-145\/","og_site_name":"Cool Head Europe","article_modified_time":"2026-04-04T22:42:48+00:00","og_image":[{"width":422,"height":567,"url":"https:\/\/www.coolheadeurope.com\/wp-content\/uploads\/2026\/04\/RCF-145-CORPO_CH_LOW-20.png","type":"image\/png"}],"twitter_card":"summary_large_image","schema":{"@context":"https:\/\/schema.org","@graph":[{"@type":"WebPage","@id":"https:\/\/www.coolheadeurope.com\/es\/prodotto\/bebidas\/vitrinas-para-bebidas\/rcf-145\/","url":"https:\/\/www.coolheadeurope.com\/es\/prodotto\/bebidas\/vitrinas-para-bebidas\/rcf-145\/","name":"RCF 145 - Cool Head Europe","isPartOf":{"@id":"https:\/\/www.coolheadeurope.com\/#website"},"primaryImageOfPage":{"@id":"https:\/\/www.coolheadeurope.com\/es\/prodotto\/bebidas\/vitrinas-para-bebidas\/rcf-145\/#primaryimage"},"image":{"@id":"https:\/\/www.coolheadeurope.com\/es\/prodotto\/bebidas\/vitrinas-para-bebidas\/rcf-145\/#primaryimage"},"thumbnailUrl":"https:\/\/www.coolheadeurope.com\/wp-content\/uploads\/2026\/04\/RCF-145-CORPO_CH_LOW.png","datePublished":"2024-12-17T08:46:01+00:00","dateModified":"2026-04-04T22:42:48+00:00","breadcrumb":{"@id":"https:\/\/www.coolheadeurope.com\/es\/prodotto\/bebidas\/vitrinas-para-bebidas\/rcf-145\/#breadcrumb"},"inLanguage":"es","potentialAction":[{"@type":"ReadAction","target":["https:\/\/www.coolheadeurope.com\/es\/prodotto\/bebidas\/vitrinas-para-bebidas\/rcf-145\/"]}]},{"@type":"ImageObject","inLanguage":"es","@id":"https:\/\/www.coolheadeurope.com\/es\/prodotto\/bebidas\/vitrinas-para-bebidas\/rcf-145\/#primaryimage","url":"https:\/\/www.coolheadeurope.com\/wp-content\/uploads\/2026\/04\/RCF-145-CORPO_CH_LOW.png","contentUrl":"https:\/\/www.coolheadeurope.com\/wp-content\/uploads\/2026\/04\/RCF-145-CORPO_CH_LOW.png","width":422,"height":567,"caption":"Immagine di RCF 145"},{"@type":"BreadcrumbList","@id":"https:\/\/www.coolheadeurope.com\/es\/prodotto\/bebidas\/vitrinas-para-bebidas\/rcf-145\/#breadcrumb","itemListElement":[{"@type":"ListItem","position":1,"name":"Home","item":"https:\/\/www.coolheadeurope.com\/es\/"},{"@type":"ListItem","position":2,"name":"Buscar","item":"https:\/\/www.coolheadeurope.com\/es\/buscar\/"},{"@type":"ListItem","position":3,"name":"RCF 145"}]},{"@type":"WebSite","@id":"https:\/\/www.coolheadeurope.com\/#website","url":"https:\/\/www.coolheadeurope.com\/","name":"Cool Head Europe","description":"We make the world a cooler place","potentialAction":[{"@type":"SearchAction","target":{"@type":"EntryPoint","urlTemplate":"https:\/\/www.coolheadeurope.com\/?s={search_term_string}"},"query-input":{"@type":"PropertyValueSpecification","valueRequired":true,"valueName":"search_term_string"}}],"inLanguage":"es"}]}},"_links":{"self":[{"href":"https:\/\/www.coolheadeurope.com\/es\/wp-json\/wp\/v2\/product\/3199280","targetHints":{"allow":["GET"]}}],"collection":[{"href":"https:\/\/www.coolheadeurope.com\/es\/wp-json\/wp\/v2\/product"}],"about":[{"href":"https:\/\/www.coolheadeurope.com\/es\/wp-json\/wp\/v2\/types\/product"}],"wp:featuredmedia":[{"embeddable":true,"href":"https:\/\/www.coolheadeurope.com\/es\/wp-json\/wp\/v2\/media\/3881198"}],"wp:attachment":[{"href":"https:\/\/www.coolheadeurope.com\/es\/wp-json\/wp\/v2\/media?parent=3199280"}],"wp:term":[{"taxonomy":"product_brand","embeddable":true,"href":"https:\/\/www.coolheadeurope.com\/es\/wp-json\/wp\/v2\/product_brand?post=3199280"},{"taxonomy":"product_cat","embeddable":true,"href":"https:\/\/www.coolheadeurope.com\/es\/wp-json\/wp\/v2\/product_cat?post=3199280"},{"taxonomy":"product_tag","embeddable":true,"href":"https:\/\/www.coolheadeurope.com\/es\/wp-json\/wp\/v2\/product_tag?post=3199280"}],"curies":[{"name":"wp","href":"https:\/\/api.w.org\/{rel}","templated":true}]}}