{"id":3199282,"date":"2024-12-17T10:27:47","date_gmt":"2024-12-17T10:27:47","guid":{"rendered":"https:\/\/www.coolheadeurope.com\/prodotto\/sin%20categor\u00eda\/rc-300b\/"},"modified":"2026-02-08T03:24:56","modified_gmt":"2026-02-08T03:24:56","slug":"rc-300b","status":"publish","type":"product","link":"https:\/\/www.coolheadeurope.com\/es\/prodotto\/bebidas\/vitrinas-para-bebidas\/rc-300b\/","title":{"rendered":"RC 300B"},"content":{"rendered":"<p>Refrigerador de bebida vertical de 300 litros<br \/>\nArmario con interior y exterior en acero pintado negro<br \/>\nEvaporador tipo serpent\u00edn con ventilador de asistencia<br \/>\nDescongelaci\u00f3n manual<br \/>\nEspuma en ciclopentano (43 mm de espesor en cada lado)<br \/>\nTermostato mec\u00e1nico<br \/>\nTerm\u00f3metro anal\u00f3gico<br \/>\nGran ventilador interno para la circulaci\u00f3n de aire<br \/>\nJunta extra\u00edble<br \/>\nEstantes ajustables negros: 4 piezas<br \/>\nPuerta de cierre autom\u00e1tico<br \/>\nTirador a lo largo del perfil de la puerta<br \/>\nVidrio de seguridad doble templado<br \/>\nLuz LED interna vertical (con interruptor independiente)<br \/>\nN.2 pies ajustables + ruedas traseras N.4<br \/>\nClase de energ\u00eda: D<\/p>\n","protected":false},"excerpt":{"rendered":"<p>El modelo RC 300B ha sido dise\u00f1ado para ser un enfriador de bebidas fiable y vers\u00e1til con forma estilizada. Es ideal para exponer y mantener todo tipo de botellas y latas a la temperatura adecuada. Adem\u00e1s, se puede personalizar con mensajes promocionales. Con una capacidad de 300L, en color negro y con un marco de puerta de aluminio pintado con manilla integrada, este producto est\u00e1 equipado con una luz LED vertical interior con interruptor independiente, 4 estantes regulables de color blanco y un cristal templado de seguridad de doble capa.<\/p>\n","protected":false},"featured_media":3652065,"template":"","meta":[],"product_brand":[],"product_cat":[7781,7785],"product_tag":[],"class_list":{"0":"post-3199282","1":"product","2":"type-product","3":"status-publish","4":"has-post-thumbnail","6":"product_cat-bebidas","7":"product_cat-vitrinas-para-bebidas","8":"pa_capacite-commerciale-300-l","9":"pa_consommation-denergie-2-61-kw-24h","10":"pa_hauteur-exterieure-1840-mm","11":"pa_hauteur-interieure-1450-mm","12":"pa_largeur-exterieure-440-mm","13":"pa_largeur-interne-370-mm","14":"pa_niveau-sonore-54-dba","15":"pa_poids-brut-90-8-kg","16":"pa_poids-net-78-kg","17":"pa_profondeur-externe-708-mm","18":"pa_profondeur-interne-515-mm","19":"pa_puissance-300-w","21":"first","22":"instock","23":"product-type-simple"},"acf":[],"yoast_head":"<!-- This site is optimized with the Yoast SEO plugin v27.2 - https:\/\/yoast.com\/product\/yoast-seo-wordpress\/ -->\n<title>RC 300B - Cool Head Europe<\/title>\n<meta name=\"robots\" content=\"index, follow, max-snippet:-1, max-image-preview:large, max-video-preview:-1\" \/>\n<link rel=\"canonical\" href=\"https:\/\/www.coolheadeurope.com\/?post_type=product&p=546332\" \/>\n<meta property=\"og:locale\" content=\"es_ES\" \/>\n<meta property=\"og:type\" content=\"article\" \/>\n<meta property=\"og:title\" content=\"RC 300B - Cool Head Europe\" \/>\n<meta property=\"og:description\" content=\"El modelo RC 300B ha sido dise\u00f1ado para ser un enfriador de bebidas fiable y vers\u00e1til con forma estilizada. Es ideal para exponer y mantener todo tipo de botellas y latas a la temperatura adecuada. Adem\u00e1s, se puede personalizar con mensajes promocionales. Con una capacidad de 300L, en color negro y con un marco de puerta de aluminio pintado con manilla integrada, este producto est\u00e1 equipado con una luz LED vertical interior con interruptor independiente, 4 estantes regulables de color blanco y un cristal templado de seguridad de doble capa.\" \/>\n<meta property=\"og:url\" content=\"https:\/\/www.coolheadeurope.com\/?post_type=product&amp;p=546332\" \/>\n<meta property=\"og:site_name\" content=\"Cool Head Europe\" \/>\n<meta property=\"article:modified_time\" content=\"2026-02-08T03:24:56+00:00\" \/>\n<meta name=\"twitter:card\" content=\"summary_large_image\" \/>\n<!-- \/ Yoast SEO plugin. -->","yoast_head_json":{"title":"RC 300B - Cool Head Europe","robots":{"index":"index","follow":"follow","max-snippet":"max-snippet:-1","max-image-preview":"max-image-preview:large","max-video-preview":"max-video-preview:-1"},"canonical":"https:\/\/www.coolheadeurope.com\/?post_type=product&p=546332","og_locale":"es_ES","og_type":"article","og_title":"RC 300B - Cool Head Europe","og_description":"El modelo RC 300B ha sido dise\u00f1ado para ser un enfriador de bebidas fiable y vers\u00e1til con forma estilizada. Es ideal para exponer y mantener todo tipo de botellas y latas a la temperatura adecuada. Adem\u00e1s, se puede personalizar con mensajes promocionales. Con una capacidad de 300L, en color negro y con un marco de puerta de aluminio pintado con manilla integrada, este producto est\u00e1 equipado con una luz LED vertical interior con interruptor independiente, 4 estantes regulables de color blanco y un cristal templado de seguridad de doble capa.","og_url":"https:\/\/www.coolheadeurope.com\/?post_type=product&p=546332","og_site_name":"Cool Head Europe","article_modified_time":"2026-02-08T03:24:56+00:00","twitter_card":"summary_large_image","schema":{"@context":"https:\/\/schema.org","@graph":[{"@type":"WebPage","@id":"https:\/\/www.coolheadeurope.com\/?post_type=product&p=546332","url":"https:\/\/www.coolheadeurope.com\/?post_type=product&p=546332","name":"RC 300B - Cool Head Europe","isPartOf":{"@id":"https:\/\/www.coolheadeurope.com\/#website"},"primaryImageOfPage":{"@id":"https:\/\/www.coolheadeurope.com\/?post_type=product&p=546332#primaryimage"},"image":{"@id":"https:\/\/www.coolheadeurope.com\/?post_type=product&p=546332#primaryimage"},"thumbnailUrl":"https:\/\/www.coolheadeurope.com\/wp-content\/uploads\/2026\/02\/RC-300B-CORPO_CH_LOW.png","datePublished":"2024-12-17T10:27:47+00:00","dateModified":"2026-02-08T03:24:56+00:00","breadcrumb":{"@id":"https:\/\/www.coolheadeurope.com\/?post_type=product&p=546332#breadcrumb"},"inLanguage":"es","potentialAction":[{"@type":"ReadAction","target":["https:\/\/www.coolheadeurope.com\/?post_type=product&p=546332"]}]},{"@type":"ImageObject","inLanguage":"es","@id":"https:\/\/www.coolheadeurope.com\/?post_type=product&p=546332#primaryimage","url":"https:\/\/www.coolheadeurope.com\/wp-content\/uploads\/2026\/02\/RC-300B-CORPO_CH_LOW.png","contentUrl":"https:\/\/www.coolheadeurope.com\/wp-content\/uploads\/2026\/02\/RC-300B-CORPO_CH_LOW.png","width":193,"height":531,"caption":"Immagine di RC 300B"},{"@type":"BreadcrumbList","@id":"https:\/\/www.coolheadeurope.com\/?post_type=product&p=546332#breadcrumb","itemListElement":[{"@type":"ListItem","position":1,"name":"Home","item":"https:\/\/www.coolheadeurope.com\/es\/"},{"@type":"ListItem","position":2,"name":"Buscar","item":"https:\/\/www.coolheadeurope.com\/es\/buscar\/"},{"@type":"ListItem","position":3,"name":"RC 300B"}]},{"@type":"WebSite","@id":"https:\/\/www.coolheadeurope.com\/#website","url":"https:\/\/www.coolheadeurope.com\/","name":"Cool Head Europe","description":"We make the world a cooler place","potentialAction":[{"@type":"SearchAction","target":{"@type":"EntryPoint","urlTemplate":"https:\/\/www.coolheadeurope.com\/?s={search_term_string}"},"query-input":{"@type":"PropertyValueSpecification","valueRequired":true,"valueName":"search_term_string"}}],"inLanguage":"es"}]}},"_links":{"self":[{"href":"https:\/\/www.coolheadeurope.com\/es\/wp-json\/wp\/v2\/product\/3199282","targetHints":{"allow":["GET"]}}],"collection":[{"href":"https:\/\/www.coolheadeurope.com\/es\/wp-json\/wp\/v2\/product"}],"about":[{"href":"https:\/\/www.coolheadeurope.com\/es\/wp-json\/wp\/v2\/types\/product"}],"wp:featuredmedia":[{"embeddable":true,"href":"https:\/\/www.coolheadeurope.com\/es\/wp-json\/wp\/v2\/media\/3652065"}],"wp:attachment":[{"href":"https:\/\/www.coolheadeurope.com\/es\/wp-json\/wp\/v2\/media?parent=3199282"}],"wp:term":[{"taxonomy":"product_brand","embeddable":true,"href":"https:\/\/www.coolheadeurope.com\/es\/wp-json\/wp\/v2\/product_brand?post=3199282"},{"taxonomy":"product_cat","embeddable":true,"href":"https:\/\/www.coolheadeurope.com\/es\/wp-json\/wp\/v2\/product_cat?post=3199282"},{"taxonomy":"product_tag","embeddable":true,"href":"https:\/\/www.coolheadeurope.com\/es\/wp-json\/wp\/v2\/product_tag?post=3199282"}],"curies":[{"name":"wp","href":"https:\/\/api.w.org\/{rel}","templated":true}]}}