{"id":3391585,"date":"2025-03-20T17:00:33","date_gmt":"2025-03-20T17:00:33","guid":{"rendered":"https:\/\/www.coolheadeurope.com\/prodotto\/sin%20categor\u00eda\/qng-400\/"},"modified":"2026-04-04T21:37:44","modified_gmt":"2026-04-04T21:37:44","slug":"qng-400","status":"publish","type":"product","link":"https:\/\/www.coolheadeurope.com\/es\/prodotto\/abs-es\/armarios-verticales-abs\/qng-400\/","title":{"rendered":"QNG 400"},"content":{"rendered":"<p>400 Lt. Congelador vertical (PUERTA DE CRISTAL)<br \/>\nArmario blanco con interior termoformado<br \/>\nRefrigeraci\u00f3n est\u00e1tica: estantes de evaporador fijos (6 estantes)<br \/>\nDescongelaci\u00f3n manual<br \/>\nEspuma en ciclopentano (65 mm de espesor en cada lado)<br \/>\nTermostato digital<br \/>\nJunta extra\u00edble<br \/>\nDoble cristal templado con CALEFACCI\u00d3N de baja emisi\u00f3n (cristales de baja emisividad) y gas Arg\u00f3n<br \/>\nLuces LED internas verticales N.2<br \/>\nPuerta con mango cil\u00edndrico vertical<br \/>\nBloqueo de puertas de serie<br \/>\nN. 4 pies ajustables<br \/>\nClase de energ\u00eda: B<\/p>\n","protected":false},"excerpt":{"rendered":"<p>Armario congelador ABS con puerta de cristal de 400 litros en color blanco y termoformado internamente, equipado con termostato digital, cerradura, manilla externa a lo largo del perfil de la puerta, luces LED dobles internas verticales, 6 estantes evaporadores fijos y 2 pies ajustables + 2 rodillos en la parte trasera.<\/p>\n","protected":false},"featured_media":3881112,"template":"","meta":[],"product_brand":[],"product_cat":[7773,7774],"product_tag":[],"class_list":{"0":"post-3391585","1":"product","2":"type-product","3":"status-publish","4":"has-post-thumbnail","6":"product_cat-abs-es","7":"product_cat-armarios-verticales-abs","8":"pa_capacite-commerciale-400-l","9":"pa_consommation-denergie-4-77-kw-24h","10":"pa_hauteur-exterieure-1902-mm","11":"pa_hauteur-interieure-1650-mm","12":"pa_largeur-exterieure-600-mm","13":"pa_largeur-interne-470-mm","14":"pa_niveau-sonore-60-dba","15":"pa_poids-brut-100-kg","16":"pa_poids-net-91-kg","17":"pa_profondeur-externe-723-mm","18":"pa_profondeur-interne-533-mm","19":"pa_puissance-450-w","21":"first","22":"instock","23":"product-type-simple"},"acf":[],"yoast_head":"<!-- This site is optimized with the Yoast SEO plugin v27.2 - https:\/\/yoast.com\/product\/yoast-seo-wordpress\/ -->\n<title>QNG 400 - Cool Head Europe<\/title>\n<meta name=\"robots\" content=\"index, follow, max-snippet:-1, max-image-preview:large, max-video-preview:-1\" \/>\n<link rel=\"canonical\" href=\"https:\/\/www.coolheadeurope.com\/es\/prodotto\/abs-es\/armarios-verticales-abs\/qng-400\/\" \/>\n<meta property=\"og:locale\" content=\"es_ES\" \/>\n<meta property=\"og:type\" content=\"article\" \/>\n<meta property=\"og:title\" content=\"QNG 400 - Cool Head Europe\" \/>\n<meta property=\"og:description\" content=\"Armario congelador ABS con puerta de cristal de 400 litros en color blanco y termoformado internamente, equipado con termostato digital, cerradura, manilla externa a lo largo del perfil de la puerta, luces LED dobles internas verticales, 6 estantes evaporadores fijos y 2 pies ajustables + 2 rodillos en la parte trasera.\" \/>\n<meta property=\"og:url\" content=\"https:\/\/www.coolheadeurope.com\/es\/prodotto\/abs-es\/armarios-verticales-abs\/qng-400\/\" \/>\n<meta property=\"og:site_name\" content=\"Cool Head Europe\" \/>\n<meta property=\"article:modified_time\" content=\"2026-04-04T21:37:44+00:00\" \/>\n<meta property=\"og:image\" content=\"https:\/\/www.coolheadeurope.com\/wp-content\/uploads\/2026\/04\/QNG-400-CORPO_CH_LOW.png\" \/>\n\t<meta property=\"og:image:width\" content=\"289\" \/>\n\t<meta property=\"og:image:height\" content=\"567\" \/>\n\t<meta property=\"og:image:type\" content=\"image\/png\" \/>\n<meta name=\"twitter:card\" content=\"summary_large_image\" \/>\n<!-- \/ Yoast SEO plugin. -->","yoast_head_json":{"title":"QNG 400 - Cool Head Europe","robots":{"index":"index","follow":"follow","max-snippet":"max-snippet:-1","max-image-preview":"max-image-preview:large","max-video-preview":"max-video-preview:-1"},"canonical":"https:\/\/www.coolheadeurope.com\/es\/prodotto\/abs-es\/armarios-verticales-abs\/qng-400\/","og_locale":"es_ES","og_type":"article","og_title":"QNG 400 - Cool Head Europe","og_description":"Armario congelador ABS con puerta de cristal de 400 litros en color blanco y termoformado internamente, equipado con termostato digital, cerradura, manilla externa a lo largo del perfil de la puerta, luces LED dobles internas verticales, 6 estantes evaporadores fijos y 2 pies ajustables + 2 rodillos en la parte trasera.","og_url":"https:\/\/www.coolheadeurope.com\/es\/prodotto\/abs-es\/armarios-verticales-abs\/qng-400\/","og_site_name":"Cool Head Europe","article_modified_time":"2026-04-04T21:37:44+00:00","og_image":[{"width":289,"height":567,"url":"https:\/\/www.coolheadeurope.com\/wp-content\/uploads\/2026\/04\/QNG-400-CORPO_CH_LOW.png","type":"image\/png"}],"twitter_card":"summary_large_image","schema":{"@context":"https:\/\/schema.org","@graph":[{"@type":"WebPage","@id":"https:\/\/www.coolheadeurope.com\/es\/prodotto\/abs-es\/armarios-verticales-abs\/qng-400\/","url":"https:\/\/www.coolheadeurope.com\/es\/prodotto\/abs-es\/armarios-verticales-abs\/qng-400\/","name":"QNG 400 - Cool Head Europe","isPartOf":{"@id":"https:\/\/www.coolheadeurope.com\/#website"},"primaryImageOfPage":{"@id":"https:\/\/www.coolheadeurope.com\/es\/prodotto\/abs-es\/armarios-verticales-abs\/qng-400\/#primaryimage"},"image":{"@id":"https:\/\/www.coolheadeurope.com\/es\/prodotto\/abs-es\/armarios-verticales-abs\/qng-400\/#primaryimage"},"thumbnailUrl":"https:\/\/www.coolheadeurope.com\/wp-content\/uploads\/2026\/04\/QNG-400-CORPO_CH_LOW.png","datePublished":"2025-03-20T17:00:33+00:00","dateModified":"2026-04-04T21:37:44+00:00","breadcrumb":{"@id":"https:\/\/www.coolheadeurope.com\/es\/prodotto\/abs-es\/armarios-verticales-abs\/qng-400\/#breadcrumb"},"inLanguage":"es","potentialAction":[{"@type":"ReadAction","target":["https:\/\/www.coolheadeurope.com\/es\/prodotto\/abs-es\/armarios-verticales-abs\/qng-400\/"]}]},{"@type":"ImageObject","inLanguage":"es","@id":"https:\/\/www.coolheadeurope.com\/es\/prodotto\/abs-es\/armarios-verticales-abs\/qng-400\/#primaryimage","url":"https:\/\/www.coolheadeurope.com\/wp-content\/uploads\/2026\/04\/QNG-400-CORPO_CH_LOW.png","contentUrl":"https:\/\/www.coolheadeurope.com\/wp-content\/uploads\/2026\/04\/QNG-400-CORPO_CH_LOW.png","width":289,"height":567,"caption":"Immagine di QNG 400"},{"@type":"BreadcrumbList","@id":"https:\/\/www.coolheadeurope.com\/es\/prodotto\/abs-es\/armarios-verticales-abs\/qng-400\/#breadcrumb","itemListElement":[{"@type":"ListItem","position":1,"name":"Home","item":"https:\/\/www.coolheadeurope.com\/es\/"},{"@type":"ListItem","position":2,"name":"Buscar","item":"https:\/\/www.coolheadeurope.com\/es\/buscar\/"},{"@type":"ListItem","position":3,"name":"QNG 400"}]},{"@type":"WebSite","@id":"https:\/\/www.coolheadeurope.com\/#website","url":"https:\/\/www.coolheadeurope.com\/","name":"Cool Head Europe","description":"We make the world a cooler place","potentialAction":[{"@type":"SearchAction","target":{"@type":"EntryPoint","urlTemplate":"https:\/\/www.coolheadeurope.com\/?s={search_term_string}"},"query-input":{"@type":"PropertyValueSpecification","valueRequired":true,"valueName":"search_term_string"}}],"inLanguage":"es"}]}},"_links":{"self":[{"href":"https:\/\/www.coolheadeurope.com\/es\/wp-json\/wp\/v2\/product\/3391585","targetHints":{"allow":["GET"]}}],"collection":[{"href":"https:\/\/www.coolheadeurope.com\/es\/wp-json\/wp\/v2\/product"}],"about":[{"href":"https:\/\/www.coolheadeurope.com\/es\/wp-json\/wp\/v2\/types\/product"}],"wp:featuredmedia":[{"embeddable":true,"href":"https:\/\/www.coolheadeurope.com\/es\/wp-json\/wp\/v2\/media\/3881112"}],"wp:attachment":[{"href":"https:\/\/www.coolheadeurope.com\/es\/wp-json\/wp\/v2\/media?parent=3391585"}],"wp:term":[{"taxonomy":"product_brand","embeddable":true,"href":"https:\/\/www.coolheadeurope.com\/es\/wp-json\/wp\/v2\/product_brand?post=3391585"},{"taxonomy":"product_cat","embeddable":true,"href":"https:\/\/www.coolheadeurope.com\/es\/wp-json\/wp\/v2\/product_cat?post=3391585"},{"taxonomy":"product_tag","embeddable":true,"href":"https:\/\/www.coolheadeurope.com\/es\/wp-json\/wp\/v2\/product_tag?post=3391585"}],"curies":[{"name":"wp","href":"https:\/\/api.w.org\/{rel}","templated":true}]}}