{"id":3394803,"date":"2025-03-21T08:06:18","date_gmt":"2025-03-21T08:06:18","guid":{"rendered":"https:\/\/www.coolheadeurope.com\/prodotto\/sin%20categor\u00eda\/byxg-460\/"},"modified":"2026-04-04T21:37:45","modified_gmt":"2026-04-04T21:37:45","slug":"byxg-460","status":"publish","type":"product","link":"https:\/\/www.coolheadeurope.com\/es\/prodotto\/abs-es\/armarios-verticales-abs\/byxg-460\/","title":{"rendered":"BYXG 460"},"content":{"rendered":"<p>Armario refrigerado EURONORM 600x400mm (PUERTA CRISTAL )<br \/>\nArmario de acero con interior termoformado<br \/>\nEvaporador tipo serpent\u00edn con ventilador de asistencia<br \/>\nDescongelamiento autom\u00e1tico tras parada del compresor<br \/>\nEspuma en ciclopentano (65 mm de espesor en cada lado)<br \/>\nTermostato digital<br \/>\nLuz interior LED<br \/>\nJunta extra\u00edble<br \/>\nEstantes ajustables EURONORM 600&#215;400: 4 Pcs + 1 estante inferior<br \/>\nPuerta de cierre autom\u00e1tico con doble vidrio templado<br \/>\nCerradura de serie<br \/>\n4 pies de acero ajustables &#8211; (Ruedas con freno opcional)<br \/>\nTirador de acero externo<br \/>\nClase de energ\u00eda: E<\/p>\n","protected":false},"excerpt":{"rendered":"<p>Con un dise\u00f1o pulcro, este modelo ha sido desarrollado a partir de la necesidad de conservar y almacenar productos de panader\u00eda y pasteler\u00eda. Se presenta en acabado de acero inoxidable y equipado con una puerta de cristal templado de doble capa y un controlador digital El modelo BYXG 460 es una combinaci\u00f3n perfecta de mejoras tecnol\u00f3gicas y experiencia en la fabricaci\u00f3n, con una elegante manilla exterior de acero inoxidable, puerta de cierre autom\u00e1tico, 5 estantes EURONORM 600&#215;400 ajustables, sistema de evaporador de rodillo con refrigeraci\u00f3n asistida por ventilador, gas R600a y espuma aislante de 70 mm en cada lado para garantizar un ahorro energ\u00e9tico \u00f3ptimo. Para completar la lista de caracter\u00edsticas de gama alta, viene con luz LED vertical, cerradura de serie y pies regulables en altura.<\/p>\n","protected":false},"featured_media":3881128,"template":"","meta":[],"product_brand":[],"product_cat":[7773,7774],"product_tag":[],"class_list":{"0":"post-3394803","1":"product","2":"type-product","3":"status-publish","4":"has-post-thumbnail","6":"product_cat-abs-es","7":"product_cat-armarios-verticales-abs","8":"pa_capacite-commerciale-400-l","9":"pa_consommation-denergie-2-4-kw-24h","10":"pa_hauteur-exterieure-1800-mm","11":"pa_hauteur-interieure-1460-mm","12":"pa_largeur-exterieure-740-mm","13":"pa_largeur-interne-610-mm","14":"pa_niveau-sonore-53-dba","15":"pa_poids-brut-119-kg","16":"pa_poids-net-93-kg","17":"pa_profondeur-externe-680-mm","18":"pa_profondeur-interne-475-mm","19":"pa_puissance-104-w","21":"first","22":"instock","23":"product-type-simple"},"acf":[],"yoast_head":"<!-- This site is optimized with the Yoast SEO plugin v27.2 - https:\/\/yoast.com\/product\/yoast-seo-wordpress\/ -->\n<title>BYXG 460 - Cool Head Europe<\/title>\n<meta name=\"robots\" content=\"index, follow, max-snippet:-1, max-image-preview:large, max-video-preview:-1\" \/>\n<link rel=\"canonical\" href=\"https:\/\/www.coolheadeurope.com\/prodotto\/abs\/armadi-abs\/byxg-460\/\" \/>\n<meta property=\"og:locale\" content=\"es_ES\" \/>\n<meta property=\"og:type\" content=\"article\" \/>\n<meta property=\"og:title\" content=\"BYXG 460 - Cool Head Europe\" \/>\n<meta property=\"og:description\" content=\"Con un dise\u00f1o pulcro, este modelo ha sido desarrollado a partir de la necesidad de conservar y almacenar productos de panader\u00eda y pasteler\u00eda. Se presenta en acabado de acero inoxidable y equipado con una puerta de cristal templado de doble capa y un controlador digital El modelo BYXG 460 es una combinaci\u00f3n perfecta de mejoras tecnol\u00f3gicas y experiencia en la fabricaci\u00f3n, con una elegante manilla exterior de acero inoxidable, puerta de cierre autom\u00e1tico, 5 estantes EURONORM 600x400 ajustables, sistema de evaporador de rodillo con refrigeraci\u00f3n asistida por ventilador, gas R600a y espuma aislante de 70 mm en cada lado para garantizar un ahorro energ\u00e9tico \u00f3ptimo. Para completar la lista de caracter\u00edsticas de gama alta, viene con luz LED vertical, cerradura de serie y pies regulables en altura.\" \/>\n<meta property=\"og:url\" content=\"https:\/\/www.coolheadeurope.com\/prodotto\/abs\/armadi-abs\/byxg-460\/\" \/>\n<meta property=\"og:site_name\" content=\"Cool Head Europe\" \/>\n<meta property=\"article:modified_time\" content=\"2026-04-04T21:37:45+00:00\" \/>\n<meta property=\"og:image\" content=\"https:\/\/www.coolheadeurope.com\/wp-content\/uploads\/2026\/04\/BYXG-460-CORPO_CH_LOW.png\" \/>\n\t<meta property=\"og:image:width\" content=\"312\" \/>\n\t<meta property=\"og:image:height\" content=\"567\" \/>\n\t<meta property=\"og:image:type\" content=\"image\/png\" \/>\n<meta name=\"twitter:card\" content=\"summary_large_image\" \/>\n<!-- \/ Yoast SEO plugin. -->","yoast_head_json":{"title":"BYXG 460 - Cool Head Europe","robots":{"index":"index","follow":"follow","max-snippet":"max-snippet:-1","max-image-preview":"max-image-preview:large","max-video-preview":"max-video-preview:-1"},"canonical":"https:\/\/www.coolheadeurope.com\/prodotto\/abs\/armadi-abs\/byxg-460\/","og_locale":"es_ES","og_type":"article","og_title":"BYXG 460 - Cool Head Europe","og_description":"Con un dise\u00f1o pulcro, este modelo ha sido desarrollado a partir de la necesidad de conservar y almacenar productos de panader\u00eda y pasteler\u00eda. Se presenta en acabado de acero inoxidable y equipado con una puerta de cristal templado de doble capa y un controlador digital El modelo BYXG 460 es una combinaci\u00f3n perfecta de mejoras tecnol\u00f3gicas y experiencia en la fabricaci\u00f3n, con una elegante manilla exterior de acero inoxidable, puerta de cierre autom\u00e1tico, 5 estantes EURONORM 600x400 ajustables, sistema de evaporador de rodillo con refrigeraci\u00f3n asistida por ventilador, gas R600a y espuma aislante de 70 mm en cada lado para garantizar un ahorro energ\u00e9tico \u00f3ptimo. Para completar la lista de caracter\u00edsticas de gama alta, viene con luz LED vertical, cerradura de serie y pies regulables en altura.","og_url":"https:\/\/www.coolheadeurope.com\/prodotto\/abs\/armadi-abs\/byxg-460\/","og_site_name":"Cool Head Europe","article_modified_time":"2026-04-04T21:37:45+00:00","og_image":[{"width":312,"height":567,"url":"https:\/\/www.coolheadeurope.com\/wp-content\/uploads\/2026\/04\/BYXG-460-CORPO_CH_LOW.png","type":"image\/png"}],"twitter_card":"summary_large_image","schema":{"@context":"https:\/\/schema.org","@graph":[{"@type":"WebPage","@id":"https:\/\/www.coolheadeurope.com\/prodotto\/abs\/armadi-abs\/byxg-460\/","url":"https:\/\/www.coolheadeurope.com\/prodotto\/abs\/armadi-abs\/byxg-460\/","name":"BYXG 460 - Cool Head Europe","isPartOf":{"@id":"https:\/\/www.coolheadeurope.com\/#website"},"primaryImageOfPage":{"@id":"https:\/\/www.coolheadeurope.com\/prodotto\/abs\/armadi-abs\/byxg-460\/#primaryimage"},"image":{"@id":"https:\/\/www.coolheadeurope.com\/prodotto\/abs\/armadi-abs\/byxg-460\/#primaryimage"},"thumbnailUrl":"https:\/\/www.coolheadeurope.com\/wp-content\/uploads\/2026\/04\/BYXG-460-CORPO_CH_LOW.png","datePublished":"2025-03-21T08:06:18+00:00","dateModified":"2026-04-04T21:37:45+00:00","breadcrumb":{"@id":"https:\/\/www.coolheadeurope.com\/prodotto\/abs\/armadi-abs\/byxg-460\/#breadcrumb"},"inLanguage":"es","potentialAction":[{"@type":"ReadAction","target":["https:\/\/www.coolheadeurope.com\/prodotto\/abs\/armadi-abs\/byxg-460\/"]}]},{"@type":"ImageObject","inLanguage":"es","@id":"https:\/\/www.coolheadeurope.com\/prodotto\/abs\/armadi-abs\/byxg-460\/#primaryimage","url":"https:\/\/www.coolheadeurope.com\/wp-content\/uploads\/2026\/04\/BYXG-460-CORPO_CH_LOW.png","contentUrl":"https:\/\/www.coolheadeurope.com\/wp-content\/uploads\/2026\/04\/BYXG-460-CORPO_CH_LOW.png","width":312,"height":567,"caption":"Immagine di BYXG 460"},{"@type":"BreadcrumbList","@id":"https:\/\/www.coolheadeurope.com\/prodotto\/abs\/armadi-abs\/byxg-460\/#breadcrumb","itemListElement":[{"@type":"ListItem","position":1,"name":"Home","item":"https:\/\/www.coolheadeurope.com\/es\/"},{"@type":"ListItem","position":2,"name":"Buscar","item":"https:\/\/www.coolheadeurope.com\/es\/buscar\/"},{"@type":"ListItem","position":3,"name":"BYXG 460"}]},{"@type":"WebSite","@id":"https:\/\/www.coolheadeurope.com\/#website","url":"https:\/\/www.coolheadeurope.com\/","name":"Cool Head Europe","description":"We make the world a cooler place","potentialAction":[{"@type":"SearchAction","target":{"@type":"EntryPoint","urlTemplate":"https:\/\/www.coolheadeurope.com\/?s={search_term_string}"},"query-input":{"@type":"PropertyValueSpecification","valueRequired":true,"valueName":"search_term_string"}}],"inLanguage":"es"}]}},"_links":{"self":[{"href":"https:\/\/www.coolheadeurope.com\/es\/wp-json\/wp\/v2\/product\/3394803","targetHints":{"allow":["GET"]}}],"collection":[{"href":"https:\/\/www.coolheadeurope.com\/es\/wp-json\/wp\/v2\/product"}],"about":[{"href":"https:\/\/www.coolheadeurope.com\/es\/wp-json\/wp\/v2\/types\/product"}],"wp:featuredmedia":[{"embeddable":true,"href":"https:\/\/www.coolheadeurope.com\/es\/wp-json\/wp\/v2\/media\/3881128"}],"wp:attachment":[{"href":"https:\/\/www.coolheadeurope.com\/es\/wp-json\/wp\/v2\/media?parent=3394803"}],"wp:term":[{"taxonomy":"product_brand","embeddable":true,"href":"https:\/\/www.coolheadeurope.com\/es\/wp-json\/wp\/v2\/product_brand?post=3394803"},{"taxonomy":"product_cat","embeddable":true,"href":"https:\/\/www.coolheadeurope.com\/es\/wp-json\/wp\/v2\/product_cat?post=3394803"},{"taxonomy":"product_tag","embeddable":true,"href":"https:\/\/www.coolheadeurope.com\/es\/wp-json\/wp\/v2\/product_tag?post=3394803"}],"curies":[{"name":"wp","href":"https:\/\/api.w.org\/{rel}","templated":true}]}}