{"id":3394805,"date":"2025-03-21T08:13:13","date_gmt":"2025-03-21T08:13:13","guid":{"rendered":"https:\/\/www.coolheadeurope.com\/prodotto\/sin%20categor\u00eda\/dc-85s\/"},"modified":"2026-04-04T22:42:49","modified_gmt":"2026-04-04T22:42:49","slug":"dc-85s","status":"publish","type":"product","link":"https:\/\/www.coolheadeurope.com\/es\/prodotto\/bebidas\/refrigeradores-de-encimera\/dc-85s\/","title":{"rendered":"DC 85S"},"content":{"rendered":"<p>Refrigerador  de encimera para bebida de 85 litros<br \/>\nArmario de acero pintado en blanco tanto en el interior como en el exterior<br \/>\nEvaporador tipo serpent\u00edn con ventilador de asistencia<br \/>\nDescongelaci\u00f3n manual<br \/>\nEspuma en ciclopentano (45 mm de espesor en cada lado)<br \/>\nTermostato mec\u00e1nico<br \/>\nTerm\u00f3metro digital<br \/>\nPuerta de cierre autom\u00e1tico<br \/>\nJunta extra\u00edble<br \/>\nEstantes ajustables: 6 Pcs<br \/>\nInterruptores independientes para luces interiores y pantalla publicitaria<br \/>\nVidrio templado reforzado de seguridad<br \/>\nCerradura de serie<br \/>\nLuz LED interior \/ NEON luz para \u00f3palo<br \/>\nN. 4 pies ajustables<\/p>\n","protected":false},"excerpt":{"rendered":"<p>El modelo DC85S ha sido dise\u00f1ado para ser un enfriador de bebidas de mostrador fiable y vers\u00e1til. Es ideal para exponer y mantener todo tipo de botellas y latas a la temperatura adecuada. Tambi\u00e9n se puede personalizar con mensajes promocionales en el cuerpo y en el panel luminoso publicitario. Con una capacidad de 85L, en color blanco y con dos puertas deslizantes con sistema de auto-cierre, este producto est\u00e1 equipado con 6 estantes ajustables, term\u00f3metro digital, cerradura, luz LED interior, luz fluorescente para el toldo y vidrio templado de seguridad endurecido.<\/p>\n","protected":false},"featured_media":3881203,"template":"","meta":[],"product_brand":[],"product_cat":[7781,7784],"product_tag":[],"class_list":{"0":"post-3394805","1":"product","2":"type-product","3":"status-publish","4":"has-post-thumbnail","6":"product_cat-bebidas","7":"product_cat-refrigeradores-de-encimera","8":"pa_capacite-commerciale-85-l","9":"pa_consommation-denergie-0-kw-24h","10":"pa_hauteur-exterieure-980-mm","11":"pa_hauteur-interieure-630-mm","12":"pa_largeur-exterieure-630-mm","13":"pa_largeur-interne-550-mm","14":"pa_niveau-sonore-55-dba","15":"pa_poids-brut-50-kg","16":"pa_poids-net-47-kg","17":"pa_profondeur-externe-390-mm","18":"pa_profondeur-interne-230-mm","19":"pa_puissance-160-w","21":"first","22":"instock","23":"product-type-simple"},"acf":[],"yoast_head":"<!-- This site is optimized with the Yoast SEO plugin v27.2 - https:\/\/yoast.com\/product\/yoast-seo-wordpress\/ -->\n<title>DC 85S - Cool Head Europe<\/title>\n<meta name=\"robots\" content=\"index, follow, max-snippet:-1, max-image-preview:large, max-video-preview:-1\" \/>\n<link rel=\"canonical\" href=\"https:\/\/www.coolheadeurope.com\/es\/prodotto\/bebidas\/refrigeradores-de-encimera\/dc-85s\/\" \/>\n<meta property=\"og:locale\" content=\"es_ES\" \/>\n<meta property=\"og:type\" content=\"article\" \/>\n<meta property=\"og:title\" content=\"DC 85S - Cool Head Europe\" \/>\n<meta property=\"og:description\" content=\"El modelo DC85S ha sido dise\u00f1ado para ser un enfriador de bebidas de mostrador fiable y vers\u00e1til. Es ideal para exponer y mantener todo tipo de botellas y latas a la temperatura adecuada. Tambi\u00e9n se puede personalizar con mensajes promocionales en el cuerpo y en el panel luminoso publicitario. Con una capacidad de 85L, en color blanco y con dos puertas deslizantes con sistema de auto-cierre, este producto est\u00e1 equipado con 6 estantes ajustables, term\u00f3metro digital, cerradura, luz LED interior, luz fluorescente para el toldo y vidrio templado de seguridad endurecido.\" \/>\n<meta property=\"og:url\" content=\"https:\/\/www.coolheadeurope.com\/es\/prodotto\/bebidas\/refrigeradores-de-encimera\/dc-85s\/\" \/>\n<meta property=\"og:site_name\" content=\"Cool Head Europe\" \/>\n<meta property=\"article:modified_time\" content=\"2026-04-04T22:42:49+00:00\" \/>\n<meta property=\"og:image\" content=\"https:\/\/www.coolheadeurope.com\/wp-content\/uploads\/2026\/04\/DC-85S-CORPO_CH_LOW-18.png\" \/>\n\t<meta property=\"og:image:width\" content=\"430\" \/>\n\t<meta property=\"og:image:height\" content=\"567\" \/>\n\t<meta property=\"og:image:type\" content=\"image\/png\" \/>\n<meta name=\"twitter:card\" content=\"summary_large_image\" \/>\n<!-- \/ Yoast SEO plugin. -->","yoast_head_json":{"title":"DC 85S - Cool Head Europe","robots":{"index":"index","follow":"follow","max-snippet":"max-snippet:-1","max-image-preview":"max-image-preview:large","max-video-preview":"max-video-preview:-1"},"canonical":"https:\/\/www.coolheadeurope.com\/es\/prodotto\/bebidas\/refrigeradores-de-encimera\/dc-85s\/","og_locale":"es_ES","og_type":"article","og_title":"DC 85S - Cool Head Europe","og_description":"El modelo DC85S ha sido dise\u00f1ado para ser un enfriador de bebidas de mostrador fiable y vers\u00e1til. Es ideal para exponer y mantener todo tipo de botellas y latas a la temperatura adecuada. Tambi\u00e9n se puede personalizar con mensajes promocionales en el cuerpo y en el panel luminoso publicitario. Con una capacidad de 85L, en color blanco y con dos puertas deslizantes con sistema de auto-cierre, este producto est\u00e1 equipado con 6 estantes ajustables, term\u00f3metro digital, cerradura, luz LED interior, luz fluorescente para el toldo y vidrio templado de seguridad endurecido.","og_url":"https:\/\/www.coolheadeurope.com\/es\/prodotto\/bebidas\/refrigeradores-de-encimera\/dc-85s\/","og_site_name":"Cool Head Europe","article_modified_time":"2026-04-04T22:42:49+00:00","og_image":[{"width":430,"height":567,"url":"https:\/\/www.coolheadeurope.com\/wp-content\/uploads\/2026\/04\/DC-85S-CORPO_CH_LOW-18.png","type":"image\/png"}],"twitter_card":"summary_large_image","schema":{"@context":"https:\/\/schema.org","@graph":[{"@type":"WebPage","@id":"https:\/\/www.coolheadeurope.com\/es\/prodotto\/bebidas\/refrigeradores-de-encimera\/dc-85s\/","url":"https:\/\/www.coolheadeurope.com\/es\/prodotto\/bebidas\/refrigeradores-de-encimera\/dc-85s\/","name":"DC 85S - Cool Head Europe","isPartOf":{"@id":"https:\/\/www.coolheadeurope.com\/#website"},"primaryImageOfPage":{"@id":"https:\/\/www.coolheadeurope.com\/es\/prodotto\/bebidas\/refrigeradores-de-encimera\/dc-85s\/#primaryimage"},"image":{"@id":"https:\/\/www.coolheadeurope.com\/es\/prodotto\/bebidas\/refrigeradores-de-encimera\/dc-85s\/#primaryimage"},"thumbnailUrl":"https:\/\/www.coolheadeurope.com\/wp-content\/uploads\/2026\/04\/DC-85S-CORPO_CH_LOW.png","datePublished":"2025-03-21T08:13:13+00:00","dateModified":"2026-04-04T22:42:49+00:00","breadcrumb":{"@id":"https:\/\/www.coolheadeurope.com\/es\/prodotto\/bebidas\/refrigeradores-de-encimera\/dc-85s\/#breadcrumb"},"inLanguage":"es","potentialAction":[{"@type":"ReadAction","target":["https:\/\/www.coolheadeurope.com\/es\/prodotto\/bebidas\/refrigeradores-de-encimera\/dc-85s\/"]}]},{"@type":"ImageObject","inLanguage":"es","@id":"https:\/\/www.coolheadeurope.com\/es\/prodotto\/bebidas\/refrigeradores-de-encimera\/dc-85s\/#primaryimage","url":"https:\/\/www.coolheadeurope.com\/wp-content\/uploads\/2026\/04\/DC-85S-CORPO_CH_LOW.png","contentUrl":"https:\/\/www.coolheadeurope.com\/wp-content\/uploads\/2026\/04\/DC-85S-CORPO_CH_LOW.png","width":430,"height":567,"caption":"Immagine di DC 85S"},{"@type":"BreadcrumbList","@id":"https:\/\/www.coolheadeurope.com\/es\/prodotto\/bebidas\/refrigeradores-de-encimera\/dc-85s\/#breadcrumb","itemListElement":[{"@type":"ListItem","position":1,"name":"Home","item":"https:\/\/www.coolheadeurope.com\/es\/"},{"@type":"ListItem","position":2,"name":"Buscar","item":"https:\/\/www.coolheadeurope.com\/es\/buscar\/"},{"@type":"ListItem","position":3,"name":"DC 85S"}]},{"@type":"WebSite","@id":"https:\/\/www.coolheadeurope.com\/#website","url":"https:\/\/www.coolheadeurope.com\/","name":"Cool Head Europe","description":"We make the world a cooler place","potentialAction":[{"@type":"SearchAction","target":{"@type":"EntryPoint","urlTemplate":"https:\/\/www.coolheadeurope.com\/?s={search_term_string}"},"query-input":{"@type":"PropertyValueSpecification","valueRequired":true,"valueName":"search_term_string"}}],"inLanguage":"es"}]}},"_links":{"self":[{"href":"https:\/\/www.coolheadeurope.com\/es\/wp-json\/wp\/v2\/product\/3394805","targetHints":{"allow":["GET"]}}],"collection":[{"href":"https:\/\/www.coolheadeurope.com\/es\/wp-json\/wp\/v2\/product"}],"about":[{"href":"https:\/\/www.coolheadeurope.com\/es\/wp-json\/wp\/v2\/types\/product"}],"wp:featuredmedia":[{"embeddable":true,"href":"https:\/\/www.coolheadeurope.com\/es\/wp-json\/wp\/v2\/media\/3881203"}],"wp:attachment":[{"href":"https:\/\/www.coolheadeurope.com\/es\/wp-json\/wp\/v2\/media?parent=3394805"}],"wp:term":[{"taxonomy":"product_brand","embeddable":true,"href":"https:\/\/www.coolheadeurope.com\/es\/wp-json\/wp\/v2\/product_brand?post=3394805"},{"taxonomy":"product_cat","embeddable":true,"href":"https:\/\/www.coolheadeurope.com\/es\/wp-json\/wp\/v2\/product_cat?post=3394805"},{"taxonomy":"product_tag","embeddable":true,"href":"https:\/\/www.coolheadeurope.com\/es\/wp-json\/wp\/v2\/product_tag?post=3394805"}],"curies":[{"name":"wp","href":"https:\/\/api.w.org\/{rel}","templated":true}]}}