{"id":3394806,"date":"2025-03-21T08:15:04","date_gmt":"2025-03-21T08:15:04","guid":{"rendered":"https:\/\/www.coolheadeurope.com\/prodotto\/sin%20categor\u00eda\/dc-350c\/"},"modified":"2026-04-04T22:42:49","modified_gmt":"2026-04-04T22:42:49","slug":"dc-350c","status":"publish","type":"product","link":"https:\/\/www.coolheadeurope.com\/es\/prodotto\/bebidas\/vitrinas-para-bebidas\/dc-350c\/","title":{"rendered":"DC 350C"},"content":{"rendered":"<p>Refrigerador de bebida vertical de 350 litros<br \/>\nArmario de acero pintado en blanco tanto en el interior como en el exterior<br \/>\nRefrigeraci\u00f3n ventilada<br \/>\nDescongelamiento autom\u00e1tico tras parada del compresor<br \/>\nEspuma en ciclopentano (45 mm de espesor en cada lado)<br \/>\nTermostato digital<br \/>\nPuerta de cierre autom\u00e1tico<br \/>\nJunta extra\u00edble<br \/>\nEstantes ajustables: 4 Pcs<br \/>\nInterruptores independientes para luces interiores y pantalla publicitaria<br \/>\nVidrio templado reforzado de seguridad<br \/>\nCerradura de serie<br \/>\nLuz LED vertical interna \/ luz LED para pantalla publicitaria<br \/>\n2 pies ajustables + 2 ruedas traseras<br \/>\nClase de energ\u00eda: C<\/p>\n","protected":false},"excerpt":{"rendered":"<p>El modelo DC 350C ha sido dise\u00f1ado para ser un enfriador de bebidas fiable y vers\u00e1til, perfecto para mantener a la temperatura adecuada y exponer todo tipo de botellas y latas, y personalizable con mensajes promocionales en el cuerpo y en el panel iluminado publicitario. Con una capacidad de 350L y acabado en blanco, este producto est\u00e1 equipado con 4 estantes ajustables, puerta de cierre autom\u00e1tico, cerradura, luz LED interior, luz fluorescente para el toldo, puerta de cierre autom\u00e1tico y cristal templado de seguridad endurecido.<\/p>\n","protected":false},"featured_media":3881204,"template":"","meta":[],"product_brand":[],"product_cat":[7785,7781],"product_tag":[],"class_list":{"0":"post-3394806","1":"product","2":"type-product","3":"status-publish","4":"has-post-thumbnail","6":"product_cat-vitrinas-para-bebidas","7":"product_cat-bebidas","8":"pa_capacite-commerciale-350-l","9":"pa_consommation-denergie-1-628-kw-24h","10":"pa_hauteur-exterieure-1890-mm","11":"pa_hauteur-interieure-1285-mm","12":"pa_largeur-exterieure-620-mm","13":"pa_largeur-interne-510-mm","14":"pa_niveau-sonore-55-dba","15":"pa_poids-brut-85-kg","16":"pa_poids-net-75-kg","17":"pa_profondeur-externe-600-mm","18":"pa_profondeur-interne-465-mm","19":"pa_puissance-230-w","21":"first","22":"instock","23":"product-type-simple"},"acf":[],"yoast_head":"<!-- This site is optimized with the Yoast SEO plugin v27.2 - https:\/\/yoast.com\/product\/yoast-seo-wordpress\/ -->\n<title>DC 350C - Cool Head Europe<\/title>\n<meta name=\"robots\" content=\"index, follow, max-snippet:-1, max-image-preview:large, max-video-preview:-1\" \/>\n<link rel=\"canonical\" href=\"https:\/\/www.coolheadeurope.com\/prodotto\/drinks\/vetrine-bibite\/dc-350c\/\" \/>\n<meta property=\"og:locale\" content=\"es_ES\" \/>\n<meta property=\"og:type\" content=\"article\" \/>\n<meta property=\"og:title\" content=\"DC 350C - Cool Head Europe\" \/>\n<meta property=\"og:description\" content=\"El modelo DC 350C ha sido dise\u00f1ado para ser un enfriador de bebidas fiable y vers\u00e1til, perfecto para mantener a la temperatura adecuada y exponer todo tipo de botellas y latas, y personalizable con mensajes promocionales en el cuerpo y en el panel iluminado publicitario. Con una capacidad de 350L y acabado en blanco, este producto est\u00e1 equipado con 4 estantes ajustables, puerta de cierre autom\u00e1tico, cerradura, luz LED interior, luz fluorescente para el toldo, puerta de cierre autom\u00e1tico y cristal templado de seguridad endurecido.\" \/>\n<meta property=\"og:url\" content=\"https:\/\/www.coolheadeurope.com\/prodotto\/drinks\/vetrine-bibite\/dc-350c\/\" \/>\n<meta property=\"og:site_name\" content=\"Cool Head Europe\" \/>\n<meta property=\"article:modified_time\" content=\"2026-04-04T22:42:49+00:00\" \/>\n<meta property=\"og:image\" content=\"https:\/\/www.coolheadeurope.com\/wp-content\/uploads\/2026\/04\/DC-350C-CORPO_CH_LOW.png\" \/>\n\t<meta property=\"og:image:width\" content=\"273\" \/>\n\t<meta property=\"og:image:height\" content=\"567\" \/>\n\t<meta property=\"og:image:type\" content=\"image\/png\" \/>\n<meta name=\"twitter:card\" content=\"summary_large_image\" \/>\n<!-- \/ Yoast SEO plugin. -->","yoast_head_json":{"title":"DC 350C - Cool Head Europe","robots":{"index":"index","follow":"follow","max-snippet":"max-snippet:-1","max-image-preview":"max-image-preview:large","max-video-preview":"max-video-preview:-1"},"canonical":"https:\/\/www.coolheadeurope.com\/prodotto\/drinks\/vetrine-bibite\/dc-350c\/","og_locale":"es_ES","og_type":"article","og_title":"DC 350C - Cool Head Europe","og_description":"El modelo DC 350C ha sido dise\u00f1ado para ser un enfriador de bebidas fiable y vers\u00e1til, perfecto para mantener a la temperatura adecuada y exponer todo tipo de botellas y latas, y personalizable con mensajes promocionales en el cuerpo y en el panel iluminado publicitario. Con una capacidad de 350L y acabado en blanco, este producto est\u00e1 equipado con 4 estantes ajustables, puerta de cierre autom\u00e1tico, cerradura, luz LED interior, luz fluorescente para el toldo, puerta de cierre autom\u00e1tico y cristal templado de seguridad endurecido.","og_url":"https:\/\/www.coolheadeurope.com\/prodotto\/drinks\/vetrine-bibite\/dc-350c\/","og_site_name":"Cool Head Europe","article_modified_time":"2026-04-04T22:42:49+00:00","og_image":[{"width":273,"height":567,"url":"https:\/\/www.coolheadeurope.com\/wp-content\/uploads\/2026\/04\/DC-350C-CORPO_CH_LOW.png","type":"image\/png"}],"twitter_card":"summary_large_image","schema":{"@context":"https:\/\/schema.org","@graph":[{"@type":"WebPage","@id":"https:\/\/www.coolheadeurope.com\/prodotto\/drinks\/vetrine-bibite\/dc-350c\/","url":"https:\/\/www.coolheadeurope.com\/prodotto\/drinks\/vetrine-bibite\/dc-350c\/","name":"DC 350C - Cool Head Europe","isPartOf":{"@id":"https:\/\/www.coolheadeurope.com\/#website"},"primaryImageOfPage":{"@id":"https:\/\/www.coolheadeurope.com\/prodotto\/drinks\/vetrine-bibite\/dc-350c\/#primaryimage"},"image":{"@id":"https:\/\/www.coolheadeurope.com\/prodotto\/drinks\/vetrine-bibite\/dc-350c\/#primaryimage"},"thumbnailUrl":"https:\/\/www.coolheadeurope.com\/wp-content\/uploads\/2026\/04\/DC-350C-CORPO_CH_LOW.png","datePublished":"2025-03-21T08:15:04+00:00","dateModified":"2026-04-04T22:42:49+00:00","breadcrumb":{"@id":"https:\/\/www.coolheadeurope.com\/prodotto\/drinks\/vetrine-bibite\/dc-350c\/#breadcrumb"},"inLanguage":"es","potentialAction":[{"@type":"ReadAction","target":["https:\/\/www.coolheadeurope.com\/prodotto\/drinks\/vetrine-bibite\/dc-350c\/"]}]},{"@type":"ImageObject","inLanguage":"es","@id":"https:\/\/www.coolheadeurope.com\/prodotto\/drinks\/vetrine-bibite\/dc-350c\/#primaryimage","url":"https:\/\/www.coolheadeurope.com\/wp-content\/uploads\/2026\/04\/DC-350C-CORPO_CH_LOW.png","contentUrl":"https:\/\/www.coolheadeurope.com\/wp-content\/uploads\/2026\/04\/DC-350C-CORPO_CH_LOW.png","width":273,"height":567,"caption":"Immagine di DC 350C"},{"@type":"BreadcrumbList","@id":"https:\/\/www.coolheadeurope.com\/prodotto\/drinks\/vetrine-bibite\/dc-350c\/#breadcrumb","itemListElement":[{"@type":"ListItem","position":1,"name":"Home","item":"https:\/\/www.coolheadeurope.com\/es\/"},{"@type":"ListItem","position":2,"name":"Buscar","item":"https:\/\/www.coolheadeurope.com\/es\/buscar\/"},{"@type":"ListItem","position":3,"name":"DC 350C"}]},{"@type":"WebSite","@id":"https:\/\/www.coolheadeurope.com\/#website","url":"https:\/\/www.coolheadeurope.com\/","name":"Cool Head Europe","description":"We make the world a cooler place","potentialAction":[{"@type":"SearchAction","target":{"@type":"EntryPoint","urlTemplate":"https:\/\/www.coolheadeurope.com\/?s={search_term_string}"},"query-input":{"@type":"PropertyValueSpecification","valueRequired":true,"valueName":"search_term_string"}}],"inLanguage":"es"}]}},"_links":{"self":[{"href":"https:\/\/www.coolheadeurope.com\/es\/wp-json\/wp\/v2\/product\/3394806","targetHints":{"allow":["GET"]}}],"collection":[{"href":"https:\/\/www.coolheadeurope.com\/es\/wp-json\/wp\/v2\/product"}],"about":[{"href":"https:\/\/www.coolheadeurope.com\/es\/wp-json\/wp\/v2\/types\/product"}],"wp:featuredmedia":[{"embeddable":true,"href":"https:\/\/www.coolheadeurope.com\/es\/wp-json\/wp\/v2\/media\/3881204"}],"wp:attachment":[{"href":"https:\/\/www.coolheadeurope.com\/es\/wp-json\/wp\/v2\/media?parent=3394806"}],"wp:term":[{"taxonomy":"product_brand","embeddable":true,"href":"https:\/\/www.coolheadeurope.com\/es\/wp-json\/wp\/v2\/product_brand?post=3394806"},{"taxonomy":"product_cat","embeddable":true,"href":"https:\/\/www.coolheadeurope.com\/es\/wp-json\/wp\/v2\/product_cat?post=3394806"},{"taxonomy":"product_tag","embeddable":true,"href":"https:\/\/www.coolheadeurope.com\/es\/wp-json\/wp\/v2\/product_tag?post=3394806"}],"curies":[{"name":"wp","href":"https:\/\/api.w.org\/{rel}","templated":true}]}}