{"id":3394832,"date":"2025-03-21T17:34:49","date_gmt":"2025-03-21T17:34:49","guid":{"rendered":"https:\/\/www.coolheadeurope.com\/prodotto\/sin%20categor\u00eda\/tkg-390cb\/"},"modified":"2026-02-08T03:46:02","modified_gmt":"2026-02-08T03:46:02","slug":"tkg-390cb","status":"publish","type":"product","link":"https:\/\/www.coolheadeurope.com\/es\/prodotto\/bebidas\/vitrinas-para-bebidas\/tkg-390cb\/","title":{"rendered":"TKG 390CB"},"content":{"rendered":"<p>Refrigerador de bebidas vertical de 350 L con pantalla publicitaria<br \/>\nExterior en chapa pintada de negro, interior en negro termoformado<br \/>\nEvaporador tipo serpent\u00edn con ventilador de asistencia<br \/>\nDescongelaci\u00f3n manual<br \/>\nEspuma de ciclopentano (50 mm de espesor en cada lado &#8211; libre de CFC)<br \/>\nTermostato mec\u00e1nico<br \/>\nTerm\u00f3metro digital<br \/>\nJunta extra\u00edble<br \/>\nEstantes ajustables: 5 Pcs<br \/>\nPuerta de cierre autom\u00e1tico<br \/>\nVidrio de seguridad doble templado<br \/>\nCerradura de serie y tirador externo de aluminio rectangular<br \/>\nLuz LED interna vertical (con interruptor independiente)<br \/>\n2 pies ajustables + 2 ruedas traseras<br \/>\nClase de energ\u00eda: D<\/p>\n","protected":false},"excerpt":{"rendered":"<p>El modelo TKG 390CB ha sido dise\u00f1ado para ser un enfriador de bebidas vertical, fiable y vers\u00e1til, perfecto para mantener a la temperatura adecuada y exponer todo tipo de botellas y latas, y personalizable con mensajes promocionales en el cuerpo y en el panel iluminado publicitario. Con una capacidad de 350L, acabado en negro y con una manilla cuadrada externa de aluminio, este producto est\u00e1 equipado con una luz horizontal interna, cerradura, term\u00f3metro digital de pantalla, 5 estantes ajustables, puerta de cierre autom\u00e1tico y un cristal templado de seguridad de doble capa.<\/p>\n","protected":false},"featured_media":3708291,"template":"","meta":[],"product_brand":[],"product_cat":[7785,7781],"product_tag":[],"class_list":{"0":"post-3394832","1":"product","2":"type-product","3":"status-publish","4":"has-post-thumbnail","6":"product_cat-vitrinas-para-bebidas","7":"product_cat-bebidas","8":"pa_capacite-commerciale-350-l","9":"pa_consommation-denergie-2-25-kw-24h","10":"pa_hauteur-exterieure-1960-mm","11":"pa_hauteur-interieure-1580-mm","12":"pa_largeur-exterieure-595-mm","13":"pa_largeur-interne-555-mm","14":"pa_niveau-sonore-47-3-dba","15":"pa_poids-brut-85-kg","16":"pa_poids-net-78-kg","17":"pa_profondeur-externe-670-mm","18":"pa_profondeur-interne-410-mm","19":"pa_puissance-325-w","21":"first","22":"instock","23":"product-type-simple"},"acf":[],"yoast_head":"<!-- This site is optimized with the Yoast SEO plugin v27.2 - https:\/\/yoast.com\/product\/yoast-seo-wordpress\/ -->\n<title>TKG 390CB - Cool Head Europe<\/title>\n<meta name=\"robots\" content=\"index, follow, max-snippet:-1, max-image-preview:large, max-video-preview:-1\" \/>\n<link rel=\"canonical\" href=\"https:\/\/www.coolheadeurope.com\/prodotto\/drinks\/vetrine-bibite\/tkg-390cb\/\" \/>\n<meta property=\"og:locale\" content=\"es_ES\" \/>\n<meta property=\"og:type\" content=\"article\" \/>\n<meta property=\"og:title\" content=\"TKG 390CB - Cool Head Europe\" \/>\n<meta property=\"og:description\" content=\"El modelo TKG 390CB ha sido dise\u00f1ado para ser un enfriador de bebidas vertical, fiable y vers\u00e1til, perfecto para mantener a la temperatura adecuada y exponer todo tipo de botellas y latas, y personalizable con mensajes promocionales en el cuerpo y en el panel iluminado publicitario. Con una capacidad de 350L, acabado en negro y con una manilla cuadrada externa de aluminio, este producto est\u00e1 equipado con una luz horizontal interna, cerradura, term\u00f3metro digital de pantalla, 5 estantes ajustables, puerta de cierre autom\u00e1tico y un cristal templado de seguridad de doble capa.\" \/>\n<meta property=\"og:url\" content=\"https:\/\/www.coolheadeurope.com\/prodotto\/drinks\/vetrine-bibite\/tkg-390cb\/\" \/>\n<meta property=\"og:site_name\" content=\"Cool Head Europe\" \/>\n<meta property=\"article:modified_time\" content=\"2026-02-08T03:46:02+00:00\" \/>\n<meta property=\"og:image\" content=\"https:\/\/www.coolheadeurope.com\/wp-content\/uploads\/2026\/04\/TKG-390CB-CORPO_CH_LOW-18.png\" \/>\n\t<meta property=\"og:image:width\" content=\"262\" \/>\n\t<meta property=\"og:image:height\" content=\"567\" \/>\n\t<meta property=\"og:image:type\" content=\"image\/png\" \/>\n<meta name=\"twitter:card\" content=\"summary_large_image\" \/>\n<!-- \/ Yoast SEO plugin. -->","yoast_head_json":{"title":"TKG 390CB - Cool Head Europe","robots":{"index":"index","follow":"follow","max-snippet":"max-snippet:-1","max-image-preview":"max-image-preview:large","max-video-preview":"max-video-preview:-1"},"canonical":"https:\/\/www.coolheadeurope.com\/prodotto\/drinks\/vetrine-bibite\/tkg-390cb\/","og_locale":"es_ES","og_type":"article","og_title":"TKG 390CB - Cool Head Europe","og_description":"El modelo TKG 390CB ha sido dise\u00f1ado para ser un enfriador de bebidas vertical, fiable y vers\u00e1til, perfecto para mantener a la temperatura adecuada y exponer todo tipo de botellas y latas, y personalizable con mensajes promocionales en el cuerpo y en el panel iluminado publicitario. Con una capacidad de 350L, acabado en negro y con una manilla cuadrada externa de aluminio, este producto est\u00e1 equipado con una luz horizontal interna, cerradura, term\u00f3metro digital de pantalla, 5 estantes ajustables, puerta de cierre autom\u00e1tico y un cristal templado de seguridad de doble capa.","og_url":"https:\/\/www.coolheadeurope.com\/prodotto\/drinks\/vetrine-bibite\/tkg-390cb\/","og_site_name":"Cool Head Europe","article_modified_time":"2026-02-08T03:46:02+00:00","og_image":[{"width":262,"height":567,"url":"https:\/\/www.coolheadeurope.com\/wp-content\/uploads\/2026\/04\/TKG-390CB-CORPO_CH_LOW-18.png","type":"image\/png"}],"twitter_card":"summary_large_image","schema":{"@context":"https:\/\/schema.org","@graph":[{"@type":"WebPage","@id":"https:\/\/www.coolheadeurope.com\/prodotto\/drinks\/vetrine-bibite\/tkg-390cb\/","url":"https:\/\/www.coolheadeurope.com\/prodotto\/drinks\/vetrine-bibite\/tkg-390cb\/","name":"TKG 390CB - Cool Head Europe","isPartOf":{"@id":"https:\/\/www.coolheadeurope.com\/#website"},"primaryImageOfPage":{"@id":"https:\/\/www.coolheadeurope.com\/prodotto\/drinks\/vetrine-bibite\/tkg-390cb\/#primaryimage"},"image":{"@id":"https:\/\/www.coolheadeurope.com\/prodotto\/drinks\/vetrine-bibite\/tkg-390cb\/#primaryimage"},"thumbnailUrl":"https:\/\/www.coolheadeurope.com\/wp-content\/uploads\/2026\/04\/TKG-390CB-CORPO_CH_LOW-18.png","datePublished":"2025-03-21T17:34:49+00:00","dateModified":"2026-02-08T03:46:02+00:00","breadcrumb":{"@id":"https:\/\/www.coolheadeurope.com\/prodotto\/drinks\/vetrine-bibite\/tkg-390cb\/#breadcrumb"},"inLanguage":"es","potentialAction":[{"@type":"ReadAction","target":["https:\/\/www.coolheadeurope.com\/prodotto\/drinks\/vetrine-bibite\/tkg-390cb\/"]}]},{"@type":"ImageObject","inLanguage":"es","@id":"https:\/\/www.coolheadeurope.com\/prodotto\/drinks\/vetrine-bibite\/tkg-390cb\/#primaryimage","url":"https:\/\/www.coolheadeurope.com\/wp-content\/uploads\/2026\/04\/TKG-390CB-CORPO_CH_LOW-18.png","contentUrl":"https:\/\/www.coolheadeurope.com\/wp-content\/uploads\/2026\/04\/TKG-390CB-CORPO_CH_LOW-18.png","width":262,"height":567,"caption":"Immagine di TKG 390CB"},{"@type":"BreadcrumbList","@id":"https:\/\/www.coolheadeurope.com\/prodotto\/drinks\/vetrine-bibite\/tkg-390cb\/#breadcrumb","itemListElement":[{"@type":"ListItem","position":1,"name":"Home","item":"https:\/\/www.coolheadeurope.com\/es\/"},{"@type":"ListItem","position":2,"name":"Buscar","item":"https:\/\/www.coolheadeurope.com\/es\/buscar\/"},{"@type":"ListItem","position":3,"name":"TKG 390CB"}]},{"@type":"WebSite","@id":"https:\/\/www.coolheadeurope.com\/#website","url":"https:\/\/www.coolheadeurope.com\/","name":"Cool Head Europe","description":"We make the world a cooler place","potentialAction":[{"@type":"SearchAction","target":{"@type":"EntryPoint","urlTemplate":"https:\/\/www.coolheadeurope.com\/?s={search_term_string}"},"query-input":{"@type":"PropertyValueSpecification","valueRequired":true,"valueName":"search_term_string"}}],"inLanguage":"es"}]}},"_links":{"self":[{"href":"https:\/\/www.coolheadeurope.com\/es\/wp-json\/wp\/v2\/product\/3394832","targetHints":{"allow":["GET"]}}],"collection":[{"href":"https:\/\/www.coolheadeurope.com\/es\/wp-json\/wp\/v2\/product"}],"about":[{"href":"https:\/\/www.coolheadeurope.com\/es\/wp-json\/wp\/v2\/types\/product"}],"wp:featuredmedia":[{"embeddable":true,"href":"https:\/\/www.coolheadeurope.com\/es\/wp-json\/wp\/v2\/media\/3708291"}],"wp:attachment":[{"href":"https:\/\/www.coolheadeurope.com\/es\/wp-json\/wp\/v2\/media?parent=3394832"}],"wp:term":[{"taxonomy":"product_brand","embeddable":true,"href":"https:\/\/www.coolheadeurope.com\/es\/wp-json\/wp\/v2\/product_brand?post=3394832"},{"taxonomy":"product_cat","embeddable":true,"href":"https:\/\/www.coolheadeurope.com\/es\/wp-json\/wp\/v2\/product_cat?post=3394832"},{"taxonomy":"product_tag","embeddable":true,"href":"https:\/\/www.coolheadeurope.com\/es\/wp-json\/wp\/v2\/product_tag?post=3394832"}],"curies":[{"name":"wp","href":"https:\/\/api.w.org\/{rel}","templated":true}]}}