{"id":3394868,"date":"2025-03-21T19:10:10","date_gmt":"2025-03-21T19:10:10","guid":{"rendered":"https:\/\/www.coolheadeurope.com\/prodotto\/sin%20categor\u00eda\/rcg-2500\/"},"modified":"2026-02-08T03:46:38","modified_gmt":"2026-02-08T03:46:38","slug":"rcg-2500","status":"publish","type":"product","link":"https:\/\/www.coolheadeurope.com\/es\/prodotto\/bebidas\/vitrinas-para-bebidas\/rcg-2500\/","title":{"rendered":"RCG 2500"},"content":{"rendered":"<p>Enfriador vertical de bebidas de 2300 Lt<br \/>\nArmario de acero pintado en blanco tanto en el interior como en el exterior<br \/>\nRefrigeraci\u00f3n ventilada<br \/>\nDescongelamiento autom\u00e1tico tras parada del compresor<br \/>\nEspuma en ciclopentano (45 mm de espesor en cada lado)<br \/>\nTermostato digital<br \/>\nJunta extra\u00edble<br \/>\nLuz LED interna vertical (con interruptor independiente)<br \/>\nVidrio de seguridad templado reforzado con perfil de aluminio<br \/>\nDoble vidrio anticondensaci\u00f3n<br \/>\nPuerta con cierre autom\u00e1tico y cerradura de serie<br \/>\nEstantes regulables: 24 Pzs<br \/>\nN.10 Ruedas para un f\u00e1cil posicionamiento<br \/>\nClase de energ\u00eda: C<\/p>\n","protected":false},"excerpt":{"rendered":"<p>Un refrigerador vertical de aspecto impecable con cu\u00e1druples puertas de cristal y 2300L de capacidad. Se presenta en color blanco y con luces LED verticales interiores con interruptor independiente. Est\u00e1 equipado con una puerta de cristal con doble vidrio templado de seguridad, sistema de enfriamiento ventilado, 24 estantes ajustables, cerradura, puerta de cierre autom\u00e1tico, 10 ruedas para facilitar la colocaci\u00f3n y pantalla digital de termostato. El modelo RCG 2500 ha sido dise\u00f1ado para ser utilizado de m\u00faltiples formas, garantizando siempre un correcto almacenamiento de las bebidas para una adecuada exposici\u00f3n y apreciaci\u00f3n de los productos en su interior.<\/p>\n","protected":false},"featured_media":3692963,"template":"","meta":[],"product_brand":[],"product_cat":[7781,7785],"product_tag":[],"class_list":{"0":"post-3394868","1":"product","2":"type-product","3":"status-publish","4":"has-post-thumbnail","6":"product_cat-bebidas","7":"product_cat-vitrinas-para-bebidas","8":"pa_capacite-commerciale-2248-l","9":"pa_consommation-denergie-10-15-kw-24h","10":"pa_hauteur-exterieure-2040-mm","11":"pa_hauteur-interieure-1495-mm","12":"pa_largeur-exterieure-2508-mm","13":"pa_largeur-interne-2418-mm","14":"pa_niveau-sonore-65-dba","15":"pa_poids-brut-400-kg","16":"pa_poids-net-360-kg","17":"pa_profondeur-externe-740-mm","18":"pa_profondeur-interne-543-mm","19":"pa_puissance-1380-w","21":"first","22":"instock","23":"product-type-simple"},"acf":[],"yoast_head":"<!-- This site is optimized with the Yoast SEO plugin v27.2 - https:\/\/yoast.com\/product\/yoast-seo-wordpress\/ -->\n<title>RCG 2500 - Cool Head Europe<\/title>\n<meta name=\"robots\" content=\"index, follow, max-snippet:-1, max-image-preview:large, max-video-preview:-1\" \/>\n<link rel=\"canonical\" href=\"http:\/\/www.coolheadeurope.com\/es\/prodotto\/bebidas\/vitrinas-para-bebidas\/rcg-2500\/\" \/>\n<meta property=\"og:locale\" content=\"es_ES\" \/>\n<meta property=\"og:type\" content=\"article\" \/>\n<meta property=\"og:title\" content=\"RCG 2500 - Cool Head Europe\" \/>\n<meta property=\"og:description\" content=\"Un refrigerador vertical de aspecto impecable con cu\u00e1druples puertas de cristal y 2300L de capacidad. Se presenta en color blanco y con luces LED verticales interiores con interruptor independiente. Est\u00e1 equipado con una puerta de cristal con doble vidrio templado de seguridad, sistema de enfriamiento ventilado, 24 estantes ajustables, cerradura, puerta de cierre autom\u00e1tico, 10 ruedas para facilitar la colocaci\u00f3n y pantalla digital de termostato. El modelo RCG 2500 ha sido dise\u00f1ado para ser utilizado de m\u00faltiples formas, garantizando siempre un correcto almacenamiento de las bebidas para una adecuada exposici\u00f3n y apreciaci\u00f3n de los productos en su interior.\" \/>\n<meta property=\"og:url\" content=\"http:\/\/www.coolheadeurope.com\/es\/prodotto\/bebidas\/vitrinas-para-bebidas\/rcg-2500\/\" \/>\n<meta property=\"og:site_name\" content=\"Cool Head Europe\" \/>\n<meta property=\"article:modified_time\" content=\"2026-02-08T03:46:38+00:00\" \/>\n<meta property=\"og:image\" content=\"http:\/\/www.coolheadeurope.com\/wp-content\/uploads\/2026\/02\/RCG-2500-CORPO_CH_LOW.png\" \/>\n\t<meta property=\"og:image:width\" content=\"567\" \/>\n\t<meta property=\"og:image:height\" content=\"492\" \/>\n\t<meta property=\"og:image:type\" content=\"image\/png\" \/>\n<meta name=\"twitter:card\" content=\"summary_large_image\" \/>\n<!-- \/ Yoast SEO plugin. -->","yoast_head_json":{"title":"RCG 2500 - Cool Head Europe","robots":{"index":"index","follow":"follow","max-snippet":"max-snippet:-1","max-image-preview":"max-image-preview:large","max-video-preview":"max-video-preview:-1"},"canonical":"http:\/\/www.coolheadeurope.com\/es\/prodotto\/bebidas\/vitrinas-para-bebidas\/rcg-2500\/","og_locale":"es_ES","og_type":"article","og_title":"RCG 2500 - Cool Head Europe","og_description":"Un refrigerador vertical de aspecto impecable con cu\u00e1druples puertas de cristal y 2300L de capacidad. Se presenta en color blanco y con luces LED verticales interiores con interruptor independiente. Est\u00e1 equipado con una puerta de cristal con doble vidrio templado de seguridad, sistema de enfriamiento ventilado, 24 estantes ajustables, cerradura, puerta de cierre autom\u00e1tico, 10 ruedas para facilitar la colocaci\u00f3n y pantalla digital de termostato. El modelo RCG 2500 ha sido dise\u00f1ado para ser utilizado de m\u00faltiples formas, garantizando siempre un correcto almacenamiento de las bebidas para una adecuada exposici\u00f3n y apreciaci\u00f3n de los productos en su interior.","og_url":"http:\/\/www.coolheadeurope.com\/es\/prodotto\/bebidas\/vitrinas-para-bebidas\/rcg-2500\/","og_site_name":"Cool Head Europe","article_modified_time":"2026-02-08T03:46:38+00:00","og_image":[{"width":567,"height":492,"url":"http:\/\/www.coolheadeurope.com\/wp-content\/uploads\/2026\/02\/RCG-2500-CORPO_CH_LOW.png","type":"image\/png"}],"twitter_card":"summary_large_image","schema":{"@context":"https:\/\/schema.org","@graph":[{"@type":"WebPage","@id":"http:\/\/www.coolheadeurope.com\/es\/prodotto\/bebidas\/vitrinas-para-bebidas\/rcg-2500\/","url":"http:\/\/www.coolheadeurope.com\/es\/prodotto\/bebidas\/vitrinas-para-bebidas\/rcg-2500\/","name":"RCG 2500 - Cool Head Europe","isPartOf":{"@id":"https:\/\/www.coolheadeurope.com\/#website"},"primaryImageOfPage":{"@id":"http:\/\/www.coolheadeurope.com\/es\/prodotto\/bebidas\/vitrinas-para-bebidas\/rcg-2500\/#primaryimage"},"image":{"@id":"http:\/\/www.coolheadeurope.com\/es\/prodotto\/bebidas\/vitrinas-para-bebidas\/rcg-2500\/#primaryimage"},"thumbnailUrl":"https:\/\/www.coolheadeurope.com\/wp-content\/uploads\/2026\/04\/RCG-2500-CORPO_CH_LOW-10.png","datePublished":"2025-03-21T19:10:10+00:00","dateModified":"2026-02-08T03:46:38+00:00","breadcrumb":{"@id":"http:\/\/www.coolheadeurope.com\/es\/prodotto\/bebidas\/vitrinas-para-bebidas\/rcg-2500\/#breadcrumb"},"inLanguage":"es","potentialAction":[{"@type":"ReadAction","target":["http:\/\/www.coolheadeurope.com\/es\/prodotto\/bebidas\/vitrinas-para-bebidas\/rcg-2500\/"]}]},{"@type":"ImageObject","inLanguage":"es","@id":"http:\/\/www.coolheadeurope.com\/es\/prodotto\/bebidas\/vitrinas-para-bebidas\/rcg-2500\/#primaryimage","url":"https:\/\/www.coolheadeurope.com\/wp-content\/uploads\/2026\/04\/RCG-2500-CORPO_CH_LOW-10.png","contentUrl":"https:\/\/www.coolheadeurope.com\/wp-content\/uploads\/2026\/04\/RCG-2500-CORPO_CH_LOW-10.png","width":567,"height":492,"caption":"Immagine di RCG 2500"},{"@type":"BreadcrumbList","@id":"http:\/\/www.coolheadeurope.com\/es\/prodotto\/bebidas\/vitrinas-para-bebidas\/rcg-2500\/#breadcrumb","itemListElement":[{"@type":"ListItem","position":1,"name":"Home","item":"https:\/\/www.coolheadeurope.com\/es\/"},{"@type":"ListItem","position":2,"name":"Buscar","item":"https:\/\/www.coolheadeurope.com\/es\/buscar\/"},{"@type":"ListItem","position":3,"name":"RCG 2500"}]},{"@type":"WebSite","@id":"https:\/\/www.coolheadeurope.com\/#website","url":"https:\/\/www.coolheadeurope.com\/","name":"Cool Head Europe","description":"We make the world a cooler place","potentialAction":[{"@type":"SearchAction","target":{"@type":"EntryPoint","urlTemplate":"https:\/\/www.coolheadeurope.com\/?s={search_term_string}"},"query-input":{"@type":"PropertyValueSpecification","valueRequired":true,"valueName":"search_term_string"}}],"inLanguage":"es"}]}},"_links":{"self":[{"href":"https:\/\/www.coolheadeurope.com\/es\/wp-json\/wp\/v2\/product\/3394868","targetHints":{"allow":["GET"]}}],"collection":[{"href":"https:\/\/www.coolheadeurope.com\/es\/wp-json\/wp\/v2\/product"}],"about":[{"href":"https:\/\/www.coolheadeurope.com\/es\/wp-json\/wp\/v2\/types\/product"}],"wp:featuredmedia":[{"embeddable":true,"href":"https:\/\/www.coolheadeurope.com\/es\/wp-json\/wp\/v2\/media\/3692963"}],"wp:attachment":[{"href":"https:\/\/www.coolheadeurope.com\/es\/wp-json\/wp\/v2\/media?parent=3394868"}],"wp:term":[{"taxonomy":"product_brand","embeddable":true,"href":"https:\/\/www.coolheadeurope.com\/es\/wp-json\/wp\/v2\/product_brand?post=3394868"},{"taxonomy":"product_cat","embeddable":true,"href":"https:\/\/www.coolheadeurope.com\/es\/wp-json\/wp\/v2\/product_cat?post=3394868"},{"taxonomy":"product_tag","embeddable":true,"href":"https:\/\/www.coolheadeurope.com\/es\/wp-json\/wp\/v2\/product_tag?post=3394868"}],"curies":[{"name":"wp","href":"https:\/\/api.w.org\/{rel}","templated":true}]}}