{"id":3394872,"date":"2025-03-21T19:22:20","date_gmt":"2025-03-21T19:22:20","guid":{"rendered":"https:\/\/www.coolheadeurope.com\/prodotto\/sin%20categor\u00eda\/rng-90c\/"},"modified":"2026-02-08T03:46:45","modified_gmt":"2026-02-08T03:46:45","slug":"rng-90c","status":"publish","type":"product","link":"https:\/\/www.coolheadeurope.com\/es\/prodotto\/congeladores\/congeladores-de-sobremesa\/rng-90c\/","title":{"rendered":"RNG 90C"},"content":{"rendered":"<p>Congelador vertical  90 Lt con pantalla publicitaria.<br \/>\nArmario de acero pintado en blanco tanto en el interior como en el exterior<br \/>\nRefrigeraci\u00f3n est\u00e1tica<br \/>\nDescongelaci\u00f3n manual<br \/>\nEspuma en ciclopentano (55 mm de espesor en cada lado)<br \/>\nJunta extra\u00edble<br \/>\nLuz LED interior \/ luz LED para \u00f3palo<br \/>\nVidrio de seguridad templado triple con resistencia el\u00e9ctrica<br \/>\nPuerta de cierre autom\u00e1tico<br \/>\nMarco de puerta en aluminio pintado con tirador integrado<br \/>\nCerradura de serie<br \/>\nEstantes ajustables: 3 Pcs<br \/>\nN. 4 pies ajustables<br \/>\nClase de energ\u00eda: C<\/p>\n","protected":false},"excerpt":{"rendered":"<p>Un congelador de mostrador blanco con panel publicitario, marco de puerta de aluminio pintado con manilla integrada. Equipado con triple cristal templado de seguridad con calefacci\u00f3n, cerradura y puerta de cierre autom\u00e1tico, el modelo RNG 90C ha sido dise\u00f1ado para ser utilizado de m\u00faltiples formas, garantizando siempre un correcto almacenamiento de los alimentos para una adecuada exposici\u00f3n y apreciaci\u00f3n de los productos en su interior.<\/p>\n","protected":false},"featured_media":3708672,"template":"","meta":[],"product_brand":[],"product_cat":[7764,7767],"product_tag":[],"class_list":{"0":"post-3394872","1":"product","2":"type-product","3":"status-publish","4":"has-post-thumbnail","6":"product_cat-congeladores","7":"product_cat-congeladores-de-sobremesa","8":"pa_capacite-commerciale-116-l","9":"pa_consommation-denergie-3-41-kw-24h","10":"pa_hauteur-exterieure-895-mm","11":"pa_hauteur-interieure-540-mm","12":"pa_largeur-exterieure-610-mm","13":"pa_largeur-interne-500-mm","14":"pa_niveau-sonore-45-dba","15":"pa_poids-brut-59-kg","16":"pa_poids-net-54-kg","17":"pa_profondeur-externe-560-mm","18":"pa_profondeur-interne-430-mm","19":"pa_puissance-217-w","21":"first","22":"instock","23":"product-type-simple"},"acf":[],"yoast_head":"<!-- This site is optimized with the Yoast SEO plugin v27.2 - https:\/\/yoast.com\/product\/yoast-seo-wordpress\/ -->\n<title>RNG 90C - Cool Head Europe<\/title>\n<meta name=\"robots\" content=\"index, follow, max-snippet:-1, max-image-preview:large, max-video-preview:-1\" \/>\n<link rel=\"canonical\" href=\"https:\/\/www.coolheadeurope.com\/?post_type=product&p=546557\" \/>\n<meta property=\"og:locale\" content=\"es_ES\" \/>\n<meta property=\"og:type\" content=\"article\" \/>\n<meta property=\"og:title\" content=\"RNG 90C - Cool Head Europe\" \/>\n<meta property=\"og:description\" content=\"Un congelador de mostrador blanco con panel publicitario, marco de puerta de aluminio pintado con manilla integrada. Equipado con triple cristal templado de seguridad con calefacci\u00f3n, cerradura y puerta de cierre autom\u00e1tico, el modelo RNG 90C ha sido dise\u00f1ado para ser utilizado de m\u00faltiples formas, garantizando siempre un correcto almacenamiento de los alimentos para una adecuada exposici\u00f3n y apreciaci\u00f3n de los productos en su interior.\" \/>\n<meta property=\"og:url\" content=\"https:\/\/www.coolheadeurope.com\/?post_type=product&amp;p=546557\" \/>\n<meta property=\"og:site_name\" content=\"Cool Head Europe\" \/>\n<meta property=\"article:modified_time\" content=\"2026-02-08T03:46:45+00:00\" \/>\n<meta name=\"twitter:card\" content=\"summary_large_image\" \/>\n<!-- \/ Yoast SEO plugin. -->","yoast_head_json":{"title":"RNG 90C - Cool Head Europe","robots":{"index":"index","follow":"follow","max-snippet":"max-snippet:-1","max-image-preview":"max-image-preview:large","max-video-preview":"max-video-preview:-1"},"canonical":"https:\/\/www.coolheadeurope.com\/?post_type=product&p=546557","og_locale":"es_ES","og_type":"article","og_title":"RNG 90C - Cool Head Europe","og_description":"Un congelador de mostrador blanco con panel publicitario, marco de puerta de aluminio pintado con manilla integrada. Equipado con triple cristal templado de seguridad con calefacci\u00f3n, cerradura y puerta de cierre autom\u00e1tico, el modelo RNG 90C ha sido dise\u00f1ado para ser utilizado de m\u00faltiples formas, garantizando siempre un correcto almacenamiento de los alimentos para una adecuada exposici\u00f3n y apreciaci\u00f3n de los productos en su interior.","og_url":"https:\/\/www.coolheadeurope.com\/?post_type=product&p=546557","og_site_name":"Cool Head Europe","article_modified_time":"2026-02-08T03:46:45+00:00","twitter_card":"summary_large_image","schema":{"@context":"https:\/\/schema.org","@graph":[{"@type":"WebPage","@id":"https:\/\/www.coolheadeurope.com\/?post_type=product&p=546557","url":"https:\/\/www.coolheadeurope.com\/?post_type=product&p=546557","name":"RNG 90C - Cool Head Europe","isPartOf":{"@id":"https:\/\/www.coolheadeurope.com\/#website"},"primaryImageOfPage":{"@id":"https:\/\/www.coolheadeurope.com\/?post_type=product&p=546557#primaryimage"},"image":{"@id":"https:\/\/www.coolheadeurope.com\/?post_type=product&p=546557#primaryimage"},"thumbnailUrl":"https:\/\/www.coolheadeurope.com\/wp-content\/uploads\/2026\/04\/RNG-90C-CORPO_CH_LOW-16.png","datePublished":"2025-03-21T19:22:20+00:00","dateModified":"2026-02-08T03:46:45+00:00","breadcrumb":{"@id":"https:\/\/www.coolheadeurope.com\/?post_type=product&p=546557#breadcrumb"},"inLanguage":"es","potentialAction":[{"@type":"ReadAction","target":["https:\/\/www.coolheadeurope.com\/?post_type=product&p=546557"]}]},{"@type":"ImageObject","inLanguage":"es","@id":"https:\/\/www.coolheadeurope.com\/?post_type=product&p=546557#primaryimage","url":"https:\/\/www.coolheadeurope.com\/wp-content\/uploads\/2026\/04\/RNG-90C-CORPO_CH_LOW-16.png","contentUrl":"https:\/\/www.coolheadeurope.com\/wp-content\/uploads\/2026\/04\/RNG-90C-CORPO_CH_LOW-16.png","width":567,"height":698,"caption":"Immagine di RNG 90C"},{"@type":"BreadcrumbList","@id":"https:\/\/www.coolheadeurope.com\/?post_type=product&p=546557#breadcrumb","itemListElement":[{"@type":"ListItem","position":1,"name":"Home","item":"https:\/\/www.coolheadeurope.com\/es\/"},{"@type":"ListItem","position":2,"name":"Buscar","item":"https:\/\/www.coolheadeurope.com\/es\/buscar\/"},{"@type":"ListItem","position":3,"name":"RNG 90C"}]},{"@type":"WebSite","@id":"https:\/\/www.coolheadeurope.com\/#website","url":"https:\/\/www.coolheadeurope.com\/","name":"Cool Head Europe","description":"We make the world a cooler place","potentialAction":[{"@type":"SearchAction","target":{"@type":"EntryPoint","urlTemplate":"https:\/\/www.coolheadeurope.com\/?s={search_term_string}"},"query-input":{"@type":"PropertyValueSpecification","valueRequired":true,"valueName":"search_term_string"}}],"inLanguage":"es"}]}},"_links":{"self":[{"href":"https:\/\/www.coolheadeurope.com\/es\/wp-json\/wp\/v2\/product\/3394872","targetHints":{"allow":["GET"]}}],"collection":[{"href":"https:\/\/www.coolheadeurope.com\/es\/wp-json\/wp\/v2\/product"}],"about":[{"href":"https:\/\/www.coolheadeurope.com\/es\/wp-json\/wp\/v2\/types\/product"}],"wp:featuredmedia":[{"embeddable":true,"href":"https:\/\/www.coolheadeurope.com\/es\/wp-json\/wp\/v2\/media\/3708672"}],"wp:attachment":[{"href":"https:\/\/www.coolheadeurope.com\/es\/wp-json\/wp\/v2\/media?parent=3394872"}],"wp:term":[{"taxonomy":"product_brand","embeddable":true,"href":"https:\/\/www.coolheadeurope.com\/es\/wp-json\/wp\/v2\/product_brand?post=3394872"},{"taxonomy":"product_cat","embeddable":true,"href":"https:\/\/www.coolheadeurope.com\/es\/wp-json\/wp\/v2\/product_cat?post=3394872"},{"taxonomy":"product_tag","embeddable":true,"href":"https:\/\/www.coolheadeurope.com\/es\/wp-json\/wp\/v2\/product_tag?post=3394872"}],"curies":[{"name":"wp","href":"https:\/\/api.w.org\/{rel}","templated":true}]}}