{"id":3394873,"date":"2025-03-21T19:25:52","date_gmt":"2025-03-21T19:25:52","guid":{"rendered":"https:\/\/www.coolheadeurope.com\/prodotto\/sin%20categor\u00eda\/tng-390\/"},"modified":"2026-02-08T03:46:46","modified_gmt":"2026-02-08T03:46:46","slug":"tng-390","status":"publish","type":"product","link":"https:\/\/www.coolheadeurope.com\/es\/prodotto\/congeladores\/vitrinas-congeladoras\/tng-390\/","title":{"rendered":"TNG 390"},"content":{"rendered":"<p>Armario congelador 300 Lt.<br \/>\nArmario blanco con interior termoformado<br \/>\nRefrigeraci\u00f3n est\u00e1tica: estantes de evaporador fijos (7 estantes)<br \/>\nDescongelaci\u00f3n manual<br \/>\nEspuma de ciclopentano (50 mm de espesor en cada lado &#8211; libre de CFC)<br \/>\nTermostato mec\u00e1nico<br \/>\nTerm\u00f3metro digital<br \/>\nJunta extra\u00edble<br \/>\nPuerta climatizada con doble vidrio de seguridad templado<br \/>\nPuerta de cierre autom\u00e1tico<br \/>\nCerradura de serie y tirador externo de aluminio rectangular<br \/>\nLuz LED interior horizontal (con interruptor independiente)<br \/>\n2 pies ajustables + 2 ruedas traseras<br \/>\nClase de energ\u00eda: C<\/p>\n","protected":false},"excerpt":{"rendered":"<p>Un congelador vertical de 300L en color blanco y manilla cuadrada exterior de aluminio. Equipado con puerta de cristal con calefacci\u00f3n y doble cristal templado de seguridad, sistema de enfriamiento est\u00e1tico con estantes evaporadores fijos, cerradura, puerta de cierre autom\u00e1tico, luz LED horizontal interior con interruptor independiente, termostato mec\u00e1nico y pantalla term\u00f3metro digital. El modelo TNG 390 ha sido dise\u00f1ado para ser utilizado de m\u00faltiples formas, garantizando siempre una correcta conservaci\u00f3n de los alimentos para una adecuada exposici\u00f3n y apreciaci\u00f3n de los productos en su interior.<\/p>\n","protected":false},"featured_media":3703811,"template":"","meta":[],"product_brand":[],"product_cat":[7764,7765],"product_tag":[],"class_list":{"0":"post-3394873","1":"product","2":"type-product","3":"status-publish","4":"has-post-thumbnail","6":"product_cat-congeladores","7":"product_cat-vitrinas-congeladoras","8":"pa_capacite-commerciale-300-l","9":"pa_consommation-denergie-8-267-kw-24h","10":"pa_hauteur-exterieure-1870-mm","11":"pa_hauteur-interieure-1585-mm","12":"pa_largeur-exterieure-600-mm","13":"pa_largeur-interne-475-mm","14":"pa_niveau-sonore-57-dba","15":"pa_poids-brut-102-kg","16":"pa_poids-net-92-5-kg","17":"pa_profondeur-externe-630-mm","18":"pa_profondeur-interne-440-mm","19":"pa_puissance-620-w","21":"first","22":"instock","23":"product-type-simple"},"acf":[],"yoast_head":"<!-- This site is optimized with the Yoast SEO plugin v27.2 - https:\/\/yoast.com\/product\/yoast-seo-wordpress\/ -->\n<title>TNG 390 - Cool Head Europe<\/title>\n<meta name=\"robots\" content=\"index, follow, max-snippet:-1, max-image-preview:large, max-video-preview:-1\" \/>\n<link rel=\"canonical\" href=\"http:\/\/www.coolheadeurope.com\/es\/prodotto\/congeladores\/vitrinas-congeladoras\/tng-390\/\" \/>\n<meta property=\"og:locale\" content=\"es_ES\" \/>\n<meta property=\"og:type\" content=\"article\" \/>\n<meta property=\"og:title\" content=\"TNG 390 - Cool Head Europe\" \/>\n<meta property=\"og:description\" content=\"Un congelador vertical de 300L en color blanco y manilla cuadrada exterior de aluminio. Equipado con puerta de cristal con calefacci\u00f3n y doble cristal templado de seguridad, sistema de enfriamiento est\u00e1tico con estantes evaporadores fijos, cerradura, puerta de cierre autom\u00e1tico, luz LED horizontal interior con interruptor independiente, termostato mec\u00e1nico y pantalla term\u00f3metro digital. El modelo TNG 390 ha sido dise\u00f1ado para ser utilizado de m\u00faltiples formas, garantizando siempre una correcta conservaci\u00f3n de los alimentos para una adecuada exposici\u00f3n y apreciaci\u00f3n de los productos en su interior.\" \/>\n<meta property=\"og:url\" content=\"http:\/\/www.coolheadeurope.com\/es\/prodotto\/congeladores\/vitrinas-congeladoras\/tng-390\/\" \/>\n<meta property=\"og:site_name\" content=\"Cool Head Europe\" \/>\n<meta property=\"article:modified_time\" content=\"2026-02-08T03:46:46+00:00\" \/>\n<meta property=\"og:image\" content=\"http:\/\/www.coolheadeurope.com\/wp-content\/uploads\/2026\/02\/TNG-390-CORPO_CH_LOW.png\" \/>\n\t<meta property=\"og:image:width\" content=\"274\" \/>\n\t<meta property=\"og:image:height\" content=\"567\" \/>\n\t<meta property=\"og:image:type\" content=\"image\/png\" \/>\n<meta name=\"twitter:card\" content=\"summary_large_image\" \/>\n<!-- \/ Yoast SEO plugin. -->","yoast_head_json":{"title":"TNG 390 - Cool Head Europe","robots":{"index":"index","follow":"follow","max-snippet":"max-snippet:-1","max-image-preview":"max-image-preview:large","max-video-preview":"max-video-preview:-1"},"canonical":"http:\/\/www.coolheadeurope.com\/es\/prodotto\/congeladores\/vitrinas-congeladoras\/tng-390\/","og_locale":"es_ES","og_type":"article","og_title":"TNG 390 - Cool Head Europe","og_description":"Un congelador vertical de 300L en color blanco y manilla cuadrada exterior de aluminio. Equipado con puerta de cristal con calefacci\u00f3n y doble cristal templado de seguridad, sistema de enfriamiento est\u00e1tico con estantes evaporadores fijos, cerradura, puerta de cierre autom\u00e1tico, luz LED horizontal interior con interruptor independiente, termostato mec\u00e1nico y pantalla term\u00f3metro digital. El modelo TNG 390 ha sido dise\u00f1ado para ser utilizado de m\u00faltiples formas, garantizando siempre una correcta conservaci\u00f3n de los alimentos para una adecuada exposici\u00f3n y apreciaci\u00f3n de los productos en su interior.","og_url":"http:\/\/www.coolheadeurope.com\/es\/prodotto\/congeladores\/vitrinas-congeladoras\/tng-390\/","og_site_name":"Cool Head Europe","article_modified_time":"2026-02-08T03:46:46+00:00","og_image":[{"width":274,"height":567,"url":"http:\/\/www.coolheadeurope.com\/wp-content\/uploads\/2026\/02\/TNG-390-CORPO_CH_LOW.png","type":"image\/png"}],"twitter_card":"summary_large_image","schema":{"@context":"https:\/\/schema.org","@graph":[{"@type":"WebPage","@id":"http:\/\/www.coolheadeurope.com\/es\/prodotto\/congeladores\/vitrinas-congeladoras\/tng-390\/","url":"http:\/\/www.coolheadeurope.com\/es\/prodotto\/congeladores\/vitrinas-congeladoras\/tng-390\/","name":"TNG 390 - Cool Head Europe","isPartOf":{"@id":"https:\/\/www.coolheadeurope.com\/#website"},"primaryImageOfPage":{"@id":"http:\/\/www.coolheadeurope.com\/es\/prodotto\/congeladores\/vitrinas-congeladoras\/tng-390\/#primaryimage"},"image":{"@id":"http:\/\/www.coolheadeurope.com\/es\/prodotto\/congeladores\/vitrinas-congeladoras\/tng-390\/#primaryimage"},"thumbnailUrl":"https:\/\/www.coolheadeurope.com\/wp-content\/uploads\/2026\/04\/TNG-390-CORPO_CH_LOW-14.png","datePublished":"2025-03-21T19:25:52+00:00","dateModified":"2026-02-08T03:46:46+00:00","breadcrumb":{"@id":"http:\/\/www.coolheadeurope.com\/es\/prodotto\/congeladores\/vitrinas-congeladoras\/tng-390\/#breadcrumb"},"inLanguage":"es","potentialAction":[{"@type":"ReadAction","target":["http:\/\/www.coolheadeurope.com\/es\/prodotto\/congeladores\/vitrinas-congeladoras\/tng-390\/"]}]},{"@type":"ImageObject","inLanguage":"es","@id":"http:\/\/www.coolheadeurope.com\/es\/prodotto\/congeladores\/vitrinas-congeladoras\/tng-390\/#primaryimage","url":"https:\/\/www.coolheadeurope.com\/wp-content\/uploads\/2026\/04\/TNG-390-CORPO_CH_LOW-14.png","contentUrl":"https:\/\/www.coolheadeurope.com\/wp-content\/uploads\/2026\/04\/TNG-390-CORPO_CH_LOW-14.png","width":274,"height":567,"caption":"Immagine di TNG 390"},{"@type":"BreadcrumbList","@id":"http:\/\/www.coolheadeurope.com\/es\/prodotto\/congeladores\/vitrinas-congeladoras\/tng-390\/#breadcrumb","itemListElement":[{"@type":"ListItem","position":1,"name":"Home","item":"https:\/\/www.coolheadeurope.com\/es\/"},{"@type":"ListItem","position":2,"name":"Buscar","item":"https:\/\/www.coolheadeurope.com\/es\/buscar\/"},{"@type":"ListItem","position":3,"name":"TNG 390"}]},{"@type":"WebSite","@id":"https:\/\/www.coolheadeurope.com\/#website","url":"https:\/\/www.coolheadeurope.com\/","name":"Cool Head Europe","description":"We make the world a cooler place","potentialAction":[{"@type":"SearchAction","target":{"@type":"EntryPoint","urlTemplate":"https:\/\/www.coolheadeurope.com\/?s={search_term_string}"},"query-input":{"@type":"PropertyValueSpecification","valueRequired":true,"valueName":"search_term_string"}}],"inLanguage":"es"}]}},"_links":{"self":[{"href":"https:\/\/www.coolheadeurope.com\/es\/wp-json\/wp\/v2\/product\/3394873","targetHints":{"allow":["GET"]}}],"collection":[{"href":"https:\/\/www.coolheadeurope.com\/es\/wp-json\/wp\/v2\/product"}],"about":[{"href":"https:\/\/www.coolheadeurope.com\/es\/wp-json\/wp\/v2\/types\/product"}],"wp:featuredmedia":[{"embeddable":true,"href":"https:\/\/www.coolheadeurope.com\/es\/wp-json\/wp\/v2\/media\/3703811"}],"wp:attachment":[{"href":"https:\/\/www.coolheadeurope.com\/es\/wp-json\/wp\/v2\/media?parent=3394873"}],"wp:term":[{"taxonomy":"product_brand","embeddable":true,"href":"https:\/\/www.coolheadeurope.com\/es\/wp-json\/wp\/v2\/product_brand?post=3394873"},{"taxonomy":"product_cat","embeddable":true,"href":"https:\/\/www.coolheadeurope.com\/es\/wp-json\/wp\/v2\/product_cat?post=3394873"},{"taxonomy":"product_tag","embeddable":true,"href":"https:\/\/www.coolheadeurope.com\/es\/wp-json\/wp\/v2\/product_tag?post=3394873"}],"curies":[{"name":"wp","href":"https:\/\/api.w.org\/{rel}","templated":true}]}}