{"id":3394882,"date":"2025-03-21T20:09:22","date_gmt":"2025-03-21T20:09:22","guid":{"rendered":"https:\/\/www.coolheadeurope.com\/prodotto\/sin%20categor\u00eda\/rfg-1350b\/"},"modified":"2026-02-08T03:46:54","modified_gmt":"2026-02-08T03:46:54","slug":"rfg-1350b","status":"publish","type":"product","link":"https:\/\/www.coolheadeurope.com\/es\/prodotto\/congeladores\/vitrinas-congeladoras\/rfg-1350b\/","title":{"rendered":"RFG 1350B"},"content":{"rendered":"<p>Armario congelador 1080 Lt. PUERTA DE CRISTAL<br \/>\nArmario con interior y exterior en acero pintado negro<br \/>\nRefrigeraci\u00f3n ventilada<br \/>\nSistema de descarche por gas caliente<br \/>\nEspuma de ciclopentano (60 mm de espesor en cada lado &#8211; libre de CFC)<br \/>\nTermostato digital<br \/>\nInterruptor general separado<br \/>\nLuz LED interna vertical (con interruptor independiente)<br \/>\nJunta extra\u00edble<br \/>\nPuerta de cristal con calefacci\u00f3n con triple cristal templado de seguridad y gas Arg\u00f3n<br \/>\nPuerta de cierre autom\u00e1tico<br \/>\nCerradura de serie y tirador externo de aluminio rectangular<br \/>\nEstantes ajustables: 12 Pcs<br \/>\nEspaciador interior trasero<br \/>\n4 Ruedas para un posicionamiento f\u00e1cil<br \/>\nClase de energ\u00eda: D<\/p>\n","protected":false},"excerpt":{"rendered":"<p>Un congelador vertical de aspecto despejado con dos puertas de cristal y 994L de capacidad. Viene en color blanco y con una luz LED vertical interior con interruptor independiente. Equipado con puerta de cristal con calefacci\u00f3n, doble cristal templado de seguridad, sistema de refrigeraci\u00f3n ventilado, 6 estantes ajustables, cerradura, puerta con cierre autom\u00e1tico, 4 ruedas para facilitar su posicionamiento y pantalla digital con termostato. El modelo RFG 1350B ha sido dise\u00f1ado para ser utilizado de m\u00faltiples formas, garantizando siempre una correcta conservaci\u00f3n de los alimentos para una adecuada exposici\u00f3n y apreciaci\u00f3n de los productos en su interior.<\/p>\n","protected":false},"featured_media":3703923,"template":"","meta":[],"product_brand":[],"product_cat":[7764,7765],"product_tag":[],"class_list":{"0":"post-3394882","1":"product","2":"type-product","3":"status-publish","4":"has-post-thumbnail","6":"product_cat-congeladores","7":"product_cat-vitrinas-congeladoras","8":"pa_capacite-commerciale-1084-l","9":"pa_consommation-denergie-18-2-kw-24h","10":"pa_hauteur-exterieure-2040-mm","11":"pa_hauteur-interieure-1465-mm","12":"pa_largeur-exterieure-1340-mm","13":"pa_largeur-interne-1220-mm","14":"pa_niveau-sonore-61-dba","15":"pa_poids-brut-264-kg","16":"pa_poids-net-252-kg","17":"pa_profondeur-externe-760-mm","18":"pa_profondeur-interne-580-mm","19":"pa_puissance-1100-w","21":"first","22":"instock","23":"product-type-simple"},"acf":[],"yoast_head":"<!-- This site is optimized with the Yoast SEO plugin v27.2 - https:\/\/yoast.com\/product\/yoast-seo-wordpress\/ -->\n<title>RFG 1350B - Cool Head Europe<\/title>\n<meta name=\"robots\" content=\"index, follow, max-snippet:-1, max-image-preview:large, max-video-preview:-1\" \/>\n<link rel=\"canonical\" href=\"http:\/\/www.coolheadeurope.com\/es\/prodotto\/congeladores\/vitrinas-congeladoras\/rfg-1350b\/\" \/>\n<meta property=\"og:locale\" content=\"es_ES\" \/>\n<meta property=\"og:type\" content=\"article\" \/>\n<meta property=\"og:title\" content=\"RFG 1350B - Cool Head Europe\" \/>\n<meta property=\"og:description\" content=\"Un congelador vertical de aspecto despejado con dos puertas de cristal y 994L de capacidad. Viene en color blanco y con una luz LED vertical interior con interruptor independiente. Equipado con puerta de cristal con calefacci\u00f3n, doble cristal templado de seguridad, sistema de refrigeraci\u00f3n ventilado, 6 estantes ajustables, cerradura, puerta con cierre autom\u00e1tico, 4 ruedas para facilitar su posicionamiento y pantalla digital con termostato. El modelo RFG 1350B ha sido dise\u00f1ado para ser utilizado de m\u00faltiples formas, garantizando siempre una correcta conservaci\u00f3n de los alimentos para una adecuada exposici\u00f3n y apreciaci\u00f3n de los productos en su interior.\" \/>\n<meta property=\"og:url\" content=\"http:\/\/www.coolheadeurope.com\/es\/prodotto\/congeladores\/vitrinas-congeladoras\/rfg-1350b\/\" \/>\n<meta property=\"og:site_name\" content=\"Cool Head Europe\" \/>\n<meta property=\"article:modified_time\" content=\"2026-02-08T03:46:54+00:00\" \/>\n<meta property=\"og:image\" content=\"http:\/\/www.coolheadeurope.com\/wp-content\/uploads\/2026\/02\/RFG-1350B-CORPO_CH_LOW.png\" \/>\n\t<meta property=\"og:image:width\" content=\"410\" \/>\n\t<meta property=\"og:image:height\" content=\"567\" \/>\n\t<meta property=\"og:image:type\" content=\"image\/png\" \/>\n<meta name=\"twitter:card\" content=\"summary_large_image\" \/>\n<!-- \/ Yoast SEO plugin. -->","yoast_head_json":{"title":"RFG 1350B - Cool Head Europe","robots":{"index":"index","follow":"follow","max-snippet":"max-snippet:-1","max-image-preview":"max-image-preview:large","max-video-preview":"max-video-preview:-1"},"canonical":"http:\/\/www.coolheadeurope.com\/es\/prodotto\/congeladores\/vitrinas-congeladoras\/rfg-1350b\/","og_locale":"es_ES","og_type":"article","og_title":"RFG 1350B - Cool Head Europe","og_description":"Un congelador vertical de aspecto despejado con dos puertas de cristal y 994L de capacidad. Viene en color blanco y con una luz LED vertical interior con interruptor independiente. Equipado con puerta de cristal con calefacci\u00f3n, doble cristal templado de seguridad, sistema de refrigeraci\u00f3n ventilado, 6 estantes ajustables, cerradura, puerta con cierre autom\u00e1tico, 4 ruedas para facilitar su posicionamiento y pantalla digital con termostato. El modelo RFG 1350B ha sido dise\u00f1ado para ser utilizado de m\u00faltiples formas, garantizando siempre una correcta conservaci\u00f3n de los alimentos para una adecuada exposici\u00f3n y apreciaci\u00f3n de los productos en su interior.","og_url":"http:\/\/www.coolheadeurope.com\/es\/prodotto\/congeladores\/vitrinas-congeladoras\/rfg-1350b\/","og_site_name":"Cool Head Europe","article_modified_time":"2026-02-08T03:46:54+00:00","og_image":[{"width":410,"height":567,"url":"http:\/\/www.coolheadeurope.com\/wp-content\/uploads\/2026\/02\/RFG-1350B-CORPO_CH_LOW.png","type":"image\/png"}],"twitter_card":"summary_large_image","schema":{"@context":"https:\/\/schema.org","@graph":[{"@type":"WebPage","@id":"http:\/\/www.coolheadeurope.com\/es\/prodotto\/congeladores\/vitrinas-congeladoras\/rfg-1350b\/","url":"http:\/\/www.coolheadeurope.com\/es\/prodotto\/congeladores\/vitrinas-congeladoras\/rfg-1350b\/","name":"RFG 1350B - Cool Head Europe","isPartOf":{"@id":"https:\/\/www.coolheadeurope.com\/#website"},"primaryImageOfPage":{"@id":"http:\/\/www.coolheadeurope.com\/es\/prodotto\/congeladores\/vitrinas-congeladoras\/rfg-1350b\/#primaryimage"},"image":{"@id":"http:\/\/www.coolheadeurope.com\/es\/prodotto\/congeladores\/vitrinas-congeladoras\/rfg-1350b\/#primaryimage"},"thumbnailUrl":"https:\/\/www.coolheadeurope.com\/wp-content\/uploads\/2026\/04\/RFG-1350B-CORPO_CH_LOW-14.png","datePublished":"2025-03-21T20:09:22+00:00","dateModified":"2026-02-08T03:46:54+00:00","breadcrumb":{"@id":"http:\/\/www.coolheadeurope.com\/es\/prodotto\/congeladores\/vitrinas-congeladoras\/rfg-1350b\/#breadcrumb"},"inLanguage":"es","potentialAction":[{"@type":"ReadAction","target":["http:\/\/www.coolheadeurope.com\/es\/prodotto\/congeladores\/vitrinas-congeladoras\/rfg-1350b\/"]}]},{"@type":"ImageObject","inLanguage":"es","@id":"http:\/\/www.coolheadeurope.com\/es\/prodotto\/congeladores\/vitrinas-congeladoras\/rfg-1350b\/#primaryimage","url":"https:\/\/www.coolheadeurope.com\/wp-content\/uploads\/2026\/04\/RFG-1350B-CORPO_CH_LOW-14.png","contentUrl":"https:\/\/www.coolheadeurope.com\/wp-content\/uploads\/2026\/04\/RFG-1350B-CORPO_CH_LOW-14.png","width":410,"height":567,"caption":"Immagine di RFG 1350B"},{"@type":"BreadcrumbList","@id":"http:\/\/www.coolheadeurope.com\/es\/prodotto\/congeladores\/vitrinas-congeladoras\/rfg-1350b\/#breadcrumb","itemListElement":[{"@type":"ListItem","position":1,"name":"Home","item":"https:\/\/www.coolheadeurope.com\/es\/"},{"@type":"ListItem","position":2,"name":"Buscar","item":"https:\/\/www.coolheadeurope.com\/es\/buscar\/"},{"@type":"ListItem","position":3,"name":"RFG 1350B"}]},{"@type":"WebSite","@id":"https:\/\/www.coolheadeurope.com\/#website","url":"https:\/\/www.coolheadeurope.com\/","name":"Cool Head Europe","description":"We make the world a cooler place","potentialAction":[{"@type":"SearchAction","target":{"@type":"EntryPoint","urlTemplate":"https:\/\/www.coolheadeurope.com\/?s={search_term_string}"},"query-input":{"@type":"PropertyValueSpecification","valueRequired":true,"valueName":"search_term_string"}}],"inLanguage":"es"}]}},"_links":{"self":[{"href":"https:\/\/www.coolheadeurope.com\/es\/wp-json\/wp\/v2\/product\/3394882","targetHints":{"allow":["GET"]}}],"collection":[{"href":"https:\/\/www.coolheadeurope.com\/es\/wp-json\/wp\/v2\/product"}],"about":[{"href":"https:\/\/www.coolheadeurope.com\/es\/wp-json\/wp\/v2\/types\/product"}],"wp:featuredmedia":[{"embeddable":true,"href":"https:\/\/www.coolheadeurope.com\/es\/wp-json\/wp\/v2\/media\/3703923"}],"wp:attachment":[{"href":"https:\/\/www.coolheadeurope.com\/es\/wp-json\/wp\/v2\/media?parent=3394882"}],"wp:term":[{"taxonomy":"product_brand","embeddable":true,"href":"https:\/\/www.coolheadeurope.com\/es\/wp-json\/wp\/v2\/product_brand?post=3394882"},{"taxonomy":"product_cat","embeddable":true,"href":"https:\/\/www.coolheadeurope.com\/es\/wp-json\/wp\/v2\/product_cat?post=3394882"},{"taxonomy":"product_tag","embeddable":true,"href":"https:\/\/www.coolheadeurope.com\/es\/wp-json\/wp\/v2\/product_tag?post=3394882"}],"curies":[{"name":"wp","href":"https:\/\/api.w.org\/{rel}","templated":true}]}}