{"id":3394887,"date":"2025-03-21T20:23:59","date_gmt":"2025-03-21T20:23:59","guid":{"rendered":"https:\/\/www.coolheadeurope.com\/prodotto\/sin%20categor\u00eda\/hn-80\/"},"modified":"2026-02-08T04:07:32","modified_gmt":"2026-02-08T04:07:32","slug":"hn-80","status":"publish","type":"product","link":"https:\/\/www.coolheadeurope.com\/es\/prodotto\/congeladores\/congeladores-horizontales\/hn-80\/","title":{"rendered":"HN 80"},"content":{"rendered":"<p>Congelador de latas 80 Lt. con tope de cristal<br \/>\nExterior en chapa revestida de negro, interior en acero pintado de gris<br \/>\nRefrigeraci\u00f3n est\u00e1tica<br \/>\nDescongelaci\u00f3n manual<br \/>\nEspuma en ciclopentano (60 mm de espesor en cada lado)<br \/>\nTirador a lo largo del perfil de la puerta<br \/>\nVidrio de seguridad unico templado (Low-E)<br \/>\nEspaciadores incluidos<br \/>\n4 Ruedas (1 delanteras con freno)<br \/>\nClase de energ\u00eda: D<\/p>\n","protected":false},"excerpt":{"rendered":"<p>Al ser pr\u00e1ctico, fiable y duradero, este arc\u00f3n congelador con forma cil\u00edndrica y tope de cristal, ha sido dise\u00f1ado para facilitar el almacenamiento y la gesti\u00f3n de helados. Equipado con un sistema de enfriamiento est\u00e1tico, manilla en el marco de cristal y separador interior, el modelo HN 80 tambi\u00e9n es f\u00e1cil de mover gracias a sus 3 ruedas giratorias.<\/p>\n","protected":false},"featured_media":3693201,"template":"","meta":[],"product_brand":[],"product_cat":[7764,7766],"product_tag":[],"class_list":{"0":"post-3394887","1":"product","2":"type-product","3":"status-publish","4":"has-post-thumbnail","6":"product_cat-congeladores","7":"product_cat-congeladores-horizontales","8":"pa_capacite-commerciale-77-l","9":"pa_consommation-denergie-1-26-kw-24h","10":"pa_hauteur-exterieure-849-mm","11":"pa_hauteur-interieure-460-mm","12":"pa_largeur-exterieure-569-mm","13":"pa_largeur-interne-458-mm","14":"pa_niveau-sonore-36-dba","15":"pa_poids-brut-34-kg","16":"pa_poids-net-29-kg","17":"pa_profondeur-externe-569-mm","18":"pa_profondeur-interne-458-mm","19":"pa_puissance-100-w","21":"first","22":"instock","23":"product-type-simple"},"acf":[],"yoast_head":"<!-- This site is optimized with the Yoast SEO plugin v27.2 - https:\/\/yoast.com\/product\/yoast-seo-wordpress\/ -->\n<title>HN 80 - Cool Head Europe<\/title>\n<meta name=\"robots\" content=\"index, follow, max-snippet:-1, max-image-preview:large, max-video-preview:-1\" \/>\n<link rel=\"canonical\" href=\"https:\/\/www.coolheadeurope.com\/es\/prodotto\/congeladores\/congeladores-horizontales\/hn-80\/\" \/>\n<meta property=\"og:locale\" content=\"es_ES\" \/>\n<meta property=\"og:type\" content=\"article\" \/>\n<meta property=\"og:title\" content=\"HN 80 - Cool Head Europe\" \/>\n<meta property=\"og:description\" content=\"Al ser pr\u00e1ctico, fiable y duradero, este arc\u00f3n congelador con forma cil\u00edndrica y tope de cristal, ha sido dise\u00f1ado para facilitar el almacenamiento y la gesti\u00f3n de helados. Equipado con un sistema de enfriamiento est\u00e1tico, manilla en el marco de cristal y separador interior, el modelo HN 80 tambi\u00e9n es f\u00e1cil de mover gracias a sus 3 ruedas giratorias.\" \/>\n<meta property=\"og:url\" content=\"https:\/\/www.coolheadeurope.com\/es\/prodotto\/congeladores\/congeladores-horizontales\/hn-80\/\" \/>\n<meta property=\"og:site_name\" content=\"Cool Head Europe\" \/>\n<meta property=\"article:modified_time\" content=\"2026-02-08T04:07:32+00:00\" \/>\n<meta property=\"og:image\" content=\"https:\/\/www.coolheadeurope.com\/wp-content\/uploads\/2026\/02\/HN-80-CORPO_CH_LOW.png\" \/>\n\t<meta property=\"og:image:width\" content=\"367\" \/>\n\t<meta property=\"og:image:height\" content=\"548\" \/>\n\t<meta property=\"og:image:type\" content=\"image\/png\" \/>\n<meta name=\"twitter:card\" content=\"summary_large_image\" \/>\n<!-- \/ Yoast SEO plugin. -->","yoast_head_json":{"title":"HN 80 - Cool Head Europe","robots":{"index":"index","follow":"follow","max-snippet":"max-snippet:-1","max-image-preview":"max-image-preview:large","max-video-preview":"max-video-preview:-1"},"canonical":"https:\/\/www.coolheadeurope.com\/es\/prodotto\/congeladores\/congeladores-horizontales\/hn-80\/","og_locale":"es_ES","og_type":"article","og_title":"HN 80 - Cool Head Europe","og_description":"Al ser pr\u00e1ctico, fiable y duradero, este arc\u00f3n congelador con forma cil\u00edndrica y tope de cristal, ha sido dise\u00f1ado para facilitar el almacenamiento y la gesti\u00f3n de helados. Equipado con un sistema de enfriamiento est\u00e1tico, manilla en el marco de cristal y separador interior, el modelo HN 80 tambi\u00e9n es f\u00e1cil de mover gracias a sus 3 ruedas giratorias.","og_url":"https:\/\/www.coolheadeurope.com\/es\/prodotto\/congeladores\/congeladores-horizontales\/hn-80\/","og_site_name":"Cool Head Europe","article_modified_time":"2026-02-08T04:07:32+00:00","og_image":[{"width":367,"height":548,"url":"https:\/\/www.coolheadeurope.com\/wp-content\/uploads\/2026\/02\/HN-80-CORPO_CH_LOW.png","type":"image\/png"}],"twitter_card":"summary_large_image","schema":{"@context":"https:\/\/schema.org","@graph":[{"@type":"WebPage","@id":"https:\/\/www.coolheadeurope.com\/es\/prodotto\/congeladores\/congeladores-horizontales\/hn-80\/","url":"https:\/\/www.coolheadeurope.com\/es\/prodotto\/congeladores\/congeladores-horizontales\/hn-80\/","name":"HN 80 - Cool Head Europe","isPartOf":{"@id":"https:\/\/www.coolheadeurope.com\/#website"},"primaryImageOfPage":{"@id":"https:\/\/www.coolheadeurope.com\/es\/prodotto\/congeladores\/congeladores-horizontales\/hn-80\/#primaryimage"},"image":{"@id":"https:\/\/www.coolheadeurope.com\/es\/prodotto\/congeladores\/congeladores-horizontales\/hn-80\/#primaryimage"},"thumbnailUrl":"https:\/\/www.coolheadeurope.com\/wp-content\/uploads\/2026\/04\/HN-80-CORPO_CH_LOW-10.png","datePublished":"2025-03-21T20:23:59+00:00","dateModified":"2026-02-08T04:07:32+00:00","breadcrumb":{"@id":"https:\/\/www.coolheadeurope.com\/es\/prodotto\/congeladores\/congeladores-horizontales\/hn-80\/#breadcrumb"},"inLanguage":"es","potentialAction":[{"@type":"ReadAction","target":["https:\/\/www.coolheadeurope.com\/es\/prodotto\/congeladores\/congeladores-horizontales\/hn-80\/"]}]},{"@type":"ImageObject","inLanguage":"es","@id":"https:\/\/www.coolheadeurope.com\/es\/prodotto\/congeladores\/congeladores-horizontales\/hn-80\/#primaryimage","url":"https:\/\/www.coolheadeurope.com\/wp-content\/uploads\/2026\/04\/HN-80-CORPO_CH_LOW-10.png","contentUrl":"https:\/\/www.coolheadeurope.com\/wp-content\/uploads\/2026\/04\/HN-80-CORPO_CH_LOW-10.png","width":367,"height":548,"caption":"Immagine di HN 80"},{"@type":"BreadcrumbList","@id":"https:\/\/www.coolheadeurope.com\/es\/prodotto\/congeladores\/congeladores-horizontales\/hn-80\/#breadcrumb","itemListElement":[{"@type":"ListItem","position":1,"name":"Home","item":"https:\/\/www.coolheadeurope.com\/es\/"},{"@type":"ListItem","position":2,"name":"Buscar","item":"https:\/\/www.coolheadeurope.com\/es\/buscar\/"},{"@type":"ListItem","position":3,"name":"HN 80"}]},{"@type":"WebSite","@id":"https:\/\/www.coolheadeurope.com\/#website","url":"https:\/\/www.coolheadeurope.com\/","name":"Cool Head Europe","description":"We make the world a cooler place","potentialAction":[{"@type":"SearchAction","target":{"@type":"EntryPoint","urlTemplate":"https:\/\/www.coolheadeurope.com\/?s={search_term_string}"},"query-input":{"@type":"PropertyValueSpecification","valueRequired":true,"valueName":"search_term_string"}}],"inLanguage":"es"}]}},"_links":{"self":[{"href":"https:\/\/www.coolheadeurope.com\/es\/wp-json\/wp\/v2\/product\/3394887","targetHints":{"allow":["GET"]}}],"collection":[{"href":"https:\/\/www.coolheadeurope.com\/es\/wp-json\/wp\/v2\/product"}],"about":[{"href":"https:\/\/www.coolheadeurope.com\/es\/wp-json\/wp\/v2\/types\/product"}],"wp:featuredmedia":[{"embeddable":true,"href":"https:\/\/www.coolheadeurope.com\/es\/wp-json\/wp\/v2\/media\/3693201"}],"wp:attachment":[{"href":"https:\/\/www.coolheadeurope.com\/es\/wp-json\/wp\/v2\/media?parent=3394887"}],"wp:term":[{"taxonomy":"product_brand","embeddable":true,"href":"https:\/\/www.coolheadeurope.com\/es\/wp-json\/wp\/v2\/product_brand?post=3394887"},{"taxonomy":"product_cat","embeddable":true,"href":"https:\/\/www.coolheadeurope.com\/es\/wp-json\/wp\/v2\/product_cat?post=3394887"},{"taxonomy":"product_tag","embeddable":true,"href":"https:\/\/www.coolheadeurope.com\/es\/wp-json\/wp\/v2\/product_tag?post=3394887"}],"curies":[{"name":"wp","href":"https:\/\/api.w.org\/{rel}","templated":true}]}}