{"id":3394889,"date":"2025-03-21T20:30:14","date_gmt":"2025-03-21T20:30:14","guid":{"rendered":"https:\/\/www.coolheadeurope.com\/prodotto\/sin%20categor\u00eda\/cg-409a\/"},"modified":"2026-04-28T08:25:02","modified_gmt":"2026-04-28T08:25:02","slug":"cg-409a","status":"publish","type":"product","link":"https:\/\/www.coolheadeurope.com\/es\/prodotto\/congeladores\/congeladores-horizontales\/cg-409a\/","title":{"rendered":"CG 409A"},"content":{"rendered":"<p>Congelador de 400 Lt con tapa de vidrio deslizante<br \/>\nAcero pintado en blanco tanto en exterior como en interior<br \/>\nRefrigeraci\u00f3n est\u00e1tica<br \/>\nDescongelaci\u00f3n manual<br \/>\nTerm\u00f3metro anal\u00f3gico<br \/>\nEspuma en ciclopentano (70 mm de espesor en cada lado)<br \/>\nVidrio de seguridad unico templado<br \/>\nTirador incluido en el marco de vidrio<br \/>\nCerradura de serie<br \/>\nLuz LED interior horizontal (con interruptor independiente)<br \/>\nCestas incluidas (3 piezas)<br \/>\n4 Ruedas (2 delanteras con freno)<br \/>\nClase de energ\u00eda: D<\/p>\n","protected":false},"excerpt":{"rendered":"<p>Al ser pr\u00e1ctico, fiable y duradero, este arc\u00f3n congelador de 370L de capacidad con tope de cristal curvo deslizante, ha sido dise\u00f1ado para facilitar el almacenamiento y la gesti\u00f3n de helados y comidas congeladas. Equipado con un sistema de enfriamiento est\u00e1tico, manilla en el marco de cristal, cerradura, luz LED interior horizontal con interruptor independiente y 3 cestas, el modelo CG 409A tambi\u00e9n es f\u00e1cil de mover gracias a sus 4 ruedas giratorias.<\/p>\n","protected":false},"featured_media":3881454,"template":"","meta":[],"product_brand":[],"product_cat":[7764,7766],"product_tag":[],"class_list":{"0":"post-3394889","1":"product","2":"type-product","3":"status-publish","4":"has-post-thumbnail","6":"product_cat-congeladores","7":"product_cat-congeladores-horizontales","8":"pa_capacite-commerciale-370-l","9":"pa_consommation-denergie-3-315-kw-24h","10":"pa_hauteur-exterieure-850-mm","11":"pa_hauteur-interieure-600-mm","12":"pa_largeur-exterieure-1240-mm","13":"pa_largeur-interne-1095-mm","14":"pa_niveau-sonore-52-dba","15":"pa_poids-brut-76-00-kg","16":"pa_poids-net-63-00-kg","17":"pa_profondeur-externe-694-mm","18":"pa_profondeur-interne-550-mm","19":"pa_puissance-180-w","21":"first","22":"instock","23":"product-type-simple"},"acf":[],"yoast_head":"<!-- This site is optimized with the Yoast SEO plugin v27.2 - https:\/\/yoast.com\/product\/yoast-seo-wordpress\/ -->\n<title>CG 409A - Cool Head Europe<\/title>\n<meta name=\"robots\" content=\"index, follow, max-snippet:-1, max-image-preview:large, max-video-preview:-1\" \/>\n<link rel=\"canonical\" href=\"https:\/\/www.coolheadeurope.com\/es\/prodotto\/congeladores\/congeladores-horizontales\/cg-409a\/\" \/>\n<meta property=\"og:locale\" content=\"es_ES\" \/>\n<meta property=\"og:type\" content=\"article\" \/>\n<meta property=\"og:title\" content=\"CG 409A - Cool Head Europe\" \/>\n<meta property=\"og:description\" content=\"Al ser pr\u00e1ctico, fiable y duradero, este arc\u00f3n congelador de 370L de capacidad con tope de cristal curvo deslizante, ha sido dise\u00f1ado para facilitar el almacenamiento y la gesti\u00f3n de helados y comidas congeladas. Equipado con un sistema de enfriamiento est\u00e1tico, manilla en el marco de cristal, cerradura, luz LED interior horizontal con interruptor independiente y 3 cestas, el modelo CG 409A tambi\u00e9n es f\u00e1cil de mover gracias a sus 4 ruedas giratorias.\" \/>\n<meta property=\"og:url\" content=\"https:\/\/www.coolheadeurope.com\/es\/prodotto\/congeladores\/congeladores-horizontales\/cg-409a\/\" \/>\n<meta property=\"og:site_name\" content=\"Cool Head Europe\" \/>\n<meta property=\"article:modified_time\" content=\"2026-04-28T08:25:02+00:00\" \/>\n<meta property=\"og:image\" content=\"https:\/\/www.coolheadeurope.com\/wp-content\/uploads\/2026\/04\/CG-409A-CORPO_CH_LOW-18.png\" \/>\n\t<meta property=\"og:image:width\" content=\"516\" \/>\n\t<meta property=\"og:image:height\" content=\"397\" \/>\n\t<meta property=\"og:image:type\" content=\"image\/png\" \/>\n<meta name=\"twitter:card\" content=\"summary_large_image\" \/>\n<!-- \/ Yoast SEO plugin. -->","yoast_head_json":{"title":"CG 409A - Cool Head Europe","robots":{"index":"index","follow":"follow","max-snippet":"max-snippet:-1","max-image-preview":"max-image-preview:large","max-video-preview":"max-video-preview:-1"},"canonical":"https:\/\/www.coolheadeurope.com\/es\/prodotto\/congeladores\/congeladores-horizontales\/cg-409a\/","og_locale":"es_ES","og_type":"article","og_title":"CG 409A - Cool Head Europe","og_description":"Al ser pr\u00e1ctico, fiable y duradero, este arc\u00f3n congelador de 370L de capacidad con tope de cristal curvo deslizante, ha sido dise\u00f1ado para facilitar el almacenamiento y la gesti\u00f3n de helados y comidas congeladas. Equipado con un sistema de enfriamiento est\u00e1tico, manilla en el marco de cristal, cerradura, luz LED interior horizontal con interruptor independiente y 3 cestas, el modelo CG 409A tambi\u00e9n es f\u00e1cil de mover gracias a sus 4 ruedas giratorias.","og_url":"https:\/\/www.coolheadeurope.com\/es\/prodotto\/congeladores\/congeladores-horizontales\/cg-409a\/","og_site_name":"Cool Head Europe","article_modified_time":"2026-04-28T08:25:02+00:00","og_image":[{"width":516,"height":397,"url":"https:\/\/www.coolheadeurope.com\/wp-content\/uploads\/2026\/04\/CG-409A-CORPO_CH_LOW-18.png","type":"image\/png"}],"twitter_card":"summary_large_image","schema":{"@context":"https:\/\/schema.org","@graph":[{"@type":"WebPage","@id":"https:\/\/www.coolheadeurope.com\/es\/prodotto\/congeladores\/congeladores-horizontales\/cg-409a\/","url":"https:\/\/www.coolheadeurope.com\/es\/prodotto\/congeladores\/congeladores-horizontales\/cg-409a\/","name":"CG 409A - Cool Head Europe","isPartOf":{"@id":"https:\/\/www.coolheadeurope.com\/#website"},"primaryImageOfPage":{"@id":"https:\/\/www.coolheadeurope.com\/es\/prodotto\/congeladores\/congeladores-horizontales\/cg-409a\/#primaryimage"},"image":{"@id":"https:\/\/www.coolheadeurope.com\/es\/prodotto\/congeladores\/congeladores-horizontales\/cg-409a\/#primaryimage"},"thumbnailUrl":"https:\/\/www.coolheadeurope.com\/wp-content\/uploads\/2026\/04\/CG-409A-CORPO_CH_LOW.png","datePublished":"2025-03-21T20:30:14+00:00","dateModified":"2026-04-28T08:25:02+00:00","breadcrumb":{"@id":"https:\/\/www.coolheadeurope.com\/es\/prodotto\/congeladores\/congeladores-horizontales\/cg-409a\/#breadcrumb"},"inLanguage":"es","potentialAction":[{"@type":"ReadAction","target":["https:\/\/www.coolheadeurope.com\/es\/prodotto\/congeladores\/congeladores-horizontales\/cg-409a\/"]}]},{"@type":"ImageObject","inLanguage":"es","@id":"https:\/\/www.coolheadeurope.com\/es\/prodotto\/congeladores\/congeladores-horizontales\/cg-409a\/#primaryimage","url":"https:\/\/www.coolheadeurope.com\/wp-content\/uploads\/2026\/04\/CG-409A-CORPO_CH_LOW.png","contentUrl":"https:\/\/www.coolheadeurope.com\/wp-content\/uploads\/2026\/04\/CG-409A-CORPO_CH_LOW.png","width":516,"height":397,"caption":"Immagine di CG 409A"},{"@type":"BreadcrumbList","@id":"https:\/\/www.coolheadeurope.com\/es\/prodotto\/congeladores\/congeladores-horizontales\/cg-409a\/#breadcrumb","itemListElement":[{"@type":"ListItem","position":1,"name":"Home","item":"https:\/\/www.coolheadeurope.com\/es\/"},{"@type":"ListItem","position":2,"name":"Buscar","item":"https:\/\/www.coolheadeurope.com\/es\/buscar\/"},{"@type":"ListItem","position":3,"name":"CG 409A"}]},{"@type":"WebSite","@id":"https:\/\/www.coolheadeurope.com\/#website","url":"https:\/\/www.coolheadeurope.com\/","name":"Cool Head Europe","description":"We make the world a cooler place","potentialAction":[{"@type":"SearchAction","target":{"@type":"EntryPoint","urlTemplate":"https:\/\/www.coolheadeurope.com\/?s={search_term_string}"},"query-input":{"@type":"PropertyValueSpecification","valueRequired":true,"valueName":"search_term_string"}}],"inLanguage":"es"}]}},"_links":{"self":[{"href":"https:\/\/www.coolheadeurope.com\/es\/wp-json\/wp\/v2\/product\/3394889","targetHints":{"allow":["GET"]}}],"collection":[{"href":"https:\/\/www.coolheadeurope.com\/es\/wp-json\/wp\/v2\/product"}],"about":[{"href":"https:\/\/www.coolheadeurope.com\/es\/wp-json\/wp\/v2\/types\/product"}],"wp:featuredmedia":[{"embeddable":true,"href":"https:\/\/www.coolheadeurope.com\/es\/wp-json\/wp\/v2\/media\/3881454"}],"wp:attachment":[{"href":"https:\/\/www.coolheadeurope.com\/es\/wp-json\/wp\/v2\/media?parent=3394889"}],"wp:term":[{"taxonomy":"product_brand","embeddable":true,"href":"https:\/\/www.coolheadeurope.com\/es\/wp-json\/wp\/v2\/product_brand?post=3394889"},{"taxonomy":"product_cat","embeddable":true,"href":"https:\/\/www.coolheadeurope.com\/es\/wp-json\/wp\/v2\/product_cat?post=3394889"},{"taxonomy":"product_tag","embeddable":true,"href":"https:\/\/www.coolheadeurope.com\/es\/wp-json\/wp\/v2\/product_tag?post=3394889"}],"curies":[{"name":"wp","href":"https:\/\/api.w.org\/{rel}","templated":true}]}}