{"id":3394894,"date":"2025-03-21T20:46:07","date_gmt":"2025-03-21T20:46:07","guid":{"rendered":"https:\/\/www.coolheadeurope.com\/prodotto\/sin%20categor\u00eda\/cfb-300\/"},"modified":"2026-04-28T08:25:38","modified_gmt":"2026-04-28T08:25:38","slug":"cfb-300","status":"publish","type":"product","link":"https:\/\/www.coolheadeurope.com\/es\/prodotto\/congeladores\/congeladores-horizontales\/cfb-300\/","title":{"rendered":"CFB 300"},"content":{"rendered":"<p>Arc\u00f3n congelador de 300 litros con tapa abatible<br \/>\nAcero pintado en blanco para exterior, aluminio para interior<br \/>\nRefrigeraci\u00f3n est\u00e1tica<br \/>\nDescongelaci\u00f3n manual<br \/>\nDescongelaci\u00f3n con goteo<br \/>\nEspuma en ciclopentano (60 mm de espesor en cada lado)<br \/>\nJunta extra\u00edble<br \/>\nTerm\u00f3metro digital<br \/>\nCestas incluidas (1 piezas)<br \/>\nN.4 ruedas pivotantes est\u00e1ndar<br \/>\nClase de energ\u00eda: D<\/p>\n","protected":false},"excerpt":{"rendered":"<p>Pr\u00e1ctico, fiable y duradero, este arc\u00f3n congelador de 300L de capacidad con tope abatible ha sido fabricado para almacenar y congelar perfectamente cualquier alimento. Equipado con sistema de enfriamiento est\u00e1tico, puertas con cerradura y 1 cesta, el modelo CFB 300 tambi\u00e9n es f\u00e1cil de mover gracias a sus 4 ruedas giratorias.<\/p>\n","protected":false},"featured_media":3881459,"template":"","meta":[],"product_brand":[],"product_cat":[7764,7766],"product_tag":[],"class_list":{"0":"post-3394894","1":"product","2":"type-product","3":"status-publish","4":"has-post-thumbnail","6":"product_cat-congeladores","7":"product_cat-congeladores-horizontales","8":"pa_capacite-commerciale-302-l","9":"pa_consommation-denergie-2-325-kw-24h","10":"pa_hauteur-exterieure-897-mm","11":"pa_hauteur-interieure-683-mm","12":"pa_largeur-exterieure-1010-mm","13":"pa_largeur-interne-890-mm","14":"pa_niveau-sonore-52-dba","15":"pa_poids-brut-62-kg","16":"pa_poids-net-58-kg","17":"pa_profondeur-externe-674-mm","18":"pa_profondeur-interne-510-mm","19":"pa_puissance-144-w","21":"first","22":"instock","23":"product-type-simple"},"acf":[],"yoast_head":"<!-- This site is optimized with the Yoast SEO plugin v27.2 - https:\/\/yoast.com\/product\/yoast-seo-wordpress\/ -->\n<title>CFB 300 - Cool Head Europe<\/title>\n<meta name=\"robots\" content=\"index, follow, max-snippet:-1, max-image-preview:large, max-video-preview:-1\" \/>\n<link rel=\"canonical\" href=\"https:\/\/www.coolheadeurope.com\/es\/prodotto\/congeladores\/congeladores-horizontales\/cfb-300\/\" \/>\n<meta property=\"og:locale\" content=\"es_ES\" \/>\n<meta property=\"og:type\" content=\"article\" \/>\n<meta property=\"og:title\" content=\"CFB 300 - Cool Head Europe\" \/>\n<meta property=\"og:description\" content=\"Pr\u00e1ctico, fiable y duradero, este arc\u00f3n congelador de 300L de capacidad con tope abatible ha sido fabricado para almacenar y congelar perfectamente cualquier alimento. Equipado con sistema de enfriamiento est\u00e1tico, puertas con cerradura y 1 cesta, el modelo CFB 300 tambi\u00e9n es f\u00e1cil de mover gracias a sus 4 ruedas giratorias.\" \/>\n<meta property=\"og:url\" content=\"https:\/\/www.coolheadeurope.com\/es\/prodotto\/congeladores\/congeladores-horizontales\/cfb-300\/\" \/>\n<meta property=\"og:site_name\" content=\"Cool Head Europe\" \/>\n<meta property=\"article:modified_time\" content=\"2026-04-28T08:25:38+00:00\" \/>\n<meta property=\"og:image\" content=\"https:\/\/www.coolheadeurope.com\/wp-content\/uploads\/2026\/04\/CFB-300-CORPO_CH_LOW.png\" \/>\n\t<meta property=\"og:image:width\" content=\"457\" \/>\n\t<meta property=\"og:image:height\" content=\"414\" \/>\n\t<meta property=\"og:image:type\" content=\"image\/png\" \/>\n<meta name=\"twitter:card\" content=\"summary_large_image\" \/>\n<!-- \/ Yoast SEO plugin. -->","yoast_head_json":{"title":"CFB 300 - Cool Head Europe","robots":{"index":"index","follow":"follow","max-snippet":"max-snippet:-1","max-image-preview":"max-image-preview:large","max-video-preview":"max-video-preview:-1"},"canonical":"https:\/\/www.coolheadeurope.com\/es\/prodotto\/congeladores\/congeladores-horizontales\/cfb-300\/","og_locale":"es_ES","og_type":"article","og_title":"CFB 300 - Cool Head Europe","og_description":"Pr\u00e1ctico, fiable y duradero, este arc\u00f3n congelador de 300L de capacidad con tope abatible ha sido fabricado para almacenar y congelar perfectamente cualquier alimento. Equipado con sistema de enfriamiento est\u00e1tico, puertas con cerradura y 1 cesta, el modelo CFB 300 tambi\u00e9n es f\u00e1cil de mover gracias a sus 4 ruedas giratorias.","og_url":"https:\/\/www.coolheadeurope.com\/es\/prodotto\/congeladores\/congeladores-horizontales\/cfb-300\/","og_site_name":"Cool Head Europe","article_modified_time":"2026-04-28T08:25:38+00:00","og_image":[{"width":457,"height":414,"url":"https:\/\/www.coolheadeurope.com\/wp-content\/uploads\/2026\/04\/CFB-300-CORPO_CH_LOW.png","type":"image\/png"}],"twitter_card":"summary_large_image","schema":{"@context":"https:\/\/schema.org","@graph":[{"@type":"WebPage","@id":"https:\/\/www.coolheadeurope.com\/es\/prodotto\/congeladores\/congeladores-horizontales\/cfb-300\/","url":"https:\/\/www.coolheadeurope.com\/es\/prodotto\/congeladores\/congeladores-horizontales\/cfb-300\/","name":"CFB 300 - Cool Head Europe","isPartOf":{"@id":"https:\/\/www.coolheadeurope.com\/#website"},"primaryImageOfPage":{"@id":"https:\/\/www.coolheadeurope.com\/es\/prodotto\/congeladores\/congeladores-horizontales\/cfb-300\/#primaryimage"},"image":{"@id":"https:\/\/www.coolheadeurope.com\/es\/prodotto\/congeladores\/congeladores-horizontales\/cfb-300\/#primaryimage"},"thumbnailUrl":"https:\/\/www.coolheadeurope.com\/wp-content\/uploads\/2026\/04\/CFB-300-CORPO_CH_LOW.png","datePublished":"2025-03-21T20:46:07+00:00","dateModified":"2026-04-28T08:25:38+00:00","breadcrumb":{"@id":"https:\/\/www.coolheadeurope.com\/es\/prodotto\/congeladores\/congeladores-horizontales\/cfb-300\/#breadcrumb"},"inLanguage":"es","potentialAction":[{"@type":"ReadAction","target":["https:\/\/www.coolheadeurope.com\/es\/prodotto\/congeladores\/congeladores-horizontales\/cfb-300\/"]}]},{"@type":"ImageObject","inLanguage":"es","@id":"https:\/\/www.coolheadeurope.com\/es\/prodotto\/congeladores\/congeladores-horizontales\/cfb-300\/#primaryimage","url":"https:\/\/www.coolheadeurope.com\/wp-content\/uploads\/2026\/04\/CFB-300-CORPO_CH_LOW.png","contentUrl":"https:\/\/www.coolheadeurope.com\/wp-content\/uploads\/2026\/04\/CFB-300-CORPO_CH_LOW.png","width":457,"height":414,"caption":"Immagine di CFB 300"},{"@type":"BreadcrumbList","@id":"https:\/\/www.coolheadeurope.com\/es\/prodotto\/congeladores\/congeladores-horizontales\/cfb-300\/#breadcrumb","itemListElement":[{"@type":"ListItem","position":1,"name":"Home","item":"https:\/\/www.coolheadeurope.com\/es\/"},{"@type":"ListItem","position":2,"name":"Buscar","item":"https:\/\/www.coolheadeurope.com\/es\/buscar\/"},{"@type":"ListItem","position":3,"name":"CFB 300"}]},{"@type":"WebSite","@id":"https:\/\/www.coolheadeurope.com\/#website","url":"https:\/\/www.coolheadeurope.com\/","name":"Cool Head Europe","description":"We make the world a cooler place","potentialAction":[{"@type":"SearchAction","target":{"@type":"EntryPoint","urlTemplate":"https:\/\/www.coolheadeurope.com\/?s={search_term_string}"},"query-input":{"@type":"PropertyValueSpecification","valueRequired":true,"valueName":"search_term_string"}}],"inLanguage":"es"}]}},"_links":{"self":[{"href":"https:\/\/www.coolheadeurope.com\/es\/wp-json\/wp\/v2\/product\/3394894","targetHints":{"allow":["GET"]}}],"collection":[{"href":"https:\/\/www.coolheadeurope.com\/es\/wp-json\/wp\/v2\/product"}],"about":[{"href":"https:\/\/www.coolheadeurope.com\/es\/wp-json\/wp\/v2\/types\/product"}],"wp:featuredmedia":[{"embeddable":true,"href":"https:\/\/www.coolheadeurope.com\/es\/wp-json\/wp\/v2\/media\/3881459"}],"wp:attachment":[{"href":"https:\/\/www.coolheadeurope.com\/es\/wp-json\/wp\/v2\/media?parent=3394894"}],"wp:term":[{"taxonomy":"product_brand","embeddable":true,"href":"https:\/\/www.coolheadeurope.com\/es\/wp-json\/wp\/v2\/product_brand?post=3394894"},{"taxonomy":"product_cat","embeddable":true,"href":"https:\/\/www.coolheadeurope.com\/es\/wp-json\/wp\/v2\/product_cat?post=3394894"},{"taxonomy":"product_tag","embeddable":true,"href":"https:\/\/www.coolheadeurope.com\/es\/wp-json\/wp\/v2\/product_tag?post=3394894"}],"curies":[{"name":"wp","href":"https:\/\/api.w.org\/{rel}","templated":true}]}}