{"id":3394899,"date":"2025-03-21T21:01:27","date_gmt":"2025-03-21T21:01:27","guid":{"rendered":"https:\/\/www.coolheadeurope.com\/prodotto\/sin%20categor\u00eda\/rcs-88\/"},"modified":"2026-05-09T18:26:23","modified_gmt":"2026-05-09T18:26:23","slug":"rcs-88","status":"publish","type":"product","link":"https:\/\/www.coolheadeurope.com\/es\/prodotto\/vino-es\/armarios-verticales-vino\/rcs-88\/","title":{"rendered":"RCS 88"},"content":{"rendered":"<p>Armario de vino independiente de 88 Lt<br \/>\nExterior en chapa pintada de negro, interior en negro termoformado<br \/>\nEvaporador tipo serpent\u00edn con ventilador de asistencia<br \/>\nDescongelamiento autom\u00e1tico tras parada del compresor<br \/>\nEspuma en ciclopentano (40 mm de espesor en cada lado)<br \/>\nTermostato mec\u00e1nico<br \/>\nJunta extra\u00edble<br \/>\nLuz LED interior<br \/>\nVidrio templado de seguridad doble<br \/>\nVidrio transparente<br \/>\nPuerta reversible<br \/>\nRejillas (6 piezas) y cesta (1 PC) en acero cromado<br \/>\nN. 4 pies ajustables<br \/>\nClase de energ\u00eda: G<\/p>\n","protected":false},"excerpt":{"rendered":"<p>El modelo RCS 88B es una vinoteca moderna de temperatura \u00fanica adecuada para contener hasta 29 botellas, tambi\u00e9n apta para uso dom\u00e9stico, equipada con 6 estantes cromados y 1 cesta cromada, luz LED interior, puerta reversible, de cristal transparente y manilla integrada en el marco de la puerta.<\/p>\n","protected":false},"featured_media":3932719,"template":"","meta":[],"product_brand":[],"product_cat":[7787,7788],"product_tag":[],"class_list":{"0":"post-3394899","1":"product","2":"type-product","3":"status-publish","4":"has-post-thumbnail","6":"product_cat-vino-es","7":"product_cat-armarios-verticales-vino","8":"pa_capacite-commerciale-90-l","9":"pa_consommation-denergie-0-38-kw-24h","10":"pa_hauteur-exterieure-830-mm","11":"pa_hauteur-interieure-727-mm","12":"pa_largeur-exterieure-430-mm","13":"pa_largeur-interne-356-mm","14":"pa_niveau-sonore-40-dba","15":"pa_poids-brut-30-kg","16":"pa_poids-net-23-kg","17":"pa_profondeur-externe-473-mm","18":"pa_profondeur-interne-394-mm","19":"pa_puissance-85-w","21":"first","22":"instock","23":"product-type-simple"},"acf":[],"yoast_head":"<!-- This site is optimized with the Yoast SEO plugin v27.2 - https:\/\/yoast.com\/product\/yoast-seo-wordpress\/ -->\n<title>RCS 88 - Cool Head Europe<\/title>\n<meta name=\"robots\" content=\"index, follow, max-snippet:-1, max-image-preview:large, max-video-preview:-1\" \/>\n<link rel=\"canonical\" href=\"https:\/\/www.coolheadeurope.com\/es\/prodotto\/vino-es\/armarios-verticales-vino\/rcs-88\/\" \/>\n<meta property=\"og:locale\" content=\"es_ES\" \/>\n<meta property=\"og:type\" content=\"article\" \/>\n<meta property=\"og:title\" content=\"RCS 88 - Cool Head Europe\" \/>\n<meta property=\"og:description\" content=\"El modelo RCS 88B es una vinoteca moderna de temperatura \u00fanica adecuada para contener hasta 29 botellas, tambi\u00e9n apta para uso dom\u00e9stico, equipada con 6 estantes cromados y 1 cesta cromada, luz LED interior, puerta reversible, de cristal transparente y manilla integrada en el marco de la puerta.\" \/>\n<meta property=\"og:url\" content=\"https:\/\/www.coolheadeurope.com\/es\/prodotto\/vino-es\/armarios-verticales-vino\/rcs-88\/\" \/>\n<meta property=\"og:site_name\" content=\"Cool Head Europe\" \/>\n<meta property=\"article:modified_time\" content=\"2026-05-09T18:26:23+00:00\" \/>\n<meta property=\"og:image\" content=\"https:\/\/www.coolheadeurope.com\/wp-content\/uploads\/2026\/04\/RCS-88-CORPO_CH_LOW-20.png\" \/>\n\t<meta property=\"og:image:width\" content=\"249\" \/>\n\t<meta property=\"og:image:height\" content=\"367\" \/>\n\t<meta property=\"og:image:type\" content=\"image\/png\" \/>\n<meta name=\"twitter:card\" content=\"summary_large_image\" \/>\n<!-- \/ Yoast SEO plugin. -->","yoast_head_json":{"title":"RCS 88 - Cool Head Europe","robots":{"index":"index","follow":"follow","max-snippet":"max-snippet:-1","max-image-preview":"max-image-preview:large","max-video-preview":"max-video-preview:-1"},"canonical":"https:\/\/www.coolheadeurope.com\/es\/prodotto\/vino-es\/armarios-verticales-vino\/rcs-88\/","og_locale":"es_ES","og_type":"article","og_title":"RCS 88 - Cool Head Europe","og_description":"El modelo RCS 88B es una vinoteca moderna de temperatura \u00fanica adecuada para contener hasta 29 botellas, tambi\u00e9n apta para uso dom\u00e9stico, equipada con 6 estantes cromados y 1 cesta cromada, luz LED interior, puerta reversible, de cristal transparente y manilla integrada en el marco de la puerta.","og_url":"https:\/\/www.coolheadeurope.com\/es\/prodotto\/vino-es\/armarios-verticales-vino\/rcs-88\/","og_site_name":"Cool Head Europe","article_modified_time":"2026-05-09T18:26:23+00:00","og_image":[{"width":249,"height":367,"url":"https:\/\/www.coolheadeurope.com\/wp-content\/uploads\/2026\/04\/RCS-88-CORPO_CH_LOW-20.png","type":"image\/png"}],"twitter_card":"summary_large_image","schema":{"@context":"https:\/\/schema.org","@graph":[{"@type":"WebPage","@id":"https:\/\/www.coolheadeurope.com\/es\/prodotto\/vino-es\/armarios-verticales-vino\/rcs-88\/","url":"https:\/\/www.coolheadeurope.com\/es\/prodotto\/vino-es\/armarios-verticales-vino\/rcs-88\/","name":"RCS 88 - Cool Head Europe","isPartOf":{"@id":"https:\/\/www.coolheadeurope.com\/#website"},"primaryImageOfPage":{"@id":"https:\/\/www.coolheadeurope.com\/es\/prodotto\/vino-es\/armarios-verticales-vino\/rcs-88\/#primaryimage"},"image":{"@id":"https:\/\/www.coolheadeurope.com\/es\/prodotto\/vino-es\/armarios-verticales-vino\/rcs-88\/#primaryimage"},"thumbnailUrl":"https:\/\/www.coolheadeurope.com\/wp-content\/uploads\/2026\/05\/RCS-88-CORPO_CH_LOW.png","datePublished":"2025-03-21T21:01:27+00:00","dateModified":"2026-05-09T18:26:23+00:00","breadcrumb":{"@id":"https:\/\/www.coolheadeurope.com\/es\/prodotto\/vino-es\/armarios-verticales-vino\/rcs-88\/#breadcrumb"},"inLanguage":"es","potentialAction":[{"@type":"ReadAction","target":["https:\/\/www.coolheadeurope.com\/es\/prodotto\/vino-es\/armarios-verticales-vino\/rcs-88\/"]}]},{"@type":"ImageObject","inLanguage":"es","@id":"https:\/\/www.coolheadeurope.com\/es\/prodotto\/vino-es\/armarios-verticales-vino\/rcs-88\/#primaryimage","url":"https:\/\/www.coolheadeurope.com\/wp-content\/uploads\/2026\/05\/RCS-88-CORPO_CH_LOW.png","contentUrl":"https:\/\/www.coolheadeurope.com\/wp-content\/uploads\/2026\/05\/RCS-88-CORPO_CH_LOW.png","width":249,"height":367,"caption":"Immagine di RCS 88"},{"@type":"BreadcrumbList","@id":"https:\/\/www.coolheadeurope.com\/es\/prodotto\/vino-es\/armarios-verticales-vino\/rcs-88\/#breadcrumb","itemListElement":[{"@type":"ListItem","position":1,"name":"Home","item":"https:\/\/www.coolheadeurope.com\/es\/"},{"@type":"ListItem","position":2,"name":"Buscar","item":"https:\/\/www.coolheadeurope.com\/es\/buscar\/"},{"@type":"ListItem","position":3,"name":"RCS 88"}]},{"@type":"WebSite","@id":"https:\/\/www.coolheadeurope.com\/#website","url":"https:\/\/www.coolheadeurope.com\/","name":"Cool Head Europe","description":"We make the world a cooler place","potentialAction":[{"@type":"SearchAction","target":{"@type":"EntryPoint","urlTemplate":"https:\/\/www.coolheadeurope.com\/?s={search_term_string}"},"query-input":{"@type":"PropertyValueSpecification","valueRequired":true,"valueName":"search_term_string"}}],"inLanguage":"es"}]}},"_links":{"self":[{"href":"https:\/\/www.coolheadeurope.com\/es\/wp-json\/wp\/v2\/product\/3394899","targetHints":{"allow":["GET"]}}],"collection":[{"href":"https:\/\/www.coolheadeurope.com\/es\/wp-json\/wp\/v2\/product"}],"about":[{"href":"https:\/\/www.coolheadeurope.com\/es\/wp-json\/wp\/v2\/types\/product"}],"wp:featuredmedia":[{"embeddable":true,"href":"https:\/\/www.coolheadeurope.com\/es\/wp-json\/wp\/v2\/media\/3932719"}],"wp:attachment":[{"href":"https:\/\/www.coolheadeurope.com\/es\/wp-json\/wp\/v2\/media?parent=3394899"}],"wp:term":[{"taxonomy":"product_brand","embeddable":true,"href":"https:\/\/www.coolheadeurope.com\/es\/wp-json\/wp\/v2\/product_brand?post=3394899"},{"taxonomy":"product_cat","embeddable":true,"href":"https:\/\/www.coolheadeurope.com\/es\/wp-json\/wp\/v2\/product_cat?post=3394899"},{"taxonomy":"product_tag","embeddable":true,"href":"https:\/\/www.coolheadeurope.com\/es\/wp-json\/wp\/v2\/product_tag?post=3394899"}],"curies":[{"name":"wp","href":"https:\/\/api.w.org\/{rel}","templated":true}]}}