{"id":3394905,"date":"2025-03-21T21:20:29","date_gmt":"2025-03-21T21:20:29","guid":{"rendered":"https:\/\/www.coolheadeurope.com\/prodotto\/sin%20categor\u00eda\/cw-518dt\/"},"modified":"2026-04-28T08:28:04","modified_gmt":"2026-04-28T08:28:04","slug":"cw-518dt","status":"publish","type":"product","link":"https:\/\/www.coolheadeurope.com\/es\/prodotto\/vino-es\/armarios-verticales-vino\/cw-518dt\/","title":{"rendered":"CW 518DT"},"content":{"rendered":"<p>Vinoteca 485 Lt. Instalaci\u00f3n independiente ( ZONA DOBLE)<br \/>\nArmario con interior y exterior en acero pintado negro<br \/>\nRefrigeraci\u00f3n ventilada<br \/>\nCompresor controlado por el inversor<br \/>\nControl digital de doble temperatura (superior\/inferior)<br \/>\nDescongelamiento autom\u00e1tico tras parada del compresor<br \/>\nEspuma en ciclopentano (40 mm de espesor en cada lado)<br \/>\nFunci\u00f3n de compensaci\u00f3n de baja temperatura<br \/>\nJunta extra\u00edble<br \/>\nLED luz interior (color AZUL)<br \/>\nPuerta con mango cil\u00edndrico vertical<br \/>\nCerradura de serie<br \/>\nVidrio templado de seguridad doble<br \/>\nVidrio oscuro para protecci\u00f3n UV<br \/>\nConfiguraci\u00f3n de estantes de madera: 7 Piezas + Piezas Inferiores N.1<br \/>\nN. 4 pies ajustables<br \/>\nClase de energ\u00eda: F<\/p>\n","protected":false},"excerpt":{"rendered":"<p>El modelo CW 518DT es una moderna vinoteca de doble temperatura apta para contener hasta 184 botellas y est\u00e1 dise\u00f1ada y fabricada con el mayor cuidado y atenci\u00f3n para conseguir unas prestaciones avanzadas y unos est\u00e1ndares de alta calidad. Esta vinoteca profesional est\u00e1 equipada con 14 botelleros de madera, pantalla digital LED azul, luz LED azul interior, puerta de acero inoxidable con manilla cil\u00edndrica vertical, una cerradura, puerta de cristal ahumado para proteger el vino.<\/p>\n","protected":false},"featured_media":3881506,"template":"","meta":[],"product_brand":[],"product_cat":[7787,7788],"product_tag":[],"class_list":{"0":"post-3394905","1":"product","2":"type-product","3":"status-publish","4":"has-post-thumbnail","6":"product_cat-vino-es","7":"product_cat-armarios-verticales-vino","8":"pa_capacite-commerciale-520-l","9":"pa_consommation-denergie-0-364-kw-24h","10":"pa_hauteur-exterieure-1851-mm","11":"pa_hauteur-interieure-1690-mm","12":"pa_largeur-exterieure-595-mm","13":"pa_largeur-interne-510-mm","14":"pa_niveau-sonore-38-dba","15":"pa_poids-brut-123-00-kg","16":"pa_poids-net-104-00-kg","17":"pa_profondeur-externe-770-mm","18":"pa_profondeur-interne-543-mm","19":"pa_puissance-140-w","21":"first","22":"instock","23":"product-type-simple"},"acf":[],"yoast_head":"<!-- This site is optimized with the Yoast SEO plugin v27.2 - https:\/\/yoast.com\/product\/yoast-seo-wordpress\/ -->\n<title>CW 518DT - Cool Head Europe<\/title>\n<meta name=\"robots\" content=\"index, follow, max-snippet:-1, max-image-preview:large, max-video-preview:-1\" \/>\n<link rel=\"canonical\" href=\"https:\/\/www.coolheadeurope.com\/es\/prodotto\/vino-es\/armarios-verticales-vino\/cw-518dt\/\" \/>\n<meta property=\"og:locale\" content=\"es_ES\" \/>\n<meta property=\"og:type\" content=\"article\" \/>\n<meta property=\"og:title\" content=\"CW 518DT - Cool Head Europe\" \/>\n<meta property=\"og:description\" content=\"El modelo CW 518DT es una moderna vinoteca de doble temperatura apta para contener hasta 184 botellas y est\u00e1 dise\u00f1ada y fabricada con el mayor cuidado y atenci\u00f3n para conseguir unas prestaciones avanzadas y unos est\u00e1ndares de alta calidad. Esta vinoteca profesional est\u00e1 equipada con 14 botelleros de madera, pantalla digital LED azul, luz LED azul interior, puerta de acero inoxidable con manilla cil\u00edndrica vertical, una cerradura, puerta de cristal ahumado para proteger el vino.\" \/>\n<meta property=\"og:url\" content=\"https:\/\/www.coolheadeurope.com\/es\/prodotto\/vino-es\/armarios-verticales-vino\/cw-518dt\/\" \/>\n<meta property=\"og:site_name\" content=\"Cool Head Europe\" \/>\n<meta property=\"article:modified_time\" content=\"2026-04-28T08:28:04+00:00\" \/>\n<meta property=\"og:image\" content=\"https:\/\/www.coolheadeurope.com\/wp-content\/uploads\/2026\/04\/CW-518DT-CORPO_CH_LOW-22.png\" \/>\n\t<meta property=\"og:image:width\" content=\"283\" \/>\n\t<meta property=\"og:image:height\" content=\"567\" \/>\n\t<meta property=\"og:image:type\" content=\"image\/png\" \/>\n<meta name=\"twitter:card\" content=\"summary_large_image\" \/>\n<meta name=\"twitter:label1\" content=\"Tiempo de lectura\" \/>\n\t<meta name=\"twitter:data1\" content=\"1 minuto\" \/>\n<!-- \/ Yoast SEO plugin. -->","yoast_head_json":{"title":"CW 518DT - Cool Head Europe","robots":{"index":"index","follow":"follow","max-snippet":"max-snippet:-1","max-image-preview":"max-image-preview:large","max-video-preview":"max-video-preview:-1"},"canonical":"https:\/\/www.coolheadeurope.com\/es\/prodotto\/vino-es\/armarios-verticales-vino\/cw-518dt\/","og_locale":"es_ES","og_type":"article","og_title":"CW 518DT - Cool Head Europe","og_description":"El modelo CW 518DT es una moderna vinoteca de doble temperatura apta para contener hasta 184 botellas y est\u00e1 dise\u00f1ada y fabricada con el mayor cuidado y atenci\u00f3n para conseguir unas prestaciones avanzadas y unos est\u00e1ndares de alta calidad. Esta vinoteca profesional est\u00e1 equipada con 14 botelleros de madera, pantalla digital LED azul, luz LED azul interior, puerta de acero inoxidable con manilla cil\u00edndrica vertical, una cerradura, puerta de cristal ahumado para proteger el vino.","og_url":"https:\/\/www.coolheadeurope.com\/es\/prodotto\/vino-es\/armarios-verticales-vino\/cw-518dt\/","og_site_name":"Cool Head Europe","article_modified_time":"2026-04-28T08:28:04+00:00","og_image":[{"width":283,"height":567,"url":"https:\/\/www.coolheadeurope.com\/wp-content\/uploads\/2026\/04\/CW-518DT-CORPO_CH_LOW-22.png","type":"image\/png"}],"twitter_card":"summary_large_image","twitter_misc":{"Tiempo de lectura":"1 minuto"},"schema":{"@context":"https:\/\/schema.org","@graph":[{"@type":"WebPage","@id":"https:\/\/www.coolheadeurope.com\/es\/prodotto\/vino-es\/armarios-verticales-vino\/cw-518dt\/","url":"https:\/\/www.coolheadeurope.com\/es\/prodotto\/vino-es\/armarios-verticales-vino\/cw-518dt\/","name":"CW 518DT - Cool Head Europe","isPartOf":{"@id":"https:\/\/www.coolheadeurope.com\/#website"},"primaryImageOfPage":{"@id":"https:\/\/www.coolheadeurope.com\/es\/prodotto\/vino-es\/armarios-verticales-vino\/cw-518dt\/#primaryimage"},"image":{"@id":"https:\/\/www.coolheadeurope.com\/es\/prodotto\/vino-es\/armarios-verticales-vino\/cw-518dt\/#primaryimage"},"thumbnailUrl":"https:\/\/www.coolheadeurope.com\/wp-content\/uploads\/2026\/04\/CW-518DT-CORPO_CH_LOW.png","datePublished":"2025-03-21T21:20:29+00:00","dateModified":"2026-04-28T08:28:04+00:00","breadcrumb":{"@id":"https:\/\/www.coolheadeurope.com\/es\/prodotto\/vino-es\/armarios-verticales-vino\/cw-518dt\/#breadcrumb"},"inLanguage":"es","potentialAction":[{"@type":"ReadAction","target":["https:\/\/www.coolheadeurope.com\/es\/prodotto\/vino-es\/armarios-verticales-vino\/cw-518dt\/"]}]},{"@type":"ImageObject","inLanguage":"es","@id":"https:\/\/www.coolheadeurope.com\/es\/prodotto\/vino-es\/armarios-verticales-vino\/cw-518dt\/#primaryimage","url":"https:\/\/www.coolheadeurope.com\/wp-content\/uploads\/2026\/04\/CW-518DT-CORPO_CH_LOW.png","contentUrl":"https:\/\/www.coolheadeurope.com\/wp-content\/uploads\/2026\/04\/CW-518DT-CORPO_CH_LOW.png","width":283,"height":567,"caption":"Immagine di CW 518DT"},{"@type":"BreadcrumbList","@id":"https:\/\/www.coolheadeurope.com\/es\/prodotto\/vino-es\/armarios-verticales-vino\/cw-518dt\/#breadcrumb","itemListElement":[{"@type":"ListItem","position":1,"name":"Home","item":"https:\/\/www.coolheadeurope.com\/es\/"},{"@type":"ListItem","position":2,"name":"Buscar","item":"https:\/\/www.coolheadeurope.com\/es\/buscar\/"},{"@type":"ListItem","position":3,"name":"CW 518DT"}]},{"@type":"WebSite","@id":"https:\/\/www.coolheadeurope.com\/#website","url":"https:\/\/www.coolheadeurope.com\/","name":"Cool Head Europe","description":"We make the world a cooler place","potentialAction":[{"@type":"SearchAction","target":{"@type":"EntryPoint","urlTemplate":"https:\/\/www.coolheadeurope.com\/?s={search_term_string}"},"query-input":{"@type":"PropertyValueSpecification","valueRequired":true,"valueName":"search_term_string"}}],"inLanguage":"es"}]}},"_links":{"self":[{"href":"https:\/\/www.coolheadeurope.com\/es\/wp-json\/wp\/v2\/product\/3394905","targetHints":{"allow":["GET"]}}],"collection":[{"href":"https:\/\/www.coolheadeurope.com\/es\/wp-json\/wp\/v2\/product"}],"about":[{"href":"https:\/\/www.coolheadeurope.com\/es\/wp-json\/wp\/v2\/types\/product"}],"wp:featuredmedia":[{"embeddable":true,"href":"https:\/\/www.coolheadeurope.com\/es\/wp-json\/wp\/v2\/media\/3881506"}],"wp:attachment":[{"href":"https:\/\/www.coolheadeurope.com\/es\/wp-json\/wp\/v2\/media?parent=3394905"}],"wp:term":[{"taxonomy":"product_brand","embeddable":true,"href":"https:\/\/www.coolheadeurope.com\/es\/wp-json\/wp\/v2\/product_brand?post=3394905"},{"taxonomy":"product_cat","embeddable":true,"href":"https:\/\/www.coolheadeurope.com\/es\/wp-json\/wp\/v2\/product_cat?post=3394905"},{"taxonomy":"product_tag","embeddable":true,"href":"https:\/\/www.coolheadeurope.com\/es\/wp-json\/wp\/v2\/product_tag?post=3394905"}],"curies":[{"name":"wp","href":"https:\/\/api.w.org\/{rel}","templated":true}]}}