{"id":3394908,"date":"2025-03-21T21:29:04","date_gmt":"2025-03-21T21:29:04","guid":{"rendered":"https:\/\/www.coolheadeurope.com\/prodotto\/sin%20categor\u00eda\/tw-400\/"},"modified":"2026-04-28T08:31:49","modified_gmt":"2026-04-28T08:31:49","slug":"tw-400","status":"publish","type":"product","link":"https:\/\/www.coolheadeurope.com\/es\/prodotto\/vino-es\/armarios-verticales-vino\/tw-400\/","title":{"rendered":"TW 400"},"content":{"rendered":"<p>Armario de vino refrigerada de 350 Lt. Color MARRON<br \/>\nExterior en la hoja pintada marr\u00f3n, interior termoformado marr\u00f3n<br \/>\nEvaporador tipo serpent\u00edn con ventilador de asistencia<br \/>\nDescongelamiento autom\u00e1tico tras parada del compresor<br \/>\nEspuma en ciclopentano (45 mm de espesor en cada lado)<br \/>\nTermostato digital<br \/>\nJunta extra\u00edble<br \/>\nLuz interior LED<br \/>\nPuerta de cierre autom\u00e1tico<br \/>\nMango de aluminio externo (color negro)<br \/>\nCerradura de serie<br \/>\nVidrio templado de seguridad<br \/>\nEstantes en madera adjustables (N.6 ripiani)<br \/>\n2 pies ajustables + 2 ruedas traseras<br \/>\nClase de energ\u00eda: D<\/p>\n","protected":false},"excerpt":{"rendered":"<p>Aspecto esencial para esta fiable vinoteca de temperatura \u00fanica apta para contener hasta 78 botellas. El modelo TW 400 est\u00e1 equipado con termostato digital, luz LED vertical interior, puerta de cierre autom\u00e1tico, manilla exterior de aluminio, cerradura y 6 estantes de madera ajustables.<\/p>\n","protected":false},"featured_media":3881521,"template":"","meta":[],"product_brand":[],"product_cat":[7787,7788],"product_tag":[],"class_list":{"0":"post-3394908","1":"product","2":"type-product","3":"status-publish","4":"has-post-thumbnail","6":"product_cat-vino-es","7":"product_cat-armarios-verticales-vino","8":"pa_capacite-commerciale-350-l","9":"pa_consommation-denergie-1-95-kw-24h","10":"pa_hauteur-exterieure-1830-mm","11":"pa_hauteur-interieure-1580-mm","12":"pa_largeur-exterieure-595-mm","13":"pa_largeur-interne-555-mm","14":"pa_niveau-sonore-42-dba","15":"pa_poids-brut-83-5-kg","16":"pa_poids-net-74-kg","17":"pa_profondeur-externe-620-mm","18":"pa_profondeur-interne-410-mm","19":"pa_puissance-300-w","21":"first","22":"instock","23":"product-type-simple"},"acf":[],"yoast_head":"<!-- This site is optimized with the Yoast SEO plugin v27.2 - https:\/\/yoast.com\/product\/yoast-seo-wordpress\/ -->\n<title>TW 400 - Cool Head Europe<\/title>\n<meta name=\"robots\" content=\"index, follow, max-snippet:-1, max-image-preview:large, max-video-preview:-1\" \/>\n<link rel=\"canonical\" href=\"https:\/\/www.coolheadeurope.com\/es\/prodotto\/vino-es\/armarios-verticales-vino\/tw-400\/\" \/>\n<meta property=\"og:locale\" content=\"es_ES\" \/>\n<meta property=\"og:type\" content=\"article\" \/>\n<meta property=\"og:title\" content=\"TW 400 - Cool Head Europe\" \/>\n<meta property=\"og:description\" content=\"Aspecto esencial para esta fiable vinoteca de temperatura \u00fanica apta para contener hasta 78 botellas. El modelo TW 400 est\u00e1 equipado con termostato digital, luz LED vertical interior, puerta de cierre autom\u00e1tico, manilla exterior de aluminio, cerradura y 6 estantes de madera ajustables.\" \/>\n<meta property=\"og:url\" content=\"https:\/\/www.coolheadeurope.com\/es\/prodotto\/vino-es\/armarios-verticales-vino\/tw-400\/\" \/>\n<meta property=\"og:site_name\" content=\"Cool Head Europe\" \/>\n<meta property=\"article:modified_time\" content=\"2026-04-28T08:31:49+00:00\" \/>\n<meta property=\"og:image\" content=\"https:\/\/www.coolheadeurope.com\/wp-content\/uploads\/2026\/04\/TW-400-CORPO_CH_LOW-22.png\" \/>\n\t<meta property=\"og:image:width\" content=\"259\" \/>\n\t<meta property=\"og:image:height\" content=\"567\" \/>\n\t<meta property=\"og:image:type\" content=\"image\/png\" \/>\n<meta name=\"twitter:card\" content=\"summary_large_image\" \/>\n<!-- \/ Yoast SEO plugin. -->","yoast_head_json":{"title":"TW 400 - Cool Head Europe","robots":{"index":"index","follow":"follow","max-snippet":"max-snippet:-1","max-image-preview":"max-image-preview:large","max-video-preview":"max-video-preview:-1"},"canonical":"https:\/\/www.coolheadeurope.com\/es\/prodotto\/vino-es\/armarios-verticales-vino\/tw-400\/","og_locale":"es_ES","og_type":"article","og_title":"TW 400 - Cool Head Europe","og_description":"Aspecto esencial para esta fiable vinoteca de temperatura \u00fanica apta para contener hasta 78 botellas. El modelo TW 400 est\u00e1 equipado con termostato digital, luz LED vertical interior, puerta de cierre autom\u00e1tico, manilla exterior de aluminio, cerradura y 6 estantes de madera ajustables.","og_url":"https:\/\/www.coolheadeurope.com\/es\/prodotto\/vino-es\/armarios-verticales-vino\/tw-400\/","og_site_name":"Cool Head Europe","article_modified_time":"2026-04-28T08:31:49+00:00","og_image":[{"width":259,"height":567,"url":"https:\/\/www.coolheadeurope.com\/wp-content\/uploads\/2026\/04\/TW-400-CORPO_CH_LOW-22.png","type":"image\/png"}],"twitter_card":"summary_large_image","schema":{"@context":"https:\/\/schema.org","@graph":[{"@type":"WebPage","@id":"https:\/\/www.coolheadeurope.com\/es\/prodotto\/vino-es\/armarios-verticales-vino\/tw-400\/","url":"https:\/\/www.coolheadeurope.com\/es\/prodotto\/vino-es\/armarios-verticales-vino\/tw-400\/","name":"TW 400 - Cool Head Europe","isPartOf":{"@id":"https:\/\/www.coolheadeurope.com\/#website"},"primaryImageOfPage":{"@id":"https:\/\/www.coolheadeurope.com\/es\/prodotto\/vino-es\/armarios-verticales-vino\/tw-400\/#primaryimage"},"image":{"@id":"https:\/\/www.coolheadeurope.com\/es\/prodotto\/vino-es\/armarios-verticales-vino\/tw-400\/#primaryimage"},"thumbnailUrl":"https:\/\/www.coolheadeurope.com\/wp-content\/uploads\/2026\/04\/TW-400-CORPO_CH_LOW.png","datePublished":"2025-03-21T21:29:04+00:00","dateModified":"2026-04-28T08:31:49+00:00","breadcrumb":{"@id":"https:\/\/www.coolheadeurope.com\/es\/prodotto\/vino-es\/armarios-verticales-vino\/tw-400\/#breadcrumb"},"inLanguage":"es","potentialAction":[{"@type":"ReadAction","target":["https:\/\/www.coolheadeurope.com\/es\/prodotto\/vino-es\/armarios-verticales-vino\/tw-400\/"]}]},{"@type":"ImageObject","inLanguage":"es","@id":"https:\/\/www.coolheadeurope.com\/es\/prodotto\/vino-es\/armarios-verticales-vino\/tw-400\/#primaryimage","url":"https:\/\/www.coolheadeurope.com\/wp-content\/uploads\/2026\/04\/TW-400-CORPO_CH_LOW.png","contentUrl":"https:\/\/www.coolheadeurope.com\/wp-content\/uploads\/2026\/04\/TW-400-CORPO_CH_LOW.png","width":259,"height":567,"caption":"Immagine di TW 400"},{"@type":"BreadcrumbList","@id":"https:\/\/www.coolheadeurope.com\/es\/prodotto\/vino-es\/armarios-verticales-vino\/tw-400\/#breadcrumb","itemListElement":[{"@type":"ListItem","position":1,"name":"Home","item":"https:\/\/www.coolheadeurope.com\/es\/"},{"@type":"ListItem","position":2,"name":"Buscar","item":"https:\/\/www.coolheadeurope.com\/es\/buscar\/"},{"@type":"ListItem","position":3,"name":"TW 400"}]},{"@type":"WebSite","@id":"https:\/\/www.coolheadeurope.com\/#website","url":"https:\/\/www.coolheadeurope.com\/","name":"Cool Head Europe","description":"We make the world a cooler place","potentialAction":[{"@type":"SearchAction","target":{"@type":"EntryPoint","urlTemplate":"https:\/\/www.coolheadeurope.com\/?s={search_term_string}"},"query-input":{"@type":"PropertyValueSpecification","valueRequired":true,"valueName":"search_term_string"}}],"inLanguage":"es"}]}},"_links":{"self":[{"href":"https:\/\/www.coolheadeurope.com\/es\/wp-json\/wp\/v2\/product\/3394908","targetHints":{"allow":["GET"]}}],"collection":[{"href":"https:\/\/www.coolheadeurope.com\/es\/wp-json\/wp\/v2\/product"}],"about":[{"href":"https:\/\/www.coolheadeurope.com\/es\/wp-json\/wp\/v2\/types\/product"}],"wp:featuredmedia":[{"embeddable":true,"href":"https:\/\/www.coolheadeurope.com\/es\/wp-json\/wp\/v2\/media\/3881521"}],"wp:attachment":[{"href":"https:\/\/www.coolheadeurope.com\/es\/wp-json\/wp\/v2\/media?parent=3394908"}],"wp:term":[{"taxonomy":"product_brand","embeddable":true,"href":"https:\/\/www.coolheadeurope.com\/es\/wp-json\/wp\/v2\/product_brand?post=3394908"},{"taxonomy":"product_cat","embeddable":true,"href":"https:\/\/www.coolheadeurope.com\/es\/wp-json\/wp\/v2\/product_cat?post=3394908"},{"taxonomy":"product_tag","embeddable":true,"href":"https:\/\/www.coolheadeurope.com\/es\/wp-json\/wp\/v2\/product_tag?post=3394908"}],"curies":[{"name":"wp","href":"https:\/\/api.w.org\/{rel}","templated":true}]}}