{"id":3394910,"date":"2025-03-21T21:35:33","date_gmt":"2025-03-21T21:35:33","guid":{"rendered":"https:\/\/www.coolheadeurope.com\/prodotto\/sin%20categor\u00eda\/twn-400\/"},"modified":"2026-02-08T04:08:01","modified_gmt":"2026-02-08T04:08:01","slug":"twn-400","status":"publish","type":"product","link":"https:\/\/www.coolheadeurope.com\/es\/prodotto\/vino-es\/armarios-verticales-vino\/twn-400\/","title":{"rendered":"TWN 400"},"content":{"rendered":"<p>Armario de vino refrigerada de 350 Lt. Color NEGRO<br \/>\nExterior en chapa pintada de negro, interior en negro termoformado<br \/>\nEvaporador tipo serpent\u00edn con ventilador de asistencia<br \/>\nDescongelamiento autom\u00e1tico tras parada del compresor<br \/>\nEspuma en ciclopentano (45 mm de espesor en cada lado)<br \/>\nTermostato digital<br \/>\nJunta extra\u00edble<br \/>\nLuz interior LED<br \/>\nPuerta de cierre autom\u00e1tico<br \/>\nMango de aluminio externo (color negro)<br \/>\nCerradura de serie<br \/>\nVidrio templado de seguridad<br \/>\nEstantes en madera adjustables (N.6 ripiani)<br \/>\n2 pies ajustables + 2 ruedas traseras<br \/>\nClase de energ\u00eda: D<\/p>\n","protected":false},"excerpt":{"rendered":"<p>Aspecto esencial para esta fiable vinoteca de temperatura \u00fanica apta para contener hasta 78 botellas. El modelo TWN 400 est\u00e1 equipado con termostato digital, luz LED vertical interior, puerta de cierre autom\u00e1tico y reversible, manilla a lo largo del perfil de la puerta, cerradura y 6 estantes de madera ajustables.<\/p>\n","protected":false},"featured_media":3709075,"template":"","meta":[],"product_brand":[],"product_cat":[7788,7787],"product_tag":[],"class_list":{"0":"post-3394910","1":"product","2":"type-product","3":"status-publish","4":"has-post-thumbnail","6":"product_cat-armarios-verticales-vino","7":"product_cat-vino-es","8":"pa_capacite-commerciale-350-l","9":"pa_consommation-denergie-1-75-kw-24h","10":"pa_hauteur-exterieure-1845-mm","11":"pa_hauteur-interieure-1580-mm","12":"pa_largeur-exterieure-595-mm","13":"pa_largeur-interne-555-mm","14":"pa_niveau-sonore-42-dba","15":"pa_poids-brut-83-5-kg","16":"pa_poids-net-74-kg","17":"pa_profondeur-externe-660-mm","18":"pa_profondeur-interne-410-mm","19":"pa_puissance-300-w","21":"first","22":"instock","23":"product-type-simple"},"acf":[],"yoast_head":"<!-- This site is optimized with the Yoast SEO plugin v27.2 - https:\/\/yoast.com\/product\/yoast-seo-wordpress\/ -->\n<title>TWN 400 - Cool Head Europe<\/title>\n<meta name=\"robots\" content=\"index, follow, max-snippet:-1, max-image-preview:large, max-video-preview:-1\" \/>\n<link rel=\"canonical\" href=\"https:\/\/www.coolheadeurope.com\/es\/prodotto\/vino-es\/armarios-verticales-vino\/twn-400\/\" \/>\n<meta property=\"og:locale\" content=\"es_ES\" \/>\n<meta property=\"og:type\" content=\"article\" \/>\n<meta property=\"og:title\" content=\"TWN 400 - Cool Head Europe\" \/>\n<meta property=\"og:description\" content=\"Aspecto esencial para esta fiable vinoteca de temperatura \u00fanica apta para contener hasta 78 botellas. El modelo TWN 400 est\u00e1 equipado con termostato digital, luz LED vertical interior, puerta de cierre autom\u00e1tico y reversible, manilla a lo largo del perfil de la puerta, cerradura y 6 estantes de madera ajustables.\" \/>\n<meta property=\"og:url\" content=\"https:\/\/www.coolheadeurope.com\/es\/prodotto\/vino-es\/armarios-verticales-vino\/twn-400\/\" \/>\n<meta property=\"og:site_name\" content=\"Cool Head Europe\" \/>\n<meta property=\"article:modified_time\" content=\"2026-02-08T04:08:01+00:00\" \/>\n<meta property=\"og:image\" content=\"https:\/\/www.coolheadeurope.com\/wp-content\/uploads\/2026\/04\/TWN-400-CORPO_CH_LOW-16.png\" \/>\n\t<meta property=\"og:image:width\" content=\"259\" \/>\n\t<meta property=\"og:image:height\" content=\"567\" \/>\n\t<meta property=\"og:image:type\" content=\"image\/png\" \/>\n<meta name=\"twitter:card\" content=\"summary_large_image\" \/>\n<!-- \/ Yoast SEO plugin. -->","yoast_head_json":{"title":"TWN 400 - Cool Head Europe","robots":{"index":"index","follow":"follow","max-snippet":"max-snippet:-1","max-image-preview":"max-image-preview:large","max-video-preview":"max-video-preview:-1"},"canonical":"https:\/\/www.coolheadeurope.com\/es\/prodotto\/vino-es\/armarios-verticales-vino\/twn-400\/","og_locale":"es_ES","og_type":"article","og_title":"TWN 400 - Cool Head Europe","og_description":"Aspecto esencial para esta fiable vinoteca de temperatura \u00fanica apta para contener hasta 78 botellas. El modelo TWN 400 est\u00e1 equipado con termostato digital, luz LED vertical interior, puerta de cierre autom\u00e1tico y reversible, manilla a lo largo del perfil de la puerta, cerradura y 6 estantes de madera ajustables.","og_url":"https:\/\/www.coolheadeurope.com\/es\/prodotto\/vino-es\/armarios-verticales-vino\/twn-400\/","og_site_name":"Cool Head Europe","article_modified_time":"2026-02-08T04:08:01+00:00","og_image":[{"width":259,"height":567,"url":"https:\/\/www.coolheadeurope.com\/wp-content\/uploads\/2026\/04\/TWN-400-CORPO_CH_LOW-16.png","type":"image\/png"}],"twitter_card":"summary_large_image","schema":{"@context":"https:\/\/schema.org","@graph":[{"@type":"WebPage","@id":"https:\/\/www.coolheadeurope.com\/es\/prodotto\/vino-es\/armarios-verticales-vino\/twn-400\/","url":"https:\/\/www.coolheadeurope.com\/es\/prodotto\/vino-es\/armarios-verticales-vino\/twn-400\/","name":"TWN 400 - Cool Head Europe","isPartOf":{"@id":"https:\/\/www.coolheadeurope.com\/#website"},"primaryImageOfPage":{"@id":"https:\/\/www.coolheadeurope.com\/es\/prodotto\/vino-es\/armarios-verticales-vino\/twn-400\/#primaryimage"},"image":{"@id":"https:\/\/www.coolheadeurope.com\/es\/prodotto\/vino-es\/armarios-verticales-vino\/twn-400\/#primaryimage"},"thumbnailUrl":"https:\/\/www.coolheadeurope.com\/wp-content\/uploads\/2026\/04\/TWN-400-CORPO_CH_LOW-16.png","datePublished":"2025-03-21T21:35:33+00:00","dateModified":"2026-02-08T04:08:01+00:00","breadcrumb":{"@id":"https:\/\/www.coolheadeurope.com\/es\/prodotto\/vino-es\/armarios-verticales-vino\/twn-400\/#breadcrumb"},"inLanguage":"es","potentialAction":[{"@type":"ReadAction","target":["https:\/\/www.coolheadeurope.com\/es\/prodotto\/vino-es\/armarios-verticales-vino\/twn-400\/"]}]},{"@type":"ImageObject","inLanguage":"es","@id":"https:\/\/www.coolheadeurope.com\/es\/prodotto\/vino-es\/armarios-verticales-vino\/twn-400\/#primaryimage","url":"https:\/\/www.coolheadeurope.com\/wp-content\/uploads\/2026\/04\/TWN-400-CORPO_CH_LOW-16.png","contentUrl":"https:\/\/www.coolheadeurope.com\/wp-content\/uploads\/2026\/04\/TWN-400-CORPO_CH_LOW-16.png","width":259,"height":567,"caption":"Immagine di TWN 400"},{"@type":"BreadcrumbList","@id":"https:\/\/www.coolheadeurope.com\/es\/prodotto\/vino-es\/armarios-verticales-vino\/twn-400\/#breadcrumb","itemListElement":[{"@type":"ListItem","position":1,"name":"Home","item":"https:\/\/www.coolheadeurope.com\/es\/"},{"@type":"ListItem","position":2,"name":"Buscar","item":"https:\/\/www.coolheadeurope.com\/es\/buscar\/"},{"@type":"ListItem","position":3,"name":"TWN 400"}]},{"@type":"WebSite","@id":"https:\/\/www.coolheadeurope.com\/#website","url":"https:\/\/www.coolheadeurope.com\/","name":"Cool Head Europe","description":"We make the world a cooler place","potentialAction":[{"@type":"SearchAction","target":{"@type":"EntryPoint","urlTemplate":"https:\/\/www.coolheadeurope.com\/?s={search_term_string}"},"query-input":{"@type":"PropertyValueSpecification","valueRequired":true,"valueName":"search_term_string"}}],"inLanguage":"es"}]}},"_links":{"self":[{"href":"https:\/\/www.coolheadeurope.com\/es\/wp-json\/wp\/v2\/product\/3394910","targetHints":{"allow":["GET"]}}],"collection":[{"href":"https:\/\/www.coolheadeurope.com\/es\/wp-json\/wp\/v2\/product"}],"about":[{"href":"https:\/\/www.coolheadeurope.com\/es\/wp-json\/wp\/v2\/types\/product"}],"wp:featuredmedia":[{"embeddable":true,"href":"https:\/\/www.coolheadeurope.com\/es\/wp-json\/wp\/v2\/media\/3709075"}],"wp:attachment":[{"href":"https:\/\/www.coolheadeurope.com\/es\/wp-json\/wp\/v2\/media?parent=3394910"}],"wp:term":[{"taxonomy":"product_brand","embeddable":true,"href":"https:\/\/www.coolheadeurope.com\/es\/wp-json\/wp\/v2\/product_brand?post=3394910"},{"taxonomy":"product_cat","embeddable":true,"href":"https:\/\/www.coolheadeurope.com\/es\/wp-json\/wp\/v2\/product_cat?post=3394910"},{"taxonomy":"product_tag","embeddable":true,"href":"https:\/\/www.coolheadeurope.com\/es\/wp-json\/wp\/v2\/product_tag?post=3394910"}],"curies":[{"name":"wp","href":"https:\/\/api.w.org\/{rel}","templated":true}]}}