{"id":3394918,"date":"2025-03-21T21:59:21","date_gmt":"2025-03-21T21:59:21","guid":{"rendered":"https:\/\/www.coolheadeurope.com\/prodotto\/sin%20categor\u00eda\/rh-160\/"},"modified":"2026-04-28T08:33:06","modified_gmt":"2026-04-28T08:33:06","slug":"rh-160","status":"publish","type":"product","link":"https:\/\/www.coolheadeurope.com\/es\/prodotto\/expositores\/mostradores-refrigerados\/rh-160\/","title":{"rendered":"RH 160"},"content":{"rendered":"<p>Expositor calefactado de 160 lt.<br \/>\nVidrio curvado y base en acero inoxidable<br \/>\nVidrio templado con marco transparente<br \/>\nTermostato mec\u00e1nico<br \/>\nTerm\u00f3metro anal\u00f3gico<br \/>\nLuz LED interior<br \/>\nPuertas traseras correderas<br \/>\nEstantes ajustables cromados (N.3 PC)<br \/>\nN.4 soportes fijos ensamblados debajo de la base<\/p>\n","protected":false},"excerpt":{"rendered":"<p>Vitrina de mostrador con acabado en acero inoxidable, este modelo es adecuado para mantener calientes croissants, brioches, s\u00e1ndwiches y platos ya preparados. El RH 160 est\u00e1 equipado con luces LED y un cristal anti-condensaci\u00f3n de doble curvatura y dise\u00f1ado para la exposici\u00f3n de cualquier tipo de alimento que merezca un lugar destacado en su mostrador.<\/p>\n","protected":false},"featured_media":3881536,"template":"","meta":[],"product_brand":[],"product_cat":[7775,7778],"product_tag":[],"class_list":{"0":"post-3394918","1":"product","2":"type-product","3":"status-publish","4":"has-post-thumbnail","6":"product_cat-expositores","7":"product_cat-mostradores-refrigerados","8":"pa_capacite-commerciale-160-l","9":"pa_consommation-denergie-n-a-kw-24h","10":"pa_hauteur-exterieure-685-mm","11":"pa_hauteur-interieure-430-mm","12":"pa_largeur-exterieure-870-mm","13":"pa_largeur-interne-840-mm","14":"pa_niveau-sonore-13-dba","15":"pa_poids-brut-63-kg","16":"pa_poids-net-56-kg","17":"pa_profondeur-externe-582-mm","18":"pa_profondeur-interne-505-mm","19":"pa_puissance-1500-w","21":"first","22":"instock","23":"product-type-simple"},"acf":[],"yoast_head":"<!-- This site is optimized with the Yoast SEO plugin v27.2 - https:\/\/yoast.com\/product\/yoast-seo-wordpress\/ -->\n<title>RH 160 - Cool Head Europe<\/title>\n<meta name=\"robots\" content=\"index, follow, max-snippet:-1, max-image-preview:large, max-video-preview:-1\" \/>\n<link rel=\"canonical\" href=\"https:\/\/www.coolheadeurope.com\/prodotto\/display\/espositori-da-banco\/rh-160\/\" \/>\n<meta property=\"og:locale\" content=\"es_ES\" \/>\n<meta property=\"og:type\" content=\"article\" \/>\n<meta property=\"og:title\" content=\"RH 160 - Cool Head Europe\" \/>\n<meta property=\"og:description\" content=\"Vitrina de mostrador con acabado en acero inoxidable, este modelo es adecuado para mantener calientes croissants, brioches, s\u00e1ndwiches y platos ya preparados. El RH 160 est\u00e1 equipado con luces LED y un cristal anti-condensaci\u00f3n de doble curvatura y dise\u00f1ado para la exposici\u00f3n de cualquier tipo de alimento que merezca un lugar destacado en su mostrador.\" \/>\n<meta property=\"og:url\" content=\"https:\/\/www.coolheadeurope.com\/prodotto\/display\/espositori-da-banco\/rh-160\/\" \/>\n<meta property=\"og:site_name\" content=\"Cool Head Europe\" \/>\n<meta property=\"article:modified_time\" content=\"2026-04-28T08:33:06+00:00\" \/>\n<meta property=\"og:image\" content=\"https:\/\/www.coolheadeurope.com\/wp-content\/uploads\/2026\/04\/RH-160-CORPO_CH_LOW.png\" \/>\n\t<meta property=\"og:image:width\" content=\"567\" \/>\n\t<meta property=\"og:image:height\" content=\"435\" \/>\n\t<meta property=\"og:image:type\" content=\"image\/png\" \/>\n<meta name=\"twitter:card\" content=\"summary_large_image\" \/>\n<!-- \/ Yoast SEO plugin. -->","yoast_head_json":{"title":"RH 160 - Cool Head Europe","robots":{"index":"index","follow":"follow","max-snippet":"max-snippet:-1","max-image-preview":"max-image-preview:large","max-video-preview":"max-video-preview:-1"},"canonical":"https:\/\/www.coolheadeurope.com\/prodotto\/display\/espositori-da-banco\/rh-160\/","og_locale":"es_ES","og_type":"article","og_title":"RH 160 - Cool Head Europe","og_description":"Vitrina de mostrador con acabado en acero inoxidable, este modelo es adecuado para mantener calientes croissants, brioches, s\u00e1ndwiches y platos ya preparados. El RH 160 est\u00e1 equipado con luces LED y un cristal anti-condensaci\u00f3n de doble curvatura y dise\u00f1ado para la exposici\u00f3n de cualquier tipo de alimento que merezca un lugar destacado en su mostrador.","og_url":"https:\/\/www.coolheadeurope.com\/prodotto\/display\/espositori-da-banco\/rh-160\/","og_site_name":"Cool Head Europe","article_modified_time":"2026-04-28T08:33:06+00:00","og_image":[{"width":567,"height":435,"url":"https:\/\/www.coolheadeurope.com\/wp-content\/uploads\/2026\/04\/RH-160-CORPO_CH_LOW.png","type":"image\/png"}],"twitter_card":"summary_large_image","schema":{"@context":"https:\/\/schema.org","@graph":[{"@type":"WebPage","@id":"https:\/\/www.coolheadeurope.com\/prodotto\/display\/espositori-da-banco\/rh-160\/","url":"https:\/\/www.coolheadeurope.com\/prodotto\/display\/espositori-da-banco\/rh-160\/","name":"RH 160 - Cool Head Europe","isPartOf":{"@id":"https:\/\/www.coolheadeurope.com\/#website"},"primaryImageOfPage":{"@id":"https:\/\/www.coolheadeurope.com\/prodotto\/display\/espositori-da-banco\/rh-160\/#primaryimage"},"image":{"@id":"https:\/\/www.coolheadeurope.com\/prodotto\/display\/espositori-da-banco\/rh-160\/#primaryimage"},"thumbnailUrl":"https:\/\/www.coolheadeurope.com\/wp-content\/uploads\/2026\/04\/RH-160-CORPO_CH_LOW.png","datePublished":"2025-03-21T21:59:21+00:00","dateModified":"2026-04-28T08:33:06+00:00","breadcrumb":{"@id":"https:\/\/www.coolheadeurope.com\/prodotto\/display\/espositori-da-banco\/rh-160\/#breadcrumb"},"inLanguage":"es","potentialAction":[{"@type":"ReadAction","target":["https:\/\/www.coolheadeurope.com\/prodotto\/display\/espositori-da-banco\/rh-160\/"]}]},{"@type":"ImageObject","inLanguage":"es","@id":"https:\/\/www.coolheadeurope.com\/prodotto\/display\/espositori-da-banco\/rh-160\/#primaryimage","url":"https:\/\/www.coolheadeurope.com\/wp-content\/uploads\/2026\/04\/RH-160-CORPO_CH_LOW.png","contentUrl":"https:\/\/www.coolheadeurope.com\/wp-content\/uploads\/2026\/04\/RH-160-CORPO_CH_LOW.png","width":567,"height":435,"caption":"Immagine di RH 160"},{"@type":"BreadcrumbList","@id":"https:\/\/www.coolheadeurope.com\/prodotto\/display\/espositori-da-banco\/rh-160\/#breadcrumb","itemListElement":[{"@type":"ListItem","position":1,"name":"Home","item":"https:\/\/www.coolheadeurope.com\/es\/"},{"@type":"ListItem","position":2,"name":"Buscar","item":"https:\/\/www.coolheadeurope.com\/es\/buscar\/"},{"@type":"ListItem","position":3,"name":"RH 160"}]},{"@type":"WebSite","@id":"https:\/\/www.coolheadeurope.com\/#website","url":"https:\/\/www.coolheadeurope.com\/","name":"Cool Head Europe","description":"We make the world a cooler place","potentialAction":[{"@type":"SearchAction","target":{"@type":"EntryPoint","urlTemplate":"https:\/\/www.coolheadeurope.com\/?s={search_term_string}"},"query-input":{"@type":"PropertyValueSpecification","valueRequired":true,"valueName":"search_term_string"}}],"inLanguage":"es"}]}},"_links":{"self":[{"href":"https:\/\/www.coolheadeurope.com\/es\/wp-json\/wp\/v2\/product\/3394918","targetHints":{"allow":["GET"]}}],"collection":[{"href":"https:\/\/www.coolheadeurope.com\/es\/wp-json\/wp\/v2\/product"}],"about":[{"href":"https:\/\/www.coolheadeurope.com\/es\/wp-json\/wp\/v2\/types\/product"}],"wp:featuredmedia":[{"embeddable":true,"href":"https:\/\/www.coolheadeurope.com\/es\/wp-json\/wp\/v2\/media\/3881536"}],"wp:attachment":[{"href":"https:\/\/www.coolheadeurope.com\/es\/wp-json\/wp\/v2\/media?parent=3394918"}],"wp:term":[{"taxonomy":"product_brand","embeddable":true,"href":"https:\/\/www.coolheadeurope.com\/es\/wp-json\/wp\/v2\/product_brand?post=3394918"},{"taxonomy":"product_cat","embeddable":true,"href":"https:\/\/www.coolheadeurope.com\/es\/wp-json\/wp\/v2\/product_cat?post=3394918"},{"taxonomy":"product_tag","embeddable":true,"href":"https:\/\/www.coolheadeurope.com\/es\/wp-json\/wp\/v2\/product_tag?post=3394918"}],"curies":[{"name":"wp","href":"https:\/\/api.w.org\/{rel}","templated":true}]}}