{"id":3394928,"date":"2025-03-21T22:31:12","date_gmt":"2025-03-21T22:31:12","guid":{"rendered":"https:\/\/www.coolheadeurope.com\/prodotto\/sin%20categor\u00eda\/rc-969\/"},"modified":"2026-04-28T08:34:50","modified_gmt":"2026-04-28T08:34:50","slug":"rc-969","status":"publish","type":"product","link":"https:\/\/www.coolheadeurope.com\/es\/prodotto\/expositores\/mostradores-refrigerados\/rc-969\/","title":{"rendered":"RC 969"},"content":{"rendered":"<p>170 Lt. Armario autoservicio para vasos de 4 lados<br \/>\nCristal plano con marco de acero y basamento<br \/>\nRefrigeraci\u00f3n ventilada<br \/>\nDescongelamiento autom\u00e1tico tras parada del compresor<br \/>\nControl con pantalla digital<br \/>\nLuz LED interior<br \/>\nDoble vidrio anticondensaci\u00f3n<br \/>\nPuertas traseras correderas<br \/>\nEstantes ajustables cromados (N.2 PC)<br \/>\nN. 4 pies ajustables<br \/>\nClase de energ\u00eda: C<\/p>\n","protected":false},"excerpt":{"rendered":"<p>Una vitrina de mostrador con cristal plano y marco y base de acero, equipada con luces LED, cristal de doble capa anti-condensaci\u00f3n, puertas deslizantes traseras y estantes cromados ajustables.<br \/>\nEl modelo RC 969 est\u00e1 espec\u00edficamente dise\u00f1ado para la exposici\u00f3n de cualquier tipo de alimento que merezca un lugar destacado en su mostrador.<\/p>\n","protected":false},"featured_media":3881567,"template":"","meta":[],"product_brand":[],"product_cat":[7775,7778],"product_tag":[],"class_list":{"0":"post-3394928","1":"product","2":"type-product","3":"status-publish","4":"has-post-thumbnail","6":"product_cat-expositores","7":"product_cat-mostradores-refrigerados","8":"pa_capacite-commerciale-177-l","9":"pa_consommation-denergie-5-957-kw-24h","10":"pa_hauteur-exterieure-970-mm","11":"pa_hauteur-interieure-638-mm","12":"pa_largeur-exterieure-805-mm","13":"pa_largeur-interne-758-mm","14":"pa_niveau-sonore-50-7-dba","15":"pa_poids-brut-90-kg","16":"pa_poids-net-77-kg","17":"pa_profondeur-externe-438-mm","18":"pa_profondeur-interne-366-mm","19":"pa_puissance-350-w","21":"first","22":"instock","23":"product-type-simple"},"acf":[],"yoast_head":"<!-- This site is optimized with the Yoast SEO plugin v27.2 - https:\/\/yoast.com\/product\/yoast-seo-wordpress\/ -->\n<title>RC 969 - Cool Head Europe<\/title>\n<meta name=\"robots\" content=\"index, follow, max-snippet:-1, max-image-preview:large, max-video-preview:-1\" \/>\n<link rel=\"canonical\" href=\"https:\/\/www.coolheadeurope.com\/prodotto\/display\/espositori-da-banco\/rc-969\/\" \/>\n<meta property=\"og:locale\" content=\"es_ES\" \/>\n<meta property=\"og:type\" content=\"article\" \/>\n<meta property=\"og:title\" content=\"RC 969 - Cool Head Europe\" \/>\n<meta property=\"og:description\" content=\"Una vitrina de mostrador con cristal plano y marco y base de acero, equipada con luces LED, cristal de doble capa anti-condensaci\u00f3n, puertas deslizantes traseras y estantes cromados ajustables. El modelo RC 969 est\u00e1 espec\u00edficamente dise\u00f1ado para la exposici\u00f3n de cualquier tipo de alimento que merezca un lugar destacado en su mostrador.\" \/>\n<meta property=\"og:url\" content=\"https:\/\/www.coolheadeurope.com\/prodotto\/display\/espositori-da-banco\/rc-969\/\" \/>\n<meta property=\"og:site_name\" content=\"Cool Head Europe\" \/>\n<meta property=\"article:modified_time\" content=\"2026-04-28T08:34:50+00:00\" \/>\n<meta property=\"og:image\" content=\"https:\/\/www.coolheadeurope.com\/wp-content\/uploads\/2026\/04\/RC-969-CORPO_CH_LOW.png\" \/>\n\t<meta property=\"og:image:width\" content=\"507\" \/>\n\t<meta property=\"og:image:height\" content=\"556\" \/>\n\t<meta property=\"og:image:type\" content=\"image\/png\" \/>\n<meta name=\"twitter:card\" content=\"summary_large_image\" \/>\n<!-- \/ Yoast SEO plugin. -->","yoast_head_json":{"title":"RC 969 - Cool Head Europe","robots":{"index":"index","follow":"follow","max-snippet":"max-snippet:-1","max-image-preview":"max-image-preview:large","max-video-preview":"max-video-preview:-1"},"canonical":"https:\/\/www.coolheadeurope.com\/prodotto\/display\/espositori-da-banco\/rc-969\/","og_locale":"es_ES","og_type":"article","og_title":"RC 969 - Cool Head Europe","og_description":"Una vitrina de mostrador con cristal plano y marco y base de acero, equipada con luces LED, cristal de doble capa anti-condensaci\u00f3n, puertas deslizantes traseras y estantes cromados ajustables. El modelo RC 969 est\u00e1 espec\u00edficamente dise\u00f1ado para la exposici\u00f3n de cualquier tipo de alimento que merezca un lugar destacado en su mostrador.","og_url":"https:\/\/www.coolheadeurope.com\/prodotto\/display\/espositori-da-banco\/rc-969\/","og_site_name":"Cool Head Europe","article_modified_time":"2026-04-28T08:34:50+00:00","og_image":[{"width":507,"height":556,"url":"https:\/\/www.coolheadeurope.com\/wp-content\/uploads\/2026\/04\/RC-969-CORPO_CH_LOW.png","type":"image\/png"}],"twitter_card":"summary_large_image","schema":{"@context":"https:\/\/schema.org","@graph":[{"@type":"WebPage","@id":"https:\/\/www.coolheadeurope.com\/prodotto\/display\/espositori-da-banco\/rc-969\/","url":"https:\/\/www.coolheadeurope.com\/prodotto\/display\/espositori-da-banco\/rc-969\/","name":"RC 969 - Cool Head Europe","isPartOf":{"@id":"https:\/\/www.coolheadeurope.com\/#website"},"primaryImageOfPage":{"@id":"https:\/\/www.coolheadeurope.com\/prodotto\/display\/espositori-da-banco\/rc-969\/#primaryimage"},"image":{"@id":"https:\/\/www.coolheadeurope.com\/prodotto\/display\/espositori-da-banco\/rc-969\/#primaryimage"},"thumbnailUrl":"https:\/\/www.coolheadeurope.com\/wp-content\/uploads\/2026\/04\/RC-969-CORPO_CH_LOW.png","datePublished":"2025-03-21T22:31:12+00:00","dateModified":"2026-04-28T08:34:50+00:00","breadcrumb":{"@id":"https:\/\/www.coolheadeurope.com\/prodotto\/display\/espositori-da-banco\/rc-969\/#breadcrumb"},"inLanguage":"es","potentialAction":[{"@type":"ReadAction","target":["https:\/\/www.coolheadeurope.com\/prodotto\/display\/espositori-da-banco\/rc-969\/"]}]},{"@type":"ImageObject","inLanguage":"es","@id":"https:\/\/www.coolheadeurope.com\/prodotto\/display\/espositori-da-banco\/rc-969\/#primaryimage","url":"https:\/\/www.coolheadeurope.com\/wp-content\/uploads\/2026\/04\/RC-969-CORPO_CH_LOW.png","contentUrl":"https:\/\/www.coolheadeurope.com\/wp-content\/uploads\/2026\/04\/RC-969-CORPO_CH_LOW.png","width":507,"height":556,"caption":"Immagine di RC 969"},{"@type":"BreadcrumbList","@id":"https:\/\/www.coolheadeurope.com\/prodotto\/display\/espositori-da-banco\/rc-969\/#breadcrumb","itemListElement":[{"@type":"ListItem","position":1,"name":"Home","item":"https:\/\/www.coolheadeurope.com\/es\/"},{"@type":"ListItem","position":2,"name":"Buscar","item":"https:\/\/www.coolheadeurope.com\/es\/buscar\/"},{"@type":"ListItem","position":3,"name":"RC 969"}]},{"@type":"WebSite","@id":"https:\/\/www.coolheadeurope.com\/#website","url":"https:\/\/www.coolheadeurope.com\/","name":"Cool Head Europe","description":"We make the world a cooler place","potentialAction":[{"@type":"SearchAction","target":{"@type":"EntryPoint","urlTemplate":"https:\/\/www.coolheadeurope.com\/?s={search_term_string}"},"query-input":{"@type":"PropertyValueSpecification","valueRequired":true,"valueName":"search_term_string"}}],"inLanguage":"es"}]}},"_links":{"self":[{"href":"https:\/\/www.coolheadeurope.com\/es\/wp-json\/wp\/v2\/product\/3394928","targetHints":{"allow":["GET"]}}],"collection":[{"href":"https:\/\/www.coolheadeurope.com\/es\/wp-json\/wp\/v2\/product"}],"about":[{"href":"https:\/\/www.coolheadeurope.com\/es\/wp-json\/wp\/v2\/types\/product"}],"wp:featuredmedia":[{"embeddable":true,"href":"https:\/\/www.coolheadeurope.com\/es\/wp-json\/wp\/v2\/media\/3881567"}],"wp:attachment":[{"href":"https:\/\/www.coolheadeurope.com\/es\/wp-json\/wp\/v2\/media?parent=3394928"}],"wp:term":[{"taxonomy":"product_brand","embeddable":true,"href":"https:\/\/www.coolheadeurope.com\/es\/wp-json\/wp\/v2\/product_brand?post=3394928"},{"taxonomy":"product_cat","embeddable":true,"href":"https:\/\/www.coolheadeurope.com\/es\/wp-json\/wp\/v2\/product_cat?post=3394928"},{"taxonomy":"product_tag","embeddable":true,"href":"https:\/\/www.coolheadeurope.com\/es\/wp-json\/wp\/v2\/product_tag?post=3394928"}],"curies":[{"name":"wp","href":"https:\/\/api.w.org\/{rel}","templated":true}]}}