{"id":3394932,"date":"2025-03-21T22:43:21","date_gmt":"2025-03-21T22:43:21","guid":{"rendered":"https:\/\/www.coolheadeurope.com\/prodotto\/sin%20categor\u00eda\/2nz-12\/"},"modified":"2026-02-08T04:08:25","modified_gmt":"2026-02-08T04:08:25","slug":"2nz-12","status":"publish","type":"product","link":"https:\/\/www.coolheadeurope.com\/es\/prodotto\/expositores\/murales-refrigerados\/2nz-12\/","title":{"rendered":"2NZ 12"},"content":{"rendered":"<p>Exhibici\u00f3n mural sin puertas (Ancho: 1250mm)<br \/>\nAcero revestido de gris en el exterior y blanco en el interior<br \/>\nRefrigeraci\u00f3n ventilada<br \/>\nDescongelamiento autom\u00e1tico tras parada del compresor<br \/>\nControl de pantalla digital con interruptor ON-OFF incorporado<br \/>\nLED luz interior (con interruptor independiente)<br \/>\nDoble vidrio anticondensaci\u00f3n<br \/>\nExtremos ciegos<br \/>\nEstantes ajustables: 4 Pcs<br \/>\nRemates finales y panel frontal de aluminio<br \/>\nParachoques gris antracita<br \/>\n4 pies ajustables<br \/>\nClase de energ\u00eda: E<br \/>\nExtremos panor\u00e1micos que proporcionan la m\u00e1xima visibilidad de la mercanc\u00eda (Opcional)<\/p>\n","protected":false},"excerpt":{"rendered":"<p>La combinaci\u00f3n perfecta de flexibilidad est\u00e9tica, bajos \u00edndices de consumo y \u00f3ptimo rendimiento energ\u00e9tico. La 2NZ 12, con 1200 mm de ancho, representa una soluci\u00f3n fiable para los minoristas de alimentaci\u00f3n. Altamente personalizable tanto en materiales como en colores, es la vitrina ideal para exponer productos l\u00e1cteos, bebidas o carne empacada.<\/p>\n","protected":false},"featured_media":3709248,"template":"","meta":[],"product_brand":[],"product_cat":[7775,7780],"product_tag":[],"class_list":{"0":"post-3394932","1":"product","2":"type-product","3":"status-publish","4":"has-post-thumbnail","6":"product_cat-expositores","7":"product_cat-murales-refrigerados","8":"pa_capacite-commerciale-624-l","9":"pa_consommation-denergie-13-6-kw-24h","10":"pa_hauteur-exterieure-1951-mm","11":"pa_hauteur-interieure-1165-mm","12":"pa_largeur-exterieure-1250-mm","13":"pa_largeur-interne-1186-mm","14":"pa_niveau-sonore-70-dba","15":"pa_poids-brut-251-kg","16":"pa_poids-net-211-kg","17":"pa_profondeur-externe-635-mm","18":"pa_profondeur-interne-335-mm","19":"pa_puissance-1757-w","21":"first","22":"instock","23":"product-type-simple"},"acf":[],"yoast_head":"<!-- This site is optimized with the Yoast SEO plugin v27.2 - https:\/\/yoast.com\/product\/yoast-seo-wordpress\/ -->\n<title>2NZ 12 - Cool Head Europe<\/title>\n<meta name=\"robots\" content=\"index, follow, max-snippet:-1, max-image-preview:large, max-video-preview:-1\" \/>\n<link rel=\"canonical\" href=\"http:\/\/www.coolheadeurope.com\/es\/prodotto\/expositores\/murales-refrigerados\/2nz-12\/\" \/>\n<meta property=\"og:locale\" content=\"es_ES\" \/>\n<meta property=\"og:type\" content=\"article\" \/>\n<meta property=\"og:title\" content=\"2NZ 12 - Cool Head Europe\" \/>\n<meta property=\"og:description\" content=\"La combinaci\u00f3n perfecta de flexibilidad est\u00e9tica, bajos \u00edndices de consumo y \u00f3ptimo rendimiento energ\u00e9tico. La 2NZ 12, con 1200 mm de ancho, representa una soluci\u00f3n fiable para los minoristas de alimentaci\u00f3n. Altamente personalizable tanto en materiales como en colores, es la vitrina ideal para exponer productos l\u00e1cteos, bebidas o carne empacada.\" \/>\n<meta property=\"og:url\" content=\"http:\/\/www.coolheadeurope.com\/es\/prodotto\/expositores\/murales-refrigerados\/2nz-12\/\" \/>\n<meta property=\"og:site_name\" content=\"Cool Head Europe\" \/>\n<meta property=\"article:modified_time\" content=\"2026-02-08T04:08:25+00:00\" \/>\n<meta property=\"og:image\" content=\"http:\/\/www.coolheadeurope.com\/wp-content\/uploads\/2026\/02\/2NZ-12-CORPO_CH_LOW.png\" \/>\n\t<meta property=\"og:image:width\" content=\"406\" \/>\n\t<meta property=\"og:image:height\" content=\"567\" \/>\n\t<meta property=\"og:image:type\" content=\"image\/png\" \/>\n<meta name=\"twitter:card\" content=\"summary_large_image\" \/>\n<!-- \/ Yoast SEO plugin. -->","yoast_head_json":{"title":"2NZ 12 - Cool Head Europe","robots":{"index":"index","follow":"follow","max-snippet":"max-snippet:-1","max-image-preview":"max-image-preview:large","max-video-preview":"max-video-preview:-1"},"canonical":"http:\/\/www.coolheadeurope.com\/es\/prodotto\/expositores\/murales-refrigerados\/2nz-12\/","og_locale":"es_ES","og_type":"article","og_title":"2NZ 12 - Cool Head Europe","og_description":"La combinaci\u00f3n perfecta de flexibilidad est\u00e9tica, bajos \u00edndices de consumo y \u00f3ptimo rendimiento energ\u00e9tico. La 2NZ 12, con 1200 mm de ancho, representa una soluci\u00f3n fiable para los minoristas de alimentaci\u00f3n. Altamente personalizable tanto en materiales como en colores, es la vitrina ideal para exponer productos l\u00e1cteos, bebidas o carne empacada.","og_url":"http:\/\/www.coolheadeurope.com\/es\/prodotto\/expositores\/murales-refrigerados\/2nz-12\/","og_site_name":"Cool Head Europe","article_modified_time":"2026-02-08T04:08:25+00:00","og_image":[{"width":406,"height":567,"url":"http:\/\/www.coolheadeurope.com\/wp-content\/uploads\/2026\/02\/2NZ-12-CORPO_CH_LOW.png","type":"image\/png"}],"twitter_card":"summary_large_image","schema":{"@context":"https:\/\/schema.org","@graph":[{"@type":"WebPage","@id":"http:\/\/www.coolheadeurope.com\/es\/prodotto\/expositores\/murales-refrigerados\/2nz-12\/","url":"http:\/\/www.coolheadeurope.com\/es\/prodotto\/expositores\/murales-refrigerados\/2nz-12\/","name":"2NZ 12 - Cool Head Europe","isPartOf":{"@id":"https:\/\/www.coolheadeurope.com\/#website"},"primaryImageOfPage":{"@id":"http:\/\/www.coolheadeurope.com\/es\/prodotto\/expositores\/murales-refrigerados\/2nz-12\/#primaryimage"},"image":{"@id":"http:\/\/www.coolheadeurope.com\/es\/prodotto\/expositores\/murales-refrigerados\/2nz-12\/#primaryimage"},"thumbnailUrl":"https:\/\/www.coolheadeurope.com\/wp-content\/uploads\/2026\/04\/2NZ-12-CORPO_CH_LOW-20.png","datePublished":"2025-03-21T22:43:21+00:00","dateModified":"2026-02-08T04:08:25+00:00","breadcrumb":{"@id":"http:\/\/www.coolheadeurope.com\/es\/prodotto\/expositores\/murales-refrigerados\/2nz-12\/#breadcrumb"},"inLanguage":"es","potentialAction":[{"@type":"ReadAction","target":["http:\/\/www.coolheadeurope.com\/es\/prodotto\/expositores\/murales-refrigerados\/2nz-12\/"]}]},{"@type":"ImageObject","inLanguage":"es","@id":"http:\/\/www.coolheadeurope.com\/es\/prodotto\/expositores\/murales-refrigerados\/2nz-12\/#primaryimage","url":"https:\/\/www.coolheadeurope.com\/wp-content\/uploads\/2026\/04\/2NZ-12-CORPO_CH_LOW-20.png","contentUrl":"https:\/\/www.coolheadeurope.com\/wp-content\/uploads\/2026\/04\/2NZ-12-CORPO_CH_LOW-20.png","width":406,"height":567,"caption":"Immagine di 2NZ 12"},{"@type":"BreadcrumbList","@id":"http:\/\/www.coolheadeurope.com\/es\/prodotto\/expositores\/murales-refrigerados\/2nz-12\/#breadcrumb","itemListElement":[{"@type":"ListItem","position":1,"name":"Home","item":"https:\/\/www.coolheadeurope.com\/es\/"},{"@type":"ListItem","position":2,"name":"Buscar","item":"https:\/\/www.coolheadeurope.com\/es\/buscar\/"},{"@type":"ListItem","position":3,"name":"2NZ 12"}]},{"@type":"WebSite","@id":"https:\/\/www.coolheadeurope.com\/#website","url":"https:\/\/www.coolheadeurope.com\/","name":"Cool Head Europe","description":"We make the world a cooler place","potentialAction":[{"@type":"SearchAction","target":{"@type":"EntryPoint","urlTemplate":"https:\/\/www.coolheadeurope.com\/?s={search_term_string}"},"query-input":{"@type":"PropertyValueSpecification","valueRequired":true,"valueName":"search_term_string"}}],"inLanguage":"es"}]}},"_links":{"self":[{"href":"https:\/\/www.coolheadeurope.com\/es\/wp-json\/wp\/v2\/product\/3394932","targetHints":{"allow":["GET"]}}],"collection":[{"href":"https:\/\/www.coolheadeurope.com\/es\/wp-json\/wp\/v2\/product"}],"about":[{"href":"https:\/\/www.coolheadeurope.com\/es\/wp-json\/wp\/v2\/types\/product"}],"wp:featuredmedia":[{"embeddable":true,"href":"https:\/\/www.coolheadeurope.com\/es\/wp-json\/wp\/v2\/media\/3709248"}],"wp:attachment":[{"href":"https:\/\/www.coolheadeurope.com\/es\/wp-json\/wp\/v2\/media?parent=3394932"}],"wp:term":[{"taxonomy":"product_brand","embeddable":true,"href":"https:\/\/www.coolheadeurope.com\/es\/wp-json\/wp\/v2\/product_brand?post=3394932"},{"taxonomy":"product_cat","embeddable":true,"href":"https:\/\/www.coolheadeurope.com\/es\/wp-json\/wp\/v2\/product_cat?post=3394932"},{"taxonomy":"product_tag","embeddable":true,"href":"https:\/\/www.coolheadeurope.com\/es\/wp-json\/wp\/v2\/product_tag?post=3394932"}],"curies":[{"name":"wp","href":"https:\/\/api.w.org\/{rel}","templated":true}]}}