{"id":3394945,"date":"2025-03-21T23:24:44","date_gmt":"2025-03-21T23:24:44","guid":{"rendered":"https:\/\/www.coolheadeurope.com\/prodotto\/sin%20categor\u00eda\/vrp-604b\/"},"modified":"2026-04-28T08:38:51","modified_gmt":"2026-04-28T08:38:51","slug":"vrp-604b","status":"publish","type":"product","link":"https:\/\/www.coolheadeurope.com\/es\/prodotto\/vitrinas\/panaderia\/vrp-604b\/","title":{"rendered":"VRP 604B"},"content":{"rendered":"<p>Vitrina de enfriamiento panor\u00e1mica de 600 Lt.(Color Negro)<br \/>\nVidrio recto con marco negro<br \/>\nPanel frontal en acero pintado de negro<br \/>\nRefrigeraci\u00f3n ventilada<br \/>\nVidrio templado de triple seguridad con Low-e (vidrio de baja emisividad)<br \/>\nSistema de descarche por gas caliente<br \/>\nSistema de evaporaci\u00f3n de agua condensada a traves de gas caliente<br \/>\nEvaporador con tratamiento anticorrosi\u00f3n<br \/>\nTermostato digital con alarma de \u00abtemperatura alta\u00bb<br \/>\nTermostato digital con funci\u00f3n Wi-Fi<br \/>\nPuerta reversible solo bajo pedido (sin cierre autom\u00e1tico)<br \/>\nLuz LED interior<br \/>\nEstantes de vidrio ajustables (N.5 piezas)<br \/>\nN.4 ruedas pivotantes est\u00e1ndar<br \/>\nClase de energ\u00eda: A<\/p>\n","protected":false},"excerpt":{"rendered":"<p>La vitrina de panader\u00eda VRP 604B atrae las miradas del visitante gracias a su refinamiento, y al mismo tiempo es capaz de adaptarse a cualquier contexto gracias a su discreci\u00f3n.<br \/>\nEste modelo con puerta simple de 900mm ha sido dise\u00f1ado para valorizar los productos expuestos en su interior gracias a los 4 cristales panor\u00e1micos con serigraf\u00eda negra, los 5 estantes de cristal y las 4 luces LED internas.<br \/>\nEn clase energ\u00e9tica A, el VRP 604B est\u00e1 equipado con un termostato digital con conexi\u00f3n Wi-FI que permite controlar y gestionar la temperatura interior mediante un tel\u00e9fono inteligente o una tableta.<\/p>\n","protected":false},"featured_media":3881612,"template":"","meta":[],"product_brand":[],"product_cat":[7768,7769],"product_tag":[],"class_list":{"0":"post-3394945","1":"product","2":"type-product","3":"status-publish","4":"has-post-thumbnail","6":"product_cat-vitrinas","7":"product_cat-panaderia","8":"pa_capacite-commerciale-600-l","9":"pa_consommation-denergie-3-24-kw-24h","10":"pa_hauteur-exterieure-1900-mm","11":"pa_hauteur-interieure-1200-mm","12":"pa_largeur-exterieure-900-mm","13":"pa_largeur-interne-800-mm","14":"pa_niveau-sonore-55-dba","15":"pa_poids-brut-206-kg","16":"pa_poids-net-171-kg","17":"pa_profondeur-externe-650-mm","18":"pa_profondeur-interne-550-mm","19":"pa_puissance-322-w","21":"first","22":"instock","23":"product-type-simple"},"acf":[],"yoast_head":"<!-- This site is optimized with the Yoast SEO plugin v27.2 - https:\/\/yoast.com\/product\/yoast-seo-wordpress\/ -->\n<title>VRP 604B - Cool Head Europe<\/title>\n<meta name=\"robots\" content=\"index, follow, max-snippet:-1, max-image-preview:large, max-video-preview:-1\" \/>\n<link rel=\"canonical\" href=\"https:\/\/www.coolheadeurope.com\/es\/prodotto\/vitrinas\/panaderia\/vrp-604b\/\" \/>\n<meta property=\"og:locale\" content=\"es_ES\" \/>\n<meta property=\"og:type\" content=\"article\" \/>\n<meta property=\"og:title\" content=\"VRP 604B - Cool Head Europe\" \/>\n<meta property=\"og:description\" content=\"La vitrina de panader\u00eda VRP 604B atrae las miradas del visitante gracias a su refinamiento, y al mismo tiempo es capaz de adaptarse a cualquier contexto gracias a su discreci\u00f3n. Este modelo con puerta simple de 900mm ha sido dise\u00f1ado para valorizar los productos expuestos en su interior gracias a los 4 cristales panor\u00e1micos con serigraf\u00eda negra, los 5 estantes de cristal y las 4 luces LED internas. En clase energ\u00e9tica A, el VRP 604B est\u00e1 equipado con un termostato digital con conexi\u00f3n Wi-FI que permite controlar y gestionar la temperatura interior mediante un tel\u00e9fono inteligente o una tableta.\" \/>\n<meta property=\"og:url\" content=\"https:\/\/www.coolheadeurope.com\/es\/prodotto\/vitrinas\/panaderia\/vrp-604b\/\" \/>\n<meta property=\"og:site_name\" content=\"Cool Head Europe\" \/>\n<meta property=\"article:modified_time\" content=\"2026-04-28T08:38:51+00:00\" \/>\n<meta property=\"og:image\" content=\"https:\/\/www.coolheadeurope.com\/wp-content\/uploads\/2026\/04\/VRP-604B-CORPO_VS_LOW-16.png\" \/>\n\t<meta property=\"og:image:width\" content=\"317\" \/>\n\t<meta property=\"og:image:height\" content=\"541\" \/>\n\t<meta property=\"og:image:type\" content=\"image\/png\" \/>\n<meta name=\"twitter:card\" content=\"summary_large_image\" \/>\n<!-- \/ Yoast SEO plugin. -->","yoast_head_json":{"title":"VRP 604B - Cool Head Europe","robots":{"index":"index","follow":"follow","max-snippet":"max-snippet:-1","max-image-preview":"max-image-preview:large","max-video-preview":"max-video-preview:-1"},"canonical":"https:\/\/www.coolheadeurope.com\/es\/prodotto\/vitrinas\/panaderia\/vrp-604b\/","og_locale":"es_ES","og_type":"article","og_title":"VRP 604B - Cool Head Europe","og_description":"La vitrina de panader\u00eda VRP 604B atrae las miradas del visitante gracias a su refinamiento, y al mismo tiempo es capaz de adaptarse a cualquier contexto gracias a su discreci\u00f3n. Este modelo con puerta simple de 900mm ha sido dise\u00f1ado para valorizar los productos expuestos en su interior gracias a los 4 cristales panor\u00e1micos con serigraf\u00eda negra, los 5 estantes de cristal y las 4 luces LED internas. En clase energ\u00e9tica A, el VRP 604B est\u00e1 equipado con un termostato digital con conexi\u00f3n Wi-FI que permite controlar y gestionar la temperatura interior mediante un tel\u00e9fono inteligente o una tableta.","og_url":"https:\/\/www.coolheadeurope.com\/es\/prodotto\/vitrinas\/panaderia\/vrp-604b\/","og_site_name":"Cool Head Europe","article_modified_time":"2026-04-28T08:38:51+00:00","og_image":[{"width":317,"height":541,"url":"https:\/\/www.coolheadeurope.com\/wp-content\/uploads\/2026\/04\/VRP-604B-CORPO_VS_LOW-16.png","type":"image\/png"}],"twitter_card":"summary_large_image","schema":{"@context":"https:\/\/schema.org","@graph":[{"@type":"WebPage","@id":"https:\/\/www.coolheadeurope.com\/es\/prodotto\/vitrinas\/panaderia\/vrp-604b\/","url":"https:\/\/www.coolheadeurope.com\/es\/prodotto\/vitrinas\/panaderia\/vrp-604b\/","name":"VRP 604B - Cool Head Europe","isPartOf":{"@id":"https:\/\/www.coolheadeurope.com\/#website"},"primaryImageOfPage":{"@id":"https:\/\/www.coolheadeurope.com\/es\/prodotto\/vitrinas\/panaderia\/vrp-604b\/#primaryimage"},"image":{"@id":"https:\/\/www.coolheadeurope.com\/es\/prodotto\/vitrinas\/panaderia\/vrp-604b\/#primaryimage"},"thumbnailUrl":"https:\/\/www.coolheadeurope.com\/wp-content\/uploads\/2026\/04\/VRP-604B-CORPO_VS_LOW.png","datePublished":"2025-03-21T23:24:44+00:00","dateModified":"2026-04-28T08:38:51+00:00","breadcrumb":{"@id":"https:\/\/www.coolheadeurope.com\/es\/prodotto\/vitrinas\/panaderia\/vrp-604b\/#breadcrumb"},"inLanguage":"es","potentialAction":[{"@type":"ReadAction","target":["https:\/\/www.coolheadeurope.com\/es\/prodotto\/vitrinas\/panaderia\/vrp-604b\/"]}]},{"@type":"ImageObject","inLanguage":"es","@id":"https:\/\/www.coolheadeurope.com\/es\/prodotto\/vitrinas\/panaderia\/vrp-604b\/#primaryimage","url":"https:\/\/www.coolheadeurope.com\/wp-content\/uploads\/2026\/04\/VRP-604B-CORPO_VS_LOW.png","contentUrl":"https:\/\/www.coolheadeurope.com\/wp-content\/uploads\/2026\/04\/VRP-604B-CORPO_VS_LOW.png","width":317,"height":541,"caption":"Immagine di VRP 604B"},{"@type":"BreadcrumbList","@id":"https:\/\/www.coolheadeurope.com\/es\/prodotto\/vitrinas\/panaderia\/vrp-604b\/#breadcrumb","itemListElement":[{"@type":"ListItem","position":1,"name":"Home","item":"https:\/\/www.coolheadeurope.com\/es\/"},{"@type":"ListItem","position":2,"name":"Buscar","item":"https:\/\/www.coolheadeurope.com\/es\/buscar\/"},{"@type":"ListItem","position":3,"name":"VRP 604B"}]},{"@type":"WebSite","@id":"https:\/\/www.coolheadeurope.com\/#website","url":"https:\/\/www.coolheadeurope.com\/","name":"Cool Head Europe","description":"We make the world a cooler place","potentialAction":[{"@type":"SearchAction","target":{"@type":"EntryPoint","urlTemplate":"https:\/\/www.coolheadeurope.com\/?s={search_term_string}"},"query-input":{"@type":"PropertyValueSpecification","valueRequired":true,"valueName":"search_term_string"}}],"inLanguage":"es"}]}},"_links":{"self":[{"href":"https:\/\/www.coolheadeurope.com\/es\/wp-json\/wp\/v2\/product\/3394945","targetHints":{"allow":["GET"]}}],"collection":[{"href":"https:\/\/www.coolheadeurope.com\/es\/wp-json\/wp\/v2\/product"}],"about":[{"href":"https:\/\/www.coolheadeurope.com\/es\/wp-json\/wp\/v2\/types\/product"}],"wp:featuredmedia":[{"embeddable":true,"href":"https:\/\/www.coolheadeurope.com\/es\/wp-json\/wp\/v2\/media\/3881612"}],"wp:attachment":[{"href":"https:\/\/www.coolheadeurope.com\/es\/wp-json\/wp\/v2\/media?parent=3394945"}],"wp:term":[{"taxonomy":"product_brand","embeddable":true,"href":"https:\/\/www.coolheadeurope.com\/es\/wp-json\/wp\/v2\/product_brand?post=3394945"},{"taxonomy":"product_cat","embeddable":true,"href":"https:\/\/www.coolheadeurope.com\/es\/wp-json\/wp\/v2\/product_cat?post=3394945"},{"taxonomy":"product_tag","embeddable":true,"href":"https:\/\/www.coolheadeurope.com\/es\/wp-json\/wp\/v2\/product_tag?post=3394945"}],"curies":[{"name":"wp","href":"https:\/\/api.w.org\/{rel}","templated":true}]}}