{"id":3398168,"date":"2025-03-22T10:45:33","date_gmt":"2025-03-22T10:45:33","guid":{"rendered":"https:\/\/www.coolheadeurope.com\/prodotto\/sin%20categor\u00eda\/ft-188\/"},"modified":"2026-02-08T04:29:22","modified_gmt":"2026-02-08T04:29:22","slug":"ft-188","status":"publish","type":"product","link":"https:\/\/www.coolheadeurope.com\/es\/prodotto\/expositores\/murales-refrigerados\/ft-188\/","title":{"rendered":"FT 188"},"content":{"rendered":"<p>Enfriador de aire de180 Lt. (Color blanco)<br \/>\nArmario de acero pintado en blanco tanto en el interior como en el exterior<br \/>\nVidrio de seguridad doble templado<br \/>\nExtremos panor\u00e1micos que proporcionan la m\u00e1xima visibilidad de la mercanc\u00eda<br \/>\nRefrigeraci\u00f3n ventilada<br \/>\nDescongelamiento autom\u00e1tico tras parada del compresor<br \/>\nSistema de evaporaci\u00f3n de agua condensada a traves de gas caliente<br \/>\nControl con pantalla digital<br \/>\nLED luz interior (con interruptor independiente)<br \/>\nInterruptor general separado<br \/>\nEstantes ajustables en altura y \u00e1ngulo<br \/>\nPersiana nocturna para una conservaci\u00f3n \u00f3ptima de la energ\u00eda durante las noches<br \/>\n4 pies ajustables<br \/>\nClase de energ\u00eda: F<\/p>\n","protected":false},"excerpt":{"rendered":"<p>El modelo FT 188 es un enfriador expositor promocional con frontal abierto, ideal para compras por impulso. El modelo ha sido dise\u00f1ado con 2 estantes regulables en altura y \u00e1ngulo, extremos panor\u00e1micos y luz led interior para proporcionar la m\u00e1xima visibilidad de la mercanc\u00eda expuesta en su interior.<\/p>\n","protected":false},"featured_media":3684813,"template":"","meta":[],"product_brand":[],"product_cat":[7780,7775],"product_tag":[],"class_list":{"0":"post-3398168","1":"product","2":"type-product","3":"status-publish","4":"has-post-thumbnail","6":"product_cat-murales-refrigerados","7":"product_cat-expositores","8":"pa_capacite-commerciale-180-l","9":"pa_consommation-denergie-12-66-kw-24h","10":"pa_hauteur-exterieure-1457-mm","11":"pa_hauteur-interieure-833-mm","12":"pa_largeur-exterieure-640-mm","13":"pa_largeur-interne-558-mm","14":"pa_niveau-sonore-55-dba","15":"pa_poids-brut-173-kg","16":"pa_poids-net-129-kg","17":"pa_profondeur-externe-741-mm","18":"pa_profondeur-interne-600-mm","19":"pa_puissance-650-w","21":"first","22":"instock","23":"product-type-simple"},"acf":[],"yoast_head":"<!-- This site is optimized with the Yoast SEO plugin v27.2 - https:\/\/yoast.com\/product\/yoast-seo-wordpress\/ -->\n<title>FT 188 - Cool Head Europe<\/title>\n<meta name=\"robots\" content=\"index, follow, max-snippet:-1, max-image-preview:large, max-video-preview:-1\" \/>\n<link rel=\"canonical\" href=\"http:\/\/www.coolheadeurope.com\/es\/prodotto\/expositores\/murales-refrigerados\/ft-188\/\" \/>\n<meta property=\"og:locale\" content=\"es_ES\" \/>\n<meta property=\"og:type\" content=\"article\" \/>\n<meta property=\"og:title\" content=\"FT 188 - Cool Head Europe\" \/>\n<meta property=\"og:description\" content=\"El modelo FT 188 es un enfriador expositor promocional con frontal abierto, ideal para compras por impulso. El modelo ha sido dise\u00f1ado con 2 estantes regulables en altura y \u00e1ngulo, extremos panor\u00e1micos y luz led interior para proporcionar la m\u00e1xima visibilidad de la mercanc\u00eda expuesta en su interior.\" \/>\n<meta property=\"og:url\" content=\"http:\/\/www.coolheadeurope.com\/es\/prodotto\/expositores\/murales-refrigerados\/ft-188\/\" \/>\n<meta property=\"og:site_name\" content=\"Cool Head Europe\" \/>\n<meta property=\"article:modified_time\" content=\"2026-02-08T04:29:22+00:00\" \/>\n<meta property=\"og:image\" content=\"http:\/\/www.coolheadeurope.com\/wp-content\/uploads\/2026\/02\/FT-188-CORPO_CH_LOW.png\" \/>\n\t<meta property=\"og:image:width\" content=\"274\" \/>\n\t<meta property=\"og:image:height\" content=\"434\" \/>\n\t<meta property=\"og:image:type\" content=\"image\/png\" \/>\n<meta name=\"twitter:card\" content=\"summary_large_image\" \/>\n<meta name=\"twitter:label1\" content=\"Tiempo de lectura\" \/>\n\t<meta name=\"twitter:data1\" content=\"1 minuto\" \/>\n<!-- \/ Yoast SEO plugin. -->","yoast_head_json":{"title":"FT 188 - Cool Head Europe","robots":{"index":"index","follow":"follow","max-snippet":"max-snippet:-1","max-image-preview":"max-image-preview:large","max-video-preview":"max-video-preview:-1"},"canonical":"http:\/\/www.coolheadeurope.com\/es\/prodotto\/expositores\/murales-refrigerados\/ft-188\/","og_locale":"es_ES","og_type":"article","og_title":"FT 188 - Cool Head Europe","og_description":"El modelo FT 188 es un enfriador expositor promocional con frontal abierto, ideal para compras por impulso. El modelo ha sido dise\u00f1ado con 2 estantes regulables en altura y \u00e1ngulo, extremos panor\u00e1micos y luz led interior para proporcionar la m\u00e1xima visibilidad de la mercanc\u00eda expuesta en su interior.","og_url":"http:\/\/www.coolheadeurope.com\/es\/prodotto\/expositores\/murales-refrigerados\/ft-188\/","og_site_name":"Cool Head Europe","article_modified_time":"2026-02-08T04:29:22+00:00","og_image":[{"width":274,"height":434,"url":"http:\/\/www.coolheadeurope.com\/wp-content\/uploads\/2026\/02\/FT-188-CORPO_CH_LOW.png","type":"image\/png"}],"twitter_card":"summary_large_image","twitter_misc":{"Tiempo de lectura":"1 minuto"},"schema":{"@context":"https:\/\/schema.org","@graph":[{"@type":"WebPage","@id":"http:\/\/www.coolheadeurope.com\/es\/prodotto\/expositores\/murales-refrigerados\/ft-188\/","url":"http:\/\/www.coolheadeurope.com\/es\/prodotto\/expositores\/murales-refrigerados\/ft-188\/","name":"FT 188 - Cool Head Europe","isPartOf":{"@id":"https:\/\/www.coolheadeurope.com\/#website"},"primaryImageOfPage":{"@id":"http:\/\/www.coolheadeurope.com\/es\/prodotto\/expositores\/murales-refrigerados\/ft-188\/#primaryimage"},"image":{"@id":"http:\/\/www.coolheadeurope.com\/es\/prodotto\/expositores\/murales-refrigerados\/ft-188\/#primaryimage"},"thumbnailUrl":"https:\/\/www.coolheadeurope.com\/wp-content\/uploads\/2026\/04\/FT-188-CORPO_CH_LOW-6.png","datePublished":"2025-03-22T10:45:33+00:00","dateModified":"2026-02-08T04:29:22+00:00","breadcrumb":{"@id":"http:\/\/www.coolheadeurope.com\/es\/prodotto\/expositores\/murales-refrigerados\/ft-188\/#breadcrumb"},"inLanguage":"es","potentialAction":[{"@type":"ReadAction","target":["http:\/\/www.coolheadeurope.com\/es\/prodotto\/expositores\/murales-refrigerados\/ft-188\/"]}]},{"@type":"ImageObject","inLanguage":"es","@id":"http:\/\/www.coolheadeurope.com\/es\/prodotto\/expositores\/murales-refrigerados\/ft-188\/#primaryimage","url":"https:\/\/www.coolheadeurope.com\/wp-content\/uploads\/2026\/04\/FT-188-CORPO_CH_LOW-6.png","contentUrl":"https:\/\/www.coolheadeurope.com\/wp-content\/uploads\/2026\/04\/FT-188-CORPO_CH_LOW-6.png","width":274,"height":434,"caption":"Immagine di FT 188"},{"@type":"BreadcrumbList","@id":"http:\/\/www.coolheadeurope.com\/es\/prodotto\/expositores\/murales-refrigerados\/ft-188\/#breadcrumb","itemListElement":[{"@type":"ListItem","position":1,"name":"Home","item":"https:\/\/www.coolheadeurope.com\/es\/"},{"@type":"ListItem","position":2,"name":"Buscar","item":"https:\/\/www.coolheadeurope.com\/es\/buscar\/"},{"@type":"ListItem","position":3,"name":"FT 188"}]},{"@type":"WebSite","@id":"https:\/\/www.coolheadeurope.com\/#website","url":"https:\/\/www.coolheadeurope.com\/","name":"Cool Head Europe","description":"We make the world a cooler place","potentialAction":[{"@type":"SearchAction","target":{"@type":"EntryPoint","urlTemplate":"https:\/\/www.coolheadeurope.com\/?s={search_term_string}"},"query-input":{"@type":"PropertyValueSpecification","valueRequired":true,"valueName":"search_term_string"}}],"inLanguage":"es"}]}},"_links":{"self":[{"href":"https:\/\/www.coolheadeurope.com\/es\/wp-json\/wp\/v2\/product\/3398168","targetHints":{"allow":["GET"]}}],"collection":[{"href":"https:\/\/www.coolheadeurope.com\/es\/wp-json\/wp\/v2\/product"}],"about":[{"href":"https:\/\/www.coolheadeurope.com\/es\/wp-json\/wp\/v2\/types\/product"}],"wp:featuredmedia":[{"embeddable":true,"href":"https:\/\/www.coolheadeurope.com\/es\/wp-json\/wp\/v2\/media\/3684813"}],"wp:attachment":[{"href":"https:\/\/www.coolheadeurope.com\/es\/wp-json\/wp\/v2\/media?parent=3398168"}],"wp:term":[{"taxonomy":"product_brand","embeddable":true,"href":"https:\/\/www.coolheadeurope.com\/es\/wp-json\/wp\/v2\/product_brand?post=3398168"},{"taxonomy":"product_cat","embeddable":true,"href":"https:\/\/www.coolheadeurope.com\/es\/wp-json\/wp\/v2\/product_cat?post=3398168"},{"taxonomy":"product_tag","embeddable":true,"href":"https:\/\/www.coolheadeurope.com\/es\/wp-json\/wp\/v2\/product_tag?post=3398168"}],"curies":[{"name":"wp","href":"https:\/\/api.w.org\/{rel}","templated":true}]}}