{"id":3398173,"date":"2025-03-22T13:46:41","date_gmt":"2025-03-22T13:46:41","guid":{"rendered":"https:\/\/www.coolheadeurope.com\/prodotto\/sin%20categor\u00eda\/wte-100\/"},"modified":"2026-04-28T08:40:55","modified_gmt":"2026-04-28T08:40:55","slug":"wte-100","status":"publish","type":"product","link":"https:\/\/www.coolheadeurope.com\/es\/prodotto\/expositores\/mostradores-para-servir\/wte-100\/","title":{"rendered":"WTE 100"},"content":{"rendered":"<p>Mostrador refrigerado para servir<br \/>\nPlaca de trabajo en acero<br \/>\nZona de exposici\u00f3n en acero inoxidable<br \/>\nRefrigeraci\u00f3n est\u00e1tica<br \/>\nEvaporador con tratamiento anticorrosi\u00f3n<br \/>\nDescongelamiento autom\u00e1tico tras parada del compresor<br \/>\nTermostato digital con alarma de \u00abapertura de la puerta\u00bb y \u00abtemperatura alta\u00bb<br \/>\nTapa en cristal templado vertical<br \/>\nEstante intermedio de cristal no refrigerado<br \/>\nLED luz interior (con interruptor independiente)<br \/>\nTanque aislado con espumado a base de agua<br \/>\n4 pies ajustables<br \/>\nClase de energ\u00eda: &#8211;<\/p>\n","protected":false},"excerpt":{"rendered":"<p>El mostrador de servir WTE 100 ofrece una visibilidad excepcional del producto expuesto y una gran capacidad de exposici\u00f3n.<br \/>\nEste modelo ha sido dise\u00f1ado con la placa de trabajo y la zona de exposici\u00f3n en acero inoxidable, estructura totalmente de cristal, estante intermedio de cristal e iluminaci\u00f3n Led, para ser un equipo c\u00f3modo y fiable en las operaciones del d\u00eda a d\u00eda y ofrecer una perfecta visibilidad de su mercanc\u00eda a sus clientes.<\/p>\n","protected":false},"featured_media":3881664,"template":"","meta":[],"product_brand":[],"product_cat":[7775,7776],"product_tag":[],"class_list":{"0":"post-3398173","1":"product","2":"type-product","3":"status-publish","4":"has-post-thumbnail","6":"product_cat-expositores","7":"product_cat-mostradores-para-servir","8":"pa_capacite-commerciale-107-l","9":"pa_consommation-denergie-2-kw-24h","10":"pa_hauteur-exterieure-1220-mm","11":"pa_hauteur-interieure-220-mm","12":"pa_largeur-exterieure-1000-mm","13":"pa_largeur-interne-900-mm","14":"pa_niveau-sonore-58-dba","15":"pa_poids-brut-151-kg","16":"pa_poids-net-124-kg","17":"pa_profondeur-externe-790-mm","18":"pa_profondeur-interne-500-mm","19":"pa_puissance-193-w","21":"first","22":"instock","23":"product-type-simple"},"acf":[],"yoast_head":"<!-- This site is optimized with the Yoast SEO plugin v27.2 - https:\/\/yoast.com\/product\/yoast-seo-wordpress\/ -->\n<title>WTE 100 - Cool Head Europe<\/title>\n<meta name=\"robots\" content=\"index, follow, max-snippet:-1, max-image-preview:large, max-video-preview:-1\" \/>\n<link rel=\"canonical\" href=\"https:\/\/www.coolheadeurope.com\/prodotto\/display\/banchi-esposizione\/wte-100\/\" \/>\n<meta property=\"og:locale\" content=\"es_ES\" \/>\n<meta property=\"og:type\" content=\"article\" \/>\n<meta property=\"og:title\" content=\"WTE 100 - Cool Head Europe\" \/>\n<meta property=\"og:description\" content=\"El mostrador de servir WTE 100 ofrece una visibilidad excepcional del producto expuesto y una gran capacidad de exposici\u00f3n. Este modelo ha sido dise\u00f1ado con la placa de trabajo y la zona de exposici\u00f3n en acero inoxidable, estructura totalmente de cristal, estante intermedio de cristal e iluminaci\u00f3n Led, para ser un equipo c\u00f3modo y fiable en las operaciones del d\u00eda a d\u00eda y ofrecer una perfecta visibilidad de su mercanc\u00eda a sus clientes.\" \/>\n<meta property=\"og:url\" content=\"https:\/\/www.coolheadeurope.com\/prodotto\/display\/banchi-esposizione\/wte-100\/\" \/>\n<meta property=\"og:site_name\" content=\"Cool Head Europe\" \/>\n<meta property=\"article:modified_time\" content=\"2026-04-28T08:40:55+00:00\" \/>\n<meta property=\"og:image\" content=\"https:\/\/www.coolheadeurope.com\/wp-content\/uploads\/2026\/04\/WTE-100-CORPO_CH_LOW.png\" \/>\n\t<meta property=\"og:image:width\" content=\"567\" \/>\n\t<meta property=\"og:image:height\" content=\"567\" \/>\n\t<meta property=\"og:image:type\" content=\"image\/png\" \/>\n<meta name=\"twitter:card\" content=\"summary_large_image\" \/>\n<!-- \/ Yoast SEO plugin. -->","yoast_head_json":{"title":"WTE 100 - Cool Head Europe","robots":{"index":"index","follow":"follow","max-snippet":"max-snippet:-1","max-image-preview":"max-image-preview:large","max-video-preview":"max-video-preview:-1"},"canonical":"https:\/\/www.coolheadeurope.com\/prodotto\/display\/banchi-esposizione\/wte-100\/","og_locale":"es_ES","og_type":"article","og_title":"WTE 100 - Cool Head Europe","og_description":"El mostrador de servir WTE 100 ofrece una visibilidad excepcional del producto expuesto y una gran capacidad de exposici\u00f3n. Este modelo ha sido dise\u00f1ado con la placa de trabajo y la zona de exposici\u00f3n en acero inoxidable, estructura totalmente de cristal, estante intermedio de cristal e iluminaci\u00f3n Led, para ser un equipo c\u00f3modo y fiable en las operaciones del d\u00eda a d\u00eda y ofrecer una perfecta visibilidad de su mercanc\u00eda a sus clientes.","og_url":"https:\/\/www.coolheadeurope.com\/prodotto\/display\/banchi-esposizione\/wte-100\/","og_site_name":"Cool Head Europe","article_modified_time":"2026-04-28T08:40:55+00:00","og_image":[{"width":567,"height":567,"url":"https:\/\/www.coolheadeurope.com\/wp-content\/uploads\/2026\/04\/WTE-100-CORPO_CH_LOW.png","type":"image\/png"}],"twitter_card":"summary_large_image","schema":{"@context":"https:\/\/schema.org","@graph":[{"@type":"WebPage","@id":"https:\/\/www.coolheadeurope.com\/prodotto\/display\/banchi-esposizione\/wte-100\/","url":"https:\/\/www.coolheadeurope.com\/prodotto\/display\/banchi-esposizione\/wte-100\/","name":"WTE 100 - Cool Head Europe","isPartOf":{"@id":"https:\/\/www.coolheadeurope.com\/#website"},"primaryImageOfPage":{"@id":"https:\/\/www.coolheadeurope.com\/prodotto\/display\/banchi-esposizione\/wte-100\/#primaryimage"},"image":{"@id":"https:\/\/www.coolheadeurope.com\/prodotto\/display\/banchi-esposizione\/wte-100\/#primaryimage"},"thumbnailUrl":"https:\/\/www.coolheadeurope.com\/wp-content\/uploads\/2026\/04\/WTE-100-CORPO_CH_LOW.png","datePublished":"2025-03-22T13:46:41+00:00","dateModified":"2026-04-28T08:40:55+00:00","breadcrumb":{"@id":"https:\/\/www.coolheadeurope.com\/prodotto\/display\/banchi-esposizione\/wte-100\/#breadcrumb"},"inLanguage":"es","potentialAction":[{"@type":"ReadAction","target":["https:\/\/www.coolheadeurope.com\/prodotto\/display\/banchi-esposizione\/wte-100\/"]}]},{"@type":"ImageObject","inLanguage":"es","@id":"https:\/\/www.coolheadeurope.com\/prodotto\/display\/banchi-esposizione\/wte-100\/#primaryimage","url":"https:\/\/www.coolheadeurope.com\/wp-content\/uploads\/2026\/04\/WTE-100-CORPO_CH_LOW.png","contentUrl":"https:\/\/www.coolheadeurope.com\/wp-content\/uploads\/2026\/04\/WTE-100-CORPO_CH_LOW.png","width":567,"height":567,"caption":"Immagine di WTE 100"},{"@type":"BreadcrumbList","@id":"https:\/\/www.coolheadeurope.com\/prodotto\/display\/banchi-esposizione\/wte-100\/#breadcrumb","itemListElement":[{"@type":"ListItem","position":1,"name":"Home","item":"https:\/\/www.coolheadeurope.com\/es\/"},{"@type":"ListItem","position":2,"name":"Buscar","item":"https:\/\/www.coolheadeurope.com\/es\/buscar\/"},{"@type":"ListItem","position":3,"name":"WTE 100"}]},{"@type":"WebSite","@id":"https:\/\/www.coolheadeurope.com\/#website","url":"https:\/\/www.coolheadeurope.com\/","name":"Cool Head Europe","description":"We make the world a cooler place","potentialAction":[{"@type":"SearchAction","target":{"@type":"EntryPoint","urlTemplate":"https:\/\/www.coolheadeurope.com\/?s={search_term_string}"},"query-input":{"@type":"PropertyValueSpecification","valueRequired":true,"valueName":"search_term_string"}}],"inLanguage":"es"}]}},"_links":{"self":[{"href":"https:\/\/www.coolheadeurope.com\/es\/wp-json\/wp\/v2\/product\/3398173","targetHints":{"allow":["GET"]}}],"collection":[{"href":"https:\/\/www.coolheadeurope.com\/es\/wp-json\/wp\/v2\/product"}],"about":[{"href":"https:\/\/www.coolheadeurope.com\/es\/wp-json\/wp\/v2\/types\/product"}],"wp:featuredmedia":[{"embeddable":true,"href":"https:\/\/www.coolheadeurope.com\/es\/wp-json\/wp\/v2\/media\/3881664"}],"wp:attachment":[{"href":"https:\/\/www.coolheadeurope.com\/es\/wp-json\/wp\/v2\/media?parent=3398173"}],"wp:term":[{"taxonomy":"product_brand","embeddable":true,"href":"https:\/\/www.coolheadeurope.com\/es\/wp-json\/wp\/v2\/product_brand?post=3398173"},{"taxonomy":"product_cat","embeddable":true,"href":"https:\/\/www.coolheadeurope.com\/es\/wp-json\/wp\/v2\/product_cat?post=3398173"},{"taxonomy":"product_tag","embeddable":true,"href":"https:\/\/www.coolheadeurope.com\/es\/wp-json\/wp\/v2\/product_tag?post=3398173"}],"curies":[{"name":"wp","href":"https:\/\/api.w.org\/{rel}","templated":true}]}}