{"id":3398181,"date":"2025-03-22T13:59:51","date_gmt":"2025-03-22T13:59:51","guid":{"rendered":"https:\/\/www.coolheadeurope.com\/prodotto\/sin%20categor\u00eda\/wkr-150\/"},"modified":"2026-02-08T04:29:35","modified_gmt":"2026-02-08T04:29:35","slug":"wkr-150","status":"publish","type":"product","link":"https:\/\/www.coolheadeurope.com\/es\/prodotto\/expositores\/expositores-refrigerados\/wkr-150\/","title":{"rendered":"WKR 150"},"content":{"rendered":"<p>Vitrina para servir<br \/>\nRefrigeraci\u00f3n ventilada<br \/>\nEvaporador con tratamiento anticorrosi\u00f3n<br \/>\nDescongelamiento autom\u00e1tico tras parada del compresor<br \/>\nTermostato digital con alarma de \u00abapertura de la puerta\u00bb y \u00abtemperatura alta\u00bb<br \/>\nVidrios Thermopane con serigraf\u00eda negra<br \/>\nPuertas deslizantes traseras de cristal Thermopane<br \/>\nEstantes de cristal ajustables (Pzs. N.3)<br \/>\nLED luz interior (con interruptor independiente)<br \/>\nTanque aislado con espumado a base de agua<br \/>\n4 pies ajustables<br \/>\nClase de energ\u00eda: C<\/p>\n","protected":false},"excerpt":{"rendered":"<p>El WKR 150 es una vitrina plana refrigerada ideal para caf\u00e9s y cafeter\u00edas, perfecta para la exposici\u00f3n de pasteles, refrescos o alimentos envasados.<br \/>\nEste modelo ha sido equipado con 3 estantes de cristal e iluminaci\u00f3n LED para ofrecer una excelente exposici\u00f3n, y puertas deslizantes en la parte trasera para facilitar la carga y el servicio durante las operaciones diarias.<\/p>\n","protected":false},"featured_media":3880545,"template":"","meta":[],"product_brand":[],"product_cat":[7775,7779],"product_tag":[],"class_list":{"0":"post-3398181","1":"product","2":"type-product","3":"status-publish","4":"has-post-thumbnail","6":"product_cat-expositores","7":"product_cat-expositores-refrigerados","8":"pa_capacite-commerciale-443-l","9":"pa_consommation-denergie-11-54-kw-24h","10":"pa_hauteur-exterieure-1380-mm","11":"pa_hauteur-interieure-790-mm","12":"pa_largeur-exterieure-1500-mm","13":"pa_largeur-interne-1400-mm","14":"pa_niveau-sonore-64-dba","15":"pa_poids-brut-336-kg","16":"pa_poids-net-295-kg","17":"pa_profondeur-externe-780-mm","18":"pa_profondeur-interne-600-mm","19":"pa_puissance-373-w","21":"first","22":"instock","23":"product-type-simple"},"acf":[],"yoast_head":"<!-- This site is optimized with the Yoast SEO plugin v27.2 - https:\/\/yoast.com\/product\/yoast-seo-wordpress\/ -->\n<title>WKR 150 - Cool Head Europe<\/title>\n<meta name=\"robots\" content=\"index, follow, max-snippet:-1, max-image-preview:large, max-video-preview:-1\" \/>\n<link rel=\"canonical\" href=\"https:\/\/www.coolheadeurope.com\/es\/prodotto\/expositores\/expositores-refrigerados\/wkr-150\/\" \/>\n<meta property=\"og:locale\" content=\"es_ES\" \/>\n<meta property=\"og:type\" content=\"article\" \/>\n<meta property=\"og:title\" content=\"WKR 150 - Cool Head Europe\" \/>\n<meta property=\"og:description\" content=\"El WKR 150 es una vitrina plana refrigerada ideal para caf\u00e9s y cafeter\u00edas, perfecta para la exposici\u00f3n de pasteles, refrescos o alimentos envasados. Este modelo ha sido equipado con 3 estantes de cristal e iluminaci\u00f3n LED para ofrecer una excelente exposici\u00f3n, y puertas deslizantes en la parte trasera para facilitar la carga y el servicio durante las operaciones diarias.\" \/>\n<meta property=\"og:url\" content=\"https:\/\/www.coolheadeurope.com\/es\/prodotto\/expositores\/expositores-refrigerados\/wkr-150\/\" \/>\n<meta property=\"og:site_name\" content=\"Cool Head Europe\" \/>\n<meta property=\"article:modified_time\" content=\"2026-02-08T04:29:35+00:00\" \/>\n<meta property=\"og:image\" content=\"https:\/\/www.coolheadeurope.com\/wp-content\/uploads\/2026\/04\/WKR-150-CORPO_CH_LOW-16.png\" \/>\n\t<meta property=\"og:image:width\" content=\"567\" \/>\n\t<meta property=\"og:image:height\" content=\"567\" \/>\n\t<meta property=\"og:image:type\" content=\"image\/png\" \/>\n<meta name=\"twitter:card\" content=\"summary_large_image\" \/>\n<!-- \/ Yoast SEO plugin. -->","yoast_head_json":{"title":"WKR 150 - Cool Head Europe","robots":{"index":"index","follow":"follow","max-snippet":"max-snippet:-1","max-image-preview":"max-image-preview:large","max-video-preview":"max-video-preview:-1"},"canonical":"https:\/\/www.coolheadeurope.com\/es\/prodotto\/expositores\/expositores-refrigerados\/wkr-150\/","og_locale":"es_ES","og_type":"article","og_title":"WKR 150 - Cool Head Europe","og_description":"El WKR 150 es una vitrina plana refrigerada ideal para caf\u00e9s y cafeter\u00edas, perfecta para la exposici\u00f3n de pasteles, refrescos o alimentos envasados. Este modelo ha sido equipado con 3 estantes de cristal e iluminaci\u00f3n LED para ofrecer una excelente exposici\u00f3n, y puertas deslizantes en la parte trasera para facilitar la carga y el servicio durante las operaciones diarias.","og_url":"https:\/\/www.coolheadeurope.com\/es\/prodotto\/expositores\/expositores-refrigerados\/wkr-150\/","og_site_name":"Cool Head Europe","article_modified_time":"2026-02-08T04:29:35+00:00","og_image":[{"width":567,"height":567,"url":"https:\/\/www.coolheadeurope.com\/wp-content\/uploads\/2026\/04\/WKR-150-CORPO_CH_LOW-16.png","type":"image\/png"}],"twitter_card":"summary_large_image","schema":{"@context":"https:\/\/schema.org","@graph":[{"@type":"WebPage","@id":"https:\/\/www.coolheadeurope.com\/es\/prodotto\/expositores\/expositores-refrigerados\/wkr-150\/","url":"https:\/\/www.coolheadeurope.com\/es\/prodotto\/expositores\/expositores-refrigerados\/wkr-150\/","name":"WKR 150 - Cool Head Europe","isPartOf":{"@id":"https:\/\/www.coolheadeurope.com\/#website"},"primaryImageOfPage":{"@id":"https:\/\/www.coolheadeurope.com\/es\/prodotto\/expositores\/expositores-refrigerados\/wkr-150\/#primaryimage"},"image":{"@id":"https:\/\/www.coolheadeurope.com\/es\/prodotto\/expositores\/expositores-refrigerados\/wkr-150\/#primaryimage"},"thumbnailUrl":"https:\/\/www.coolheadeurope.com\/wp-content\/uploads\/2026\/04\/WKR-150-CORPO_CH_LOW-22.png","datePublished":"2025-03-22T13:59:51+00:00","dateModified":"2026-02-08T04:29:35+00:00","breadcrumb":{"@id":"https:\/\/www.coolheadeurope.com\/es\/prodotto\/expositores\/expositores-refrigerados\/wkr-150\/#breadcrumb"},"inLanguage":"es","potentialAction":[{"@type":"ReadAction","target":["https:\/\/www.coolheadeurope.com\/es\/prodotto\/expositores\/expositores-refrigerados\/wkr-150\/"]}]},{"@type":"ImageObject","inLanguage":"es","@id":"https:\/\/www.coolheadeurope.com\/es\/prodotto\/expositores\/expositores-refrigerados\/wkr-150\/#primaryimage","url":"https:\/\/www.coolheadeurope.com\/wp-content\/uploads\/2026\/04\/WKR-150-CORPO_CH_LOW-22.png","contentUrl":"https:\/\/www.coolheadeurope.com\/wp-content\/uploads\/2026\/04\/WKR-150-CORPO_CH_LOW-22.png","width":567,"height":567,"caption":"Immagine di WKR 150"},{"@type":"BreadcrumbList","@id":"https:\/\/www.coolheadeurope.com\/es\/prodotto\/expositores\/expositores-refrigerados\/wkr-150\/#breadcrumb","itemListElement":[{"@type":"ListItem","position":1,"name":"Home","item":"https:\/\/www.coolheadeurope.com\/es\/"},{"@type":"ListItem","position":2,"name":"Buscar","item":"https:\/\/www.coolheadeurope.com\/es\/buscar\/"},{"@type":"ListItem","position":3,"name":"WKR 150"}]},{"@type":"WebSite","@id":"https:\/\/www.coolheadeurope.com\/#website","url":"https:\/\/www.coolheadeurope.com\/","name":"Cool Head Europe","description":"We make the world a cooler place","potentialAction":[{"@type":"SearchAction","target":{"@type":"EntryPoint","urlTemplate":"https:\/\/www.coolheadeurope.com\/?s={search_term_string}"},"query-input":{"@type":"PropertyValueSpecification","valueRequired":true,"valueName":"search_term_string"}}],"inLanguage":"es"}]}},"_links":{"self":[{"href":"https:\/\/www.coolheadeurope.com\/es\/wp-json\/wp\/v2\/product\/3398181","targetHints":{"allow":["GET"]}}],"collection":[{"href":"https:\/\/www.coolheadeurope.com\/es\/wp-json\/wp\/v2\/product"}],"about":[{"href":"https:\/\/www.coolheadeurope.com\/es\/wp-json\/wp\/v2\/types\/product"}],"wp:featuredmedia":[{"embeddable":true,"href":"https:\/\/www.coolheadeurope.com\/es\/wp-json\/wp\/v2\/media\/3880545"}],"wp:attachment":[{"href":"https:\/\/www.coolheadeurope.com\/es\/wp-json\/wp\/v2\/media?parent=3398181"}],"wp:term":[{"taxonomy":"product_brand","embeddable":true,"href":"https:\/\/www.coolheadeurope.com\/es\/wp-json\/wp\/v2\/product_brand?post=3398181"},{"taxonomy":"product_cat","embeddable":true,"href":"https:\/\/www.coolheadeurope.com\/es\/wp-json\/wp\/v2\/product_cat?post=3398181"},{"taxonomy":"product_tag","embeddable":true,"href":"https:\/\/www.coolheadeurope.com\/es\/wp-json\/wp\/v2\/product_tag?post=3398181"}],"curies":[{"name":"wp","href":"https:\/\/api.w.org\/{rel}","templated":true}]}}