{"id":3398186,"date":"2025-03-22T14:08:19","date_gmt":"2025-03-22T14:08:19","guid":{"rendered":"https:\/\/www.coolheadeurope.com\/prodotto\/sin%20categor\u00eda\/mc-180\/"},"modified":"2026-05-09T18:47:15","modified_gmt":"2026-05-09T18:47:15","slug":"mc-180","status":"publish","type":"product","link":"https:\/\/www.coolheadeurope.com\/es\/prodotto\/expositores\/murales-refrigerados\/mc-180\/","title":{"rendered":"MC 180"},"content":{"rendered":"<p>Exhibici\u00f3n mural sin puertas (Ancho: 1856mm)<br \/>\nArmario de acero pintado en blanco tanto en el interior como en el exterior<br \/>\nRefrigeraci\u00f3n ventilada<br \/>\nDescongelamiento autom\u00e1tico tras parada del compresor<br \/>\nControl de pantalla digital con interruptor ON-OFF incorporado<br \/>\nLED luz interior (con interruptor independiente)<br \/>\nLuces LED en el estante<br \/>\nEstantes de vidrio ajustables (N.2 piezas)<br \/>\nExtremos panor\u00e1micos que proporcionan la m\u00e1xima visibilidad de la mercanc\u00eda<br \/>\nPersiana nocturna para una conservaci\u00f3n \u00f3ptima de la energ\u00eda durante la noche (Tejido &#8211; Color gris)<br \/>\nPanel frontal blanco y parachoques gris antracita<br \/>\n4 pies ajustables<br \/>\nClase de energ\u00eda: D<br \/>\nExtremos ciegos (Opcional)<br \/>\nDisponible en dos profundidades: EST\u00c1NDAR o SLIM<\/p>\n","protected":false},"excerpt":{"rendered":"<p>La combinaci\u00f3n perfecta de flexibilidad est\u00e9tica y bajo consumo. El MC 180, con una anchura de 1856 mm, representa una soluci\u00f3n fiable para los minoristas de alimentaci\u00f3n\/bebidas. Altamente personalizable tanto en materiales como en colores, es la vitrina ideal para exponer productos l\u00e1cteos, bebidas o carne empacada. Equipado con luces LED bajo cada estante de cristal ajustable, laterales panor\u00e1micos de doble capa templada, el modelo MC 180 est\u00e1 espec\u00edficamente dise\u00f1ado para la exposici\u00f3n de cualquier tipo de alimento que merezca un lugar destacado en su mostrador, tambi\u00e9n viene en gas ecol\u00f3gico R290 para garantizar un \u00f3ptimo ahorro de energ\u00eda y rendimiento.<\/p>\n","protected":false},"featured_media":3925982,"template":"","meta":[],"product_brand":[],"product_cat":[7775,7780],"product_tag":[],"class_list":{"0":"post-3398186","1":"product","2":"type-product","3":"status-publish","4":"has-post-thumbnail","6":"product_cat-expositores","7":"product_cat-murales-refrigerados","8":"pa_capacite-commerciale-530-l","9":"pa_consommation-denergie-12-3-kw-24h","10":"pa_hauteur-exterieure-1406-mm","11":"pa_hauteur-interieure-760-mm","12":"pa_largeur-exterieure-1852-mm","13":"pa_largeur-interne-1792-mm","14":"pa_niveau-sonore-70-dba","15":"pa_poids-brut-190-kg","16":"pa_poids-net-140-kg","17":"pa_profondeur-externe-622-mm","18":"pa_profondeur-interne-335-mm","19":"pa_puissance-1533-w","21":"first","22":"instock","23":"product-type-simple"},"acf":[],"yoast_head":"<!-- This site is optimized with the Yoast SEO plugin v27.2 - https:\/\/yoast.com\/product\/yoast-seo-wordpress\/ -->\n<title>MC 180 - Cool Head Europe<\/title>\n<meta name=\"robots\" content=\"index, follow, max-snippet:-1, max-image-preview:large, max-video-preview:-1\" \/>\n<link rel=\"canonical\" href=\"https:\/\/www.coolheadeurope.com\/es\/prodotto\/expositores\/murales-refrigerados\/mc-180\/\" \/>\n<meta property=\"og:locale\" content=\"es_ES\" \/>\n<meta property=\"og:type\" content=\"article\" \/>\n<meta property=\"og:title\" content=\"MC 180 - Cool Head Europe\" \/>\n<meta property=\"og:description\" content=\"La combinaci\u00f3n perfecta de flexibilidad est\u00e9tica y bajo consumo. El MC 180, con una anchura de 1856 mm, representa una soluci\u00f3n fiable para los minoristas de alimentaci\u00f3n\/bebidas. Altamente personalizable tanto en materiales como en colores, es la vitrina ideal para exponer productos l\u00e1cteos, bebidas o carne empacada. Equipado con luces LED bajo cada estante de cristal ajustable, laterales panor\u00e1micos de doble capa templada, el modelo MC 180 est\u00e1 espec\u00edficamente dise\u00f1ado para la exposici\u00f3n de cualquier tipo de alimento que merezca un lugar destacado en su mostrador, tambi\u00e9n viene en gas ecol\u00f3gico R290 para garantizar un \u00f3ptimo ahorro de energ\u00eda y rendimiento.\" \/>\n<meta property=\"og:url\" content=\"https:\/\/www.coolheadeurope.com\/es\/prodotto\/expositores\/murales-refrigerados\/mc-180\/\" \/>\n<meta property=\"og:site_name\" content=\"Cool Head Europe\" \/>\n<meta property=\"article:modified_time\" content=\"2026-05-09T18:47:15+00:00\" \/>\n<meta property=\"og:image\" content=\"https:\/\/www.coolheadeurope.com\/wp-content\/uploads\/2026\/04\/MC-180-CORPO_CH_LOW.png\" \/>\n\t<meta property=\"og:image:width\" content=\"418\" \/>\n\t<meta property=\"og:image:height\" content=\"567\" \/>\n\t<meta property=\"og:image:type\" content=\"image\/png\" \/>\n<meta name=\"twitter:card\" content=\"summary_large_image\" \/>\n<meta name=\"twitter:label1\" content=\"Tiempo de lectura\" \/>\n\t<meta name=\"twitter:data1\" content=\"1 minuto\" \/>\n<!-- \/ Yoast SEO plugin. -->","yoast_head_json":{"title":"MC 180 - Cool Head Europe","robots":{"index":"index","follow":"follow","max-snippet":"max-snippet:-1","max-image-preview":"max-image-preview:large","max-video-preview":"max-video-preview:-1"},"canonical":"https:\/\/www.coolheadeurope.com\/es\/prodotto\/expositores\/murales-refrigerados\/mc-180\/","og_locale":"es_ES","og_type":"article","og_title":"MC 180 - Cool Head Europe","og_description":"La combinaci\u00f3n perfecta de flexibilidad est\u00e9tica y bajo consumo. El MC 180, con una anchura de 1856 mm, representa una soluci\u00f3n fiable para los minoristas de alimentaci\u00f3n\/bebidas. Altamente personalizable tanto en materiales como en colores, es la vitrina ideal para exponer productos l\u00e1cteos, bebidas o carne empacada. Equipado con luces LED bajo cada estante de cristal ajustable, laterales panor\u00e1micos de doble capa templada, el modelo MC 180 est\u00e1 espec\u00edficamente dise\u00f1ado para la exposici\u00f3n de cualquier tipo de alimento que merezca un lugar destacado en su mostrador, tambi\u00e9n viene en gas ecol\u00f3gico R290 para garantizar un \u00f3ptimo ahorro de energ\u00eda y rendimiento.","og_url":"https:\/\/www.coolheadeurope.com\/es\/prodotto\/expositores\/murales-refrigerados\/mc-180\/","og_site_name":"Cool Head Europe","article_modified_time":"2026-05-09T18:47:15+00:00","og_image":[{"width":418,"height":567,"url":"https:\/\/www.coolheadeurope.com\/wp-content\/uploads\/2026\/04\/MC-180-CORPO_CH_LOW.png","type":"image\/png"}],"twitter_card":"summary_large_image","twitter_misc":{"Tiempo de lectura":"1 minuto"},"schema":{"@context":"https:\/\/schema.org","@graph":[{"@type":"WebPage","@id":"https:\/\/www.coolheadeurope.com\/es\/prodotto\/expositores\/murales-refrigerados\/mc-180\/","url":"https:\/\/www.coolheadeurope.com\/es\/prodotto\/expositores\/murales-refrigerados\/mc-180\/","name":"MC 180 - Cool Head Europe","isPartOf":{"@id":"https:\/\/www.coolheadeurope.com\/#website"},"primaryImageOfPage":{"@id":"https:\/\/www.coolheadeurope.com\/es\/prodotto\/expositores\/murales-refrigerados\/mc-180\/#primaryimage"},"image":{"@id":"https:\/\/www.coolheadeurope.com\/es\/prodotto\/expositores\/murales-refrigerados\/mc-180\/#primaryimage"},"thumbnailUrl":"https:\/\/www.coolheadeurope.com\/wp-content\/uploads\/2026\/05\/MC-180-CORPO_CH_LOW.png","datePublished":"2025-03-22T14:08:19+00:00","dateModified":"2026-05-09T18:47:15+00:00","breadcrumb":{"@id":"https:\/\/www.coolheadeurope.com\/es\/prodotto\/expositores\/murales-refrigerados\/mc-180\/#breadcrumb"},"inLanguage":"es","potentialAction":[{"@type":"ReadAction","target":["https:\/\/www.coolheadeurope.com\/es\/prodotto\/expositores\/murales-refrigerados\/mc-180\/"]}]},{"@type":"ImageObject","inLanguage":"es","@id":"https:\/\/www.coolheadeurope.com\/es\/prodotto\/expositores\/murales-refrigerados\/mc-180\/#primaryimage","url":"https:\/\/www.coolheadeurope.com\/wp-content\/uploads\/2026\/05\/MC-180-CORPO_CH_LOW.png","contentUrl":"https:\/\/www.coolheadeurope.com\/wp-content\/uploads\/2026\/05\/MC-180-CORPO_CH_LOW.png","width":418,"height":567,"caption":"Immagine di MC 180"},{"@type":"BreadcrumbList","@id":"https:\/\/www.coolheadeurope.com\/es\/prodotto\/expositores\/murales-refrigerados\/mc-180\/#breadcrumb","itemListElement":[{"@type":"ListItem","position":1,"name":"Home","item":"https:\/\/www.coolheadeurope.com\/es\/"},{"@type":"ListItem","position":2,"name":"Buscar","item":"https:\/\/www.coolheadeurope.com\/es\/buscar\/"},{"@type":"ListItem","position":3,"name":"MC 180"}]},{"@type":"WebSite","@id":"https:\/\/www.coolheadeurope.com\/#website","url":"https:\/\/www.coolheadeurope.com\/","name":"Cool Head Europe","description":"We make the world a cooler place","potentialAction":[{"@type":"SearchAction","target":{"@type":"EntryPoint","urlTemplate":"https:\/\/www.coolheadeurope.com\/?s={search_term_string}"},"query-input":{"@type":"PropertyValueSpecification","valueRequired":true,"valueName":"search_term_string"}}],"inLanguage":"es"}]}},"_links":{"self":[{"href":"https:\/\/www.coolheadeurope.com\/es\/wp-json\/wp\/v2\/product\/3398186","targetHints":{"allow":["GET"]}}],"collection":[{"href":"https:\/\/www.coolheadeurope.com\/es\/wp-json\/wp\/v2\/product"}],"about":[{"href":"https:\/\/www.coolheadeurope.com\/es\/wp-json\/wp\/v2\/types\/product"}],"wp:featuredmedia":[{"embeddable":true,"href":"https:\/\/www.coolheadeurope.com\/es\/wp-json\/wp\/v2\/media\/3925982"}],"wp:attachment":[{"href":"https:\/\/www.coolheadeurope.com\/es\/wp-json\/wp\/v2\/media?parent=3398186"}],"wp:term":[{"taxonomy":"product_brand","embeddable":true,"href":"https:\/\/www.coolheadeurope.com\/es\/wp-json\/wp\/v2\/product_brand?post=3398186"},{"taxonomy":"product_cat","embeddable":true,"href":"https:\/\/www.coolheadeurope.com\/es\/wp-json\/wp\/v2\/product_cat?post=3398186"},{"taxonomy":"product_tag","embeddable":true,"href":"https:\/\/www.coolheadeurope.com\/es\/wp-json\/wp\/v2\/product_tag?post=3398186"}],"curies":[{"name":"wp","href":"https:\/\/api.w.org\/{rel}","templated":true}]}}