{"id":3398188,"date":"2025-03-22T14:11:33","date_gmt":"2025-03-22T14:11:33","guid":{"rendered":"https:\/\/www.coolheadeurope.com\/prodotto\/sin%20categor\u00eda\/rg-1200\/"},"modified":"2026-02-08T04:29:41","modified_gmt":"2026-02-08T04:29:41","slug":"rg-1200","status":"publish","type":"product","link":"https:\/\/www.coolheadeurope.com\/es\/prodotto\/expositores\/mostradores-refrigerados\/rg-1200\/","title":{"rendered":"RG 1200"},"content":{"rendered":"<p>Vitrina de mostrador Refrigerada Horizontal<br \/>\nCristal cuadrado con marco negro y base de acero inoxidable<br \/>\nRefrigeraci\u00f3n ventilada<br \/>\nEvaporador con tratamiento anticorrosi\u00f3n<br \/>\nDescongelamiento autom\u00e1tico tras parada del compresor<br \/>\nControl con pantalla digital<br \/>\nLuz LED interior<br \/>\nDoble cristal templado de seguridad con baja emisi\u00f3n (cristales de baja emisividad)<br \/>\nPuertas traseras correderas<br \/>\nGu\u00eda de deslizamiento calefactada de las puertas<br \/>\nEstantes de vidrio ajustables (N.2 piezas)<br \/>\nN. 4 pies ajustables<br \/>\nClase de energ\u00eda: C<\/p>\n","protected":false},"excerpt":{"rendered":"<p>Vitrina de mostrador con cristal plano y acabado en acero con recubrimiento de polvo negro para el marco y la base, equipada con luces LED para cada esquina, cristal templado anti-condensaci\u00f3n de doble capa con baja emisi\u00f3n, puertas correderas traseras y dos estantes de cristal ajustables. El modelo RG 1200 est\u00e1 espec\u00edficamente dise\u00f1ado para la exposici\u00f3n de cualquier tipo de alimento que merezca un lugar destacado en su mostrador, tambi\u00e9n viene en gas ecol\u00f3gico R290 para garantizar un \u00f3ptimo ahorro de energ\u00eda y rendimiento.<\/p>\n","protected":false},"featured_media":3881708,"template":"","meta":[],"product_brand":[],"product_cat":[7775,7778],"product_tag":[],"class_list":{"0":"post-3398188","1":"product","2":"type-product","3":"status-publish","4":"has-post-thumbnail","6":"product_cat-expositores","7":"product_cat-mostradores-refrigerados","8":"pa_capacite-commerciale-280-l","9":"pa_consommation-denergie-8-1-kw-24h","10":"pa_hauteur-exterieure-731-mm","11":"pa_hauteur-interieure-409-mm","12":"pa_largeur-exterieure-1192-mm","13":"pa_largeur-interne-1150-mm","14":"pa_niveau-sonore-50-dba","15":"pa_poids-brut-148-00-kg","16":"pa_poids-net-120-00-kg","17":"pa_profondeur-externe-676-mm","18":"pa_profondeur-interne-613-mm","19":"pa_puissance-500-w","21":"first","22":"instock","23":"product-type-simple"},"acf":[],"yoast_head":"<!-- This site is optimized with the Yoast SEO plugin v27.2 - https:\/\/yoast.com\/product\/yoast-seo-wordpress\/ -->\n<title>RG 1200 - Cool Head Europe<\/title>\n<meta name=\"robots\" content=\"index, follow, max-snippet:-1, max-image-preview:large, max-video-preview:-1\" \/>\n<link rel=\"canonical\" href=\"https:\/\/www.coolheadeurope.com\/es\/prodotto\/expositores\/mostradores-refrigerados\/rg-1200\/\" \/>\n<meta property=\"og:locale\" content=\"es_ES\" \/>\n<meta property=\"og:type\" content=\"article\" \/>\n<meta property=\"og:title\" content=\"RG 1200 - Cool Head Europe\" \/>\n<meta property=\"og:description\" content=\"Vitrina de mostrador con cristal plano y acabado en acero con recubrimiento de polvo negro para el marco y la base, equipada con luces LED para cada esquina, cristal templado anti-condensaci\u00f3n de doble capa con baja emisi\u00f3n, puertas correderas traseras y dos estantes de cristal ajustables. El modelo RG 1200 est\u00e1 espec\u00edficamente dise\u00f1ado para la exposici\u00f3n de cualquier tipo de alimento que merezca un lugar destacado en su mostrador, tambi\u00e9n viene en gas ecol\u00f3gico R290 para garantizar un \u00f3ptimo ahorro de energ\u00eda y rendimiento.\" \/>\n<meta property=\"og:url\" content=\"https:\/\/www.coolheadeurope.com\/es\/prodotto\/expositores\/mostradores-refrigerados\/rg-1200\/\" \/>\n<meta property=\"og:site_name\" content=\"Cool Head Europe\" \/>\n<meta property=\"article:modified_time\" content=\"2026-02-08T04:29:41+00:00\" \/>\n<meta property=\"og:image\" content=\"https:\/\/www.coolheadeurope.com\/wp-content\/uploads\/2026\/04\/RG-1200-CORPO_CH_LOW-20.png\" \/>\n\t<meta property=\"og:image:width\" content=\"567\" \/>\n\t<meta property=\"og:image:height\" content=\"386\" \/>\n\t<meta property=\"og:image:type\" content=\"image\/png\" \/>\n<meta name=\"twitter:card\" content=\"summary_large_image\" \/>\n<!-- \/ Yoast SEO plugin. -->","yoast_head_json":{"title":"RG 1200 - Cool Head Europe","robots":{"index":"index","follow":"follow","max-snippet":"max-snippet:-1","max-image-preview":"max-image-preview:large","max-video-preview":"max-video-preview:-1"},"canonical":"https:\/\/www.coolheadeurope.com\/es\/prodotto\/expositores\/mostradores-refrigerados\/rg-1200\/","og_locale":"es_ES","og_type":"article","og_title":"RG 1200 - Cool Head Europe","og_description":"Vitrina de mostrador con cristal plano y acabado en acero con recubrimiento de polvo negro para el marco y la base, equipada con luces LED para cada esquina, cristal templado anti-condensaci\u00f3n de doble capa con baja emisi\u00f3n, puertas correderas traseras y dos estantes de cristal ajustables. El modelo RG 1200 est\u00e1 espec\u00edficamente dise\u00f1ado para la exposici\u00f3n de cualquier tipo de alimento que merezca un lugar destacado en su mostrador, tambi\u00e9n viene en gas ecol\u00f3gico R290 para garantizar un \u00f3ptimo ahorro de energ\u00eda y rendimiento.","og_url":"https:\/\/www.coolheadeurope.com\/es\/prodotto\/expositores\/mostradores-refrigerados\/rg-1200\/","og_site_name":"Cool Head Europe","article_modified_time":"2026-02-08T04:29:41+00:00","og_image":[{"width":567,"height":386,"url":"https:\/\/www.coolheadeurope.com\/wp-content\/uploads\/2026\/04\/RG-1200-CORPO_CH_LOW-20.png","type":"image\/png"}],"twitter_card":"summary_large_image","schema":{"@context":"https:\/\/schema.org","@graph":[{"@type":"WebPage","@id":"https:\/\/www.coolheadeurope.com\/es\/prodotto\/expositores\/mostradores-refrigerados\/rg-1200\/","url":"https:\/\/www.coolheadeurope.com\/es\/prodotto\/expositores\/mostradores-refrigerados\/rg-1200\/","name":"RG 1200 - Cool Head Europe","isPartOf":{"@id":"https:\/\/www.coolheadeurope.com\/#website"},"primaryImageOfPage":{"@id":"https:\/\/www.coolheadeurope.com\/es\/prodotto\/expositores\/mostradores-refrigerados\/rg-1200\/#primaryimage"},"image":{"@id":"https:\/\/www.coolheadeurope.com\/es\/prodotto\/expositores\/mostradores-refrigerados\/rg-1200\/#primaryimage"},"thumbnailUrl":"https:\/\/www.coolheadeurope.com\/wp-content\/uploads\/2026\/04\/RG-1200-CORPO_CH_LOW.png","datePublished":"2025-03-22T14:11:33+00:00","dateModified":"2026-02-08T04:29:41+00:00","breadcrumb":{"@id":"https:\/\/www.coolheadeurope.com\/es\/prodotto\/expositores\/mostradores-refrigerados\/rg-1200\/#breadcrumb"},"inLanguage":"es","potentialAction":[{"@type":"ReadAction","target":["https:\/\/www.coolheadeurope.com\/es\/prodotto\/expositores\/mostradores-refrigerados\/rg-1200\/"]}]},{"@type":"ImageObject","inLanguage":"es","@id":"https:\/\/www.coolheadeurope.com\/es\/prodotto\/expositores\/mostradores-refrigerados\/rg-1200\/#primaryimage","url":"https:\/\/www.coolheadeurope.com\/wp-content\/uploads\/2026\/04\/RG-1200-CORPO_CH_LOW.png","contentUrl":"https:\/\/www.coolheadeurope.com\/wp-content\/uploads\/2026\/04\/RG-1200-CORPO_CH_LOW.png","width":567,"height":386,"caption":"Immagine di RG 1200"},{"@type":"BreadcrumbList","@id":"https:\/\/www.coolheadeurope.com\/es\/prodotto\/expositores\/mostradores-refrigerados\/rg-1200\/#breadcrumb","itemListElement":[{"@type":"ListItem","position":1,"name":"Home","item":"https:\/\/www.coolheadeurope.com\/es\/"},{"@type":"ListItem","position":2,"name":"Buscar","item":"https:\/\/www.coolheadeurope.com\/es\/buscar\/"},{"@type":"ListItem","position":3,"name":"RG 1200"}]},{"@type":"WebSite","@id":"https:\/\/www.coolheadeurope.com\/#website","url":"https:\/\/www.coolheadeurope.com\/","name":"Cool Head Europe","description":"We make the world a cooler place","potentialAction":[{"@type":"SearchAction","target":{"@type":"EntryPoint","urlTemplate":"https:\/\/www.coolheadeurope.com\/?s={search_term_string}"},"query-input":{"@type":"PropertyValueSpecification","valueRequired":true,"valueName":"search_term_string"}}],"inLanguage":"es"}]}},"_links":{"self":[{"href":"https:\/\/www.coolheadeurope.com\/es\/wp-json\/wp\/v2\/product\/3398188","targetHints":{"allow":["GET"]}}],"collection":[{"href":"https:\/\/www.coolheadeurope.com\/es\/wp-json\/wp\/v2\/product"}],"about":[{"href":"https:\/\/www.coolheadeurope.com\/es\/wp-json\/wp\/v2\/types\/product"}],"wp:featuredmedia":[{"embeddable":true,"href":"https:\/\/www.coolheadeurope.com\/es\/wp-json\/wp\/v2\/media\/3881708"}],"wp:attachment":[{"href":"https:\/\/www.coolheadeurope.com\/es\/wp-json\/wp\/v2\/media?parent=3398188"}],"wp:term":[{"taxonomy":"product_brand","embeddable":true,"href":"https:\/\/www.coolheadeurope.com\/es\/wp-json\/wp\/v2\/product_brand?post=3398188"},{"taxonomy":"product_cat","embeddable":true,"href":"https:\/\/www.coolheadeurope.com\/es\/wp-json\/wp\/v2\/product_cat?post=3398188"},{"taxonomy":"product_tag","embeddable":true,"href":"https:\/\/www.coolheadeurope.com\/es\/wp-json\/wp\/v2\/product_tag?post=3398188"}],"curies":[{"name":"wp","href":"https:\/\/api.w.org\/{rel}","templated":true}]}}