{"id":3515761,"date":"2025-04-24T08:31:24","date_gmt":"2025-04-24T08:31:24","guid":{"rendered":"https:\/\/www.coolheadeurope.com\/prodotto\/sin%20categor\u00eda\/bb-93\/"},"modified":"2026-04-04T21:16:01","modified_gmt":"2026-04-04T21:16:01","slug":"bb-93","status":"publish","type":"product","link":"https:\/\/www.coolheadeurope.com\/es\/prodotto\/inox-es\/saladette-es\/bb-93\/","title":{"rendered":"BB 93"},"content":{"rendered":"<p>Cuerpo externo e interno en acero inoxidable<br \/>\nRefrigeraci\u00f3n est\u00e1tica con ventilador de asistencia<br \/>\nDescongelamiento autom\u00e1tico tras parada del compresor<br \/>\nEspuma en ciclopentano (35 mm de espesor en cada lado)<br \/>\nTermostato digital<\/p>\n<p>Bandeja de pl\u00e1stico separada para recolecci\u00f3n de agua<br \/>\nPanel frontal con ranuras para una mejor circulaci\u00f3n del aire<\/p>\n<p>Puerta con cierre autom\u00e1tico (Nuevo dise\u00f1o para una mayor estabilidad t\u00e9rmica)<br \/>\nJunta extra\u00edble<br \/>\nN.4 ruedas giratorias con frenos integrados de serie<br \/>\nClase de energ\u00eda: &#8211;<\/p>\n","protected":false},"excerpt":{"rendered":"<p>Cuerpo externo e interno en acero inoxidable Refrigeraci\u00f3n est\u00e1tica con ventilador de asistencia Descongelamiento autom\u00e1tico tras parada del compresor Espuma en ciclopentano (35 mm de espesor en cada lado) Termostato digital Bandeja de pl\u00e1stico separada para recolecci\u00f3n de agua Panel frontal con ranuras para una mejor circulaci\u00f3n del aire Puerta con cierre autom\u00e1tico (Nuevo dise\u00f1o [&hellip;]<\/p>\n","protected":false},"featured_media":3707485,"template":"","meta":[],"product_brand":[],"product_cat":[7757,7762],"product_tag":[],"class_list":{"0":"post-3515761","1":"product","2":"type-product","3":"status-publish","4":"has-post-thumbnail","6":"product_cat-inox-es","7":"product_cat-saladette-es","8":"pa_capacite-commerciale-368-l","9":"pa_consommation-denergie-7-9-kw-24h","10":"pa_hauteur-exterieure-1385-mm","11":"pa_hauteur-interieure-455-mm","12":"pa_largeur-exterieure-1365-mm","13":"pa_largeur-interne-1295-mm","14":"pa_niveau-sonore-52-dba","15":"pa_poids-brut-159-kg","16":"pa_poids-net-140-kg","17":"pa_profondeur-externe-700-mm","18":"pa_profondeur-interne-595-mm","19":"pa_puissance-332-w","21":"first","22":"instock","23":"product-type-simple"},"acf":[],"yoast_head":"<!-- This site is optimized with the Yoast SEO plugin v27.2 - https:\/\/yoast.com\/product\/yoast-seo-wordpress\/ -->\n<title>BB 93 - Cool Head Europe<\/title>\n<meta name=\"robots\" content=\"index, follow, max-snippet:-1, max-image-preview:large, max-video-preview:-1\" \/>\n<link rel=\"canonical\" href=\"https:\/\/www.coolheadeurope.com\/prodotto\/inox\/saladette\/bb-93\/\" \/>\n<meta property=\"og:locale\" content=\"es_ES\" \/>\n<meta property=\"og:type\" content=\"article\" \/>\n<meta property=\"og:title\" content=\"BB 93 - Cool Head Europe\" \/>\n<meta property=\"og:description\" content=\"Cuerpo externo e interno en acero inoxidable Refrigeraci\u00f3n est\u00e1tica con ventilador de asistencia Descongelamiento autom\u00e1tico tras parada del compresor Espuma en ciclopentano (35 mm de espesor en cada lado) Termostato digital Bandeja de pl\u00e1stico separada para recolecci\u00f3n de agua Panel frontal con ranuras para una mejor circulaci\u00f3n del aire Puerta con cierre autom\u00e1tico (Nuevo dise\u00f1o [&hellip;]\" \/>\n<meta property=\"og:url\" content=\"https:\/\/www.coolheadeurope.com\/prodotto\/inox\/saladette\/bb-93\/\" \/>\n<meta property=\"og:site_name\" content=\"Cool Head Europe\" \/>\n<meta property=\"article:modified_time\" content=\"2026-04-04T21:16:01+00:00\" \/>\n<meta property=\"og:image\" content=\"https:\/\/www.coolheadeurope.com\/wp-content\/uploads\/2026\/04\/BB-93-CORPO_CH_LOW-16.png\" \/>\n\t<meta property=\"og:image:width\" content=\"567\" \/>\n\t<meta property=\"og:image:height\" content=\"567\" \/>\n\t<meta property=\"og:image:type\" content=\"image\/png\" \/>\n<meta name=\"twitter:card\" content=\"summary_large_image\" \/>\n<!-- \/ Yoast SEO plugin. -->","yoast_head_json":{"title":"BB 93 - Cool Head Europe","robots":{"index":"index","follow":"follow","max-snippet":"max-snippet:-1","max-image-preview":"max-image-preview:large","max-video-preview":"max-video-preview:-1"},"canonical":"https:\/\/www.coolheadeurope.com\/prodotto\/inox\/saladette\/bb-93\/","og_locale":"es_ES","og_type":"article","og_title":"BB 93 - Cool Head Europe","og_description":"Cuerpo externo e interno en acero inoxidable Refrigeraci\u00f3n est\u00e1tica con ventilador de asistencia Descongelamiento autom\u00e1tico tras parada del compresor Espuma en ciclopentano (35 mm de espesor en cada lado) Termostato digital Bandeja de pl\u00e1stico separada para recolecci\u00f3n de agua Panel frontal con ranuras para una mejor circulaci\u00f3n del aire Puerta con cierre autom\u00e1tico (Nuevo dise\u00f1o [&hellip;]","og_url":"https:\/\/www.coolheadeurope.com\/prodotto\/inox\/saladette\/bb-93\/","og_site_name":"Cool Head Europe","article_modified_time":"2026-04-04T21:16:01+00:00","og_image":[{"width":567,"height":567,"url":"https:\/\/www.coolheadeurope.com\/wp-content\/uploads\/2026\/04\/BB-93-CORPO_CH_LOW-16.png","type":"image\/png"}],"twitter_card":"summary_large_image","schema":{"@context":"https:\/\/schema.org","@graph":[{"@type":"WebPage","@id":"https:\/\/www.coolheadeurope.com\/prodotto\/inox\/saladette\/bb-93\/","url":"https:\/\/www.coolheadeurope.com\/prodotto\/inox\/saladette\/bb-93\/","name":"BB 93 - Cool Head Europe","isPartOf":{"@id":"https:\/\/www.coolheadeurope.com\/#website"},"primaryImageOfPage":{"@id":"https:\/\/www.coolheadeurope.com\/prodotto\/inox\/saladette\/bb-93\/#primaryimage"},"image":{"@id":"https:\/\/www.coolheadeurope.com\/prodotto\/inox\/saladette\/bb-93\/#primaryimage"},"thumbnailUrl":"https:\/\/www.coolheadeurope.com\/wp-content\/uploads\/2026\/04\/BB-93-CORPO_CH_LOW-16.png","datePublished":"2025-04-24T08:31:24+00:00","dateModified":"2026-04-04T21:16:01+00:00","breadcrumb":{"@id":"https:\/\/www.coolheadeurope.com\/prodotto\/inox\/saladette\/bb-93\/#breadcrumb"},"inLanguage":"es","potentialAction":[{"@type":"ReadAction","target":["https:\/\/www.coolheadeurope.com\/prodotto\/inox\/saladette\/bb-93\/"]}]},{"@type":"ImageObject","inLanguage":"es","@id":"https:\/\/www.coolheadeurope.com\/prodotto\/inox\/saladette\/bb-93\/#primaryimage","url":"https:\/\/www.coolheadeurope.com\/wp-content\/uploads\/2026\/04\/BB-93-CORPO_CH_LOW-16.png","contentUrl":"https:\/\/www.coolheadeurope.com\/wp-content\/uploads\/2026\/04\/BB-93-CORPO_CH_LOW-16.png","width":567,"height":567,"caption":"Immagine di BB 93"},{"@type":"BreadcrumbList","@id":"https:\/\/www.coolheadeurope.com\/prodotto\/inox\/saladette\/bb-93\/#breadcrumb","itemListElement":[{"@type":"ListItem","position":1,"name":"Home","item":"https:\/\/www.coolheadeurope.com\/es\/"},{"@type":"ListItem","position":2,"name":"Buscar","item":"https:\/\/www.coolheadeurope.com\/es\/buscar\/"},{"@type":"ListItem","position":3,"name":"BB 93"}]},{"@type":"WebSite","@id":"https:\/\/www.coolheadeurope.com\/#website","url":"https:\/\/www.coolheadeurope.com\/","name":"Cool Head Europe","description":"We make the world a cooler place","potentialAction":[{"@type":"SearchAction","target":{"@type":"EntryPoint","urlTemplate":"https:\/\/www.coolheadeurope.com\/?s={search_term_string}"},"query-input":{"@type":"PropertyValueSpecification","valueRequired":true,"valueName":"search_term_string"}}],"inLanguage":"es"}]}},"_links":{"self":[{"href":"https:\/\/www.coolheadeurope.com\/es\/wp-json\/wp\/v2\/product\/3515761","targetHints":{"allow":["GET"]}}],"collection":[{"href":"https:\/\/www.coolheadeurope.com\/es\/wp-json\/wp\/v2\/product"}],"about":[{"href":"https:\/\/www.coolheadeurope.com\/es\/wp-json\/wp\/v2\/types\/product"}],"wp:featuredmedia":[{"embeddable":true,"href":"https:\/\/www.coolheadeurope.com\/es\/wp-json\/wp\/v2\/media\/3707485"}],"wp:attachment":[{"href":"https:\/\/www.coolheadeurope.com\/es\/wp-json\/wp\/v2\/media?parent=3515761"}],"wp:term":[{"taxonomy":"product_brand","embeddable":true,"href":"https:\/\/www.coolheadeurope.com\/es\/wp-json\/wp\/v2\/product_brand?post=3515761"},{"taxonomy":"product_cat","embeddable":true,"href":"https:\/\/www.coolheadeurope.com\/es\/wp-json\/wp\/v2\/product_cat?post=3515761"},{"taxonomy":"product_tag","embeddable":true,"href":"https:\/\/www.coolheadeurope.com\/es\/wp-json\/wp\/v2\/product_tag?post=3515761"}],"curies":[{"name":"wp","href":"https:\/\/api.w.org\/{rel}","templated":true}]}}