{"id":3515769,"date":"2025-04-24T08:53:21","date_gmt":"2025-04-24T08:53:21","guid":{"rendered":"https:\/\/www.coolheadeurope.com\/prodotto\/sin%20categor\u00eda\/tw-390b\/"},"modified":"2026-05-09T18:26:11","modified_gmt":"2026-05-09T18:26:11","slug":"tw-390b","status":"publish","type":"product","link":"https:\/\/www.coolheadeurope.com\/es\/prodotto\/vino-es\/armarios-verticales-vino\/tw-390b\/","title":{"rendered":"TW 390B"},"content":{"rendered":"<p>Refrigerador de bebida vertical de 350 litros<br \/>\nExterior en chapa pintada de negro, interior en negro termoformado<br \/>\nEvaporador tipo serpent\u00edn con ventilador de asistencia<br \/>\nDescongelamiento autom\u00e1tico tras parada del compresor<br \/>\nEspuma en ciclopentano (45 mm de espesor en cada lado)<br \/>\nTermostato digital<br \/>\nDoble luz interior LED<br \/>\nInterruptor independiente para el control del ventilador interior (ON\/OFF)<br \/>\nPuerta negra \u00absin marco\u00bb con cristal templado de seguridad<br \/>\nPuerta de cierre autom\u00e1tico<br \/>\nTirador a lo largo del perfil de la puerta<br \/>\nCerradura de serie<br \/>\nJunta extra\u00edble<br \/>\nEstantes ajustables: 6 Pcs<br \/>\n2 pies ajustables + 2 ruedas traseras<br \/>\nClase de energ\u00eda: D<\/p>\n","protected":false},"excerpt":{"rendered":"<p>El modelo TW 390B ha sido dise\u00f1ado para ser un enfriador de bebidas vertical fiable y vers\u00e1til, perfecto para mantener a la temperatura adecuada y exponer todo tipo de botellas y latas, y personalizable con mensajes promocionales en el cuerpo. Con una capacidad de 350L, se presenta en color negro para los lados internos y externos, este producto est\u00e1 equipado con una luz LED vertical, term\u00f3metro digital de pantalla, 6 estantes ajustables, puerta de cierre autom\u00e1tico y un cristal templado de seguridad de doble capa plano SIN MARCO.<\/p>\n","protected":false},"featured_media":3932342,"template":"","meta":[],"product_brand":[],"product_cat":[7788,7787],"product_tag":[],"class_list":{"0":"post-3515769","1":"product","2":"type-product","3":"status-publish","4":"has-post-thumbnail","6":"product_cat-armarios-verticales-vino","7":"product_cat-vino-es","8":"pa_capacite-commerciale-350-l","9":"pa_consommation-denergie-1-95-kw-24h","10":"pa_hauteur-exterieure-1840-mm","11":"pa_hauteur-interieure-1555-mm","12":"pa_largeur-exterieure-595-mm","13":"pa_largeur-interne-505-mm","14":"pa_niveau-sonore-51-dba","15":"pa_poids-brut-84-kg","16":"pa_poids-net-70-kg","17":"pa_profondeur-externe-600-mm","18":"pa_profondeur-interne-462-mm","19":"pa_puissance-207-w","21":"first","22":"instock","23":"product-type-simple"},"acf":[],"yoast_head":"<!-- This site is optimized with the Yoast SEO plugin v27.2 - https:\/\/yoast.com\/product\/yoast-seo-wordpress\/ -->\n<title>TW 390B - Cool Head Europe<\/title>\n<meta name=\"robots\" content=\"index, follow, max-snippet:-1, max-image-preview:large, max-video-preview:-1\" \/>\n<link rel=\"canonical\" href=\"https:\/\/www.coolheadeurope.com\/es\/prodotto\/vino-es\/armarios-verticales-vino\/tw-390b\/\" \/>\n<meta property=\"og:locale\" content=\"es_ES\" \/>\n<meta property=\"og:type\" content=\"article\" \/>\n<meta property=\"og:title\" content=\"TW 390B - Cool Head Europe\" \/>\n<meta property=\"og:description\" content=\"El modelo TW 390B ha sido dise\u00f1ado para ser un enfriador de bebidas vertical fiable y vers\u00e1til, perfecto para mantener a la temperatura adecuada y exponer todo tipo de botellas y latas, y personalizable con mensajes promocionales en el cuerpo. Con una capacidad de 350L, se presenta en color negro para los lados internos y externos, este producto est\u00e1 equipado con una luz LED vertical, term\u00f3metro digital de pantalla, 6 estantes ajustables, puerta de cierre autom\u00e1tico y un cristal templado de seguridad de doble capa plano SIN MARCO.\" \/>\n<meta property=\"og:url\" content=\"https:\/\/www.coolheadeurope.com\/es\/prodotto\/vino-es\/armarios-verticales-vino\/tw-390b\/\" \/>\n<meta property=\"og:site_name\" content=\"Cool Head Europe\" \/>\n<meta property=\"article:modified_time\" content=\"2026-05-09T18:26:11+00:00\" \/>\n<meta property=\"og:image\" content=\"https:\/\/www.coolheadeurope.com\/wp-content\/uploads\/2026\/04\/TW-390B-CORPO_CH_LOW-20.png\" \/>\n\t<meta property=\"og:image:width\" content=\"259\" \/>\n\t<meta property=\"og:image:height\" content=\"567\" \/>\n\t<meta property=\"og:image:type\" content=\"image\/png\" \/>\n<meta name=\"twitter:card\" content=\"summary_large_image\" \/>\n<!-- \/ Yoast SEO plugin. -->","yoast_head_json":{"title":"TW 390B - Cool Head Europe","robots":{"index":"index","follow":"follow","max-snippet":"max-snippet:-1","max-image-preview":"max-image-preview:large","max-video-preview":"max-video-preview:-1"},"canonical":"https:\/\/www.coolheadeurope.com\/es\/prodotto\/vino-es\/armarios-verticales-vino\/tw-390b\/","og_locale":"es_ES","og_type":"article","og_title":"TW 390B - Cool Head Europe","og_description":"El modelo TW 390B ha sido dise\u00f1ado para ser un enfriador de bebidas vertical fiable y vers\u00e1til, perfecto para mantener a la temperatura adecuada y exponer todo tipo de botellas y latas, y personalizable con mensajes promocionales en el cuerpo. Con una capacidad de 350L, se presenta en color negro para los lados internos y externos, este producto est\u00e1 equipado con una luz LED vertical, term\u00f3metro digital de pantalla, 6 estantes ajustables, puerta de cierre autom\u00e1tico y un cristal templado de seguridad de doble capa plano SIN MARCO.","og_url":"https:\/\/www.coolheadeurope.com\/es\/prodotto\/vino-es\/armarios-verticales-vino\/tw-390b\/","og_site_name":"Cool Head Europe","article_modified_time":"2026-05-09T18:26:11+00:00","og_image":[{"width":259,"height":567,"url":"https:\/\/www.coolheadeurope.com\/wp-content\/uploads\/2026\/04\/TW-390B-CORPO_CH_LOW-20.png","type":"image\/png"}],"twitter_card":"summary_large_image","schema":{"@context":"https:\/\/schema.org","@graph":[{"@type":"WebPage","@id":"https:\/\/www.coolheadeurope.com\/es\/prodotto\/vino-es\/armarios-verticales-vino\/tw-390b\/","url":"https:\/\/www.coolheadeurope.com\/es\/prodotto\/vino-es\/armarios-verticales-vino\/tw-390b\/","name":"TW 390B - Cool Head Europe","isPartOf":{"@id":"https:\/\/www.coolheadeurope.com\/#website"},"primaryImageOfPage":{"@id":"https:\/\/www.coolheadeurope.com\/es\/prodotto\/vino-es\/armarios-verticales-vino\/tw-390b\/#primaryimage"},"image":{"@id":"https:\/\/www.coolheadeurope.com\/es\/prodotto\/vino-es\/armarios-verticales-vino\/tw-390b\/#primaryimage"},"thumbnailUrl":"https:\/\/www.coolheadeurope.com\/wp-content\/uploads\/2026\/05\/TW-390B-CORPO_CH_LOW.png","datePublished":"2025-04-24T08:53:21+00:00","dateModified":"2026-05-09T18:26:11+00:00","breadcrumb":{"@id":"https:\/\/www.coolheadeurope.com\/es\/prodotto\/vino-es\/armarios-verticales-vino\/tw-390b\/#breadcrumb"},"inLanguage":"es","potentialAction":[{"@type":"ReadAction","target":["https:\/\/www.coolheadeurope.com\/es\/prodotto\/vino-es\/armarios-verticales-vino\/tw-390b\/"]}]},{"@type":"ImageObject","inLanguage":"es","@id":"https:\/\/www.coolheadeurope.com\/es\/prodotto\/vino-es\/armarios-verticales-vino\/tw-390b\/#primaryimage","url":"https:\/\/www.coolheadeurope.com\/wp-content\/uploads\/2026\/05\/TW-390B-CORPO_CH_LOW.png","contentUrl":"https:\/\/www.coolheadeurope.com\/wp-content\/uploads\/2026\/05\/TW-390B-CORPO_CH_LOW.png","width":259,"height":567,"caption":"Immagine di TW 390B"},{"@type":"BreadcrumbList","@id":"https:\/\/www.coolheadeurope.com\/es\/prodotto\/vino-es\/armarios-verticales-vino\/tw-390b\/#breadcrumb","itemListElement":[{"@type":"ListItem","position":1,"name":"Home","item":"https:\/\/www.coolheadeurope.com\/es\/"},{"@type":"ListItem","position":2,"name":"Buscar","item":"https:\/\/www.coolheadeurope.com\/es\/buscar\/"},{"@type":"ListItem","position":3,"name":"TW 390B"}]},{"@type":"WebSite","@id":"https:\/\/www.coolheadeurope.com\/#website","url":"https:\/\/www.coolheadeurope.com\/","name":"Cool Head Europe","description":"We make the world a cooler place","potentialAction":[{"@type":"SearchAction","target":{"@type":"EntryPoint","urlTemplate":"https:\/\/www.coolheadeurope.com\/?s={search_term_string}"},"query-input":{"@type":"PropertyValueSpecification","valueRequired":true,"valueName":"search_term_string"}}],"inLanguage":"es"}]}},"_links":{"self":[{"href":"https:\/\/www.coolheadeurope.com\/es\/wp-json\/wp\/v2\/product\/3515769","targetHints":{"allow":["GET"]}}],"collection":[{"href":"https:\/\/www.coolheadeurope.com\/es\/wp-json\/wp\/v2\/product"}],"about":[{"href":"https:\/\/www.coolheadeurope.com\/es\/wp-json\/wp\/v2\/types\/product"}],"wp:featuredmedia":[{"embeddable":true,"href":"https:\/\/www.coolheadeurope.com\/es\/wp-json\/wp\/v2\/media\/3932342"}],"wp:attachment":[{"href":"https:\/\/www.coolheadeurope.com\/es\/wp-json\/wp\/v2\/media?parent=3515769"}],"wp:term":[{"taxonomy":"product_brand","embeddable":true,"href":"https:\/\/www.coolheadeurope.com\/es\/wp-json\/wp\/v2\/product_brand?post=3515769"},{"taxonomy":"product_cat","embeddable":true,"href":"https:\/\/www.coolheadeurope.com\/es\/wp-json\/wp\/v2\/product_cat?post=3515769"},{"taxonomy":"product_tag","embeddable":true,"href":"https:\/\/www.coolheadeurope.com\/es\/wp-json\/wp\/v2\/product_tag?post=3515769"}],"curies":[{"name":"wp","href":"https:\/\/api.w.org\/{rel}","templated":true}]}}