{"id":3515772,"date":"2025-04-24T09:00:36","date_gmt":"2025-04-24T09:00:36","guid":{"rendered":"https:\/\/www.coolheadeurope.com\/prodotto\/sin%20categor\u00eda\/cf-728\/"},"modified":"2026-04-28T08:10:57","modified_gmt":"2026-04-28T08:10:57","slug":"cf-728","status":"publish","type":"product","link":"https:\/\/www.coolheadeurope.com\/es\/prodotto\/congeladores\/congeladores-horizontales\/cf-728\/","title":{"rendered":"CF 728"},"content":{"rendered":"<p>Acero pintado en blanco para exterior, aluminio para interior<br \/>\nRefrigeraci\u00f3n est\u00e1tica<br \/>\nDescongelaci\u00f3n manual<br \/>\nDescongelaci\u00f3n con goteo<br \/>\nEspuma en ciclopentano (60 mm de espesor en cada lado)<br \/>\nTirador con cierre<br \/>\nPanel de control digital con alarma<br \/>\nCestas incluidas (3 piezas)<br \/>\n4 Ruedas (2 delanteras con freno)<br \/>\nClase de energ\u00eda: D<\/p>\n","protected":false},"excerpt":{"rendered":"<p>Acero pintado en blanco para exterior, aluminio para interior Refrigeraci\u00f3n est\u00e1tica Descongelaci\u00f3n manual Descongelaci\u00f3n con goteo Espuma en ciclopentano (60 mm de espesor en cada lado) Tirador con cierre Panel de control digital con alarma Cestas incluidas (3 piezas) 4 Ruedas (2 delanteras con freno) Clase de energ\u00eda: D<\/p>\n","protected":false},"featured_media":3881450,"template":"","meta":[],"product_brand":[],"product_cat":[7764,7766],"product_tag":[],"class_list":{"0":"post-3515772","1":"product","2":"type-product","3":"status-publish","4":"has-post-thumbnail","6":"product_cat-congeladores","7":"product_cat-congeladores-horizontales","8":"pa_capacite-commerciale-700-l","9":"pa_consommation-denergie-3-28-kw-24h","10":"pa_hauteur-exterieure-903-mm","11":"pa_hauteur-interieure-682-mm","12":"pa_largeur-exterieure-2055-mm","13":"pa_largeur-interne-1935-mm","14":"pa_niveau-sonore-42-dba","15":"pa_poids-brut-118-5-kg","16":"pa_poids-net-97-5-kg","17":"pa_profondeur-externe-713-mm","18":"pa_profondeur-interne-510-mm","19":"pa_puissance-260-w","21":"first","22":"instock","23":"product-type-simple"},"acf":[],"yoast_head":"<!-- This site is optimized with the Yoast SEO plugin v27.2 - https:\/\/yoast.com\/product\/yoast-seo-wordpress\/ -->\n<title>CF 728 - Cool Head Europe<\/title>\n<meta name=\"robots\" content=\"index, follow, max-snippet:-1, max-image-preview:large, max-video-preview:-1\" \/>\n<link rel=\"canonical\" href=\"https:\/\/www.coolheadeurope.com\/es\/prodotto\/congeladores\/congeladores-horizontales\/cf-728\/\" \/>\n<meta property=\"og:locale\" content=\"es_ES\" \/>\n<meta property=\"og:type\" content=\"article\" \/>\n<meta property=\"og:title\" content=\"CF 728 - Cool Head Europe\" \/>\n<meta property=\"og:description\" content=\"Acero pintado en blanco para exterior, aluminio para interior Refrigeraci\u00f3n est\u00e1tica Descongelaci\u00f3n manual Descongelaci\u00f3n con goteo Espuma en ciclopentano (60 mm de espesor en cada lado) Tirador con cierre Panel de control digital con alarma Cestas incluidas (3 piezas) 4 Ruedas (2 delanteras con freno) Clase de energ\u00eda: D\" \/>\n<meta property=\"og:url\" content=\"https:\/\/www.coolheadeurope.com\/es\/prodotto\/congeladores\/congeladores-horizontales\/cf-728\/\" \/>\n<meta property=\"og:site_name\" content=\"Cool Head Europe\" \/>\n<meta property=\"article:modified_time\" content=\"2026-04-28T08:10:57+00:00\" \/>\n<meta property=\"og:image\" content=\"https:\/\/www.coolheadeurope.com\/wp-content\/uploads\/2026\/04\/CF-728-CORPO_CH_LOW.png\" \/>\n\t<meta property=\"og:image:width\" content=\"567\" \/>\n\t<meta property=\"og:image:height\" content=\"340\" \/>\n\t<meta property=\"og:image:type\" content=\"image\/png\" \/>\n<meta name=\"twitter:card\" content=\"summary_large_image\" \/>\n<!-- \/ Yoast SEO plugin. -->","yoast_head_json":{"title":"CF 728 - Cool Head Europe","robots":{"index":"index","follow":"follow","max-snippet":"max-snippet:-1","max-image-preview":"max-image-preview:large","max-video-preview":"max-video-preview:-1"},"canonical":"https:\/\/www.coolheadeurope.com\/es\/prodotto\/congeladores\/congeladores-horizontales\/cf-728\/","og_locale":"es_ES","og_type":"article","og_title":"CF 728 - Cool Head Europe","og_description":"Acero pintado en blanco para exterior, aluminio para interior Refrigeraci\u00f3n est\u00e1tica Descongelaci\u00f3n manual Descongelaci\u00f3n con goteo Espuma en ciclopentano (60 mm de espesor en cada lado) Tirador con cierre Panel de control digital con alarma Cestas incluidas (3 piezas) 4 Ruedas (2 delanteras con freno) Clase de energ\u00eda: D","og_url":"https:\/\/www.coolheadeurope.com\/es\/prodotto\/congeladores\/congeladores-horizontales\/cf-728\/","og_site_name":"Cool Head Europe","article_modified_time":"2026-04-28T08:10:57+00:00","og_image":[{"width":567,"height":340,"url":"https:\/\/www.coolheadeurope.com\/wp-content\/uploads\/2026\/04\/CF-728-CORPO_CH_LOW.png","type":"image\/png"}],"twitter_card":"summary_large_image","schema":{"@context":"https:\/\/schema.org","@graph":[{"@type":"WebPage","@id":"https:\/\/www.coolheadeurope.com\/es\/prodotto\/congeladores\/congeladores-horizontales\/cf-728\/","url":"https:\/\/www.coolheadeurope.com\/es\/prodotto\/congeladores\/congeladores-horizontales\/cf-728\/","name":"CF 728 - Cool Head Europe","isPartOf":{"@id":"https:\/\/www.coolheadeurope.com\/#website"},"primaryImageOfPage":{"@id":"https:\/\/www.coolheadeurope.com\/es\/prodotto\/congeladores\/congeladores-horizontales\/cf-728\/#primaryimage"},"image":{"@id":"https:\/\/www.coolheadeurope.com\/es\/prodotto\/congeladores\/congeladores-horizontales\/cf-728\/#primaryimage"},"thumbnailUrl":"https:\/\/www.coolheadeurope.com\/wp-content\/uploads\/2026\/04\/CF-728-CORPO_CH_LOW.png","datePublished":"2025-04-24T09:00:36+00:00","dateModified":"2026-04-28T08:10:57+00:00","breadcrumb":{"@id":"https:\/\/www.coolheadeurope.com\/es\/prodotto\/congeladores\/congeladores-horizontales\/cf-728\/#breadcrumb"},"inLanguage":"es","potentialAction":[{"@type":"ReadAction","target":["https:\/\/www.coolheadeurope.com\/es\/prodotto\/congeladores\/congeladores-horizontales\/cf-728\/"]}]},{"@type":"ImageObject","inLanguage":"es","@id":"https:\/\/www.coolheadeurope.com\/es\/prodotto\/congeladores\/congeladores-horizontales\/cf-728\/#primaryimage","url":"https:\/\/www.coolheadeurope.com\/wp-content\/uploads\/2026\/04\/CF-728-CORPO_CH_LOW.png","contentUrl":"https:\/\/www.coolheadeurope.com\/wp-content\/uploads\/2026\/04\/CF-728-CORPO_CH_LOW.png","width":567,"height":340,"caption":"Immagine di CF 728"},{"@type":"BreadcrumbList","@id":"https:\/\/www.coolheadeurope.com\/es\/prodotto\/congeladores\/congeladores-horizontales\/cf-728\/#breadcrumb","itemListElement":[{"@type":"ListItem","position":1,"name":"Home","item":"https:\/\/www.coolheadeurope.com\/es\/"},{"@type":"ListItem","position":2,"name":"Buscar","item":"https:\/\/www.coolheadeurope.com\/es\/buscar\/"},{"@type":"ListItem","position":3,"name":"CF 728"}]},{"@type":"WebSite","@id":"https:\/\/www.coolheadeurope.com\/#website","url":"https:\/\/www.coolheadeurope.com\/","name":"Cool Head Europe","description":"We make the world a cooler place","potentialAction":[{"@type":"SearchAction","target":{"@type":"EntryPoint","urlTemplate":"https:\/\/www.coolheadeurope.com\/?s={search_term_string}"},"query-input":{"@type":"PropertyValueSpecification","valueRequired":true,"valueName":"search_term_string"}}],"inLanguage":"es"}]}},"_links":{"self":[{"href":"https:\/\/www.coolheadeurope.com\/es\/wp-json\/wp\/v2\/product\/3515772","targetHints":{"allow":["GET"]}}],"collection":[{"href":"https:\/\/www.coolheadeurope.com\/es\/wp-json\/wp\/v2\/product"}],"about":[{"href":"https:\/\/www.coolheadeurope.com\/es\/wp-json\/wp\/v2\/types\/product"}],"wp:featuredmedia":[{"embeddable":true,"href":"https:\/\/www.coolheadeurope.com\/es\/wp-json\/wp\/v2\/media\/3881450"}],"wp:attachment":[{"href":"https:\/\/www.coolheadeurope.com\/es\/wp-json\/wp\/v2\/media?parent=3515772"}],"wp:term":[{"taxonomy":"product_brand","embeddable":true,"href":"https:\/\/www.coolheadeurope.com\/es\/wp-json\/wp\/v2\/product_brand?post=3515772"},{"taxonomy":"product_cat","embeddable":true,"href":"https:\/\/www.coolheadeurope.com\/es\/wp-json\/wp\/v2\/product_cat?post=3515772"},{"taxonomy":"product_tag","embeddable":true,"href":"https:\/\/www.coolheadeurope.com\/es\/wp-json\/wp\/v2\/product_tag?post=3515772"}],"curies":[{"name":"wp","href":"https:\/\/api.w.org\/{rel}","templated":true}]}}